{"id":35020,"date":"2023-08-21T14:32:04","date_gmt":"2023-08-21T12:32:05","guid":{"rendered":"https:\/\/my-french-grocery.com\/?post_type=product&#038;p=35020"},"modified":"2023-08-21T14:41:05","modified_gmt":"2023-08-21T12:41:05","slug":"carte-noire-gemahlener-kaffee-douceur-intense-x-2","status":"publish","type":"product","link":"https:\/\/my-french-grocery.com\/de\/produkt\/carte-noire-gemahlener-kaffee-douceur-intense-x-2\/","title":{"rendered":"Carte Noire Gemahlener Kaffee Douceur Intense X 2"},"content":{"rendered":"<p>Carte Noire Gemahlener Kaffee Douceur Intense X 2<\/p>\n<div class=\"pdp-card__header--text\"><span class=\"ds-body-text ds-body-text--weight-bold ds-body-text--size-m ds-body-text--color-standard-2\">2 X 250 g Packung<\/span><\/div>\n<div><\/div>\n<div class=\"main-details--food__shoppinglist\">Douceur Intense ist eine einzigartige Mischung sorgf\u00e4ltig geernteter Kaffeebohnen und einer R\u00f6stung, die das Ergebnis der Expertise von Carte Noire ist und Ihnen einen Qualit\u00e4tskaffee garantiert, delikat, sensorisch und besonders s\u00fc\u00df. Lassen Sie sich f\u00fcr einen einzigartigen Kaffeemoment in eine Wohlf\u00fchlblase entf\u00fchren.<\/div>\n<div>\n<div id=\"data-recommandation-zone-2\" class=\"secondary-details-cross-sell\">\n<div class=\"recommendations recommendations\" data-zone=\"2\"><\/div>\n<\/div>\n<\/div>\n","protected":false},"excerpt":{"rendered":"<p>Carte Noire Gemahlener Kaffee Douceur Intense X 2<\/p>\n<div class=\"pdp-card__header--text\"><span class=\"ds-body-text ds-body-text--weight-bold ds-body-text--size-m ds-body-text--color-standard-2\">2 X 250 g Packung<\/span><\/div>\n","protected":false},"featured_media":35034,"comment_status":"open","ping_status":"closed","template":"","meta":[],"pwb-brand":[2284],"product_brand":[],"product_cat":[2259],"product_tag":[],"class_list":{"0":"post-35020","1":"product","2":"type-product","3":"status-publish","4":"has-post-thumbnail","6":"pwb-brand-carte-noire-de","7":"product_cat-kaffee-chicoree","8":"product_shipping_class-internationaler-versand","10":"first","11":"instock","12":"taxable","13":"shipping-taxable","14":"purchasable","15":"product-type-simple"},"brands":[{"id":2284,"name":"Carte Noire","slug":"carte-noire-de"}],"_links":{"self":[{"href":"https:\/\/my-french-grocery.com\/de\/wp-json\/wp\/v2\/product\/35020","targetHints":{"allow":["GET"]}}],"collection":[{"href":"https:\/\/my-french-grocery.com\/de\/wp-json\/wp\/v2\/product"}],"about":[{"href":"https:\/\/my-french-grocery.com\/de\/wp-json\/wp\/v2\/types\/product"}],"replies":[{"embeddable":true,"href":"https:\/\/my-french-grocery.com\/de\/wp-json\/wp\/v2\/comments?post=35020"}],"wp:featuredmedia":[{"embeddable":true,"href":"https:\/\/my-french-grocery.com\/de\/wp-json\/wp\/v2\/media\/35034"}],"wp:attachment":[{"href":"https:\/\/my-french-grocery.com\/de\/wp-json\/wp\/v2\/media?parent=35020"}],"wp:term":[{"taxonomy":"pwb-brand","embeddable":true,"href":"https:\/\/my-french-grocery.com\/de\/wp-json\/wp\/v2\/pwb-brand?post=35020"},{"taxonomy":"product_brand","embeddable":true,"href":"https:\/\/my-french-grocery.com\/de\/wp-json\/wp\/v2\/product_brand?post=35020"},{"taxonomy":"product_cat","embeddable":true,"href":"https:\/\/my-french-grocery.com\/de\/wp-json\/wp\/v2\/product_cat?post=35020"},{"taxonomy":"product_tag","embeddable":true,"href":"https:\/\/my-french-grocery.com\/de\/wp-json\/wp\/v2\/product_tag?post=35020"}],"curies":[{"name":"wp","href":"https:\/\/api.w.org\/{rel}","templated":true}]}}