{"id":35196,"date":"2023-08-29T15:20:54","date_gmt":"2023-08-29T13:20:55","guid":{"rendered":"https:\/\/my-french-grocery.com\/?post_type=product&#038;p=35196"},"modified":"2023-08-29T15:31:55","modified_gmt":"2023-08-29T13:31:55","slug":"kaffeekapseln-kompatibel-mit-nespresso-lungo-classic-6-carte-noire","status":"publish","type":"product","link":"https:\/\/my-french-grocery.com\/de\/produkt\/kaffeekapseln-kompatibel-mit-nespresso-lungo-classic-6-carte-noire\/","title":{"rendered":"Kaffeekapseln Kompatibel Mit Nespresso Lungo Classic 6 Carte Noire"},"content":{"rendered":"<p>Kaffeekapseln Kompatibel Mit Nespresso Lungo Classic 6 Carte Noire<\/p>\n<div class=\"pdp-card__header--text\">\n<div class=\"pdp-card__header desktop-only\">\n<div class=\"pdp-card__header--text\"><span class=\"pl-text pl-text--size-m pl-text--style-p pl-text--bold\">Karton mit 30 St\u00fcck<\/span><\/div>\n<\/div>\n<div class=\"main-details__pricing\">\n<div class=\"main-details__pdp-pricing\">\n<div class=\"pdp-pricing\">\n<div class=\"pdp-pricing__promotion-description\">\n<div class=\"promotion-description-container\">\n<div class=\"promotion-description promotion-description--has-tooltip promotion-description--pdp\" tabindex=\"0\" aria-describedby=\"tooltip222\">\n<div class=\"promotion-description__labels\">\n<p class=\"promotion-label\" title=\"Der 2. bei -60 %\">Carte Noire und seine Meisterr\u00f6ster bieten Ihnen 100 % Arabica-Kaffee aus den besten Bohnen.\u00a0Die gr\u00fcnen Bohnen werden zun\u00e4chst sorgf\u00e4ltig ausgew\u00e4hlt, gemischt und dann ger\u00f6stet, um ihre 1000 aromatischen Noten zu entfalten.\u00a0Diese perfekte Harmonie bleibt dank der Aluminiumkapseln von Carte Noire erhalten, f\u00fcr ein einzigartiges Ergebnis in einer Tasse.<\/p>\n<\/div>\n<\/div>\n<\/div>\n<\/div>\n<\/div>\n<\/div>\n<\/div>\n<\/div>\n<div>\n<div id=\"data-recommandation-zone-2\" class=\"secondary-details-cross-sell\">\n<div class=\"recommendations recommendations\" data-zone=\"2\"><\/div>\n<\/div>\n<\/div>\n","protected":false},"excerpt":{"rendered":"<p>Kaffeekapseln Kompatibel Mit Nespresso Lungo Classic 6 Carte Noire<\/p>\n<div class=\"pdp-card__header--text\">\n<div class=\"pdp-card__header desktop-only\">\n<div class=\"pdp-card__header--text\"><span class=\"pl-text pl-text--size-m pl-text--style-p pl-text--bold\">Karton mit 30 St\u00fcck<\/span><\/div>\n<\/div>\n<\/div>\n","protected":false},"featured_media":35203,"comment_status":"open","ping_status":"closed","template":"","meta":[],"pwb-brand":[2284],"product_brand":[],"product_cat":[2259],"product_tag":[],"class_list":{"0":"post-35196","1":"product","2":"type-product","3":"status-publish","4":"has-post-thumbnail","6":"pwb-brand-carte-noire-de","7":"product_cat-kaffee-chicoree","8":"product_shipping_class-internationaler-versand","10":"first","11":"instock","12":"taxable","13":"shipping-taxable","14":"purchasable","15":"product-type-simple"},"brands":[{"id":2284,"name":"Carte Noire","slug":"carte-noire-de"}],"_links":{"self":[{"href":"https:\/\/my-french-grocery.com\/de\/wp-json\/wp\/v2\/product\/35196","targetHints":{"allow":["GET"]}}],"collection":[{"href":"https:\/\/my-french-grocery.com\/de\/wp-json\/wp\/v2\/product"}],"about":[{"href":"https:\/\/my-french-grocery.com\/de\/wp-json\/wp\/v2\/types\/product"}],"replies":[{"embeddable":true,"href":"https:\/\/my-french-grocery.com\/de\/wp-json\/wp\/v2\/comments?post=35196"}],"wp:featuredmedia":[{"embeddable":true,"href":"https:\/\/my-french-grocery.com\/de\/wp-json\/wp\/v2\/media\/35203"}],"wp:attachment":[{"href":"https:\/\/my-french-grocery.com\/de\/wp-json\/wp\/v2\/media?parent=35196"}],"wp:term":[{"taxonomy":"pwb-brand","embeddable":true,"href":"https:\/\/my-french-grocery.com\/de\/wp-json\/wp\/v2\/pwb-brand?post=35196"},{"taxonomy":"product_brand","embeddable":true,"href":"https:\/\/my-french-grocery.com\/de\/wp-json\/wp\/v2\/product_brand?post=35196"},{"taxonomy":"product_cat","embeddable":true,"href":"https:\/\/my-french-grocery.com\/de\/wp-json\/wp\/v2\/product_cat?post=35196"},{"taxonomy":"product_tag","embeddable":true,"href":"https:\/\/my-french-grocery.com\/de\/wp-json\/wp\/v2\/product_tag?post=35196"}],"curies":[{"name":"wp","href":"https:\/\/api.w.org\/{rel}","templated":true}]}}