{"id":35220,"date":"2023-08-29T16:21:37","date_gmt":"2023-08-29T14:21:38","guid":{"rendered":"https:\/\/my-french-grocery.com\/?post_type=product&#038;p=35220"},"modified":"2023-08-29T16:26:36","modified_gmt":"2023-08-29T14:26:36","slug":"kaffeekapseln-kompatibel-mit-nespresso-expresso-classique-7-carte-noire-copy","status":"publish","type":"product","link":"https:\/\/my-french-grocery.com\/de\/produkt\/kaffeekapseln-kompatibel-mit-nespresso-expresso-classique-7-carte-noire-copy\/","title":{"rendered":"Kaffeekapseln Kompatibel Mit Nespresso Ristretto Puissant 12 Carte Noire"},"content":{"rendered":"<p>Kaffeekapseln Kompatibel Mit Nespresso Ristretto Puissant 12 Carte Noire<\/p>\n<div class=\"pdp-card__header--text\">\n<div class=\"pdp-card__header desktop-only\">\n<div class=\"pdp-card__header--text\"><span class=\"pl-text pl-text--size-m pl-text--style-p pl-text--bold\">Karton mit 30 St\u00fcck<\/span><\/div>\n<\/div>\n<div class=\"main-details__pricing\">\n<div class=\"main-details__pdp-pricing\">\n<div class=\"pdp-pricing\">\n<div class=\"pdp-pricing__promotion-description\">\n<div class=\"promotion-description-container\">\n<div class=\"promotion-description promotion-description--has-tooltip promotion-description--pdp\" tabindex=\"0\" aria-describedby=\"tooltip222\">\n<div class=\"promotion-description__labels\">\n<p class=\"promotion-label\" title=\"Der 2. bei -60 %\">Carte Noire und seine Meisterr\u00f6ster bieten Ihnen 100 % Arabica-Kaffee aus den besten Bohnen.\u00a0Die gr\u00fcnen Bohnen werden zun\u00e4chst sorgf\u00e4ltig ausgew\u00e4hlt, gemischt und dann ger\u00f6stet, um ihre 1000 aromatischen Noten zu entfalten.\u00a0Diese perfekte Harmonie bleibt dank der Aluminiumkapseln von Carte Noire erhalten, f\u00fcr ein einzigartiges Ergebnis in einer Tasse.<\/p>\n<\/div>\n<\/div>\n<\/div>\n<\/div>\n<\/div>\n<\/div>\n<\/div>\n<\/div>\n<div>\n<div id=\"data-recommandation-zone-2\" class=\"secondary-details-cross-sell\">\n<div class=\"recommendations recommendations\" data-zone=\"2\"><\/div>\n<\/div>\n<\/div>\n","protected":false},"excerpt":{"rendered":"<p>Kaffeekapseln Kompatibel Mit Nespresso Ristretto Puissant 12 Carte Noire<\/p>\n<div class=\"pdp-card__header--text\">\n<div class=\"pdp-card__header desktop-only\">\n<div class=\"pdp-card__header--text\"><span class=\"pl-text pl-text--size-m pl-text--style-p pl-text--bold\">Karton mit 30 St\u00fcck<\/span><\/div>\n<\/div>\n<\/div>\n","protected":false},"featured_media":35228,"comment_status":"open","ping_status":"closed","template":"","meta":[],"pwb-brand":[2284],"product_brand":[],"product_cat":[2259],"product_tag":[],"class_list":{"0":"post-35220","1":"product","2":"type-product","3":"status-publish","4":"has-post-thumbnail","6":"pwb-brand-carte-noire-de","7":"product_cat-kaffee-chicoree","8":"product_shipping_class-internationaler-versand","10":"first","11":"outofstock","12":"taxable","13":"shipping-taxable","14":"purchasable","15":"product-type-simple"},"yoast_head":"<!-- This site is optimized with the Yoast SEO plugin v27.4 - https:\/\/yoast.com\/product\/yoast-seo-wordpress\/ -->\n<title>Kaffeekapseln Kompatibel Mit Nespresso Ristretto Puissant 12 Carte Noire | Online Kaufen | My French Grocery<\/title>\n<meta name=\"description\" content=\"Kaffeekapseln Kompatibel Mit Nespresso Ristretto Puissant 12 Carte Noire - Karton mit 30 St\u00fcck - Carte Noire und seine Meisterr\u00f6ster bieten Ihnen 100 % Arabica-Kaffee\" \/>\n<meta name=\"robots\" content=\"index, follow, max-snippet:-1, max-image-preview:large, max-video-preview:-1\" \/>\n<link rel=\"canonical\" href=\"https:\/\/my-french-grocery.com\/de\/produkt\/kaffeekapseln-kompatibel-mit-nespresso-expresso-classique-7-carte-noire-copy\/\" \/>\n<meta property=\"og:locale\" content=\"de_DE\" \/>\n<meta property=\"og:type\" content=\"article\" \/>\n<meta property=\"og:title\" content=\"Kaffeekapseln Kompatibel Mit Nespresso Ristretto Puissant 12 Carte Noire | Online Kaufen | My French Grocery\" \/>\n<meta property=\"og:description\" content=\"Kaffeekapseln Kompatibel Mit Nespresso Ristretto Puissant 12 Carte Noire - Karton mit 30 St\u00fcck - Carte Noire und seine Meisterr\u00f6ster bieten Ihnen 100 % Arabica-Kaffee\" \/>\n<meta property=\"og:url\" content=\"https:\/\/my-french-grocery.com\/de\/produkt\/kaffeekapseln-kompatibel-mit-nespresso-expresso-classique-7-carte-noire-copy\/\" \/>\n<meta property=\"og:site_name\" content=\"My French Grocery\" \/>\n<meta property=\"article:publisher\" content=\"https:\/\/www.facebook.com\/myfrenchgrocery\/\" \/>\n<meta property=\"article:modified_time\" content=\"2023-08-29T14:26:36+00:00\" \/>\n<meta property=\"og:image\" content=\"https:\/\/my-french-grocery.com\/wp-content\/uploads\/2023\/08\/Coffee-capsules-Compatible-Nespresso-Ristretto-Puissant-12-.jpg\" \/>\n\t<meta property=\"og:image:width\" content=\"1500\" \/>\n\t<meta property=\"og:image:height\" content=\"1500\" \/>\n\t<meta property=\"og:image:type\" content=\"image\/jpeg\" \/>\n<meta name=\"twitter:card\" content=\"summary_large_image\" \/>\n<script type=\"application\/ld+json\" class=\"yoast-schema-graph\">{\"@context\":\"https:\\\/\\\/schema.org\",\"@graph\":[{\"@type\":\"WebPage\",\"@id\":\"https:\\\/\\\/my-french-grocery.com\\\/de\\\/produkt\\\/kaffeekapseln-kompatibel-mit-nespresso-expresso-classique-7-carte-noire-copy\\\/\",\"url\":\"https:\\\/\\\/my-french-grocery.com\\\/de\\\/produkt\\\/kaffeekapseln-kompatibel-mit-nespresso-expresso-classique-7-carte-noire-copy\\\/\",\"name\":\"Kaffeekapseln Kompatibel Mit Nespresso Ristretto Puissant 12 Carte Noire | Online Kaufen | My French Grocery\",\"isPartOf\":{\"@id\":\"https:\\\/\\\/my-french-grocery.com\\\/de\\\/#website\"},\"primaryImageOfPage\":{\"@id\":\"https:\\\/\\\/my-french-grocery.com\\\/de\\\/produkt\\\/kaffeekapseln-kompatibel-mit-nespresso-expresso-classique-7-carte-noire-copy\\\/#primaryimage\"},\"image\":{\"@id\":\"https:\\\/\\\/my-french-grocery.com\\\/de\\\/produkt\\\/kaffeekapseln-kompatibel-mit-nespresso-expresso-classique-7-carte-noire-copy\\\/#primaryimage\"},\"thumbnailUrl\":\"https:\\\/\\\/my-french-grocery.com\\\/wp-content\\\/uploads\\\/2023\\\/08\\\/Coffee-capsules-Compatible-Nespresso-Ristretto-Puissant-12-.jpg\",\"datePublished\":\"2023-08-29T14:21:38+00:00\",\"dateModified\":\"2023-08-29T14:26:36+00:00\",\"description\":\"Kaffeekapseln Kompatibel Mit Nespresso Ristretto Puissant 12 Carte Noire - Karton mit 30 St\u00fcck - Carte Noire und seine Meisterr\u00f6ster bieten Ihnen 100 % Arabica-Kaffee\",\"breadcrumb\":{\"@id\":\"https:\\\/\\\/my-french-grocery.com\\\/de\\\/produkt\\\/kaffeekapseln-kompatibel-mit-nespresso-expresso-classique-7-carte-noire-copy\\\/#breadcrumb\"},\"inLanguage\":\"de-DE\",\"potentialAction\":[{\"@type\":\"ReadAction\",\"target\":[\"https:\\\/\\\/my-french-grocery.com\\\/de\\\/produkt\\\/kaffeekapseln-kompatibel-mit-nespresso-expresso-classique-7-carte-noire-copy\\\/\"]}]},{\"@type\":\"ImageObject\",\"inLanguage\":\"de-DE\",\"@id\":\"https:\\\/\\\/my-french-grocery.com\\\/de\\\/produkt\\\/kaffeekapseln-kompatibel-mit-nespresso-expresso-classique-7-carte-noire-copy\\\/#primaryimage\",\"url\":\"https:\\\/\\\/my-french-grocery.com\\\/wp-content\\\/uploads\\\/2023\\\/08\\\/Coffee-capsules-Compatible-Nespresso-Ristretto-Puissant-12-.jpg\",\"contentUrl\":\"https:\\\/\\\/my-french-grocery.com\\\/wp-content\\\/uploads\\\/2023\\\/08\\\/Coffee-capsules-Compatible-Nespresso-Ristretto-Puissant-12-.jpg\",\"width\":1500,\"height\":1500,\"caption\":\"Kaffeekapseln Kompatibel Mit Nespresso Ristretto Puissant 12 Carte Noire\"},{\"@type\":\"BreadcrumbList\",\"@id\":\"https:\\\/\\\/my-french-grocery.com\\\/de\\\/produkt\\\/kaffeekapseln-kompatibel-mit-nespresso-expresso-classique-7-carte-noire-copy\\\/#breadcrumb\",\"itemListElement\":[{\"@type\":\"ListItem\",\"position\":1,\"name\":\"Home\",\"item\":\"https:\\\/\\\/my-french-grocery.com\\\/de\\\/shopping-seite\\\/\"},{\"@type\":\"ListItem\",\"position\":2,\"name\":\"Shop\",\"item\":\"https:\\\/\\\/my-french-grocery.com\\\/shop\\\/\"},{\"@type\":\"ListItem\",\"position\":3,\"name\":\"Kaffee &amp; Chicor\u00e9e\",\"item\":\"https:\\\/\\\/my-french-grocery.com\\\/de\\\/produkt-kategorie\\\/kaffee-chicoree\\\/\"},{\"@type\":\"ListItem\",\"position\":4,\"name\":\"Kaffeekapseln Kompatibel Mit Nespresso Ristretto Puissant 12 Carte Noire\"}]},{\"@type\":\"WebSite\",\"@id\":\"https:\\\/\\\/my-french-grocery.com\\\/de\\\/#website\",\"url\":\"https:\\\/\\\/my-french-grocery.com\\\/de\\\/\",\"name\":\"My French Grocery\",\"description\":\"Your Online French Grocery  !\",\"publisher\":{\"@id\":\"https:\\\/\\\/my-french-grocery.com\\\/de\\\/#organization\"},\"potentialAction\":[{\"@type\":\"SearchAction\",\"target\":{\"@type\":\"EntryPoint\",\"urlTemplate\":\"https:\\\/\\\/my-french-grocery.com\\\/de\\\/?s={search_term_string}\"},\"query-input\":{\"@type\":\"PropertyValueSpecification\",\"valueRequired\":true,\"valueName\":\"search_term_string\"}}],\"inLanguage\":\"de-DE\"},{\"@type\":\"Organization\",\"@id\":\"https:\\\/\\\/my-french-grocery.com\\\/de\\\/#organization\",\"name\":\"MY FRENCH GROCERY\",\"url\":\"https:\\\/\\\/my-french-grocery.com\\\/de\\\/\",\"logo\":{\"@type\":\"ImageObject\",\"inLanguage\":\"de-DE\",\"@id\":\"https:\\\/\\\/my-french-grocery.com\\\/de\\\/#\\\/schema\\\/logo\\\/image\\\/\",\"url\":\"https:\\\/\\\/my-french-grocery.com\\\/wp-content\\\/uploads\\\/2021\\\/11\\\/My-French-Grocery-Online-French-Grocery.png\",\"contentUrl\":\"https:\\\/\\\/my-french-grocery.com\\\/wp-content\\\/uploads\\\/2021\\\/11\\\/My-French-Grocery-Online-French-Grocery.png\",\"width\":100,\"height\":100,\"caption\":\"MY FRENCH GROCERY\"},\"image\":{\"@id\":\"https:\\\/\\\/my-french-grocery.com\\\/de\\\/#\\\/schema\\\/logo\\\/image\\\/\"},\"sameAs\":[\"https:\\\/\\\/www.facebook.com\\\/myfrenchgrocery\\\/\"]}]}<\/script>\n<!-- \/ Yoast SEO plugin. -->","yoast_head_json":{"title":"Kaffeekapseln Kompatibel Mit Nespresso Ristretto Puissant 12 Carte Noire | Online Kaufen | My French Grocery","description":"Kaffeekapseln Kompatibel Mit Nespresso Ristretto Puissant 12 Carte Noire - Karton mit 30 St\u00fcck - Carte Noire und seine Meisterr\u00f6ster bieten Ihnen 100 % Arabica-Kaffee","robots":{"index":"index","follow":"follow","max-snippet":"max-snippet:-1","max-image-preview":"max-image-preview:large","max-video-preview":"max-video-preview:-1"},"canonical":"https:\/\/my-french-grocery.com\/de\/produkt\/kaffeekapseln-kompatibel-mit-nespresso-expresso-classique-7-carte-noire-copy\/","og_locale":"de_DE","og_type":"article","og_title":"Kaffeekapseln Kompatibel Mit Nespresso Ristretto Puissant 12 Carte Noire | Online Kaufen | My French Grocery","og_description":"Kaffeekapseln Kompatibel Mit Nespresso Ristretto Puissant 12 Carte Noire - Karton mit 30 St\u00fcck - Carte Noire und seine Meisterr\u00f6ster bieten Ihnen 100 % Arabica-Kaffee","og_url":"https:\/\/my-french-grocery.com\/de\/produkt\/kaffeekapseln-kompatibel-mit-nespresso-expresso-classique-7-carte-noire-copy\/","og_site_name":"My French Grocery","article_publisher":"https:\/\/www.facebook.com\/myfrenchgrocery\/","article_modified_time":"2023-08-29T14:26:36+00:00","og_image":[{"width":1500,"height":1500,"url":"https:\/\/my-french-grocery.com\/wp-content\/uploads\/2023\/08\/Coffee-capsules-Compatible-Nespresso-Ristretto-Puissant-12-.jpg","type":"image\/jpeg"}],"twitter_card":"summary_large_image","schema":{"@context":"https:\/\/schema.org","@graph":[{"@type":"WebPage","@id":"https:\/\/my-french-grocery.com\/de\/produkt\/kaffeekapseln-kompatibel-mit-nespresso-expresso-classique-7-carte-noire-copy\/","url":"https:\/\/my-french-grocery.com\/de\/produkt\/kaffeekapseln-kompatibel-mit-nespresso-expresso-classique-7-carte-noire-copy\/","name":"Kaffeekapseln Kompatibel Mit Nespresso Ristretto Puissant 12 Carte Noire | Online Kaufen | My French Grocery","isPartOf":{"@id":"https:\/\/my-french-grocery.com\/de\/#website"},"primaryImageOfPage":{"@id":"https:\/\/my-french-grocery.com\/de\/produkt\/kaffeekapseln-kompatibel-mit-nespresso-expresso-classique-7-carte-noire-copy\/#primaryimage"},"image":{"@id":"https:\/\/my-french-grocery.com\/de\/produkt\/kaffeekapseln-kompatibel-mit-nespresso-expresso-classique-7-carte-noire-copy\/#primaryimage"},"thumbnailUrl":"https:\/\/my-french-grocery.com\/wp-content\/uploads\/2023\/08\/Coffee-capsules-Compatible-Nespresso-Ristretto-Puissant-12-.jpg","datePublished":"2023-08-29T14:21:38+00:00","dateModified":"2023-08-29T14:26:36+00:00","description":"Kaffeekapseln Kompatibel Mit Nespresso Ristretto Puissant 12 Carte Noire - Karton mit 30 St\u00fcck - Carte Noire und seine Meisterr\u00f6ster bieten Ihnen 100 % Arabica-Kaffee","breadcrumb":{"@id":"https:\/\/my-french-grocery.com\/de\/produkt\/kaffeekapseln-kompatibel-mit-nespresso-expresso-classique-7-carte-noire-copy\/#breadcrumb"},"inLanguage":"de-DE","potentialAction":[{"@type":"ReadAction","target":["https:\/\/my-french-grocery.com\/de\/produkt\/kaffeekapseln-kompatibel-mit-nespresso-expresso-classique-7-carte-noire-copy\/"]}]},{"@type":"ImageObject","inLanguage":"de-DE","@id":"https:\/\/my-french-grocery.com\/de\/produkt\/kaffeekapseln-kompatibel-mit-nespresso-expresso-classique-7-carte-noire-copy\/#primaryimage","url":"https:\/\/my-french-grocery.com\/wp-content\/uploads\/2023\/08\/Coffee-capsules-Compatible-Nespresso-Ristretto-Puissant-12-.jpg","contentUrl":"https:\/\/my-french-grocery.com\/wp-content\/uploads\/2023\/08\/Coffee-capsules-Compatible-Nespresso-Ristretto-Puissant-12-.jpg","width":1500,"height":1500,"caption":"Kaffeekapseln Kompatibel Mit Nespresso Ristretto Puissant 12 Carte Noire"},{"@type":"BreadcrumbList","@id":"https:\/\/my-french-grocery.com\/de\/produkt\/kaffeekapseln-kompatibel-mit-nespresso-expresso-classique-7-carte-noire-copy\/#breadcrumb","itemListElement":[{"@type":"ListItem","position":1,"name":"Home","item":"https:\/\/my-french-grocery.com\/de\/shopping-seite\/"},{"@type":"ListItem","position":2,"name":"Shop","item":"https:\/\/my-french-grocery.com\/shop\/"},{"@type":"ListItem","position":3,"name":"Kaffee &amp; Chicor\u00e9e","item":"https:\/\/my-french-grocery.com\/de\/produkt-kategorie\/kaffee-chicoree\/"},{"@type":"ListItem","position":4,"name":"Kaffeekapseln Kompatibel Mit Nespresso Ristretto Puissant 12 Carte Noire"}]},{"@type":"WebSite","@id":"https:\/\/my-french-grocery.com\/de\/#website","url":"https:\/\/my-french-grocery.com\/de\/","name":"My French Grocery","description":"Your Online French Grocery  !","publisher":{"@id":"https:\/\/my-french-grocery.com\/de\/#organization"},"potentialAction":[{"@type":"SearchAction","target":{"@type":"EntryPoint","urlTemplate":"https:\/\/my-french-grocery.com\/de\/?s={search_term_string}"},"query-input":{"@type":"PropertyValueSpecification","valueRequired":true,"valueName":"search_term_string"}}],"inLanguage":"de-DE"},{"@type":"Organization","@id":"https:\/\/my-french-grocery.com\/de\/#organization","name":"MY FRENCH GROCERY","url":"https:\/\/my-french-grocery.com\/de\/","logo":{"@type":"ImageObject","inLanguage":"de-DE","@id":"https:\/\/my-french-grocery.com\/de\/#\/schema\/logo\/image\/","url":"https:\/\/my-french-grocery.com\/wp-content\/uploads\/2021\/11\/My-French-Grocery-Online-French-Grocery.png","contentUrl":"https:\/\/my-french-grocery.com\/wp-content\/uploads\/2021\/11\/My-French-Grocery-Online-French-Grocery.png","width":100,"height":100,"caption":"MY FRENCH GROCERY"},"image":{"@id":"https:\/\/my-french-grocery.com\/de\/#\/schema\/logo\/image\/"},"sameAs":["https:\/\/www.facebook.com\/myfrenchgrocery\/"]}]}},"brands":[{"id":2284,"name":"Carte Noire","slug":"carte-noire-de"}],"_links":{"self":[{"href":"https:\/\/my-french-grocery.com\/de\/wp-json\/wp\/v2\/product\/35220","targetHints":{"allow":["GET"]}}],"collection":[{"href":"https:\/\/my-french-grocery.com\/de\/wp-json\/wp\/v2\/product"}],"about":[{"href":"https:\/\/my-french-grocery.com\/de\/wp-json\/wp\/v2\/types\/product"}],"replies":[{"embeddable":true,"href":"https:\/\/my-french-grocery.com\/de\/wp-json\/wp\/v2\/comments?post=35220"}],"wp:featuredmedia":[{"embeddable":true,"href":"https:\/\/my-french-grocery.com\/de\/wp-json\/wp\/v2\/media\/35228"}],"wp:attachment":[{"href":"https:\/\/my-french-grocery.com\/de\/wp-json\/wp\/v2\/media?parent=35220"}],"wp:term":[{"taxonomy":"pwb-brand","embeddable":true,"href":"https:\/\/my-french-grocery.com\/de\/wp-json\/wp\/v2\/pwb-brand?post=35220"},{"taxonomy":"product_brand","embeddable":true,"href":"https:\/\/my-french-grocery.com\/de\/wp-json\/wp\/v2\/product_brand?post=35220"},{"taxonomy":"product_cat","embeddable":true,"href":"https:\/\/my-french-grocery.com\/de\/wp-json\/wp\/v2\/product_cat?post=35220"},{"taxonomy":"product_tag","embeddable":true,"href":"https:\/\/my-french-grocery.com\/de\/wp-json\/wp\/v2\/product_tag?post=35220"}],"curies":[{"name":"wp","href":"https:\/\/api.w.org\/{rel}","templated":true}]}}