{"id":35484,"date":"2023-09-13T11:09:50","date_gmt":"2023-09-13T09:09:51","guid":{"rendered":"https:\/\/my-french-grocery.com\/?post_type=product&#038;p=35484"},"modified":"2023-09-13T11:16:00","modified_gmt":"2023-09-13T09:16:00","slug":"kaffeebohnen-congusta-intense-aromatic-carte-noire","status":"publish","type":"product","link":"https:\/\/my-french-grocery.com\/de\/produkt\/kaffeebohnen-congusta-intense-aromatic-carte-noire\/","title":{"rendered":"Kaffeebohnen Congusta Intense &#038; Aromatic Carte Noire"},"content":{"rendered":"<p>Kaffeebohnen Congusta Intense &amp; Aromatic Carte Noire<\/p>\n<div class=\"pdp-card__header--text\">\n<div class=\"pdp-card__header desktop-only\">\n<div class=\"pdp-card__header--text\">1-kg-Packung<\/div>\n<\/div>\n<div class=\"main-details__pricing\">\n<div class=\"main-details__pdp-pricing\">\n<div class=\"pdp-pricing\">\n<div class=\"pdp-pricing__promotion-description\">\n<div class=\"promotion-description-container\">\n<div class=\"promotion-description promotion-description--has-tooltip promotion-description--pdp\" tabindex=\"0\" aria-describedby=\"tooltip222\">\n<div class=\"promotion-description__labels\">\n<p class=\"promotion-label\" title=\"Der 2. bei -60 %\"><span>Durch sein Biodiversit\u00e4tsprojekt l\u00e4sst Carte Noire Sie seltene und au\u00dfergew\u00f6hnliche Kaffeesorten entdecken.\u00a0<\/span><span>Die Bevorzugung von Sorten, die heute wenig genutzt werden und resistent gegen den Klimawandel sind, tr\u00e4gt dazu bei, die Kaffeekultur von morgen zu bewahren.\u00a0<\/span><span>F\u00fcr die R\u00f6stmeister von Carte Noire beginnt alles mit der Qualit\u00e4t der Bohnen: Von der Intensit\u00e4t bis zu den aromatischen Noten, vom Know-how bis zum Engagement \u2013 \u200b\u200bdas Getreide ist das Herzst\u00fcck einer ganzen lebendigen Welt.\u00a0<\/span><span>Blonde R\u00f6stkakao- und Haselnussnoten Entdecken Sie diese Mischung aus Congusta, einer Sorte, die im feuchten Klima Indiens wachsen kann, und Mundo Novo, die der Hitze Brasiliens standh\u00e4lt.\u00a0<\/span><span>Genie\u00dfen Sie ein neues und einzigartiges Geschmackserlebnis.<\/span><\/p>\n<\/div>\n<\/div>\n<\/div>\n<\/div>\n<\/div>\n<\/div>\n<\/div>\n<\/div>\n<div>\n<div id=\"data-recommandation-zone-2\" class=\"secondary-details-cross-sell\">\n<div class=\"recommendations recommendations\" data-zone=\"2\"><\/div>\n<\/div>\n<\/div>\n","protected":false},"excerpt":{"rendered":"<p>Kaffeebohnen Congusta Intense &amp; Aromatic Carte Noire<\/p>\n<div class=\"pdp-card__header--text\">\n<div class=\"pdp-card__header desktop-only\">\n<div class=\"pdp-card__header--text\">1-kg-Packung<\/div>\n<\/div>\n<\/div>\n","protected":false},"featured_media":35491,"comment_status":"open","ping_status":"closed","template":"","meta":[],"pwb-brand":[2284],"product_brand":[],"product_cat":[2259],"product_tag":[],"class_list":{"0":"post-35484","1":"product","2":"type-product","3":"status-publish","4":"has-post-thumbnail","6":"pwb-brand-carte-noire-de","7":"product_cat-kaffee-chicoree","8":"product_shipping_class-internationaler-versand","10":"first","11":"instock","12":"taxable","13":"shipping-taxable","14":"purchasable","15":"product-type-simple"},"yoast_head":"<!-- This site is optimized with the Yoast SEO plugin v27.3 - https:\/\/yoast.com\/product\/yoast-seo-wordpress\/ -->\n<title>Kaffeebohnen Congusta Intense &amp; Aromatic Carte Noire | Online Kaufen | My French Grocery<\/title>\n<meta name=\"description\" content=\"Kaffeebohnen Congusta Intense &amp; Aromatic Carte Noire - 1-kg-Packung - Durch sein Biodiversit\u00e4tsprojekt l\u00e4sst Carte Noire Sie seltene und au\u00dfergew\u00f6hnliche Kaffeesorten entdecken\" \/>\n<meta name=\"robots\" content=\"index, follow, max-snippet:-1, max-image-preview:large, max-video-preview:-1\" \/>\n<link rel=\"canonical\" href=\"https:\/\/my-french-grocery.com\/de\/produkt\/kaffeebohnen-congusta-intense-aromatic-carte-noire\/\" \/>\n<meta property=\"og:locale\" content=\"de_DE\" \/>\n<meta property=\"og:type\" content=\"article\" \/>\n<meta property=\"og:title\" content=\"Kaffeebohnen Congusta Intense &amp; Aromatic Carte Noire | Online Kaufen | My French Grocery\" \/>\n<meta property=\"og:description\" content=\"Kaffeebohnen Congusta Intense &amp; Aromatic Carte Noire - 1-kg-Packung - Durch sein Biodiversit\u00e4tsprojekt l\u00e4sst Carte Noire Sie seltene und au\u00dfergew\u00f6hnliche Kaffeesorten entdecken\" \/>\n<meta property=\"og:url\" content=\"https:\/\/my-french-grocery.com\/de\/produkt\/kaffeebohnen-congusta-intense-aromatic-carte-noire\/\" \/>\n<meta property=\"og:site_name\" content=\"My French Grocery\" \/>\n<meta property=\"article:publisher\" content=\"https:\/\/www.facebook.com\/myfrenchgrocery\/\" \/>\n<meta property=\"article:modified_time\" content=\"2023-09-13T09:16:00+00:00\" \/>\n<meta property=\"og:image\" content=\"https:\/\/my-french-grocery.com\/wp-content\/uploads\/2023\/09\/CARTE-NOIRE-Secret-de-Nature-Coffee-beans-Congusta-Mundo-novo-intense-and-aromatic-1kg.jpeg\" \/>\n\t<meta property=\"og:image:width\" content=\"1200\" \/>\n\t<meta property=\"og:image:height\" content=\"1200\" \/>\n\t<meta property=\"og:image:type\" content=\"image\/jpeg\" \/>\n<meta name=\"twitter:card\" content=\"summary_large_image\" \/>\n<meta name=\"twitter:label1\" content=\"Gesch\u00e4tzte Lesezeit\" \/>\n\t<meta name=\"twitter:data1\" content=\"1 minute\" \/>\n<script type=\"application\/ld+json\" class=\"yoast-schema-graph\">{\"@context\":\"https:\\\/\\\/schema.org\",\"@graph\":[{\"@type\":\"WebPage\",\"@id\":\"https:\\\/\\\/my-french-grocery.com\\\/de\\\/produkt\\\/kaffeebohnen-congusta-intense-aromatic-carte-noire\\\/\",\"url\":\"https:\\\/\\\/my-french-grocery.com\\\/de\\\/produkt\\\/kaffeebohnen-congusta-intense-aromatic-carte-noire\\\/\",\"name\":\"Kaffeebohnen Congusta Intense & Aromatic Carte Noire | Online Kaufen | My French Grocery\",\"isPartOf\":{\"@id\":\"https:\\\/\\\/my-french-grocery.com\\\/de\\\/#website\"},\"primaryImageOfPage\":{\"@id\":\"https:\\\/\\\/my-french-grocery.com\\\/de\\\/produkt\\\/kaffeebohnen-congusta-intense-aromatic-carte-noire\\\/#primaryimage\"},\"image\":{\"@id\":\"https:\\\/\\\/my-french-grocery.com\\\/de\\\/produkt\\\/kaffeebohnen-congusta-intense-aromatic-carte-noire\\\/#primaryimage\"},\"thumbnailUrl\":\"https:\\\/\\\/my-french-grocery.com\\\/wp-content\\\/uploads\\\/2023\\\/09\\\/CARTE-NOIRE-Secret-de-Nature-Coffee-beans-Congusta-Mundo-novo-intense-and-aromatic-1kg.jpeg\",\"datePublished\":\"2023-09-13T09:09:51+00:00\",\"dateModified\":\"2023-09-13T09:16:00+00:00\",\"description\":\"Kaffeebohnen Congusta Intense & Aromatic Carte Noire - 1-kg-Packung - Durch sein Biodiversit\u00e4tsprojekt l\u00e4sst Carte Noire Sie seltene und au\u00dfergew\u00f6hnliche Kaffeesorten entdecken\",\"breadcrumb\":{\"@id\":\"https:\\\/\\\/my-french-grocery.com\\\/de\\\/produkt\\\/kaffeebohnen-congusta-intense-aromatic-carte-noire\\\/#breadcrumb\"},\"inLanguage\":\"de-DE\",\"potentialAction\":[{\"@type\":\"ReadAction\",\"target\":[\"https:\\\/\\\/my-french-grocery.com\\\/de\\\/produkt\\\/kaffeebohnen-congusta-intense-aromatic-carte-noire\\\/\"]}]},{\"@type\":\"ImageObject\",\"inLanguage\":\"de-DE\",\"@id\":\"https:\\\/\\\/my-french-grocery.com\\\/de\\\/produkt\\\/kaffeebohnen-congusta-intense-aromatic-carte-noire\\\/#primaryimage\",\"url\":\"https:\\\/\\\/my-french-grocery.com\\\/wp-content\\\/uploads\\\/2023\\\/09\\\/CARTE-NOIRE-Secret-de-Nature-Coffee-beans-Congusta-Mundo-novo-intense-and-aromatic-1kg.jpeg\",\"contentUrl\":\"https:\\\/\\\/my-french-grocery.com\\\/wp-content\\\/uploads\\\/2023\\\/09\\\/CARTE-NOIRE-Secret-de-Nature-Coffee-beans-Congusta-Mundo-novo-intense-and-aromatic-1kg.jpeg\",\"width\":1200,\"height\":1200,\"caption\":\"Kaffeebohnen Congusta Intense & Aromatic Carte Noire\"},{\"@type\":\"BreadcrumbList\",\"@id\":\"https:\\\/\\\/my-french-grocery.com\\\/de\\\/produkt\\\/kaffeebohnen-congusta-intense-aromatic-carte-noire\\\/#breadcrumb\",\"itemListElement\":[{\"@type\":\"ListItem\",\"position\":1,\"name\":\"Home\",\"item\":\"https:\\\/\\\/my-french-grocery.com\\\/de\\\/shopping-seite\\\/\"},{\"@type\":\"ListItem\",\"position\":2,\"name\":\"Shop\",\"item\":\"https:\\\/\\\/my-french-grocery.com\\\/shop\\\/\"},{\"@type\":\"ListItem\",\"position\":3,\"name\":\"Kaffee &amp; Chicor\u00e9e\",\"item\":\"https:\\\/\\\/my-french-grocery.com\\\/de\\\/produkt-kategorie\\\/kaffee-chicoree\\\/\"},{\"@type\":\"ListItem\",\"position\":4,\"name\":\"Kaffeebohnen Congusta Intense &#038; Aromatic Carte Noire\"}]},{\"@type\":\"WebSite\",\"@id\":\"https:\\\/\\\/my-french-grocery.com\\\/de\\\/#website\",\"url\":\"https:\\\/\\\/my-french-grocery.com\\\/de\\\/\",\"name\":\"My French Grocery\",\"description\":\"Your Online French Grocery  !\",\"publisher\":{\"@id\":\"https:\\\/\\\/my-french-grocery.com\\\/de\\\/#organization\"},\"potentialAction\":[{\"@type\":\"SearchAction\",\"target\":{\"@type\":\"EntryPoint\",\"urlTemplate\":\"https:\\\/\\\/my-french-grocery.com\\\/de\\\/?s={search_term_string}\"},\"query-input\":{\"@type\":\"PropertyValueSpecification\",\"valueRequired\":true,\"valueName\":\"search_term_string\"}}],\"inLanguage\":\"de-DE\"},{\"@type\":\"Organization\",\"@id\":\"https:\\\/\\\/my-french-grocery.com\\\/de\\\/#organization\",\"name\":\"MY FRENCH GROCERY\",\"url\":\"https:\\\/\\\/my-french-grocery.com\\\/de\\\/\",\"logo\":{\"@type\":\"ImageObject\",\"inLanguage\":\"de-DE\",\"@id\":\"https:\\\/\\\/my-french-grocery.com\\\/de\\\/#\\\/schema\\\/logo\\\/image\\\/\",\"url\":\"https:\\\/\\\/my-french-grocery.com\\\/wp-content\\\/uploads\\\/2021\\\/11\\\/My-French-Grocery-Online-French-Grocery.png\",\"contentUrl\":\"https:\\\/\\\/my-french-grocery.com\\\/wp-content\\\/uploads\\\/2021\\\/11\\\/My-French-Grocery-Online-French-Grocery.png\",\"width\":100,\"height\":100,\"caption\":\"MY FRENCH GROCERY\"},\"image\":{\"@id\":\"https:\\\/\\\/my-french-grocery.com\\\/de\\\/#\\\/schema\\\/logo\\\/image\\\/\"},\"sameAs\":[\"https:\\\/\\\/www.facebook.com\\\/myfrenchgrocery\\\/\"]}]}<\/script>\n<!-- \/ Yoast SEO plugin. -->","yoast_head_json":{"title":"Kaffeebohnen Congusta Intense & Aromatic Carte Noire | Online Kaufen | My French Grocery","description":"Kaffeebohnen Congusta Intense & Aromatic Carte Noire - 1-kg-Packung - Durch sein Biodiversit\u00e4tsprojekt l\u00e4sst Carte Noire Sie seltene und au\u00dfergew\u00f6hnliche Kaffeesorten entdecken","robots":{"index":"index","follow":"follow","max-snippet":"max-snippet:-1","max-image-preview":"max-image-preview:large","max-video-preview":"max-video-preview:-1"},"canonical":"https:\/\/my-french-grocery.com\/de\/produkt\/kaffeebohnen-congusta-intense-aromatic-carte-noire\/","og_locale":"de_DE","og_type":"article","og_title":"Kaffeebohnen Congusta Intense & Aromatic Carte Noire | Online Kaufen | My French Grocery","og_description":"Kaffeebohnen Congusta Intense & Aromatic Carte Noire - 1-kg-Packung - Durch sein Biodiversit\u00e4tsprojekt l\u00e4sst Carte Noire Sie seltene und au\u00dfergew\u00f6hnliche Kaffeesorten entdecken","og_url":"https:\/\/my-french-grocery.com\/de\/produkt\/kaffeebohnen-congusta-intense-aromatic-carte-noire\/","og_site_name":"My French Grocery","article_publisher":"https:\/\/www.facebook.com\/myfrenchgrocery\/","article_modified_time":"2023-09-13T09:16:00+00:00","og_image":[{"width":1200,"height":1200,"url":"https:\/\/my-french-grocery.com\/wp-content\/uploads\/2023\/09\/CARTE-NOIRE-Secret-de-Nature-Coffee-beans-Congusta-Mundo-novo-intense-and-aromatic-1kg.jpeg","type":"image\/jpeg"}],"twitter_card":"summary_large_image","twitter_misc":{"Gesch\u00e4tzte Lesezeit":"1 minute"},"schema":{"@context":"https:\/\/schema.org","@graph":[{"@type":"WebPage","@id":"https:\/\/my-french-grocery.com\/de\/produkt\/kaffeebohnen-congusta-intense-aromatic-carte-noire\/","url":"https:\/\/my-french-grocery.com\/de\/produkt\/kaffeebohnen-congusta-intense-aromatic-carte-noire\/","name":"Kaffeebohnen Congusta Intense & Aromatic Carte Noire | Online Kaufen | My French Grocery","isPartOf":{"@id":"https:\/\/my-french-grocery.com\/de\/#website"},"primaryImageOfPage":{"@id":"https:\/\/my-french-grocery.com\/de\/produkt\/kaffeebohnen-congusta-intense-aromatic-carte-noire\/#primaryimage"},"image":{"@id":"https:\/\/my-french-grocery.com\/de\/produkt\/kaffeebohnen-congusta-intense-aromatic-carte-noire\/#primaryimage"},"thumbnailUrl":"https:\/\/my-french-grocery.com\/wp-content\/uploads\/2023\/09\/CARTE-NOIRE-Secret-de-Nature-Coffee-beans-Congusta-Mundo-novo-intense-and-aromatic-1kg.jpeg","datePublished":"2023-09-13T09:09:51+00:00","dateModified":"2023-09-13T09:16:00+00:00","description":"Kaffeebohnen Congusta Intense & Aromatic Carte Noire - 1-kg-Packung - Durch sein Biodiversit\u00e4tsprojekt l\u00e4sst Carte Noire Sie seltene und au\u00dfergew\u00f6hnliche Kaffeesorten entdecken","breadcrumb":{"@id":"https:\/\/my-french-grocery.com\/de\/produkt\/kaffeebohnen-congusta-intense-aromatic-carte-noire\/#breadcrumb"},"inLanguage":"de-DE","potentialAction":[{"@type":"ReadAction","target":["https:\/\/my-french-grocery.com\/de\/produkt\/kaffeebohnen-congusta-intense-aromatic-carte-noire\/"]}]},{"@type":"ImageObject","inLanguage":"de-DE","@id":"https:\/\/my-french-grocery.com\/de\/produkt\/kaffeebohnen-congusta-intense-aromatic-carte-noire\/#primaryimage","url":"https:\/\/my-french-grocery.com\/wp-content\/uploads\/2023\/09\/CARTE-NOIRE-Secret-de-Nature-Coffee-beans-Congusta-Mundo-novo-intense-and-aromatic-1kg.jpeg","contentUrl":"https:\/\/my-french-grocery.com\/wp-content\/uploads\/2023\/09\/CARTE-NOIRE-Secret-de-Nature-Coffee-beans-Congusta-Mundo-novo-intense-and-aromatic-1kg.jpeg","width":1200,"height":1200,"caption":"Kaffeebohnen Congusta Intense & Aromatic Carte Noire"},{"@type":"BreadcrumbList","@id":"https:\/\/my-french-grocery.com\/de\/produkt\/kaffeebohnen-congusta-intense-aromatic-carte-noire\/#breadcrumb","itemListElement":[{"@type":"ListItem","position":1,"name":"Home","item":"https:\/\/my-french-grocery.com\/de\/shopping-seite\/"},{"@type":"ListItem","position":2,"name":"Shop","item":"https:\/\/my-french-grocery.com\/shop\/"},{"@type":"ListItem","position":3,"name":"Kaffee &amp; Chicor\u00e9e","item":"https:\/\/my-french-grocery.com\/de\/produkt-kategorie\/kaffee-chicoree\/"},{"@type":"ListItem","position":4,"name":"Kaffeebohnen Congusta Intense &#038; Aromatic Carte Noire"}]},{"@type":"WebSite","@id":"https:\/\/my-french-grocery.com\/de\/#website","url":"https:\/\/my-french-grocery.com\/de\/","name":"My French Grocery","description":"Your Online French Grocery  !","publisher":{"@id":"https:\/\/my-french-grocery.com\/de\/#organization"},"potentialAction":[{"@type":"SearchAction","target":{"@type":"EntryPoint","urlTemplate":"https:\/\/my-french-grocery.com\/de\/?s={search_term_string}"},"query-input":{"@type":"PropertyValueSpecification","valueRequired":true,"valueName":"search_term_string"}}],"inLanguage":"de-DE"},{"@type":"Organization","@id":"https:\/\/my-french-grocery.com\/de\/#organization","name":"MY FRENCH GROCERY","url":"https:\/\/my-french-grocery.com\/de\/","logo":{"@type":"ImageObject","inLanguage":"de-DE","@id":"https:\/\/my-french-grocery.com\/de\/#\/schema\/logo\/image\/","url":"https:\/\/my-french-grocery.com\/wp-content\/uploads\/2021\/11\/My-French-Grocery-Online-French-Grocery.png","contentUrl":"https:\/\/my-french-grocery.com\/wp-content\/uploads\/2021\/11\/My-French-Grocery-Online-French-Grocery.png","width":100,"height":100,"caption":"MY FRENCH GROCERY"},"image":{"@id":"https:\/\/my-french-grocery.com\/de\/#\/schema\/logo\/image\/"},"sameAs":["https:\/\/www.facebook.com\/myfrenchgrocery\/"]}]}},"brands":[{"id":2284,"name":"Carte Noire","slug":"carte-noire-de"}],"_links":{"self":[{"href":"https:\/\/my-french-grocery.com\/de\/wp-json\/wp\/v2\/product\/35484","targetHints":{"allow":["GET"]}}],"collection":[{"href":"https:\/\/my-french-grocery.com\/de\/wp-json\/wp\/v2\/product"}],"about":[{"href":"https:\/\/my-french-grocery.com\/de\/wp-json\/wp\/v2\/types\/product"}],"replies":[{"embeddable":true,"href":"https:\/\/my-french-grocery.com\/de\/wp-json\/wp\/v2\/comments?post=35484"}],"wp:featuredmedia":[{"embeddable":true,"href":"https:\/\/my-french-grocery.com\/de\/wp-json\/wp\/v2\/media\/35491"}],"wp:attachment":[{"href":"https:\/\/my-french-grocery.com\/de\/wp-json\/wp\/v2\/media?parent=35484"}],"wp:term":[{"taxonomy":"pwb-brand","embeddable":true,"href":"https:\/\/my-french-grocery.com\/de\/wp-json\/wp\/v2\/pwb-brand?post=35484"},{"taxonomy":"product_brand","embeddable":true,"href":"https:\/\/my-french-grocery.com\/de\/wp-json\/wp\/v2\/product_brand?post=35484"},{"taxonomy":"product_cat","embeddable":true,"href":"https:\/\/my-french-grocery.com\/de\/wp-json\/wp\/v2\/product_cat?post=35484"},{"taxonomy":"product_tag","embeddable":true,"href":"https:\/\/my-french-grocery.com\/de\/wp-json\/wp\/v2\/product_tag?post=35484"}],"curies":[{"name":"wp","href":"https:\/\/api.w.org\/{rel}","templated":true}]}}