{"id":35975,"date":"2023-10-10T13:34:33","date_gmt":"2023-10-10T11:34:34","guid":{"rendered":"https:\/\/my-french-grocery.com\/?post_type=product&#038;p=35975"},"modified":"2025-03-22T01:29:04","modified_gmt":"2025-03-21T23:29:04","slug":"gemahlener-kaffee-100-arabica-intense-lor-copy","status":"publish","type":"product","link":"https:\/\/my-french-grocery.com\/de\/produkt\/gemahlener-kaffee-100-arabica-intense-lor-copy\/","title":{"rendered":"Gemahlener Kaffee 100 % Arabica &#8220;Absolu&#8221; L&#8217;Or"},"content":{"rendered":"<p>Gemahlener Kaffee 100 % Arabica &#8220;Absolu&#8221; L&#8217;Or<\/p>\n<div class=\"pdp-card__header--text\">\n<div class=\"pdp-card__header desktop-only\">\n<div class=\"pdp-card__header--text\">\n<div class=\"pdp-card__header desktop-only\">\n<div class=\"pdp-card__header--text\"><span class=\"pl-text pl-text--size-m pl-text--style-p pl-text--bold\">2 Packungen &#8211; 250g<\/span><\/div>\n<\/div>\n<div class=\"main-details__pricing\">\n<div class=\"main-details__pdp-pricing\">\n<div class=\"pdp-pricing\">\n<div class=\"pdp-pricing__group\">\n<div class=\"pdp-pricing__block-left\">\n<div class=\"product-price product-price--size-xl product-price--inline-amounts\">\n<div class=\"product-price__amounts\">\n<div class=\"product-price__amount product-price__amount--main\" data-testid=\"product-price__amount--main\"><\/div>\n<\/div>\n<\/div>\n<\/div>\n<\/div>\n<\/div>\n<\/div>\n<\/div>\n<\/div>\n<\/div>\n<div class=\"main-details__pricing\">\n<div class=\"main-details__pdp-pricing\">\n<div class=\"pdp-pricing\">\n<div class=\"pdp-pricing__promotion-description\">\n<div class=\"promotion-description-container\">\n<div class=\"promotion-description promotion-description--has-tooltip promotion-description--pdp\" tabindex=\"0\" aria-describedby=\"tooltip222\">\n<div class=\"promotion-description__labels\">\n<p class=\"promotion-label\" title=\"Der 2. bei -60 %\"><span>Der gemahlene Premiumkaffee L&#8217;OR Absolu ist aus der einzigartigen Mischung gro\u00dfartiger Arabicas entstanden und offenbart einen ausgewogenen und raffinierten Geschmack sowie leicht ger\u00f6stete Noten.\u00a0<\/span><span>Packung mit 500 Gramm gemahlenem Kaffee.\u00a0<\/span><span>Intensit\u00e4tsstufe 7. Dieser Kaffee wird zu 100 % in Frankreich ger\u00f6stet und direkt nach dem R\u00f6sten abgef\u00fcllt.<\/span><\/p>\n<\/div>\n<\/div>\n<\/div>\n<\/div>\n<\/div>\n<\/div>\n<\/div>\n<\/div>\n<div>\n<div id=\"data-recommandation-zone-2\" class=\"secondary-details-cross-sell\">\n<div class=\"recommendations recommendations\" data-zone=\"2\"><\/div>\n<\/div>\n<\/div>\n","protected":false},"excerpt":{"rendered":"<p>Gemahlener Kaffee 100 % Arabica &#8220;Absolu&#8221; L&#8217;Or<\/p>\n<div class=\"pdp-card__header--text\">\n<div class=\"pdp-card__header desktop-only\">\n<div class=\"pdp-card__header--text\">\n<div class=\"pdp-card__header desktop-only\">\n<div class=\"pdp-card__header--text\"><span class=\"pl-text pl-text--size-m pl-text--style-p pl-text--bold\">2 Packungen &#8211; 250g<\/span><\/div>\n<\/div>\n<\/div>\n<\/div>\n<\/div>\n","protected":false},"featured_media":35982,"comment_status":"open","ping_status":"closed","template":"","meta":[],"pwb-brand":[3363],"product_brand":[],"product_cat":[2259],"product_tag":[],"class_list":{"0":"post-35975","1":"product","2":"type-product","3":"status-publish","4":"has-post-thumbnail","6":"pwb-brand-lor-maison-du-cafe-de","7":"product_cat-kaffee-chicoree","8":"product_shipping_class-internationaler-versand","10":"first","11":"instock","12":"taxable","13":"shipping-taxable","14":"purchasable","15":"product-type-simple"},"yoast_head":"<!-- This site is optimized with the Yoast SEO plugin v27.4 - https:\/\/yoast.com\/product\/yoast-seo-wordpress\/ -->\n<title>Gemahlener Kaffee 100 % Arabica &quot;Absolu&quot; L&#039;Or | Online Kaufen | My French Grocery<\/title>\n<meta name=\"description\" content=\"Gemahlener Kaffee 100 % Arabica &quot;Absolu&quot; L&#039;Or - 2 Packungen - 250g - Der gemahlene Premiumkaffee L&#039;OR Absolu ist aus der einzigartigen Mischung gro\u00dfartiger Arabicas entstanden und offenbart\" \/>\n<meta name=\"robots\" content=\"index, follow, max-snippet:-1, max-image-preview:large, max-video-preview:-1\" \/>\n<link rel=\"canonical\" href=\"https:\/\/my-french-grocery.com\/de\/produkt\/gemahlener-kaffee-100-arabica-intense-lor-copy\/\" \/>\n<meta property=\"og:locale\" content=\"de_DE\" \/>\n<meta property=\"og:type\" content=\"article\" \/>\n<meta property=\"og:title\" content=\"Gemahlener Kaffee 100 % Arabica &quot;Absolu&quot; L&#039;Or | Online Kaufen | My French Grocery\" \/>\n<meta property=\"og:description\" content=\"Gemahlener Kaffee 100 % Arabica &quot;Absolu&quot; L&#039;Or - 2 Packungen - 250g - Der gemahlene Premiumkaffee L&#039;OR Absolu ist aus der einzigartigen Mischung gro\u00dfartiger Arabicas entstanden und offenbart\" \/>\n<meta property=\"og:url\" content=\"https:\/\/my-french-grocery.com\/de\/produkt\/gemahlener-kaffee-100-arabica-intense-lor-copy\/\" \/>\n<meta property=\"og:site_name\" content=\"My French Grocery\" \/>\n<meta property=\"article:publisher\" content=\"https:\/\/www.facebook.com\/myfrenchgrocery\/\" \/>\n<meta property=\"article:modified_time\" content=\"2025-03-21T23:29:04+00:00\" \/>\n<meta property=\"og:image\" content=\"https:\/\/my-french-grocery.com\/wp-content\/uploads\/2023\/10\/Absolute-aromatic-and-refined-ground-coffee.jpeg\" \/>\n\t<meta property=\"og:image:width\" content=\"1200\" \/>\n\t<meta property=\"og:image:height\" content=\"1200\" \/>\n\t<meta property=\"og:image:type\" content=\"image\/jpeg\" \/>\n<meta name=\"twitter:card\" content=\"summary_large_image\" \/>\n<script type=\"application\/ld+json\" class=\"yoast-schema-graph\">{\"@context\":\"https:\\\/\\\/schema.org\",\"@graph\":[{\"@type\":\"WebPage\",\"@id\":\"https:\\\/\\\/my-french-grocery.com\\\/de\\\/produkt\\\/gemahlener-kaffee-100-arabica-intense-lor-copy\\\/\",\"url\":\"https:\\\/\\\/my-french-grocery.com\\\/de\\\/produkt\\\/gemahlener-kaffee-100-arabica-intense-lor-copy\\\/\",\"name\":\"Gemahlener Kaffee 100 % Arabica \\\"Absolu\\\" L'Or | Online Kaufen | My French Grocery\",\"isPartOf\":{\"@id\":\"https:\\\/\\\/my-french-grocery.com\\\/de\\\/#website\"},\"primaryImageOfPage\":{\"@id\":\"https:\\\/\\\/my-french-grocery.com\\\/de\\\/produkt\\\/gemahlener-kaffee-100-arabica-intense-lor-copy\\\/#primaryimage\"},\"image\":{\"@id\":\"https:\\\/\\\/my-french-grocery.com\\\/de\\\/produkt\\\/gemahlener-kaffee-100-arabica-intense-lor-copy\\\/#primaryimage\"},\"thumbnailUrl\":\"https:\\\/\\\/my-french-grocery.com\\\/wp-content\\\/uploads\\\/2023\\\/10\\\/Absolute-aromatic-and-refined-ground-coffee.jpeg\",\"datePublished\":\"2023-10-10T11:34:34+00:00\",\"dateModified\":\"2025-03-21T23:29:04+00:00\",\"description\":\"Gemahlener Kaffee 100 % Arabica \\\"Absolu\\\" L'Or - 2 Packungen - 250g - Der gemahlene Premiumkaffee L'OR Absolu ist aus der einzigartigen Mischung gro\u00dfartiger Arabicas entstanden und offenbart\",\"breadcrumb\":{\"@id\":\"https:\\\/\\\/my-french-grocery.com\\\/de\\\/produkt\\\/gemahlener-kaffee-100-arabica-intense-lor-copy\\\/#breadcrumb\"},\"inLanguage\":\"de-DE\",\"potentialAction\":[{\"@type\":\"ReadAction\",\"target\":[\"https:\\\/\\\/my-french-grocery.com\\\/de\\\/produkt\\\/gemahlener-kaffee-100-arabica-intense-lor-copy\\\/\"]}]},{\"@type\":\"ImageObject\",\"inLanguage\":\"de-DE\",\"@id\":\"https:\\\/\\\/my-french-grocery.com\\\/de\\\/produkt\\\/gemahlener-kaffee-100-arabica-intense-lor-copy\\\/#primaryimage\",\"url\":\"https:\\\/\\\/my-french-grocery.com\\\/wp-content\\\/uploads\\\/2023\\\/10\\\/Absolute-aromatic-and-refined-ground-coffee.jpeg\",\"contentUrl\":\"https:\\\/\\\/my-french-grocery.com\\\/wp-content\\\/uploads\\\/2023\\\/10\\\/Absolute-aromatic-and-refined-ground-coffee.jpeg\",\"width\":1200,\"height\":1200,\"caption\":\"Gemahlener Kaffee 100 % Arabica \\\"Absolu\\\" L'Or\"},{\"@type\":\"BreadcrumbList\",\"@id\":\"https:\\\/\\\/my-french-grocery.com\\\/de\\\/produkt\\\/gemahlener-kaffee-100-arabica-intense-lor-copy\\\/#breadcrumb\",\"itemListElement\":[{\"@type\":\"ListItem\",\"position\":1,\"name\":\"Home\",\"item\":\"https:\\\/\\\/my-french-grocery.com\\\/de\\\/shopping-seite\\\/\"},{\"@type\":\"ListItem\",\"position\":2,\"name\":\"Shop\",\"item\":\"https:\\\/\\\/my-french-grocery.com\\\/shop\\\/\"},{\"@type\":\"ListItem\",\"position\":3,\"name\":\"Kaffee &amp; Chicor\u00e9e\",\"item\":\"https:\\\/\\\/my-french-grocery.com\\\/de\\\/produkt-kategorie\\\/kaffee-chicoree\\\/\"},{\"@type\":\"ListItem\",\"position\":4,\"name\":\"Gemahlener Kaffee 100 % Arabica &#8220;Absolu&#8221; L&#8217;Or\"}]},{\"@type\":\"WebSite\",\"@id\":\"https:\\\/\\\/my-french-grocery.com\\\/de\\\/#website\",\"url\":\"https:\\\/\\\/my-french-grocery.com\\\/de\\\/\",\"name\":\"My French Grocery\",\"description\":\"Your Online French Grocery  !\",\"publisher\":{\"@id\":\"https:\\\/\\\/my-french-grocery.com\\\/de\\\/#organization\"},\"potentialAction\":[{\"@type\":\"SearchAction\",\"target\":{\"@type\":\"EntryPoint\",\"urlTemplate\":\"https:\\\/\\\/my-french-grocery.com\\\/de\\\/?s={search_term_string}\"},\"query-input\":{\"@type\":\"PropertyValueSpecification\",\"valueRequired\":true,\"valueName\":\"search_term_string\"}}],\"inLanguage\":\"de-DE\"},{\"@type\":\"Organization\",\"@id\":\"https:\\\/\\\/my-french-grocery.com\\\/de\\\/#organization\",\"name\":\"MY FRENCH GROCERY\",\"url\":\"https:\\\/\\\/my-french-grocery.com\\\/de\\\/\",\"logo\":{\"@type\":\"ImageObject\",\"inLanguage\":\"de-DE\",\"@id\":\"https:\\\/\\\/my-french-grocery.com\\\/de\\\/#\\\/schema\\\/logo\\\/image\\\/\",\"url\":\"https:\\\/\\\/my-french-grocery.com\\\/wp-content\\\/uploads\\\/2021\\\/11\\\/My-French-Grocery-Online-French-Grocery.png\",\"contentUrl\":\"https:\\\/\\\/my-french-grocery.com\\\/wp-content\\\/uploads\\\/2021\\\/11\\\/My-French-Grocery-Online-French-Grocery.png\",\"width\":100,\"height\":100,\"caption\":\"MY FRENCH GROCERY\"},\"image\":{\"@id\":\"https:\\\/\\\/my-french-grocery.com\\\/de\\\/#\\\/schema\\\/logo\\\/image\\\/\"},\"sameAs\":[\"https:\\\/\\\/www.facebook.com\\\/myfrenchgrocery\\\/\"]}]}<\/script>\n<!-- \/ Yoast SEO plugin. -->","yoast_head_json":{"title":"Gemahlener Kaffee 100 % Arabica \"Absolu\" L'Or | Online Kaufen | My French Grocery","description":"Gemahlener Kaffee 100 % Arabica \"Absolu\" L'Or - 2 Packungen - 250g - Der gemahlene Premiumkaffee L'OR Absolu ist aus der einzigartigen Mischung gro\u00dfartiger Arabicas entstanden und offenbart","robots":{"index":"index","follow":"follow","max-snippet":"max-snippet:-1","max-image-preview":"max-image-preview:large","max-video-preview":"max-video-preview:-1"},"canonical":"https:\/\/my-french-grocery.com\/de\/produkt\/gemahlener-kaffee-100-arabica-intense-lor-copy\/","og_locale":"de_DE","og_type":"article","og_title":"Gemahlener Kaffee 100 % Arabica \"Absolu\" L'Or | Online Kaufen | My French Grocery","og_description":"Gemahlener Kaffee 100 % Arabica \"Absolu\" L'Or - 2 Packungen - 250g - Der gemahlene Premiumkaffee L'OR Absolu ist aus der einzigartigen Mischung gro\u00dfartiger Arabicas entstanden und offenbart","og_url":"https:\/\/my-french-grocery.com\/de\/produkt\/gemahlener-kaffee-100-arabica-intense-lor-copy\/","og_site_name":"My French Grocery","article_publisher":"https:\/\/www.facebook.com\/myfrenchgrocery\/","article_modified_time":"2025-03-21T23:29:04+00:00","og_image":[{"width":1200,"height":1200,"url":"https:\/\/my-french-grocery.com\/wp-content\/uploads\/2023\/10\/Absolute-aromatic-and-refined-ground-coffee.jpeg","type":"image\/jpeg"}],"twitter_card":"summary_large_image","schema":{"@context":"https:\/\/schema.org","@graph":[{"@type":"WebPage","@id":"https:\/\/my-french-grocery.com\/de\/produkt\/gemahlener-kaffee-100-arabica-intense-lor-copy\/","url":"https:\/\/my-french-grocery.com\/de\/produkt\/gemahlener-kaffee-100-arabica-intense-lor-copy\/","name":"Gemahlener Kaffee 100 % Arabica \"Absolu\" L'Or | Online Kaufen | My French Grocery","isPartOf":{"@id":"https:\/\/my-french-grocery.com\/de\/#website"},"primaryImageOfPage":{"@id":"https:\/\/my-french-grocery.com\/de\/produkt\/gemahlener-kaffee-100-arabica-intense-lor-copy\/#primaryimage"},"image":{"@id":"https:\/\/my-french-grocery.com\/de\/produkt\/gemahlener-kaffee-100-arabica-intense-lor-copy\/#primaryimage"},"thumbnailUrl":"https:\/\/my-french-grocery.com\/wp-content\/uploads\/2023\/10\/Absolute-aromatic-and-refined-ground-coffee.jpeg","datePublished":"2023-10-10T11:34:34+00:00","dateModified":"2025-03-21T23:29:04+00:00","description":"Gemahlener Kaffee 100 % Arabica \"Absolu\" L'Or - 2 Packungen - 250g - Der gemahlene Premiumkaffee L'OR Absolu ist aus der einzigartigen Mischung gro\u00dfartiger Arabicas entstanden und offenbart","breadcrumb":{"@id":"https:\/\/my-french-grocery.com\/de\/produkt\/gemahlener-kaffee-100-arabica-intense-lor-copy\/#breadcrumb"},"inLanguage":"de-DE","potentialAction":[{"@type":"ReadAction","target":["https:\/\/my-french-grocery.com\/de\/produkt\/gemahlener-kaffee-100-arabica-intense-lor-copy\/"]}]},{"@type":"ImageObject","inLanguage":"de-DE","@id":"https:\/\/my-french-grocery.com\/de\/produkt\/gemahlener-kaffee-100-arabica-intense-lor-copy\/#primaryimage","url":"https:\/\/my-french-grocery.com\/wp-content\/uploads\/2023\/10\/Absolute-aromatic-and-refined-ground-coffee.jpeg","contentUrl":"https:\/\/my-french-grocery.com\/wp-content\/uploads\/2023\/10\/Absolute-aromatic-and-refined-ground-coffee.jpeg","width":1200,"height":1200,"caption":"Gemahlener Kaffee 100 % Arabica \"Absolu\" L'Or"},{"@type":"BreadcrumbList","@id":"https:\/\/my-french-grocery.com\/de\/produkt\/gemahlener-kaffee-100-arabica-intense-lor-copy\/#breadcrumb","itemListElement":[{"@type":"ListItem","position":1,"name":"Home","item":"https:\/\/my-french-grocery.com\/de\/shopping-seite\/"},{"@type":"ListItem","position":2,"name":"Shop","item":"https:\/\/my-french-grocery.com\/shop\/"},{"@type":"ListItem","position":3,"name":"Kaffee &amp; Chicor\u00e9e","item":"https:\/\/my-french-grocery.com\/de\/produkt-kategorie\/kaffee-chicoree\/"},{"@type":"ListItem","position":4,"name":"Gemahlener Kaffee 100 % Arabica &#8220;Absolu&#8221; L&#8217;Or"}]},{"@type":"WebSite","@id":"https:\/\/my-french-grocery.com\/de\/#website","url":"https:\/\/my-french-grocery.com\/de\/","name":"My French Grocery","description":"Your Online French Grocery  !","publisher":{"@id":"https:\/\/my-french-grocery.com\/de\/#organization"},"potentialAction":[{"@type":"SearchAction","target":{"@type":"EntryPoint","urlTemplate":"https:\/\/my-french-grocery.com\/de\/?s={search_term_string}"},"query-input":{"@type":"PropertyValueSpecification","valueRequired":true,"valueName":"search_term_string"}}],"inLanguage":"de-DE"},{"@type":"Organization","@id":"https:\/\/my-french-grocery.com\/de\/#organization","name":"MY FRENCH GROCERY","url":"https:\/\/my-french-grocery.com\/de\/","logo":{"@type":"ImageObject","inLanguage":"de-DE","@id":"https:\/\/my-french-grocery.com\/de\/#\/schema\/logo\/image\/","url":"https:\/\/my-french-grocery.com\/wp-content\/uploads\/2021\/11\/My-French-Grocery-Online-French-Grocery.png","contentUrl":"https:\/\/my-french-grocery.com\/wp-content\/uploads\/2021\/11\/My-French-Grocery-Online-French-Grocery.png","width":100,"height":100,"caption":"MY FRENCH GROCERY"},"image":{"@id":"https:\/\/my-french-grocery.com\/de\/#\/schema\/logo\/image\/"},"sameAs":["https:\/\/www.facebook.com\/myfrenchgrocery\/"]}]}},"brands":[{"id":3363,"name":"L'Or - Maison Du Caf\u00e9","slug":"lor-maison-du-cafe-de"}],"_links":{"self":[{"href":"https:\/\/my-french-grocery.com\/de\/wp-json\/wp\/v2\/product\/35975","targetHints":{"allow":["GET"]}}],"collection":[{"href":"https:\/\/my-french-grocery.com\/de\/wp-json\/wp\/v2\/product"}],"about":[{"href":"https:\/\/my-french-grocery.com\/de\/wp-json\/wp\/v2\/types\/product"}],"replies":[{"embeddable":true,"href":"https:\/\/my-french-grocery.com\/de\/wp-json\/wp\/v2\/comments?post=35975"}],"wp:featuredmedia":[{"embeddable":true,"href":"https:\/\/my-french-grocery.com\/de\/wp-json\/wp\/v2\/media\/35982"}],"wp:attachment":[{"href":"https:\/\/my-french-grocery.com\/de\/wp-json\/wp\/v2\/media?parent=35975"}],"wp:term":[{"taxonomy":"pwb-brand","embeddable":true,"href":"https:\/\/my-french-grocery.com\/de\/wp-json\/wp\/v2\/pwb-brand?post=35975"},{"taxonomy":"product_brand","embeddable":true,"href":"https:\/\/my-french-grocery.com\/de\/wp-json\/wp\/v2\/product_brand?post=35975"},{"taxonomy":"product_cat","embeddable":true,"href":"https:\/\/my-french-grocery.com\/de\/wp-json\/wp\/v2\/product_cat?post=35975"},{"taxonomy":"product_tag","embeddable":true,"href":"https:\/\/my-french-grocery.com\/de\/wp-json\/wp\/v2\/product_tag?post=35975"}],"curies":[{"name":"wp","href":"https:\/\/api.w.org\/{rel}","templated":true}]}}