{"id":36259,"date":"2023-10-23T15:42:57","date_gmt":"2023-10-23T13:42:58","guid":{"rendered":"https:\/\/my-french-grocery.com\/?post_type=product&#038;p=36259"},"modified":"2024-09-21T05:59:28","modified_gmt":"2024-09-21T03:59:28","slug":"milchschokolade-liege-waffeln-lotus","status":"publish","type":"product","link":"https:\/\/my-french-grocery.com\/de\/produkt\/milchschokolade-liege-waffeln-lotus\/","title":{"rendered":"Milchschokolade Li\u00e8ge Waffeln Lotus"},"content":{"rendered":"<p>Milchschokolade Li\u00e8ge Waffeln Lotus<\/p>\n<div class=\"pdp-card__header--text\">336g Packung<\/div>\n<div class=\"main-details--food__shoppinglist\"><\/div>\n<div>\u201eOft nachgeahmt, nie erreicht&#8230; unsere exquisite L\u00fctticher Waffel mit echten karamellisierten Zuckerperlen! Perfekt konserviert in der frischen T\u00fcte, pur oder mit echter belgischer Schokolade \u00fcberzogen, ist sie einfach unwiderstehlich. Der Lotus-Tipp: Erhitzen Sie Ihre Waffel f\u00fcr ein paar Momente im Ofen wird es nur noch besser.<\/div>\n","protected":false},"excerpt":{"rendered":"<p>Milchschokolade Li\u00e8ge Waffeln Lotus<\/p>\n<div class=\"pdp-card__header--text\">336g Packung<\/div>\n<div class=\"main-details--food__shoppinglist\"><\/div>\n","protected":false},"featured_media":36266,"comment_status":"open","ping_status":"closed","template":"","meta":[],"pwb-brand":[3376],"product_brand":[],"product_cat":[2181],"product_tag":[2779],"class_list":{"0":"post-36259","1":"product","2":"type-product","3":"status-publish","4":"has-post-thumbnail","6":"pwb-brand-lotus-de","7":"product_cat-kuchen-kekse","8":"product_tag-waffle-de","9":"product_shipping_class-internationaler-versand","11":"first","12":"instock","13":"taxable","14":"shipping-taxable","15":"purchasable","16":"product-type-simple"},"yoast_head":"<!-- This site is optimized with the Yoast SEO plugin v27.3 - https:\/\/yoast.com\/product\/yoast-seo-wordpress\/ -->\n<title>Milchschokolade Li\u00e8ge Waffeln Lotus | Online Kaufen | My French Grocery<\/title>\n<meta name=\"description\" content=\"Milchschokolade Li\u00e8ge Waffeln Lotus - 336g Packung - \u201eOft nachgeahmt, nie erreicht... unsere exquisite L\u00fctticher Waffel mit echten karamellisierten Zuckerperlen!\" \/>\n<meta name=\"robots\" content=\"index, follow, max-snippet:-1, max-image-preview:large, max-video-preview:-1\" \/>\n<link rel=\"canonical\" href=\"https:\/\/my-french-grocery.com\/de\/produkt\/milchschokolade-liege-waffeln-lotus\/\" \/>\n<meta property=\"og:locale\" content=\"de_DE\" \/>\n<meta property=\"og:type\" content=\"article\" \/>\n<meta property=\"og:title\" content=\"Milchschokolade Li\u00e8ge Waffeln Lotus | Online Kaufen | My French Grocery\" \/>\n<meta property=\"og:description\" content=\"Milchschokolade Li\u00e8ge Waffeln Lotus - 336g Packung - \u201eOft nachgeahmt, nie erreicht... unsere exquisite L\u00fctticher Waffel mit echten karamellisierten Zuckerperlen!\" \/>\n<meta property=\"og:url\" content=\"https:\/\/my-french-grocery.com\/de\/produkt\/milchschokolade-liege-waffeln-lotus\/\" \/>\n<meta property=\"og:site_name\" content=\"My French Grocery\" \/>\n<meta property=\"article:publisher\" content=\"https:\/\/www.facebook.com\/myfrenchgrocery\/\" \/>\n<meta property=\"article:modified_time\" content=\"2024-09-21T03:59:28+00:00\" \/>\n<meta property=\"og:image\" content=\"https:\/\/my-french-grocery.com\/wp-content\/uploads\/2023\/10\/LOTUS-Liege-waffles-topped-with-milk-chocolate.jpeg\" \/>\n\t<meta property=\"og:image:width\" content=\"1200\" \/>\n\t<meta property=\"og:image:height\" content=\"1200\" \/>\n\t<meta property=\"og:image:type\" content=\"image\/jpeg\" \/>\n<meta name=\"twitter:card\" content=\"summary_large_image\" \/>\n<script type=\"application\/ld+json\" class=\"yoast-schema-graph\">{\"@context\":\"https:\\\/\\\/schema.org\",\"@graph\":[{\"@type\":\"WebPage\",\"@id\":\"https:\\\/\\\/my-french-grocery.com\\\/de\\\/produkt\\\/milchschokolade-liege-waffeln-lotus\\\/\",\"url\":\"https:\\\/\\\/my-french-grocery.com\\\/de\\\/produkt\\\/milchschokolade-liege-waffeln-lotus\\\/\",\"name\":\"Milchschokolade Li\u00e8ge Waffeln Lotus | Online Kaufen | My French Grocery\",\"isPartOf\":{\"@id\":\"https:\\\/\\\/my-french-grocery.com\\\/de\\\/#website\"},\"primaryImageOfPage\":{\"@id\":\"https:\\\/\\\/my-french-grocery.com\\\/de\\\/produkt\\\/milchschokolade-liege-waffeln-lotus\\\/#primaryimage\"},\"image\":{\"@id\":\"https:\\\/\\\/my-french-grocery.com\\\/de\\\/produkt\\\/milchschokolade-liege-waffeln-lotus\\\/#primaryimage\"},\"thumbnailUrl\":\"https:\\\/\\\/my-french-grocery.com\\\/wp-content\\\/uploads\\\/2023\\\/10\\\/LOTUS-Liege-waffles-topped-with-milk-chocolate.jpeg\",\"datePublished\":\"2023-10-23T13:42:58+00:00\",\"dateModified\":\"2024-09-21T03:59:28+00:00\",\"description\":\"Milchschokolade Li\u00e8ge Waffeln Lotus - 336g Packung - \u201eOft nachgeahmt, nie erreicht... unsere exquisite L\u00fctticher Waffel mit echten karamellisierten Zuckerperlen!\",\"breadcrumb\":{\"@id\":\"https:\\\/\\\/my-french-grocery.com\\\/de\\\/produkt\\\/milchschokolade-liege-waffeln-lotus\\\/#breadcrumb\"},\"inLanguage\":\"de-DE\",\"potentialAction\":[{\"@type\":\"ReadAction\",\"target\":[\"https:\\\/\\\/my-french-grocery.com\\\/de\\\/produkt\\\/milchschokolade-liege-waffeln-lotus\\\/\"]}]},{\"@type\":\"ImageObject\",\"inLanguage\":\"de-DE\",\"@id\":\"https:\\\/\\\/my-french-grocery.com\\\/de\\\/produkt\\\/milchschokolade-liege-waffeln-lotus\\\/#primaryimage\",\"url\":\"https:\\\/\\\/my-french-grocery.com\\\/wp-content\\\/uploads\\\/2023\\\/10\\\/LOTUS-Liege-waffles-topped-with-milk-chocolate.jpeg\",\"contentUrl\":\"https:\\\/\\\/my-french-grocery.com\\\/wp-content\\\/uploads\\\/2023\\\/10\\\/LOTUS-Liege-waffles-topped-with-milk-chocolate.jpeg\",\"width\":1200,\"height\":1200,\"caption\":\"Milchschokolade Li\u00e8ge Waffeln Lotus\"},{\"@type\":\"BreadcrumbList\",\"@id\":\"https:\\\/\\\/my-french-grocery.com\\\/de\\\/produkt\\\/milchschokolade-liege-waffeln-lotus\\\/#breadcrumb\",\"itemListElement\":[{\"@type\":\"ListItem\",\"position\":1,\"name\":\"Home\",\"item\":\"https:\\\/\\\/my-french-grocery.com\\\/de\\\/shopping-seite\\\/\"},{\"@type\":\"ListItem\",\"position\":2,\"name\":\"Shop\",\"item\":\"https:\\\/\\\/my-french-grocery.com\\\/shop\\\/\"},{\"@type\":\"ListItem\",\"position\":3,\"name\":\"Kuchen &amp; Kekse\",\"item\":\"https:\\\/\\\/my-french-grocery.com\\\/de\\\/produkt-kategorie\\\/kuchen-kekse\\\/\"},{\"@type\":\"ListItem\",\"position\":4,\"name\":\"Milchschokolade Li\u00e8ge Waffeln Lotus\"}]},{\"@type\":\"WebSite\",\"@id\":\"https:\\\/\\\/my-french-grocery.com\\\/de\\\/#website\",\"url\":\"https:\\\/\\\/my-french-grocery.com\\\/de\\\/\",\"name\":\"My French Grocery\",\"description\":\"Your Online French Grocery  !\",\"publisher\":{\"@id\":\"https:\\\/\\\/my-french-grocery.com\\\/de\\\/#organization\"},\"potentialAction\":[{\"@type\":\"SearchAction\",\"target\":{\"@type\":\"EntryPoint\",\"urlTemplate\":\"https:\\\/\\\/my-french-grocery.com\\\/de\\\/?s={search_term_string}\"},\"query-input\":{\"@type\":\"PropertyValueSpecification\",\"valueRequired\":true,\"valueName\":\"search_term_string\"}}],\"inLanguage\":\"de-DE\"},{\"@type\":\"Organization\",\"@id\":\"https:\\\/\\\/my-french-grocery.com\\\/de\\\/#organization\",\"name\":\"MY FRENCH GROCERY\",\"url\":\"https:\\\/\\\/my-french-grocery.com\\\/de\\\/\",\"logo\":{\"@type\":\"ImageObject\",\"inLanguage\":\"de-DE\",\"@id\":\"https:\\\/\\\/my-french-grocery.com\\\/de\\\/#\\\/schema\\\/logo\\\/image\\\/\",\"url\":\"https:\\\/\\\/my-french-grocery.com\\\/wp-content\\\/uploads\\\/2021\\\/11\\\/My-French-Grocery-Online-French-Grocery.png\",\"contentUrl\":\"https:\\\/\\\/my-french-grocery.com\\\/wp-content\\\/uploads\\\/2021\\\/11\\\/My-French-Grocery-Online-French-Grocery.png\",\"width\":100,\"height\":100,\"caption\":\"MY FRENCH GROCERY\"},\"image\":{\"@id\":\"https:\\\/\\\/my-french-grocery.com\\\/de\\\/#\\\/schema\\\/logo\\\/image\\\/\"},\"sameAs\":[\"https:\\\/\\\/www.facebook.com\\\/myfrenchgrocery\\\/\"]}]}<\/script>\n<!-- \/ Yoast SEO plugin. -->","yoast_head_json":{"title":"Milchschokolade Li\u00e8ge Waffeln Lotus | Online Kaufen | My French Grocery","description":"Milchschokolade Li\u00e8ge Waffeln Lotus - 336g Packung - \u201eOft nachgeahmt, nie erreicht... unsere exquisite L\u00fctticher Waffel mit echten karamellisierten Zuckerperlen!","robots":{"index":"index","follow":"follow","max-snippet":"max-snippet:-1","max-image-preview":"max-image-preview:large","max-video-preview":"max-video-preview:-1"},"canonical":"https:\/\/my-french-grocery.com\/de\/produkt\/milchschokolade-liege-waffeln-lotus\/","og_locale":"de_DE","og_type":"article","og_title":"Milchschokolade Li\u00e8ge Waffeln Lotus | Online Kaufen | My French Grocery","og_description":"Milchschokolade Li\u00e8ge Waffeln Lotus - 336g Packung - \u201eOft nachgeahmt, nie erreicht... unsere exquisite L\u00fctticher Waffel mit echten karamellisierten Zuckerperlen!","og_url":"https:\/\/my-french-grocery.com\/de\/produkt\/milchschokolade-liege-waffeln-lotus\/","og_site_name":"My French Grocery","article_publisher":"https:\/\/www.facebook.com\/myfrenchgrocery\/","article_modified_time":"2024-09-21T03:59:28+00:00","og_image":[{"width":1200,"height":1200,"url":"https:\/\/my-french-grocery.com\/wp-content\/uploads\/2023\/10\/LOTUS-Liege-waffles-topped-with-milk-chocolate.jpeg","type":"image\/jpeg"}],"twitter_card":"summary_large_image","schema":{"@context":"https:\/\/schema.org","@graph":[{"@type":"WebPage","@id":"https:\/\/my-french-grocery.com\/de\/produkt\/milchschokolade-liege-waffeln-lotus\/","url":"https:\/\/my-french-grocery.com\/de\/produkt\/milchschokolade-liege-waffeln-lotus\/","name":"Milchschokolade Li\u00e8ge Waffeln Lotus | Online Kaufen | My French Grocery","isPartOf":{"@id":"https:\/\/my-french-grocery.com\/de\/#website"},"primaryImageOfPage":{"@id":"https:\/\/my-french-grocery.com\/de\/produkt\/milchschokolade-liege-waffeln-lotus\/#primaryimage"},"image":{"@id":"https:\/\/my-french-grocery.com\/de\/produkt\/milchschokolade-liege-waffeln-lotus\/#primaryimage"},"thumbnailUrl":"https:\/\/my-french-grocery.com\/wp-content\/uploads\/2023\/10\/LOTUS-Liege-waffles-topped-with-milk-chocolate.jpeg","datePublished":"2023-10-23T13:42:58+00:00","dateModified":"2024-09-21T03:59:28+00:00","description":"Milchschokolade Li\u00e8ge Waffeln Lotus - 336g Packung - \u201eOft nachgeahmt, nie erreicht... unsere exquisite L\u00fctticher Waffel mit echten karamellisierten Zuckerperlen!","breadcrumb":{"@id":"https:\/\/my-french-grocery.com\/de\/produkt\/milchschokolade-liege-waffeln-lotus\/#breadcrumb"},"inLanguage":"de-DE","potentialAction":[{"@type":"ReadAction","target":["https:\/\/my-french-grocery.com\/de\/produkt\/milchschokolade-liege-waffeln-lotus\/"]}]},{"@type":"ImageObject","inLanguage":"de-DE","@id":"https:\/\/my-french-grocery.com\/de\/produkt\/milchschokolade-liege-waffeln-lotus\/#primaryimage","url":"https:\/\/my-french-grocery.com\/wp-content\/uploads\/2023\/10\/LOTUS-Liege-waffles-topped-with-milk-chocolate.jpeg","contentUrl":"https:\/\/my-french-grocery.com\/wp-content\/uploads\/2023\/10\/LOTUS-Liege-waffles-topped-with-milk-chocolate.jpeg","width":1200,"height":1200,"caption":"Milchschokolade Li\u00e8ge Waffeln Lotus"},{"@type":"BreadcrumbList","@id":"https:\/\/my-french-grocery.com\/de\/produkt\/milchschokolade-liege-waffeln-lotus\/#breadcrumb","itemListElement":[{"@type":"ListItem","position":1,"name":"Home","item":"https:\/\/my-french-grocery.com\/de\/shopping-seite\/"},{"@type":"ListItem","position":2,"name":"Shop","item":"https:\/\/my-french-grocery.com\/shop\/"},{"@type":"ListItem","position":3,"name":"Kuchen &amp; Kekse","item":"https:\/\/my-french-grocery.com\/de\/produkt-kategorie\/kuchen-kekse\/"},{"@type":"ListItem","position":4,"name":"Milchschokolade Li\u00e8ge Waffeln Lotus"}]},{"@type":"WebSite","@id":"https:\/\/my-french-grocery.com\/de\/#website","url":"https:\/\/my-french-grocery.com\/de\/","name":"My French Grocery","description":"Your Online French Grocery  !","publisher":{"@id":"https:\/\/my-french-grocery.com\/de\/#organization"},"potentialAction":[{"@type":"SearchAction","target":{"@type":"EntryPoint","urlTemplate":"https:\/\/my-french-grocery.com\/de\/?s={search_term_string}"},"query-input":{"@type":"PropertyValueSpecification","valueRequired":true,"valueName":"search_term_string"}}],"inLanguage":"de-DE"},{"@type":"Organization","@id":"https:\/\/my-french-grocery.com\/de\/#organization","name":"MY FRENCH GROCERY","url":"https:\/\/my-french-grocery.com\/de\/","logo":{"@type":"ImageObject","inLanguage":"de-DE","@id":"https:\/\/my-french-grocery.com\/de\/#\/schema\/logo\/image\/","url":"https:\/\/my-french-grocery.com\/wp-content\/uploads\/2021\/11\/My-French-Grocery-Online-French-Grocery.png","contentUrl":"https:\/\/my-french-grocery.com\/wp-content\/uploads\/2021\/11\/My-French-Grocery-Online-French-Grocery.png","width":100,"height":100,"caption":"MY FRENCH GROCERY"},"image":{"@id":"https:\/\/my-french-grocery.com\/de\/#\/schema\/logo\/image\/"},"sameAs":["https:\/\/www.facebook.com\/myfrenchgrocery\/"]}]}},"brands":[{"id":3376,"name":"Lotus","slug":"lotus-de"}],"_links":{"self":[{"href":"https:\/\/my-french-grocery.com\/de\/wp-json\/wp\/v2\/product\/36259","targetHints":{"allow":["GET"]}}],"collection":[{"href":"https:\/\/my-french-grocery.com\/de\/wp-json\/wp\/v2\/product"}],"about":[{"href":"https:\/\/my-french-grocery.com\/de\/wp-json\/wp\/v2\/types\/product"}],"replies":[{"embeddable":true,"href":"https:\/\/my-french-grocery.com\/de\/wp-json\/wp\/v2\/comments?post=36259"}],"wp:featuredmedia":[{"embeddable":true,"href":"https:\/\/my-french-grocery.com\/de\/wp-json\/wp\/v2\/media\/36266"}],"wp:attachment":[{"href":"https:\/\/my-french-grocery.com\/de\/wp-json\/wp\/v2\/media?parent=36259"}],"wp:term":[{"taxonomy":"pwb-brand","embeddable":true,"href":"https:\/\/my-french-grocery.com\/de\/wp-json\/wp\/v2\/pwb-brand?post=36259"},{"taxonomy":"product_brand","embeddable":true,"href":"https:\/\/my-french-grocery.com\/de\/wp-json\/wp\/v2\/product_brand?post=36259"},{"taxonomy":"product_cat","embeddable":true,"href":"https:\/\/my-french-grocery.com\/de\/wp-json\/wp\/v2\/product_cat?post=36259"},{"taxonomy":"product_tag","embeddable":true,"href":"https:\/\/my-french-grocery.com\/de\/wp-json\/wp\/v2\/product_tag?post=36259"}],"curies":[{"name":"wp","href":"https:\/\/api.w.org\/{rel}","templated":true}]}}