{"id":36622,"date":"2023-11-08T18:02:12","date_gmt":"2023-11-08T16:02:12","guid":{"rendered":"https:\/\/my-french-grocery.com\/?post_type=product&#038;p=36622"},"modified":"2023-11-08T18:12:19","modified_gmt":"2023-11-08T16:12:19","slug":"knorr-gemusebruhe-topf","status":"publish","type":"product","link":"https:\/\/my-french-grocery.com\/de\/produkt\/knorr-gemusebruhe-topf\/","title":{"rendered":"Knorr Gem\u00fcsebr\u00fche Topf"},"content":{"rendered":"<p>Knorr Gem\u00fcsebr\u00fche Topf<\/p>\n<div class=\"pdp-card__header--text\">\n<div class=\"offer-selector__description-wrapper  defaultContent \" data-id=\"732b8aca-65b8-4e7d-8971-06fa9d506a5f\">\n<div class=\"offer-selector__description-content\">\n<div class=\"offer-selector__attributes\"><span class=\"product-attribute\" aria-label=\"Packung mit 8 Portionen\"><span>8 Portionen \u2013 224 g<\/span><\/span><\/div>\n<\/div>\n<\/div>\n<div class=\"offer-selector__components-wrapper\"><\/div>\n<div class=\"product-unavailable__message product-unavailable__message--large\"><span>Entdecken Sie die Knorr\u00ae Marmite Bouillon-Reihe, eine Reihe geschmacksintensiver Br\u00fchen mit schmelzender Textur, ideal f\u00fcr Ihre Pfannengerichte.\u00a0<\/span><span>Der Knorr\u00ae Gem\u00fcsebr\u00fchtopf ist Ihr t\u00e4glicher Verb\u00fcndeter zum Verfeinern von Pfannengerichten, Gem\u00fcse-Woks, Risottos, hausgemachten Suppen oder sogar Ihren Nudeln und Reis!\u00a0<\/span><\/div>\n<\/div>\n","protected":false},"excerpt":{"rendered":"<p>Knorr Gem\u00fcsebr\u00fche Topf<\/p>\n<div class=\"pdp-card__header--text\">\n<div class=\"offer-selector__description-wrapper  defaultContent \" data-id=\"732b8aca-65b8-4e7d-8971-06fa9d506a5f\">\n<div class=\"offer-selector__description-content\">\n<div class=\"offer-selector__attributes\"><span class=\"product-attribute\" aria-label=\"Packung mit 8 Portionen\">8 Portionen &#8211; 224 g<\/span><\/div>\n<\/div>\n<\/div>\n<\/div>\n","protected":false},"featured_media":36629,"comment_status":"open","ping_status":"closed","template":"","meta":[],"pwb-brand":[2142],"product_brand":[],"product_cat":[2141],"product_tag":[],"class_list":{"0":"post-36622","1":"product","2":"type-product","3":"status-publish","4":"has-post-thumbnail","6":"pwb-brand-knorr-de","7":"product_cat-gewurze","8":"product_shipping_class-internationaler-versand","10":"first","11":"instock","12":"taxable","13":"shipping-taxable","14":"purchasable","15":"product-type-simple"},"brands":[{"id":2142,"name":"Knorr","slug":"knorr-de"}],"_links":{"self":[{"href":"https:\/\/my-french-grocery.com\/de\/wp-json\/wp\/v2\/product\/36622","targetHints":{"allow":["GET"]}}],"collection":[{"href":"https:\/\/my-french-grocery.com\/de\/wp-json\/wp\/v2\/product"}],"about":[{"href":"https:\/\/my-french-grocery.com\/de\/wp-json\/wp\/v2\/types\/product"}],"replies":[{"embeddable":true,"href":"https:\/\/my-french-grocery.com\/de\/wp-json\/wp\/v2\/comments?post=36622"}],"wp:featuredmedia":[{"embeddable":true,"href":"https:\/\/my-french-grocery.com\/de\/wp-json\/wp\/v2\/media\/36629"}],"wp:attachment":[{"href":"https:\/\/my-french-grocery.com\/de\/wp-json\/wp\/v2\/media?parent=36622"}],"wp:term":[{"taxonomy":"pwb-brand","embeddable":true,"href":"https:\/\/my-french-grocery.com\/de\/wp-json\/wp\/v2\/pwb-brand?post=36622"},{"taxonomy":"product_brand","embeddable":true,"href":"https:\/\/my-french-grocery.com\/de\/wp-json\/wp\/v2\/product_brand?post=36622"},{"taxonomy":"product_cat","embeddable":true,"href":"https:\/\/my-french-grocery.com\/de\/wp-json\/wp\/v2\/product_cat?post=36622"},{"taxonomy":"product_tag","embeddable":true,"href":"https:\/\/my-french-grocery.com\/de\/wp-json\/wp\/v2\/product_tag?post=36622"}],"curies":[{"name":"wp","href":"https:\/\/api.w.org\/{rel}","templated":true}]}}