{"id":37546,"date":"2023-12-23T17:37:45","date_gmt":"2023-12-23T15:37:45","guid":{"rendered":"https:\/\/my-french-grocery.com\/?post_type=product&#038;p=37546"},"modified":"2025-04-06T19:19:18","modified_gmt":"2025-04-06T17:19:18","slug":"nonnette-kuchen-aus-dijon-reflets-de-france-copy","status":"publish","type":"product","link":"https:\/\/my-french-grocery.com\/de\/produkt\/nonnette-kuchen-aus-dijon-reflets-de-france-copy\/","title":{"rendered":"Bretonischer Kuchen Mit Pflaumencreme Le Guillou"},"content":{"rendered":"<p>Bretonischer Kuchen Mit Pflaumencreme Le Guillou<\/p>\n<div class=\"pdp-card__header--text\">350g Kuchen<\/div>\n<div><\/div>\n<div>Entdecken Sie unseren k\u00f6stlichen bretonischen Kuchen, neu interpretiert mit einer k\u00f6stlichen Pflaumencreme, ein Rezept, das seit dem 19. Jahrhundert von Generation zu Generation weitergegeben wird.\u00a0Dieser Kuchen wird aus sorgf\u00e4ltig ausgew\u00e4hlten Zutaten franz\u00f6sischen Ursprungs hergestellt und ist das Ergebnis eines einzigartigen handwerklichen Know-hows.<\/div>\n<div><\/div>\n","protected":false},"excerpt":{"rendered":"<p>Bretonischer Kuchen Mit Pflaumencreme Le Guillou<\/p>\n<div class=\"pdp-card__header--text\">350g Kuchen<\/div>\n<div><\/div>\n","protected":false},"featured_media":47798,"comment_status":"open","ping_status":"closed","template":"","meta":[],"pwb-brand":[2319],"product_brand":[],"product_cat":[2181],"product_tag":[2593],"class_list":{"0":"post-37546","1":"product","2":"type-product","3":"status-publish","4":"has-post-thumbnail","6":"pwb-brand-reflets-de-france-de","7":"product_cat-kuchen-kekse","8":"product_tag-kekse","9":"product_shipping_class-internationaler-versand","11":"first","12":"outofstock","13":"taxable","14":"shipping-taxable","15":"purchasable","16":"product-type-simple"},"yoast_head":"<!-- This site is optimized with the Yoast SEO plugin v27.4 - https:\/\/yoast.com\/product\/yoast-seo-wordpress\/ -->\n<title>Bretonischer Kuchen Mit Pflaumencreme Le Guillou | Online Kaufen | My French Grocery<\/title>\n<meta name=\"description\" content=\"Bretonischer Kuchen Mit Pflaumencreme Le Guillou - 350g Kuchen - Entdecken Sie unseren k\u00f6stlichen bretonischen Kuchen, neu interpretiert mit einer k\u00f6stlichen Pflaumencreme\" \/>\n<meta name=\"robots\" content=\"index, follow, max-snippet:-1, max-image-preview:large, max-video-preview:-1\" \/>\n<link rel=\"canonical\" href=\"https:\/\/my-french-grocery.com\/de\/produkt\/nonnette-kuchen-aus-dijon-reflets-de-france-copy\/\" \/>\n<meta property=\"og:locale\" content=\"de_DE\" \/>\n<meta property=\"og:type\" content=\"article\" \/>\n<meta property=\"og:title\" content=\"Bretonischer Kuchen Mit Pflaumencreme Le Guillou | Online Kaufen | My French Grocery\" \/>\n<meta property=\"og:description\" content=\"Bretonischer Kuchen Mit Pflaumencreme Le Guillou - 350g Kuchen - Entdecken Sie unseren k\u00f6stlichen bretonischen Kuchen, neu interpretiert mit einer k\u00f6stlichen Pflaumencreme\" \/>\n<meta property=\"og:url\" content=\"https:\/\/my-french-grocery.com\/de\/produkt\/nonnette-kuchen-aus-dijon-reflets-de-france-copy\/\" \/>\n<meta property=\"og:site_name\" content=\"My French Grocery\" \/>\n<meta property=\"article:publisher\" content=\"https:\/\/www.facebook.com\/myfrenchgrocery\/\" \/>\n<meta property=\"article:modified_time\" content=\"2025-04-06T17:19:18+00:00\" \/>\n<meta property=\"og:image\" content=\"https:\/\/my-french-grocery.com\/wp-content\/uploads\/2023\/12\/Gateau-Breton-Pruneaux2.jpg\" \/>\n\t<meta property=\"og:image:width\" content=\"540\" \/>\n\t<meta property=\"og:image:height\" content=\"540\" \/>\n\t<meta property=\"og:image:type\" content=\"image\/jpeg\" \/>\n<meta name=\"twitter:card\" content=\"summary_large_image\" \/>\n<meta name=\"twitter:label1\" content=\"Gesch\u00e4tzte Lesezeit\" \/>\n\t<meta name=\"twitter:data1\" content=\"1 minute\" \/>\n<script type=\"application\/ld+json\" class=\"yoast-schema-graph\">{\"@context\":\"https:\\\/\\\/schema.org\",\"@graph\":[{\"@type\":\"WebPage\",\"@id\":\"https:\\\/\\\/my-french-grocery.com\\\/de\\\/produkt\\\/nonnette-kuchen-aus-dijon-reflets-de-france-copy\\\/\",\"url\":\"https:\\\/\\\/my-french-grocery.com\\\/de\\\/produkt\\\/nonnette-kuchen-aus-dijon-reflets-de-france-copy\\\/\",\"name\":\"Bretonischer Kuchen Mit Pflaumencreme Le Guillou | Online Kaufen | My French Grocery\",\"isPartOf\":{\"@id\":\"https:\\\/\\\/my-french-grocery.com\\\/de\\\/#website\"},\"primaryImageOfPage\":{\"@id\":\"https:\\\/\\\/my-french-grocery.com\\\/de\\\/produkt\\\/nonnette-kuchen-aus-dijon-reflets-de-france-copy\\\/#primaryimage\"},\"image\":{\"@id\":\"https:\\\/\\\/my-french-grocery.com\\\/de\\\/produkt\\\/nonnette-kuchen-aus-dijon-reflets-de-france-copy\\\/#primaryimage\"},\"thumbnailUrl\":\"https:\\\/\\\/my-french-grocery.com\\\/wp-content\\\/uploads\\\/2023\\\/12\\\/Gateau-Breton-Pruneaux2.jpg\",\"datePublished\":\"2023-12-23T15:37:45+00:00\",\"dateModified\":\"2025-04-06T17:19:18+00:00\",\"description\":\"Bretonischer Kuchen Mit Pflaumencreme Le Guillou - 350g Kuchen - Entdecken Sie unseren k\u00f6stlichen bretonischen Kuchen, neu interpretiert mit einer k\u00f6stlichen Pflaumencreme\",\"breadcrumb\":{\"@id\":\"https:\\\/\\\/my-french-grocery.com\\\/de\\\/produkt\\\/nonnette-kuchen-aus-dijon-reflets-de-france-copy\\\/#breadcrumb\"},\"inLanguage\":\"de-DE\",\"potentialAction\":[{\"@type\":\"ReadAction\",\"target\":[\"https:\\\/\\\/my-french-grocery.com\\\/de\\\/produkt\\\/nonnette-kuchen-aus-dijon-reflets-de-france-copy\\\/\"]}]},{\"@type\":\"ImageObject\",\"inLanguage\":\"de-DE\",\"@id\":\"https:\\\/\\\/my-french-grocery.com\\\/de\\\/produkt\\\/nonnette-kuchen-aus-dijon-reflets-de-france-copy\\\/#primaryimage\",\"url\":\"https:\\\/\\\/my-french-grocery.com\\\/wp-content\\\/uploads\\\/2023\\\/12\\\/Gateau-Breton-Pruneaux2.jpg\",\"contentUrl\":\"https:\\\/\\\/my-french-grocery.com\\\/wp-content\\\/uploads\\\/2023\\\/12\\\/Gateau-Breton-Pruneaux2.jpg\",\"width\":540,\"height\":540},{\"@type\":\"BreadcrumbList\",\"@id\":\"https:\\\/\\\/my-french-grocery.com\\\/de\\\/produkt\\\/nonnette-kuchen-aus-dijon-reflets-de-france-copy\\\/#breadcrumb\",\"itemListElement\":[{\"@type\":\"ListItem\",\"position\":1,\"name\":\"Home\",\"item\":\"https:\\\/\\\/my-french-grocery.com\\\/de\\\/shopping-seite\\\/\"},{\"@type\":\"ListItem\",\"position\":2,\"name\":\"Shop\",\"item\":\"https:\\\/\\\/my-french-grocery.com\\\/shop\\\/\"},{\"@type\":\"ListItem\",\"position\":3,\"name\":\"Kuchen &amp; Kekse\",\"item\":\"https:\\\/\\\/my-french-grocery.com\\\/de\\\/produkt-kategorie\\\/kuchen-kekse\\\/\"},{\"@type\":\"ListItem\",\"position\":4,\"name\":\"Bretonischer Kuchen Mit Pflaumencreme Le Guillou\"}]},{\"@type\":\"WebSite\",\"@id\":\"https:\\\/\\\/my-french-grocery.com\\\/de\\\/#website\",\"url\":\"https:\\\/\\\/my-french-grocery.com\\\/de\\\/\",\"name\":\"My French Grocery\",\"description\":\"Your Online French Grocery  !\",\"publisher\":{\"@id\":\"https:\\\/\\\/my-french-grocery.com\\\/de\\\/#organization\"},\"potentialAction\":[{\"@type\":\"SearchAction\",\"target\":{\"@type\":\"EntryPoint\",\"urlTemplate\":\"https:\\\/\\\/my-french-grocery.com\\\/de\\\/?s={search_term_string}\"},\"query-input\":{\"@type\":\"PropertyValueSpecification\",\"valueRequired\":true,\"valueName\":\"search_term_string\"}}],\"inLanguage\":\"de-DE\"},{\"@type\":\"Organization\",\"@id\":\"https:\\\/\\\/my-french-grocery.com\\\/de\\\/#organization\",\"name\":\"MY FRENCH GROCERY\",\"url\":\"https:\\\/\\\/my-french-grocery.com\\\/de\\\/\",\"logo\":{\"@type\":\"ImageObject\",\"inLanguage\":\"de-DE\",\"@id\":\"https:\\\/\\\/my-french-grocery.com\\\/de\\\/#\\\/schema\\\/logo\\\/image\\\/\",\"url\":\"https:\\\/\\\/my-french-grocery.com\\\/wp-content\\\/uploads\\\/2021\\\/11\\\/My-French-Grocery-Online-French-Grocery.png\",\"contentUrl\":\"https:\\\/\\\/my-french-grocery.com\\\/wp-content\\\/uploads\\\/2021\\\/11\\\/My-French-Grocery-Online-French-Grocery.png\",\"width\":100,\"height\":100,\"caption\":\"MY FRENCH GROCERY\"},\"image\":{\"@id\":\"https:\\\/\\\/my-french-grocery.com\\\/de\\\/#\\\/schema\\\/logo\\\/image\\\/\"},\"sameAs\":[\"https:\\\/\\\/www.facebook.com\\\/myfrenchgrocery\\\/\"]}]}<\/script>\n<!-- \/ Yoast SEO plugin. -->","yoast_head_json":{"title":"Bretonischer Kuchen Mit Pflaumencreme Le Guillou | Online Kaufen | My French Grocery","description":"Bretonischer Kuchen Mit Pflaumencreme Le Guillou - 350g Kuchen - Entdecken Sie unseren k\u00f6stlichen bretonischen Kuchen, neu interpretiert mit einer k\u00f6stlichen Pflaumencreme","robots":{"index":"index","follow":"follow","max-snippet":"max-snippet:-1","max-image-preview":"max-image-preview:large","max-video-preview":"max-video-preview:-1"},"canonical":"https:\/\/my-french-grocery.com\/de\/produkt\/nonnette-kuchen-aus-dijon-reflets-de-france-copy\/","og_locale":"de_DE","og_type":"article","og_title":"Bretonischer Kuchen Mit Pflaumencreme Le Guillou | Online Kaufen | My French Grocery","og_description":"Bretonischer Kuchen Mit Pflaumencreme Le Guillou - 350g Kuchen - Entdecken Sie unseren k\u00f6stlichen bretonischen Kuchen, neu interpretiert mit einer k\u00f6stlichen Pflaumencreme","og_url":"https:\/\/my-french-grocery.com\/de\/produkt\/nonnette-kuchen-aus-dijon-reflets-de-france-copy\/","og_site_name":"My French Grocery","article_publisher":"https:\/\/www.facebook.com\/myfrenchgrocery\/","article_modified_time":"2025-04-06T17:19:18+00:00","og_image":[{"width":540,"height":540,"url":"https:\/\/my-french-grocery.com\/wp-content\/uploads\/2023\/12\/Gateau-Breton-Pruneaux2.jpg","type":"image\/jpeg"}],"twitter_card":"summary_large_image","twitter_misc":{"Gesch\u00e4tzte Lesezeit":"1 minute"},"schema":{"@context":"https:\/\/schema.org","@graph":[{"@type":"WebPage","@id":"https:\/\/my-french-grocery.com\/de\/produkt\/nonnette-kuchen-aus-dijon-reflets-de-france-copy\/","url":"https:\/\/my-french-grocery.com\/de\/produkt\/nonnette-kuchen-aus-dijon-reflets-de-france-copy\/","name":"Bretonischer Kuchen Mit Pflaumencreme Le Guillou | Online Kaufen | My French Grocery","isPartOf":{"@id":"https:\/\/my-french-grocery.com\/de\/#website"},"primaryImageOfPage":{"@id":"https:\/\/my-french-grocery.com\/de\/produkt\/nonnette-kuchen-aus-dijon-reflets-de-france-copy\/#primaryimage"},"image":{"@id":"https:\/\/my-french-grocery.com\/de\/produkt\/nonnette-kuchen-aus-dijon-reflets-de-france-copy\/#primaryimage"},"thumbnailUrl":"https:\/\/my-french-grocery.com\/wp-content\/uploads\/2023\/12\/Gateau-Breton-Pruneaux2.jpg","datePublished":"2023-12-23T15:37:45+00:00","dateModified":"2025-04-06T17:19:18+00:00","description":"Bretonischer Kuchen Mit Pflaumencreme Le Guillou - 350g Kuchen - Entdecken Sie unseren k\u00f6stlichen bretonischen Kuchen, neu interpretiert mit einer k\u00f6stlichen Pflaumencreme","breadcrumb":{"@id":"https:\/\/my-french-grocery.com\/de\/produkt\/nonnette-kuchen-aus-dijon-reflets-de-france-copy\/#breadcrumb"},"inLanguage":"de-DE","potentialAction":[{"@type":"ReadAction","target":["https:\/\/my-french-grocery.com\/de\/produkt\/nonnette-kuchen-aus-dijon-reflets-de-france-copy\/"]}]},{"@type":"ImageObject","inLanguage":"de-DE","@id":"https:\/\/my-french-grocery.com\/de\/produkt\/nonnette-kuchen-aus-dijon-reflets-de-france-copy\/#primaryimage","url":"https:\/\/my-french-grocery.com\/wp-content\/uploads\/2023\/12\/Gateau-Breton-Pruneaux2.jpg","contentUrl":"https:\/\/my-french-grocery.com\/wp-content\/uploads\/2023\/12\/Gateau-Breton-Pruneaux2.jpg","width":540,"height":540},{"@type":"BreadcrumbList","@id":"https:\/\/my-french-grocery.com\/de\/produkt\/nonnette-kuchen-aus-dijon-reflets-de-france-copy\/#breadcrumb","itemListElement":[{"@type":"ListItem","position":1,"name":"Home","item":"https:\/\/my-french-grocery.com\/de\/shopping-seite\/"},{"@type":"ListItem","position":2,"name":"Shop","item":"https:\/\/my-french-grocery.com\/shop\/"},{"@type":"ListItem","position":3,"name":"Kuchen &amp; Kekse","item":"https:\/\/my-french-grocery.com\/de\/produkt-kategorie\/kuchen-kekse\/"},{"@type":"ListItem","position":4,"name":"Bretonischer Kuchen Mit Pflaumencreme Le Guillou"}]},{"@type":"WebSite","@id":"https:\/\/my-french-grocery.com\/de\/#website","url":"https:\/\/my-french-grocery.com\/de\/","name":"My French Grocery","description":"Your Online French Grocery  !","publisher":{"@id":"https:\/\/my-french-grocery.com\/de\/#organization"},"potentialAction":[{"@type":"SearchAction","target":{"@type":"EntryPoint","urlTemplate":"https:\/\/my-french-grocery.com\/de\/?s={search_term_string}"},"query-input":{"@type":"PropertyValueSpecification","valueRequired":true,"valueName":"search_term_string"}}],"inLanguage":"de-DE"},{"@type":"Organization","@id":"https:\/\/my-french-grocery.com\/de\/#organization","name":"MY FRENCH GROCERY","url":"https:\/\/my-french-grocery.com\/de\/","logo":{"@type":"ImageObject","inLanguage":"de-DE","@id":"https:\/\/my-french-grocery.com\/de\/#\/schema\/logo\/image\/","url":"https:\/\/my-french-grocery.com\/wp-content\/uploads\/2021\/11\/My-French-Grocery-Online-French-Grocery.png","contentUrl":"https:\/\/my-french-grocery.com\/wp-content\/uploads\/2021\/11\/My-French-Grocery-Online-French-Grocery.png","width":100,"height":100,"caption":"MY FRENCH GROCERY"},"image":{"@id":"https:\/\/my-french-grocery.com\/de\/#\/schema\/logo\/image\/"},"sameAs":["https:\/\/www.facebook.com\/myfrenchgrocery\/"]}]}},"brands":[{"id":2319,"name":"Reflets De France","slug":"reflets-de-france-de"}],"_links":{"self":[{"href":"https:\/\/my-french-grocery.com\/de\/wp-json\/wp\/v2\/product\/37546","targetHints":{"allow":["GET"]}}],"collection":[{"href":"https:\/\/my-french-grocery.com\/de\/wp-json\/wp\/v2\/product"}],"about":[{"href":"https:\/\/my-french-grocery.com\/de\/wp-json\/wp\/v2\/types\/product"}],"replies":[{"embeddable":true,"href":"https:\/\/my-french-grocery.com\/de\/wp-json\/wp\/v2\/comments?post=37546"}],"wp:featuredmedia":[{"embeddable":true,"href":"https:\/\/my-french-grocery.com\/de\/wp-json\/wp\/v2\/media\/47798"}],"wp:attachment":[{"href":"https:\/\/my-french-grocery.com\/de\/wp-json\/wp\/v2\/media?parent=37546"}],"wp:term":[{"taxonomy":"pwb-brand","embeddable":true,"href":"https:\/\/my-french-grocery.com\/de\/wp-json\/wp\/v2\/pwb-brand?post=37546"},{"taxonomy":"product_brand","embeddable":true,"href":"https:\/\/my-french-grocery.com\/de\/wp-json\/wp\/v2\/product_brand?post=37546"},{"taxonomy":"product_cat","embeddable":true,"href":"https:\/\/my-french-grocery.com\/de\/wp-json\/wp\/v2\/product_cat?post=37546"},{"taxonomy":"product_tag","embeddable":true,"href":"https:\/\/my-french-grocery.com\/de\/wp-json\/wp\/v2\/product_tag?post=37546"}],"curies":[{"name":"wp","href":"https:\/\/api.w.org\/{rel}","templated":true}]}}