{"id":38425,"date":"2024-02-06T16:17:47","date_gmt":"2024-02-06T14:17:48","guid":{"rendered":"https:\/\/my-french-grocery.com\/?post_type=product&#038;p=38425"},"modified":"2024-02-20T19:04:32","modified_gmt":"2024-02-20T17:04:32","slug":"gruener-minztee-lipton","status":"publish","type":"product","link":"https:\/\/my-french-grocery.com\/de\/produkt\/gruener-minztee-lipton\/","title":{"rendered":"Gr\u00fcner Minztee Lipton"},"content":{"rendered":"<p>Gr\u00fcner Minztee Lipton<\/p>\n<p class=\"product-title__packaging c-text c-text--size-m c-text--style-p\">Schachtel mit 30 Beuteln<\/p>\n<p>Entdecken Sie unsere 30 Lipton Mint Green Tea-Beutel, eine Kombination aus gr\u00fcnem Tee aus Asien, gr\u00fcnen Minzbl\u00e4ttern und nat\u00fcrlichem Minzgeschmack.\u00a0Ein Gourmet-Gr\u00fcntee f\u00fcr einen k\u00f6stlichen Moment der Entspannung.\u00a0Entdecken Sie mit diesem gr\u00fcnen Minztee den subtilen und leichten Duft von gr\u00fcnem Tee, kombiniert mit gr\u00fcnen Minzbl\u00e4ttern und nat\u00fcrlichem Minzgeschmack f\u00fcr ein Rezept mit einem runden und k\u00f6stlichen Geschmack.<\/p>\n","protected":false},"excerpt":{"rendered":"<p>Gr\u00fcner Minztee Lipton<\/p>\n<p class=\"product-title__packaging c-text c-text--size-m c-text--style-p\">Schachtel mit 30 Beuteln<\/p>\n","protected":false},"featured_media":38432,"comment_status":"open","ping_status":"closed","template":"","meta":[],"pwb-brand":[3101],"product_brand":[],"product_cat":[2274,2260],"product_tag":[3456,3498],"class_list":{"0":"post-38425","1":"product","2":"type-product","3":"status-publish","4":"has-post-thumbnail","6":"pwb-brand-lipton-de","7":"product_cat-bio-tees","8":"product_cat-tee","9":"product_tag-lipton-de","10":"product_tag-tee","11":"product_shipping_class-internationaler-versand","13":"first","14":"instock","15":"taxable","16":"shipping-taxable","17":"purchasable","18":"product-type-simple"},"brands":[{"id":3101,"name":"Lipton","slug":"lipton-de"}],"_links":{"self":[{"href":"https:\/\/my-french-grocery.com\/de\/wp-json\/wp\/v2\/product\/38425","targetHints":{"allow":["GET"]}}],"collection":[{"href":"https:\/\/my-french-grocery.com\/de\/wp-json\/wp\/v2\/product"}],"about":[{"href":"https:\/\/my-french-grocery.com\/de\/wp-json\/wp\/v2\/types\/product"}],"replies":[{"embeddable":true,"href":"https:\/\/my-french-grocery.com\/de\/wp-json\/wp\/v2\/comments?post=38425"}],"wp:featuredmedia":[{"embeddable":true,"href":"https:\/\/my-french-grocery.com\/de\/wp-json\/wp\/v2\/media\/38432"}],"wp:attachment":[{"href":"https:\/\/my-french-grocery.com\/de\/wp-json\/wp\/v2\/media?parent=38425"}],"wp:term":[{"taxonomy":"pwb-brand","embeddable":true,"href":"https:\/\/my-french-grocery.com\/de\/wp-json\/wp\/v2\/pwb-brand?post=38425"},{"taxonomy":"product_brand","embeddable":true,"href":"https:\/\/my-french-grocery.com\/de\/wp-json\/wp\/v2\/product_brand?post=38425"},{"taxonomy":"product_cat","embeddable":true,"href":"https:\/\/my-french-grocery.com\/de\/wp-json\/wp\/v2\/product_cat?post=38425"},{"taxonomy":"product_tag","embeddable":true,"href":"https:\/\/my-french-grocery.com\/de\/wp-json\/wp\/v2\/product_tag?post=38425"}],"curies":[{"name":"wp","href":"https:\/\/api.w.org\/{rel}","templated":true}]}}