{"id":38437,"date":"2024-02-06T17:12:09","date_gmt":"2024-02-06T15:12:09","guid":{"rendered":"https:\/\/my-french-grocery.com\/?post_type=product&#038;p=38437"},"modified":"2024-02-20T19:04:59","modified_gmt":"2024-02-20T17:04:59","slug":"klassischer-gruener-tee-lipton","status":"publish","type":"product","link":"https:\/\/my-french-grocery.com\/de\/produkt\/klassischer-gruener-tee-lipton\/","title":{"rendered":"Klassischer Gr\u00fcner Tee Lipton"},"content":{"rendered":"<p>Klassischer Gr\u00fcner Tee Lipton<\/p>\n<p class=\"product-title__packaging c-text c-text--size-m c-text--style-p\">Schachtel mit 30 Beuteln<\/p>\n<p>Entdecken Sie unsere 30 Beutel Lipton Classic Green Tea, eine Kombination aus gr\u00fcnem Tee aus Asien und nat\u00fcrlichem Aroma.\u00a0Ein zart duftender gr\u00fcner Tee f\u00fcr einen k\u00f6stlichen Moment der Entspannung.\u00a0Entdecken Sie mit diesem klassischen Gr\u00fcntee den ganzen subtilen und leichten Duft von gr\u00fcnem Tee, kombiniert mit den leicht zitronigen und w\u00fcrzigen Noten des nat\u00fcrlichen Aromas f\u00fcr ein Rezept mit einem duftenden und ausgewogenen Geschmack.<\/p>\n","protected":false},"excerpt":{"rendered":"<p>Klassischer Gr\u00fcner Tee Lipton<\/p>\n<p class=\"product-title__packaging c-text c-text--size-m c-text--style-p\">Schachtel mit 30 Beuteln<\/p>\n","protected":false},"featured_media":38444,"comment_status":"open","ping_status":"closed","template":"","meta":[],"pwb-brand":[3101],"product_brand":[],"product_cat":[2274,2260],"product_tag":[3456,3498],"class_list":{"0":"post-38437","1":"product","2":"type-product","3":"status-publish","4":"has-post-thumbnail","6":"pwb-brand-lipton-de","7":"product_cat-bio-tees","8":"product_cat-tee","9":"product_tag-lipton-de","10":"product_tag-tee","11":"product_shipping_class-internationaler-versand","13":"first","14":"instock","15":"taxable","16":"shipping-taxable","17":"purchasable","18":"product-type-simple"},"yoast_head":"<!-- This site is optimized with the Yoast SEO plugin v27.4 - https:\/\/yoast.com\/product\/yoast-seo-wordpress\/ -->\n<title>Klassischer Gr\u00fcner Tee Lipton | Online Kaufen | My French Grocery<\/title>\n<meta name=\"description\" content=\"Klassischer Gr\u00fcner Tee Lipton - Schachtel mit 30 Beuteln - Entdecken Sie unsere 30 Beutel Lipton Classic Green Tea, eine Kombination aus gr\u00fcnem Tee aus Asien und nat\u00fcrlichem Aroma\" \/>\n<meta name=\"robots\" content=\"index, follow, max-snippet:-1, max-image-preview:large, max-video-preview:-1\" \/>\n<link rel=\"canonical\" href=\"https:\/\/my-french-grocery.com\/de\/produkt\/klassischer-gruener-tee-lipton\/\" \/>\n<meta property=\"og:locale\" content=\"de_DE\" \/>\n<meta property=\"og:type\" content=\"article\" \/>\n<meta property=\"og:title\" content=\"Klassischer Gr\u00fcner Tee Lipton | Online Kaufen | My French Grocery\" \/>\n<meta property=\"og:description\" content=\"Klassischer Gr\u00fcner Tee Lipton - Schachtel mit 30 Beuteln - Entdecken Sie unsere 30 Beutel Lipton Classic Green Tea, eine Kombination aus gr\u00fcnem Tee aus Asien und nat\u00fcrlichem Aroma\" \/>\n<meta property=\"og:url\" content=\"https:\/\/my-french-grocery.com\/de\/produkt\/klassischer-gruener-tee-lipton\/\" \/>\n<meta property=\"og:site_name\" content=\"My French Grocery\" \/>\n<meta property=\"article:publisher\" content=\"https:\/\/www.facebook.com\/myfrenchgrocery\/\" \/>\n<meta property=\"article:modified_time\" content=\"2024-02-20T17:04:59+00:00\" \/>\n<meta property=\"og:image\" content=\"https:\/\/my-french-grocery.com\/wp-content\/uploads\/2024\/02\/LIPTON-classic-green-tea.webp\" \/>\n\t<meta property=\"og:image:width\" content=\"1200\" \/>\n\t<meta property=\"og:image:height\" content=\"1200\" \/>\n\t<meta property=\"og:image:type\" content=\"image\/webp\" \/>\n<meta name=\"twitter:card\" content=\"summary_large_image\" \/>\n<meta name=\"twitter:label1\" content=\"Gesch\u00e4tzte Lesezeit\" \/>\n\t<meta name=\"twitter:data1\" content=\"1 minute\" \/>\n<script type=\"application\/ld+json\" class=\"yoast-schema-graph\">{\"@context\":\"https:\\\/\\\/schema.org\",\"@graph\":[{\"@type\":\"WebPage\",\"@id\":\"https:\\\/\\\/my-french-grocery.com\\\/de\\\/produkt\\\/klassischer-gruener-tee-lipton\\\/\",\"url\":\"https:\\\/\\\/my-french-grocery.com\\\/de\\\/produkt\\\/klassischer-gruener-tee-lipton\\\/\",\"name\":\"Klassischer Gr\u00fcner Tee Lipton | Online Kaufen | My French Grocery\",\"isPartOf\":{\"@id\":\"https:\\\/\\\/my-french-grocery.com\\\/de\\\/#website\"},\"primaryImageOfPage\":{\"@id\":\"https:\\\/\\\/my-french-grocery.com\\\/de\\\/produkt\\\/klassischer-gruener-tee-lipton\\\/#primaryimage\"},\"image\":{\"@id\":\"https:\\\/\\\/my-french-grocery.com\\\/de\\\/produkt\\\/klassischer-gruener-tee-lipton\\\/#primaryimage\"},\"thumbnailUrl\":\"https:\\\/\\\/my-french-grocery.com\\\/wp-content\\\/uploads\\\/2024\\\/02\\\/LIPTON-classic-green-tea.webp\",\"datePublished\":\"2024-02-06T15:12:09+00:00\",\"dateModified\":\"2024-02-20T17:04:59+00:00\",\"description\":\"Klassischer Gr\u00fcner Tee Lipton - Schachtel mit 30 Beuteln - Entdecken Sie unsere 30 Beutel Lipton Classic Green Tea, eine Kombination aus gr\u00fcnem Tee aus Asien und nat\u00fcrlichem Aroma\",\"breadcrumb\":{\"@id\":\"https:\\\/\\\/my-french-grocery.com\\\/de\\\/produkt\\\/klassischer-gruener-tee-lipton\\\/#breadcrumb\"},\"inLanguage\":\"de-DE\",\"potentialAction\":[{\"@type\":\"ReadAction\",\"target\":[\"https:\\\/\\\/my-french-grocery.com\\\/de\\\/produkt\\\/klassischer-gruener-tee-lipton\\\/\"]}]},{\"@type\":\"ImageObject\",\"inLanguage\":\"de-DE\",\"@id\":\"https:\\\/\\\/my-french-grocery.com\\\/de\\\/produkt\\\/klassischer-gruener-tee-lipton\\\/#primaryimage\",\"url\":\"https:\\\/\\\/my-french-grocery.com\\\/wp-content\\\/uploads\\\/2024\\\/02\\\/LIPTON-classic-green-tea.webp\",\"contentUrl\":\"https:\\\/\\\/my-french-grocery.com\\\/wp-content\\\/uploads\\\/2024\\\/02\\\/LIPTON-classic-green-tea.webp\",\"width\":1200,\"height\":1200,\"caption\":\"Klassischer Gr\u00fcner Tee Lipton\"},{\"@type\":\"BreadcrumbList\",\"@id\":\"https:\\\/\\\/my-french-grocery.com\\\/de\\\/produkt\\\/klassischer-gruener-tee-lipton\\\/#breadcrumb\",\"itemListElement\":[{\"@type\":\"ListItem\",\"position\":1,\"name\":\"Home\",\"item\":\"https:\\\/\\\/my-french-grocery.com\\\/de\\\/shopping-seite\\\/\"},{\"@type\":\"ListItem\",\"position\":2,\"name\":\"Shop\",\"item\":\"https:\\\/\\\/my-french-grocery.com\\\/shop\\\/\"},{\"@type\":\"ListItem\",\"position\":3,\"name\":\"Bio-Tees\",\"item\":\"https:\\\/\\\/my-french-grocery.com\\\/de\\\/produkt-kategorie\\\/bio-tees\\\/\"},{\"@type\":\"ListItem\",\"position\":4,\"name\":\"Klassischer Gr\u00fcner Tee Lipton\"}]},{\"@type\":\"WebSite\",\"@id\":\"https:\\\/\\\/my-french-grocery.com\\\/de\\\/#website\",\"url\":\"https:\\\/\\\/my-french-grocery.com\\\/de\\\/\",\"name\":\"My French Grocery\",\"description\":\"Your Online French Grocery  !\",\"publisher\":{\"@id\":\"https:\\\/\\\/my-french-grocery.com\\\/de\\\/#organization\"},\"potentialAction\":[{\"@type\":\"SearchAction\",\"target\":{\"@type\":\"EntryPoint\",\"urlTemplate\":\"https:\\\/\\\/my-french-grocery.com\\\/de\\\/?s={search_term_string}\"},\"query-input\":{\"@type\":\"PropertyValueSpecification\",\"valueRequired\":true,\"valueName\":\"search_term_string\"}}],\"inLanguage\":\"de-DE\"},{\"@type\":\"Organization\",\"@id\":\"https:\\\/\\\/my-french-grocery.com\\\/de\\\/#organization\",\"name\":\"MY FRENCH GROCERY\",\"url\":\"https:\\\/\\\/my-french-grocery.com\\\/de\\\/\",\"logo\":{\"@type\":\"ImageObject\",\"inLanguage\":\"de-DE\",\"@id\":\"https:\\\/\\\/my-french-grocery.com\\\/de\\\/#\\\/schema\\\/logo\\\/image\\\/\",\"url\":\"https:\\\/\\\/my-french-grocery.com\\\/wp-content\\\/uploads\\\/2021\\\/11\\\/My-French-Grocery-Online-French-Grocery.png\",\"contentUrl\":\"https:\\\/\\\/my-french-grocery.com\\\/wp-content\\\/uploads\\\/2021\\\/11\\\/My-French-Grocery-Online-French-Grocery.png\",\"width\":100,\"height\":100,\"caption\":\"MY FRENCH GROCERY\"},\"image\":{\"@id\":\"https:\\\/\\\/my-french-grocery.com\\\/de\\\/#\\\/schema\\\/logo\\\/image\\\/\"},\"sameAs\":[\"https:\\\/\\\/www.facebook.com\\\/myfrenchgrocery\\\/\"]}]}<\/script>\n<!-- \/ Yoast SEO plugin. -->","yoast_head_json":{"title":"Klassischer Gr\u00fcner Tee Lipton | Online Kaufen | My French Grocery","description":"Klassischer Gr\u00fcner Tee Lipton - Schachtel mit 30 Beuteln - Entdecken Sie unsere 30 Beutel Lipton Classic Green Tea, eine Kombination aus gr\u00fcnem Tee aus Asien und nat\u00fcrlichem Aroma","robots":{"index":"index","follow":"follow","max-snippet":"max-snippet:-1","max-image-preview":"max-image-preview:large","max-video-preview":"max-video-preview:-1"},"canonical":"https:\/\/my-french-grocery.com\/de\/produkt\/klassischer-gruener-tee-lipton\/","og_locale":"de_DE","og_type":"article","og_title":"Klassischer Gr\u00fcner Tee Lipton | Online Kaufen | My French Grocery","og_description":"Klassischer Gr\u00fcner Tee Lipton - Schachtel mit 30 Beuteln - Entdecken Sie unsere 30 Beutel Lipton Classic Green Tea, eine Kombination aus gr\u00fcnem Tee aus Asien und nat\u00fcrlichem Aroma","og_url":"https:\/\/my-french-grocery.com\/de\/produkt\/klassischer-gruener-tee-lipton\/","og_site_name":"My French Grocery","article_publisher":"https:\/\/www.facebook.com\/myfrenchgrocery\/","article_modified_time":"2024-02-20T17:04:59+00:00","og_image":[{"width":1200,"height":1200,"url":"https:\/\/my-french-grocery.com\/wp-content\/uploads\/2024\/02\/LIPTON-classic-green-tea.webp","type":"image\/webp"}],"twitter_card":"summary_large_image","twitter_misc":{"Gesch\u00e4tzte Lesezeit":"1 minute"},"schema":{"@context":"https:\/\/schema.org","@graph":[{"@type":"WebPage","@id":"https:\/\/my-french-grocery.com\/de\/produkt\/klassischer-gruener-tee-lipton\/","url":"https:\/\/my-french-grocery.com\/de\/produkt\/klassischer-gruener-tee-lipton\/","name":"Klassischer Gr\u00fcner Tee Lipton | Online Kaufen | My French Grocery","isPartOf":{"@id":"https:\/\/my-french-grocery.com\/de\/#website"},"primaryImageOfPage":{"@id":"https:\/\/my-french-grocery.com\/de\/produkt\/klassischer-gruener-tee-lipton\/#primaryimage"},"image":{"@id":"https:\/\/my-french-grocery.com\/de\/produkt\/klassischer-gruener-tee-lipton\/#primaryimage"},"thumbnailUrl":"https:\/\/my-french-grocery.com\/wp-content\/uploads\/2024\/02\/LIPTON-classic-green-tea.webp","datePublished":"2024-02-06T15:12:09+00:00","dateModified":"2024-02-20T17:04:59+00:00","description":"Klassischer Gr\u00fcner Tee Lipton - Schachtel mit 30 Beuteln - Entdecken Sie unsere 30 Beutel Lipton Classic Green Tea, eine Kombination aus gr\u00fcnem Tee aus Asien und nat\u00fcrlichem Aroma","breadcrumb":{"@id":"https:\/\/my-french-grocery.com\/de\/produkt\/klassischer-gruener-tee-lipton\/#breadcrumb"},"inLanguage":"de-DE","potentialAction":[{"@type":"ReadAction","target":["https:\/\/my-french-grocery.com\/de\/produkt\/klassischer-gruener-tee-lipton\/"]}]},{"@type":"ImageObject","inLanguage":"de-DE","@id":"https:\/\/my-french-grocery.com\/de\/produkt\/klassischer-gruener-tee-lipton\/#primaryimage","url":"https:\/\/my-french-grocery.com\/wp-content\/uploads\/2024\/02\/LIPTON-classic-green-tea.webp","contentUrl":"https:\/\/my-french-grocery.com\/wp-content\/uploads\/2024\/02\/LIPTON-classic-green-tea.webp","width":1200,"height":1200,"caption":"Klassischer Gr\u00fcner Tee Lipton"},{"@type":"BreadcrumbList","@id":"https:\/\/my-french-grocery.com\/de\/produkt\/klassischer-gruener-tee-lipton\/#breadcrumb","itemListElement":[{"@type":"ListItem","position":1,"name":"Home","item":"https:\/\/my-french-grocery.com\/de\/shopping-seite\/"},{"@type":"ListItem","position":2,"name":"Shop","item":"https:\/\/my-french-grocery.com\/shop\/"},{"@type":"ListItem","position":3,"name":"Bio-Tees","item":"https:\/\/my-french-grocery.com\/de\/produkt-kategorie\/bio-tees\/"},{"@type":"ListItem","position":4,"name":"Klassischer Gr\u00fcner Tee Lipton"}]},{"@type":"WebSite","@id":"https:\/\/my-french-grocery.com\/de\/#website","url":"https:\/\/my-french-grocery.com\/de\/","name":"My French Grocery","description":"Your Online French Grocery  !","publisher":{"@id":"https:\/\/my-french-grocery.com\/de\/#organization"},"potentialAction":[{"@type":"SearchAction","target":{"@type":"EntryPoint","urlTemplate":"https:\/\/my-french-grocery.com\/de\/?s={search_term_string}"},"query-input":{"@type":"PropertyValueSpecification","valueRequired":true,"valueName":"search_term_string"}}],"inLanguage":"de-DE"},{"@type":"Organization","@id":"https:\/\/my-french-grocery.com\/de\/#organization","name":"MY FRENCH GROCERY","url":"https:\/\/my-french-grocery.com\/de\/","logo":{"@type":"ImageObject","inLanguage":"de-DE","@id":"https:\/\/my-french-grocery.com\/de\/#\/schema\/logo\/image\/","url":"https:\/\/my-french-grocery.com\/wp-content\/uploads\/2021\/11\/My-French-Grocery-Online-French-Grocery.png","contentUrl":"https:\/\/my-french-grocery.com\/wp-content\/uploads\/2021\/11\/My-French-Grocery-Online-French-Grocery.png","width":100,"height":100,"caption":"MY FRENCH GROCERY"},"image":{"@id":"https:\/\/my-french-grocery.com\/de\/#\/schema\/logo\/image\/"},"sameAs":["https:\/\/www.facebook.com\/myfrenchgrocery\/"]}]}},"brands":[{"id":3101,"name":"Lipton","slug":"lipton-de"}],"_links":{"self":[{"href":"https:\/\/my-french-grocery.com\/de\/wp-json\/wp\/v2\/product\/38437","targetHints":{"allow":["GET"]}}],"collection":[{"href":"https:\/\/my-french-grocery.com\/de\/wp-json\/wp\/v2\/product"}],"about":[{"href":"https:\/\/my-french-grocery.com\/de\/wp-json\/wp\/v2\/types\/product"}],"replies":[{"embeddable":true,"href":"https:\/\/my-french-grocery.com\/de\/wp-json\/wp\/v2\/comments?post=38437"}],"wp:featuredmedia":[{"embeddable":true,"href":"https:\/\/my-french-grocery.com\/de\/wp-json\/wp\/v2\/media\/38444"}],"wp:attachment":[{"href":"https:\/\/my-french-grocery.com\/de\/wp-json\/wp\/v2\/media?parent=38437"}],"wp:term":[{"taxonomy":"pwb-brand","embeddable":true,"href":"https:\/\/my-french-grocery.com\/de\/wp-json\/wp\/v2\/pwb-brand?post=38437"},{"taxonomy":"product_brand","embeddable":true,"href":"https:\/\/my-french-grocery.com\/de\/wp-json\/wp\/v2\/product_brand?post=38437"},{"taxonomy":"product_cat","embeddable":true,"href":"https:\/\/my-french-grocery.com\/de\/wp-json\/wp\/v2\/product_cat?post=38437"},{"taxonomy":"product_tag","embeddable":true,"href":"https:\/\/my-french-grocery.com\/de\/wp-json\/wp\/v2\/product_tag?post=38437"}],"curies":[{"name":"wp","href":"https:\/\/api.w.org\/{rel}","templated":true}]}}