{"id":38450,"date":"2024-02-06T17:26:33","date_gmt":"2024-02-06T15:26:34","guid":{"rendered":"https:\/\/my-french-grocery.com\/?post_type=product&#038;p=38450"},"modified":"2024-02-20T19:05:25","modified_gmt":"2024-02-20T17:05:25","slug":"bio-russischer-schwarztee-earl-grey-lipton","status":"publish","type":"product","link":"https:\/\/my-french-grocery.com\/de\/produkt\/bio-russischer-schwarztee-earl-grey-lipton\/","title":{"rendered":"Bio-Russischer Schwarztee Earl Grey Lipton"},"content":{"rendered":"<p>Bio-Russischer Schwarztee Earl Grey Lipton<\/p>\n<p class=\"product-title__packaging c-text c-text--size-m c-text--style-p\">Schachtel mit 20 Beuteln<\/p>\n<p>Getreu der russischen Tradition kombiniert Lipton\u00ae Organic Russian Earl Grey Schwarztee 20 Beutel au\u00dfergew\u00f6hnlichen Bio-Schwarztee mit Zitrusschalen und frischen und blumigen Noten, die f\u00fcr Bergamotte charakteristisch sind.\u00a0Mit diesem Tee entdecken Sie die subtile Harmonie eines raffinierten Aromas und eines zart fruchtigen Geschmacks f\u00fcr einen warmen und erfrischenden Moment.<\/p>\n","protected":false},"excerpt":{"rendered":"<p>Bio-Russischer Schwarztee Earl Grey Lipton<\/p>\n<p class=\"product-title__packaging c-text c-text--size-m c-text--style-p\">Schachtel mit 20 Beuteln<\/p>\n","protected":false},"featured_media":47716,"comment_status":"open","ping_status":"closed","template":"","meta":[],"pwb-brand":[3101],"product_brand":[],"product_cat":[2274,2260],"product_tag":[3456,3498],"class_list":{"0":"post-38450","1":"product","2":"type-product","3":"status-publish","4":"has-post-thumbnail","6":"pwb-brand-lipton-de","7":"product_cat-bio-tees","8":"product_cat-tee","9":"product_tag-lipton-de","10":"product_tag-tee","11":"product_shipping_class-internationaler-versand","13":"first","14":"outofstock","15":"taxable","16":"shipping-taxable","17":"purchasable","18":"product-type-simple"},"yoast_head":"<!-- This site is optimized with the Yoast SEO plugin v27.3 - https:\/\/yoast.com\/product\/yoast-seo-wordpress\/ -->\n<title>Bio-Russischer Schwarztee Earl Grey Lipton | Online Kaufen | My French Grocery<\/title>\n<meta name=\"description\" content=\"Bio-Russischer Schwarztee Earl Grey Lipton - Schachtel mit 20 Beuteln - Getreu der russischen Tradition kombiniert Lipton\u00ae Organic Russian Earl Grey Schwarztee\" \/>\n<meta name=\"robots\" content=\"index, follow, max-snippet:-1, max-image-preview:large, max-video-preview:-1\" \/>\n<link rel=\"canonical\" href=\"https:\/\/my-french-grocery.com\/de\/produkt\/bio-russischer-schwarztee-earl-grey-lipton\/\" \/>\n<meta property=\"og:locale\" content=\"de_DE\" \/>\n<meta property=\"og:type\" content=\"article\" \/>\n<meta property=\"og:title\" content=\"Bio-Russischer Schwarztee Earl Grey Lipton | Online Kaufen | My French Grocery\" \/>\n<meta property=\"og:description\" content=\"Bio-Russischer Schwarztee Earl Grey Lipton - Schachtel mit 20 Beuteln - Getreu der russischen Tradition kombiniert Lipton\u00ae Organic Russian Earl Grey Schwarztee\" \/>\n<meta property=\"og:url\" content=\"https:\/\/my-french-grocery.com\/de\/produkt\/bio-russischer-schwarztee-earl-grey-lipton\/\" \/>\n<meta property=\"og:site_name\" content=\"My French Grocery\" \/>\n<meta property=\"article:publisher\" content=\"https:\/\/www.facebook.com\/myfrenchgrocery\/\" \/>\n<meta property=\"article:modified_time\" content=\"2024-02-20T17:05:25+00:00\" \/>\n<meta property=\"og:image\" content=\"https:\/\/my-french-grocery.com\/wp-content\/uploads\/2024\/02\/Organic-Earl-Gray-Russian-black-tea.webp\" \/>\n\t<meta property=\"og:image:width\" content=\"1200\" \/>\n\t<meta property=\"og:image:height\" content=\"1200\" \/>\n\t<meta property=\"og:image:type\" content=\"image\/webp\" \/>\n<meta name=\"twitter:card\" content=\"summary_large_image\" \/>\n<meta name=\"twitter:label1\" content=\"Gesch\u00e4tzte Lesezeit\" \/>\n\t<meta name=\"twitter:data1\" content=\"1 minute\" \/>\n<script type=\"application\/ld+json\" class=\"yoast-schema-graph\">{\"@context\":\"https:\\\/\\\/schema.org\",\"@graph\":[{\"@type\":\"WebPage\",\"@id\":\"https:\\\/\\\/my-french-grocery.com\\\/de\\\/produkt\\\/bio-russischer-schwarztee-earl-grey-lipton\\\/\",\"url\":\"https:\\\/\\\/my-french-grocery.com\\\/de\\\/produkt\\\/bio-russischer-schwarztee-earl-grey-lipton\\\/\",\"name\":\"Bio-Russischer Schwarztee Earl Grey Lipton | Online Kaufen | My French Grocery\",\"isPartOf\":{\"@id\":\"https:\\\/\\\/my-french-grocery.com\\\/de\\\/#website\"},\"primaryImageOfPage\":{\"@id\":\"https:\\\/\\\/my-french-grocery.com\\\/de\\\/produkt\\\/bio-russischer-schwarztee-earl-grey-lipton\\\/#primaryimage\"},\"image\":{\"@id\":\"https:\\\/\\\/my-french-grocery.com\\\/de\\\/produkt\\\/bio-russischer-schwarztee-earl-grey-lipton\\\/#primaryimage\"},\"thumbnailUrl\":\"https:\\\/\\\/my-french-grocery.com\\\/wp-content\\\/uploads\\\/2024\\\/02\\\/LIPTON-Earl-Grey-black-tea-with-Italian-bergamot.webp\",\"datePublished\":\"2024-02-06T15:26:34+00:00\",\"dateModified\":\"2024-02-20T17:05:25+00:00\",\"description\":\"Bio-Russischer Schwarztee Earl Grey Lipton - Schachtel mit 20 Beuteln - Getreu der russischen Tradition kombiniert Lipton\u00ae Organic Russian Earl Grey Schwarztee\",\"breadcrumb\":{\"@id\":\"https:\\\/\\\/my-french-grocery.com\\\/de\\\/produkt\\\/bio-russischer-schwarztee-earl-grey-lipton\\\/#breadcrumb\"},\"inLanguage\":\"de-DE\",\"potentialAction\":[{\"@type\":\"ReadAction\",\"target\":[\"https:\\\/\\\/my-french-grocery.com\\\/de\\\/produkt\\\/bio-russischer-schwarztee-earl-grey-lipton\\\/\"]}]},{\"@type\":\"ImageObject\",\"inLanguage\":\"de-DE\",\"@id\":\"https:\\\/\\\/my-french-grocery.com\\\/de\\\/produkt\\\/bio-russischer-schwarztee-earl-grey-lipton\\\/#primaryimage\",\"url\":\"https:\\\/\\\/my-french-grocery.com\\\/wp-content\\\/uploads\\\/2024\\\/02\\\/LIPTON-Earl-Grey-black-tea-with-Italian-bergamot.webp\",\"contentUrl\":\"https:\\\/\\\/my-french-grocery.com\\\/wp-content\\\/uploads\\\/2024\\\/02\\\/LIPTON-Earl-Grey-black-tea-with-Italian-bergamot.webp\",\"width\":1500,\"height\":1500},{\"@type\":\"BreadcrumbList\",\"@id\":\"https:\\\/\\\/my-french-grocery.com\\\/de\\\/produkt\\\/bio-russischer-schwarztee-earl-grey-lipton\\\/#breadcrumb\",\"itemListElement\":[{\"@type\":\"ListItem\",\"position\":1,\"name\":\"Home\",\"item\":\"https:\\\/\\\/my-french-grocery.com\\\/de\\\/shopping-seite\\\/\"},{\"@type\":\"ListItem\",\"position\":2,\"name\":\"Shop\",\"item\":\"https:\\\/\\\/my-french-grocery.com\\\/shop\\\/\"},{\"@type\":\"ListItem\",\"position\":3,\"name\":\"Bio-Tees\",\"item\":\"https:\\\/\\\/my-french-grocery.com\\\/de\\\/produkt-kategorie\\\/bio-tees\\\/\"},{\"@type\":\"ListItem\",\"position\":4,\"name\":\"Bio-Russischer Schwarztee Earl Grey Lipton\"}]},{\"@type\":\"WebSite\",\"@id\":\"https:\\\/\\\/my-french-grocery.com\\\/de\\\/#website\",\"url\":\"https:\\\/\\\/my-french-grocery.com\\\/de\\\/\",\"name\":\"My French Grocery\",\"description\":\"Your Online French Grocery  !\",\"publisher\":{\"@id\":\"https:\\\/\\\/my-french-grocery.com\\\/de\\\/#organization\"},\"potentialAction\":[{\"@type\":\"SearchAction\",\"target\":{\"@type\":\"EntryPoint\",\"urlTemplate\":\"https:\\\/\\\/my-french-grocery.com\\\/de\\\/?s={search_term_string}\"},\"query-input\":{\"@type\":\"PropertyValueSpecification\",\"valueRequired\":true,\"valueName\":\"search_term_string\"}}],\"inLanguage\":\"de-DE\"},{\"@type\":\"Organization\",\"@id\":\"https:\\\/\\\/my-french-grocery.com\\\/de\\\/#organization\",\"name\":\"MY FRENCH GROCERY\",\"url\":\"https:\\\/\\\/my-french-grocery.com\\\/de\\\/\",\"logo\":{\"@type\":\"ImageObject\",\"inLanguage\":\"de-DE\",\"@id\":\"https:\\\/\\\/my-french-grocery.com\\\/de\\\/#\\\/schema\\\/logo\\\/image\\\/\",\"url\":\"https:\\\/\\\/my-french-grocery.com\\\/wp-content\\\/uploads\\\/2021\\\/11\\\/My-French-Grocery-Online-French-Grocery.png\",\"contentUrl\":\"https:\\\/\\\/my-french-grocery.com\\\/wp-content\\\/uploads\\\/2021\\\/11\\\/My-French-Grocery-Online-French-Grocery.png\",\"width\":100,\"height\":100,\"caption\":\"MY FRENCH GROCERY\"},\"image\":{\"@id\":\"https:\\\/\\\/my-french-grocery.com\\\/de\\\/#\\\/schema\\\/logo\\\/image\\\/\"},\"sameAs\":[\"https:\\\/\\\/www.facebook.com\\\/myfrenchgrocery\\\/\"]}]}<\/script>\n<!-- \/ Yoast SEO plugin. -->","yoast_head_json":{"title":"Bio-Russischer Schwarztee Earl Grey Lipton | Online Kaufen | My French Grocery","description":"Bio-Russischer Schwarztee Earl Grey Lipton - Schachtel mit 20 Beuteln - Getreu der russischen Tradition kombiniert Lipton\u00ae Organic Russian Earl Grey Schwarztee","robots":{"index":"index","follow":"follow","max-snippet":"max-snippet:-1","max-image-preview":"max-image-preview:large","max-video-preview":"max-video-preview:-1"},"canonical":"https:\/\/my-french-grocery.com\/de\/produkt\/bio-russischer-schwarztee-earl-grey-lipton\/","og_locale":"de_DE","og_type":"article","og_title":"Bio-Russischer Schwarztee Earl Grey Lipton | Online Kaufen | My French Grocery","og_description":"Bio-Russischer Schwarztee Earl Grey Lipton - Schachtel mit 20 Beuteln - Getreu der russischen Tradition kombiniert Lipton\u00ae Organic Russian Earl Grey Schwarztee","og_url":"https:\/\/my-french-grocery.com\/de\/produkt\/bio-russischer-schwarztee-earl-grey-lipton\/","og_site_name":"My French Grocery","article_publisher":"https:\/\/www.facebook.com\/myfrenchgrocery\/","article_modified_time":"2024-02-20T17:05:25+00:00","og_image":[{"width":1200,"height":1200,"url":"https:\/\/my-french-grocery.com\/wp-content\/uploads\/2024\/02\/Organic-Earl-Gray-Russian-black-tea.webp","type":"image\/webp"}],"twitter_card":"summary_large_image","twitter_misc":{"Gesch\u00e4tzte Lesezeit":"1 minute"},"schema":{"@context":"https:\/\/schema.org","@graph":[{"@type":"WebPage","@id":"https:\/\/my-french-grocery.com\/de\/produkt\/bio-russischer-schwarztee-earl-grey-lipton\/","url":"https:\/\/my-french-grocery.com\/de\/produkt\/bio-russischer-schwarztee-earl-grey-lipton\/","name":"Bio-Russischer Schwarztee Earl Grey Lipton | Online Kaufen | My French Grocery","isPartOf":{"@id":"https:\/\/my-french-grocery.com\/de\/#website"},"primaryImageOfPage":{"@id":"https:\/\/my-french-grocery.com\/de\/produkt\/bio-russischer-schwarztee-earl-grey-lipton\/#primaryimage"},"image":{"@id":"https:\/\/my-french-grocery.com\/de\/produkt\/bio-russischer-schwarztee-earl-grey-lipton\/#primaryimage"},"thumbnailUrl":"https:\/\/my-french-grocery.com\/wp-content\/uploads\/2024\/02\/LIPTON-Earl-Grey-black-tea-with-Italian-bergamot.webp","datePublished":"2024-02-06T15:26:34+00:00","dateModified":"2024-02-20T17:05:25+00:00","description":"Bio-Russischer Schwarztee Earl Grey Lipton - Schachtel mit 20 Beuteln - Getreu der russischen Tradition kombiniert Lipton\u00ae Organic Russian Earl Grey Schwarztee","breadcrumb":{"@id":"https:\/\/my-french-grocery.com\/de\/produkt\/bio-russischer-schwarztee-earl-grey-lipton\/#breadcrumb"},"inLanguage":"de-DE","potentialAction":[{"@type":"ReadAction","target":["https:\/\/my-french-grocery.com\/de\/produkt\/bio-russischer-schwarztee-earl-grey-lipton\/"]}]},{"@type":"ImageObject","inLanguage":"de-DE","@id":"https:\/\/my-french-grocery.com\/de\/produkt\/bio-russischer-schwarztee-earl-grey-lipton\/#primaryimage","url":"https:\/\/my-french-grocery.com\/wp-content\/uploads\/2024\/02\/LIPTON-Earl-Grey-black-tea-with-Italian-bergamot.webp","contentUrl":"https:\/\/my-french-grocery.com\/wp-content\/uploads\/2024\/02\/LIPTON-Earl-Grey-black-tea-with-Italian-bergamot.webp","width":1500,"height":1500},{"@type":"BreadcrumbList","@id":"https:\/\/my-french-grocery.com\/de\/produkt\/bio-russischer-schwarztee-earl-grey-lipton\/#breadcrumb","itemListElement":[{"@type":"ListItem","position":1,"name":"Home","item":"https:\/\/my-french-grocery.com\/de\/shopping-seite\/"},{"@type":"ListItem","position":2,"name":"Shop","item":"https:\/\/my-french-grocery.com\/shop\/"},{"@type":"ListItem","position":3,"name":"Bio-Tees","item":"https:\/\/my-french-grocery.com\/de\/produkt-kategorie\/bio-tees\/"},{"@type":"ListItem","position":4,"name":"Bio-Russischer Schwarztee Earl Grey Lipton"}]},{"@type":"WebSite","@id":"https:\/\/my-french-grocery.com\/de\/#website","url":"https:\/\/my-french-grocery.com\/de\/","name":"My French Grocery","description":"Your Online French Grocery  !","publisher":{"@id":"https:\/\/my-french-grocery.com\/de\/#organization"},"potentialAction":[{"@type":"SearchAction","target":{"@type":"EntryPoint","urlTemplate":"https:\/\/my-french-grocery.com\/de\/?s={search_term_string}"},"query-input":{"@type":"PropertyValueSpecification","valueRequired":true,"valueName":"search_term_string"}}],"inLanguage":"de-DE"},{"@type":"Organization","@id":"https:\/\/my-french-grocery.com\/de\/#organization","name":"MY FRENCH GROCERY","url":"https:\/\/my-french-grocery.com\/de\/","logo":{"@type":"ImageObject","inLanguage":"de-DE","@id":"https:\/\/my-french-grocery.com\/de\/#\/schema\/logo\/image\/","url":"https:\/\/my-french-grocery.com\/wp-content\/uploads\/2021\/11\/My-French-Grocery-Online-French-Grocery.png","contentUrl":"https:\/\/my-french-grocery.com\/wp-content\/uploads\/2021\/11\/My-French-Grocery-Online-French-Grocery.png","width":100,"height":100,"caption":"MY FRENCH GROCERY"},"image":{"@id":"https:\/\/my-french-grocery.com\/de\/#\/schema\/logo\/image\/"},"sameAs":["https:\/\/www.facebook.com\/myfrenchgrocery\/"]}]}},"brands":[{"id":3101,"name":"Lipton","slug":"lipton-de"}],"_links":{"self":[{"href":"https:\/\/my-french-grocery.com\/de\/wp-json\/wp\/v2\/product\/38450","targetHints":{"allow":["GET"]}}],"collection":[{"href":"https:\/\/my-french-grocery.com\/de\/wp-json\/wp\/v2\/product"}],"about":[{"href":"https:\/\/my-french-grocery.com\/de\/wp-json\/wp\/v2\/types\/product"}],"replies":[{"embeddable":true,"href":"https:\/\/my-french-grocery.com\/de\/wp-json\/wp\/v2\/comments?post=38450"}],"wp:featuredmedia":[{"embeddable":true,"href":"https:\/\/my-french-grocery.com\/de\/wp-json\/wp\/v2\/media\/47716"}],"wp:attachment":[{"href":"https:\/\/my-french-grocery.com\/de\/wp-json\/wp\/v2\/media?parent=38450"}],"wp:term":[{"taxonomy":"pwb-brand","embeddable":true,"href":"https:\/\/my-french-grocery.com\/de\/wp-json\/wp\/v2\/pwb-brand?post=38450"},{"taxonomy":"product_brand","embeddable":true,"href":"https:\/\/my-french-grocery.com\/de\/wp-json\/wp\/v2\/product_brand?post=38450"},{"taxonomy":"product_cat","embeddable":true,"href":"https:\/\/my-french-grocery.com\/de\/wp-json\/wp\/v2\/product_cat?post=38450"},{"taxonomy":"product_tag","embeddable":true,"href":"https:\/\/my-french-grocery.com\/de\/wp-json\/wp\/v2\/product_tag?post=38450"}],"curies":[{"name":"wp","href":"https:\/\/api.w.org\/{rel}","templated":true}]}}