{"id":38741,"date":"2024-02-20T14:30:16","date_gmt":"2024-02-20T12:30:17","guid":{"rendered":"https:\/\/my-french-grocery.com\/?post_type=product&#038;p=38741"},"modified":"2024-02-20T19:10:19","modified_gmt":"2024-02-20T17:10:19","slug":"saveurs-du-soir-lakritze-minz-aufguss-lipton","status":"publish","type":"product","link":"https:\/\/my-french-grocery.com\/de\/produkt\/saveurs-du-soir-lakritze-minz-aufguss-lipton\/","title":{"rendered":"&#8220;Saveurs Du Soir&#8221; Lakritze-Minz-Aufguss Lipton"},"content":{"rendered":"<p>&#8220;Saveurs Du Soir&#8221; Lakritze-Minz-Aufguss Lipton<\/p>\n<p class=\"product-title__packaging c-text c-text--size-m c-text--style-p\">Schachtel mit 20 Beuteln<\/p>\n<p>Lassen Sie sich vom berauschenden Duft der k\u00f6stlichen Saveurs du Soir Grand Sud-Aufg\u00fcsse von Lipton\u00ae mitrei\u00dfen.\u00a0Dieser Abendaufguss bietet ein einzigartiges Rezept, das die s\u00fc\u00dfen Noten von Lakritze mit der Frische von Minze f\u00fcr einen nat\u00fcrlich k\u00f6stlichen Geschmack kombiniert.<\/p>\n","protected":false},"excerpt":{"rendered":"<p>&#8220;Saveurs Du Soir&#8221; Lakritze-Minz-Aufguss Lipton<\/p>\n<p class=\"product-title__packaging c-text c-text--size-m c-text--style-p\">Schachtel mit 20 Beuteln<\/p>\n","protected":false},"featured_media":38748,"comment_status":"open","ping_status":"closed","template":"","meta":[],"pwb-brand":[3101],"product_brand":[],"product_cat":[2260],"product_tag":[3456,3498],"class_list":{"0":"post-38741","1":"product","2":"type-product","3":"status-publish","4":"has-post-thumbnail","6":"pwb-brand-lipton-de","7":"product_cat-tee","8":"product_tag-lipton-de","9":"product_tag-tee","10":"product_shipping_class-internationaler-versand","12":"first","13":"outofstock","14":"taxable","15":"shipping-taxable","16":"purchasable","17":"product-type-simple"},"yoast_head":"<!-- This site is optimized with the Yoast SEO plugin v27.4 - https:\/\/yoast.com\/product\/yoast-seo-wordpress\/ -->\n<title>&quot;Saveurs Du Soir&quot; Lakritze-Minz-Aufguss Lipton | Online Kaufen | My French Grocery<\/title>\n<meta name=\"description\" content=\"&quot;Saveurs Du Soir&quot; Lakritze-Minz-Aufguss Lipton - Schachtel mit 20 Beuteln - Lassen Sie sich vom berauschenden Duft der k\u00f6stlichen Saveurs du Soir Grand Sud-Aufg\u00fcsse von Lipton\u00ae\" \/>\n<meta name=\"robots\" content=\"index, follow, max-snippet:-1, max-image-preview:large, max-video-preview:-1\" \/>\n<link rel=\"canonical\" href=\"https:\/\/my-french-grocery.com\/de\/produkt\/saveurs-du-soir-lakritze-minz-aufguss-lipton\/\" \/>\n<meta property=\"og:locale\" content=\"de_DE\" \/>\n<meta property=\"og:type\" content=\"article\" \/>\n<meta property=\"og:title\" content=\"&quot;Saveurs Du Soir&quot; Lakritze-Minz-Aufguss Lipton | Online Kaufen | My French Grocery\" \/>\n<meta property=\"og:description\" content=\"&quot;Saveurs Du Soir&quot; Lakritze-Minz-Aufguss Lipton - Schachtel mit 20 Beuteln - Lassen Sie sich vom berauschenden Duft der k\u00f6stlichen Saveurs du Soir Grand Sud-Aufg\u00fcsse von Lipton\u00ae\" \/>\n<meta property=\"og:url\" content=\"https:\/\/my-french-grocery.com\/de\/produkt\/saveurs-du-soir-lakritze-minz-aufguss-lipton\/\" \/>\n<meta property=\"og:site_name\" content=\"My French Grocery\" \/>\n<meta property=\"article:publisher\" content=\"https:\/\/www.facebook.com\/myfrenchgrocery\/\" \/>\n<meta property=\"article:modified_time\" content=\"2024-02-20T17:10:19+00:00\" \/>\n<meta property=\"og:image\" content=\"https:\/\/my-french-grocery.com\/wp-content\/uploads\/2024\/02\/LIPTON-Infusion-evening-flavors-great-south-licorice-mint-20-sachets-32g.webp\" \/>\n\t<meta property=\"og:image:width\" content=\"1200\" \/>\n\t<meta property=\"og:image:height\" content=\"1200\" \/>\n\t<meta property=\"og:image:type\" content=\"image\/webp\" \/>\n<meta name=\"twitter:card\" content=\"summary_large_image\" \/>\n<meta name=\"twitter:label1\" content=\"Gesch\u00e4tzte Lesezeit\" \/>\n\t<meta name=\"twitter:data1\" content=\"1 minute\" \/>\n<script type=\"application\/ld+json\" class=\"yoast-schema-graph\">{\"@context\":\"https:\\\/\\\/schema.org\",\"@graph\":[{\"@type\":\"WebPage\",\"@id\":\"https:\\\/\\\/my-french-grocery.com\\\/de\\\/produkt\\\/saveurs-du-soir-lakritze-minz-aufguss-lipton\\\/\",\"url\":\"https:\\\/\\\/my-french-grocery.com\\\/de\\\/produkt\\\/saveurs-du-soir-lakritze-minz-aufguss-lipton\\\/\",\"name\":\"\\\"Saveurs Du Soir\\\" Lakritze-Minz-Aufguss Lipton | Online Kaufen | My French Grocery\",\"isPartOf\":{\"@id\":\"https:\\\/\\\/my-french-grocery.com\\\/de\\\/#website\"},\"primaryImageOfPage\":{\"@id\":\"https:\\\/\\\/my-french-grocery.com\\\/de\\\/produkt\\\/saveurs-du-soir-lakritze-minz-aufguss-lipton\\\/#primaryimage\"},\"image\":{\"@id\":\"https:\\\/\\\/my-french-grocery.com\\\/de\\\/produkt\\\/saveurs-du-soir-lakritze-minz-aufguss-lipton\\\/#primaryimage\"},\"thumbnailUrl\":\"https:\\\/\\\/my-french-grocery.com\\\/wp-content\\\/uploads\\\/2024\\\/02\\\/LIPTON-Infusion-evening-flavors-great-south-licorice-mint-20-sachets-32g.webp\",\"datePublished\":\"2024-02-20T12:30:17+00:00\",\"dateModified\":\"2024-02-20T17:10:19+00:00\",\"description\":\"\\\"Saveurs Du Soir\\\" Lakritze-Minz-Aufguss Lipton - Schachtel mit 20 Beuteln - Lassen Sie sich vom berauschenden Duft der k\u00f6stlichen Saveurs du Soir Grand Sud-Aufg\u00fcsse von Lipton\u00ae\",\"breadcrumb\":{\"@id\":\"https:\\\/\\\/my-french-grocery.com\\\/de\\\/produkt\\\/saveurs-du-soir-lakritze-minz-aufguss-lipton\\\/#breadcrumb\"},\"inLanguage\":\"de-DE\",\"potentialAction\":[{\"@type\":\"ReadAction\",\"target\":[\"https:\\\/\\\/my-french-grocery.com\\\/de\\\/produkt\\\/saveurs-du-soir-lakritze-minz-aufguss-lipton\\\/\"]}]},{\"@type\":\"ImageObject\",\"inLanguage\":\"de-DE\",\"@id\":\"https:\\\/\\\/my-french-grocery.com\\\/de\\\/produkt\\\/saveurs-du-soir-lakritze-minz-aufguss-lipton\\\/#primaryimage\",\"url\":\"https:\\\/\\\/my-french-grocery.com\\\/wp-content\\\/uploads\\\/2024\\\/02\\\/LIPTON-Infusion-evening-flavors-great-south-licorice-mint-20-sachets-32g.webp\",\"contentUrl\":\"https:\\\/\\\/my-french-grocery.com\\\/wp-content\\\/uploads\\\/2024\\\/02\\\/LIPTON-Infusion-evening-flavors-great-south-licorice-mint-20-sachets-32g.webp\",\"width\":1200,\"height\":1200,\"caption\":\"\\\"Saveurs Du Soir\\\" Lakritze-Minz-Aufguss Lipton\"},{\"@type\":\"BreadcrumbList\",\"@id\":\"https:\\\/\\\/my-french-grocery.com\\\/de\\\/produkt\\\/saveurs-du-soir-lakritze-minz-aufguss-lipton\\\/#breadcrumb\",\"itemListElement\":[{\"@type\":\"ListItem\",\"position\":1,\"name\":\"Home\",\"item\":\"https:\\\/\\\/my-french-grocery.com\\\/de\\\/shopping-seite\\\/\"},{\"@type\":\"ListItem\",\"position\":2,\"name\":\"Shop\",\"item\":\"https:\\\/\\\/my-french-grocery.com\\\/shop\\\/\"},{\"@type\":\"ListItem\",\"position\":3,\"name\":\"Lebensmittel\",\"item\":\"https:\\\/\\\/my-french-grocery.com\\\/de\\\/produkt-kategorie\\\/lebensmittel\\\/\"},{\"@type\":\"ListItem\",\"position\":4,\"name\":\"Tees - Kaffees - Schokoladenpulver\",\"item\":\"https:\\\/\\\/my-french-grocery.com\\\/de\\\/produkt-kategorie\\\/tees-kaffees-schokoladenpulver\\\/\"},{\"@type\":\"ListItem\",\"position\":5,\"name\":\"Tee\",\"item\":\"https:\\\/\\\/my-french-grocery.com\\\/de\\\/produkt-kategorie\\\/tee\\\/\"},{\"@type\":\"ListItem\",\"position\":6,\"name\":\"&#8220;Saveurs Du Soir&#8221; Lakritze-Minz-Aufguss Lipton\"}]},{\"@type\":\"WebSite\",\"@id\":\"https:\\\/\\\/my-french-grocery.com\\\/de\\\/#website\",\"url\":\"https:\\\/\\\/my-french-grocery.com\\\/de\\\/\",\"name\":\"My French Grocery\",\"description\":\"Your Online French Grocery  !\",\"publisher\":{\"@id\":\"https:\\\/\\\/my-french-grocery.com\\\/de\\\/#organization\"},\"potentialAction\":[{\"@type\":\"SearchAction\",\"target\":{\"@type\":\"EntryPoint\",\"urlTemplate\":\"https:\\\/\\\/my-french-grocery.com\\\/de\\\/?s={search_term_string}\"},\"query-input\":{\"@type\":\"PropertyValueSpecification\",\"valueRequired\":true,\"valueName\":\"search_term_string\"}}],\"inLanguage\":\"de-DE\"},{\"@type\":\"Organization\",\"@id\":\"https:\\\/\\\/my-french-grocery.com\\\/de\\\/#organization\",\"name\":\"MY FRENCH GROCERY\",\"url\":\"https:\\\/\\\/my-french-grocery.com\\\/de\\\/\",\"logo\":{\"@type\":\"ImageObject\",\"inLanguage\":\"de-DE\",\"@id\":\"https:\\\/\\\/my-french-grocery.com\\\/de\\\/#\\\/schema\\\/logo\\\/image\\\/\",\"url\":\"https:\\\/\\\/my-french-grocery.com\\\/wp-content\\\/uploads\\\/2021\\\/11\\\/My-French-Grocery-Online-French-Grocery.png\",\"contentUrl\":\"https:\\\/\\\/my-french-grocery.com\\\/wp-content\\\/uploads\\\/2021\\\/11\\\/My-French-Grocery-Online-French-Grocery.png\",\"width\":100,\"height\":100,\"caption\":\"MY FRENCH GROCERY\"},\"image\":{\"@id\":\"https:\\\/\\\/my-french-grocery.com\\\/de\\\/#\\\/schema\\\/logo\\\/image\\\/\"},\"sameAs\":[\"https:\\\/\\\/www.facebook.com\\\/myfrenchgrocery\\\/\"]}]}<\/script>\n<!-- \/ Yoast SEO plugin. -->","yoast_head_json":{"title":"\"Saveurs Du Soir\" Lakritze-Minz-Aufguss Lipton | Online Kaufen | My French Grocery","description":"\"Saveurs Du Soir\" Lakritze-Minz-Aufguss Lipton - Schachtel mit 20 Beuteln - Lassen Sie sich vom berauschenden Duft der k\u00f6stlichen Saveurs du Soir Grand Sud-Aufg\u00fcsse von Lipton\u00ae","robots":{"index":"index","follow":"follow","max-snippet":"max-snippet:-1","max-image-preview":"max-image-preview:large","max-video-preview":"max-video-preview:-1"},"canonical":"https:\/\/my-french-grocery.com\/de\/produkt\/saveurs-du-soir-lakritze-minz-aufguss-lipton\/","og_locale":"de_DE","og_type":"article","og_title":"\"Saveurs Du Soir\" Lakritze-Minz-Aufguss Lipton | Online Kaufen | My French Grocery","og_description":"\"Saveurs Du Soir\" Lakritze-Minz-Aufguss Lipton - Schachtel mit 20 Beuteln - Lassen Sie sich vom berauschenden Duft der k\u00f6stlichen Saveurs du Soir Grand Sud-Aufg\u00fcsse von Lipton\u00ae","og_url":"https:\/\/my-french-grocery.com\/de\/produkt\/saveurs-du-soir-lakritze-minz-aufguss-lipton\/","og_site_name":"My French Grocery","article_publisher":"https:\/\/www.facebook.com\/myfrenchgrocery\/","article_modified_time":"2024-02-20T17:10:19+00:00","og_image":[{"width":1200,"height":1200,"url":"https:\/\/my-french-grocery.com\/wp-content\/uploads\/2024\/02\/LIPTON-Infusion-evening-flavors-great-south-licorice-mint-20-sachets-32g.webp","type":"image\/webp"}],"twitter_card":"summary_large_image","twitter_misc":{"Gesch\u00e4tzte Lesezeit":"1 minute"},"schema":{"@context":"https:\/\/schema.org","@graph":[{"@type":"WebPage","@id":"https:\/\/my-french-grocery.com\/de\/produkt\/saveurs-du-soir-lakritze-minz-aufguss-lipton\/","url":"https:\/\/my-french-grocery.com\/de\/produkt\/saveurs-du-soir-lakritze-minz-aufguss-lipton\/","name":"\"Saveurs Du Soir\" Lakritze-Minz-Aufguss Lipton | Online Kaufen | My French Grocery","isPartOf":{"@id":"https:\/\/my-french-grocery.com\/de\/#website"},"primaryImageOfPage":{"@id":"https:\/\/my-french-grocery.com\/de\/produkt\/saveurs-du-soir-lakritze-minz-aufguss-lipton\/#primaryimage"},"image":{"@id":"https:\/\/my-french-grocery.com\/de\/produkt\/saveurs-du-soir-lakritze-minz-aufguss-lipton\/#primaryimage"},"thumbnailUrl":"https:\/\/my-french-grocery.com\/wp-content\/uploads\/2024\/02\/LIPTON-Infusion-evening-flavors-great-south-licorice-mint-20-sachets-32g.webp","datePublished":"2024-02-20T12:30:17+00:00","dateModified":"2024-02-20T17:10:19+00:00","description":"\"Saveurs Du Soir\" Lakritze-Minz-Aufguss Lipton - Schachtel mit 20 Beuteln - Lassen Sie sich vom berauschenden Duft der k\u00f6stlichen Saveurs du Soir Grand Sud-Aufg\u00fcsse von Lipton\u00ae","breadcrumb":{"@id":"https:\/\/my-french-grocery.com\/de\/produkt\/saveurs-du-soir-lakritze-minz-aufguss-lipton\/#breadcrumb"},"inLanguage":"de-DE","potentialAction":[{"@type":"ReadAction","target":["https:\/\/my-french-grocery.com\/de\/produkt\/saveurs-du-soir-lakritze-minz-aufguss-lipton\/"]}]},{"@type":"ImageObject","inLanguage":"de-DE","@id":"https:\/\/my-french-grocery.com\/de\/produkt\/saveurs-du-soir-lakritze-minz-aufguss-lipton\/#primaryimage","url":"https:\/\/my-french-grocery.com\/wp-content\/uploads\/2024\/02\/LIPTON-Infusion-evening-flavors-great-south-licorice-mint-20-sachets-32g.webp","contentUrl":"https:\/\/my-french-grocery.com\/wp-content\/uploads\/2024\/02\/LIPTON-Infusion-evening-flavors-great-south-licorice-mint-20-sachets-32g.webp","width":1200,"height":1200,"caption":"\"Saveurs Du Soir\" Lakritze-Minz-Aufguss Lipton"},{"@type":"BreadcrumbList","@id":"https:\/\/my-french-grocery.com\/de\/produkt\/saveurs-du-soir-lakritze-minz-aufguss-lipton\/#breadcrumb","itemListElement":[{"@type":"ListItem","position":1,"name":"Home","item":"https:\/\/my-french-grocery.com\/de\/shopping-seite\/"},{"@type":"ListItem","position":2,"name":"Shop","item":"https:\/\/my-french-grocery.com\/shop\/"},{"@type":"ListItem","position":3,"name":"Lebensmittel","item":"https:\/\/my-french-grocery.com\/de\/produkt-kategorie\/lebensmittel\/"},{"@type":"ListItem","position":4,"name":"Tees - Kaffees - Schokoladenpulver","item":"https:\/\/my-french-grocery.com\/de\/produkt-kategorie\/tees-kaffees-schokoladenpulver\/"},{"@type":"ListItem","position":5,"name":"Tee","item":"https:\/\/my-french-grocery.com\/de\/produkt-kategorie\/tee\/"},{"@type":"ListItem","position":6,"name":"&#8220;Saveurs Du Soir&#8221; Lakritze-Minz-Aufguss Lipton"}]},{"@type":"WebSite","@id":"https:\/\/my-french-grocery.com\/de\/#website","url":"https:\/\/my-french-grocery.com\/de\/","name":"My French Grocery","description":"Your Online French Grocery  !","publisher":{"@id":"https:\/\/my-french-grocery.com\/de\/#organization"},"potentialAction":[{"@type":"SearchAction","target":{"@type":"EntryPoint","urlTemplate":"https:\/\/my-french-grocery.com\/de\/?s={search_term_string}"},"query-input":{"@type":"PropertyValueSpecification","valueRequired":true,"valueName":"search_term_string"}}],"inLanguage":"de-DE"},{"@type":"Organization","@id":"https:\/\/my-french-grocery.com\/de\/#organization","name":"MY FRENCH GROCERY","url":"https:\/\/my-french-grocery.com\/de\/","logo":{"@type":"ImageObject","inLanguage":"de-DE","@id":"https:\/\/my-french-grocery.com\/de\/#\/schema\/logo\/image\/","url":"https:\/\/my-french-grocery.com\/wp-content\/uploads\/2021\/11\/My-French-Grocery-Online-French-Grocery.png","contentUrl":"https:\/\/my-french-grocery.com\/wp-content\/uploads\/2021\/11\/My-French-Grocery-Online-French-Grocery.png","width":100,"height":100,"caption":"MY FRENCH GROCERY"},"image":{"@id":"https:\/\/my-french-grocery.com\/de\/#\/schema\/logo\/image\/"},"sameAs":["https:\/\/www.facebook.com\/myfrenchgrocery\/"]}]}},"brands":[{"id":3101,"name":"Lipton","slug":"lipton-de"}],"_links":{"self":[{"href":"https:\/\/my-french-grocery.com\/de\/wp-json\/wp\/v2\/product\/38741","targetHints":{"allow":["GET"]}}],"collection":[{"href":"https:\/\/my-french-grocery.com\/de\/wp-json\/wp\/v2\/product"}],"about":[{"href":"https:\/\/my-french-grocery.com\/de\/wp-json\/wp\/v2\/types\/product"}],"replies":[{"embeddable":true,"href":"https:\/\/my-french-grocery.com\/de\/wp-json\/wp\/v2\/comments?post=38741"}],"wp:featuredmedia":[{"embeddable":true,"href":"https:\/\/my-french-grocery.com\/de\/wp-json\/wp\/v2\/media\/38748"}],"wp:attachment":[{"href":"https:\/\/my-french-grocery.com\/de\/wp-json\/wp\/v2\/media?parent=38741"}],"wp:term":[{"taxonomy":"pwb-brand","embeddable":true,"href":"https:\/\/my-french-grocery.com\/de\/wp-json\/wp\/v2\/pwb-brand?post=38741"},{"taxonomy":"product_brand","embeddable":true,"href":"https:\/\/my-french-grocery.com\/de\/wp-json\/wp\/v2\/product_brand?post=38741"},{"taxonomy":"product_cat","embeddable":true,"href":"https:\/\/my-french-grocery.com\/de\/wp-json\/wp\/v2\/product_cat?post=38741"},{"taxonomy":"product_tag","embeddable":true,"href":"https:\/\/my-french-grocery.com\/de\/wp-json\/wp\/v2\/product_tag?post=38741"}],"curies":[{"name":"wp","href":"https:\/\/api.w.org\/{rel}","templated":true}]}}