{"id":39050,"date":"2024-02-29T18:16:42","date_gmt":"2024-02-29T16:16:43","guid":{"rendered":"https:\/\/my-french-grocery.com\/?post_type=product&#038;p=39050"},"modified":"2024-02-29T19:14:29","modified_gmt":"2024-02-29T17:14:29","slug":"einfacher-basmatireis-taureau-aile","status":"publish","type":"product","link":"https:\/\/my-french-grocery.com\/de\/produkt\/einfacher-basmatireis-taureau-aile\/","title":{"rendered":"Einfacher Basmatireis Taureau Ail\u00e9"},"content":{"rendered":"<p>Einfacher Basmatireis Taureau Ail\u00e9<\/p>\n<p>Schachtel mit 250 g<\/p>\n<p>Mit seiner Expertise bei der Auswahl des besten Reises bietet Ihnen Taureau Ail\u00e9 \u200b\u200b\u200b\u200bein Rezept auf Basis von nat\u00fcrlich duftendem Basmatireis, der aus dem Herzen der indischen Reisfelder ausgew\u00e4hlt wird.\u00a0Praktisch, Sie k\u00f6nnen unseren Basmati pur genie\u00dfen oder nach Belieben in der K\u00fcche verfeinern.<\/p>\n","protected":false},"excerpt":{"rendered":"<p>Einfacher Basmatireis Taureau Ail\u00e9<\/p>\n<p>Schachtel mit 250 g<\/p>\n<p><span style=\"color: #ffffff;\">Riz, Rice, Reis, Riso, Arroz<\/span><\/p>\n","protected":false},"featured_media":39057,"comment_status":"open","ping_status":"closed","template":"","meta":[],"pwb-brand":[3531],"product_brand":[],"product_cat":[2254],"product_tag":[2334,3535],"class_list":{"0":"post-39050","1":"product","2":"type-product","3":"status-publish","4":"has-post-thumbnail","6":"pwb-brand-taureau-aile-de","7":"product_cat-nudeln-reis-maische-getreide","8":"product_tag-reis","9":"product_tag-taureau-aile-de","11":"first","12":"instock","13":"taxable","14":"shipping-taxable","15":"purchasable","16":"product-type-simple"},"yoast_head":"<!-- This site is optimized with the Yoast SEO plugin v27.3 - https:\/\/yoast.com\/product\/yoast-seo-wordpress\/ -->\n<title>Einfacher Basmatireis Taureau Ail\u00e9 | Online Kaufen | My French Grocery<\/title>\n<meta name=\"description\" content=\"Einfacher Basmatireis Taureau Ail\u00e9 - Schachtel mit 250 g - Mit seiner Expertise bei der Auswahl des besten Reises bietet Ihnen Taureau Ail\u00e9 \u200b\u200b\u200b\u200bein Rezept auf Basis von nat\u00fcrlich duftendem Basmatireis\" \/>\n<meta name=\"robots\" content=\"index, follow, max-snippet:-1, max-image-preview:large, max-video-preview:-1\" \/>\n<link rel=\"canonical\" href=\"https:\/\/my-french-grocery.com\/de\/produkt\/einfacher-basmatireis-taureau-aile\/\" \/>\n<meta property=\"og:locale\" content=\"de_DE\" \/>\n<meta property=\"og:type\" content=\"article\" \/>\n<meta property=\"og:title\" content=\"Einfacher Basmatireis Taureau Ail\u00e9 | Online Kaufen | My French Grocery\" \/>\n<meta property=\"og:description\" content=\"Einfacher Basmatireis Taureau Ail\u00e9 - Schachtel mit 250 g - Mit seiner Expertise bei der Auswahl des besten Reises bietet Ihnen Taureau Ail\u00e9 \u200b\u200b\u200b\u200bein Rezept auf Basis von nat\u00fcrlich duftendem Basmatireis\" \/>\n<meta property=\"og:url\" content=\"https:\/\/my-french-grocery.com\/de\/produkt\/einfacher-basmatireis-taureau-aile\/\" \/>\n<meta property=\"og:site_name\" content=\"My French Grocery\" \/>\n<meta property=\"article:publisher\" content=\"https:\/\/www.facebook.com\/myfrenchgrocery\/\" \/>\n<meta property=\"article:modified_time\" content=\"2024-02-29T17:14:29+00:00\" \/>\n<meta property=\"og:image\" content=\"https:\/\/my-french-grocery.com\/wp-content\/uploads\/2024\/02\/Naturally-flavored-basmati-rice.webp\" \/>\n\t<meta property=\"og:image:width\" content=\"1200\" \/>\n\t<meta property=\"og:image:height\" content=\"1200\" \/>\n\t<meta property=\"og:image:type\" content=\"image\/webp\" \/>\n<meta name=\"twitter:card\" content=\"summary_large_image\" \/>\n<meta name=\"twitter:label1\" content=\"Gesch\u00e4tzte Lesezeit\" \/>\n\t<meta name=\"twitter:data1\" content=\"1 minute\" \/>\n<script type=\"application\/ld+json\" class=\"yoast-schema-graph\">{\"@context\":\"https:\\\/\\\/schema.org\",\"@graph\":[{\"@type\":\"WebPage\",\"@id\":\"https:\\\/\\\/my-french-grocery.com\\\/de\\\/produkt\\\/einfacher-basmatireis-taureau-aile\\\/\",\"url\":\"https:\\\/\\\/my-french-grocery.com\\\/de\\\/produkt\\\/einfacher-basmatireis-taureau-aile\\\/\",\"name\":\"Einfacher Basmatireis Taureau Ail\u00e9 | Online Kaufen | My French Grocery\",\"isPartOf\":{\"@id\":\"https:\\\/\\\/my-french-grocery.com\\\/de\\\/#website\"},\"primaryImageOfPage\":{\"@id\":\"https:\\\/\\\/my-french-grocery.com\\\/de\\\/produkt\\\/einfacher-basmatireis-taureau-aile\\\/#primaryimage\"},\"image\":{\"@id\":\"https:\\\/\\\/my-french-grocery.com\\\/de\\\/produkt\\\/einfacher-basmatireis-taureau-aile\\\/#primaryimage\"},\"thumbnailUrl\":\"https:\\\/\\\/my-french-grocery.com\\\/wp-content\\\/uploads\\\/2024\\\/02\\\/Naturally-flavored-basmati-rice.webp\",\"datePublished\":\"2024-02-29T16:16:43+00:00\",\"dateModified\":\"2024-02-29T17:14:29+00:00\",\"description\":\"Einfacher Basmatireis Taureau Ail\u00e9 - Schachtel mit 250 g - Mit seiner Expertise bei der Auswahl des besten Reises bietet Ihnen Taureau Ail\u00e9 \u200b\u200b\u200b\u200bein Rezept auf Basis von nat\u00fcrlich duftendem Basmatireis\",\"breadcrumb\":{\"@id\":\"https:\\\/\\\/my-french-grocery.com\\\/de\\\/produkt\\\/einfacher-basmatireis-taureau-aile\\\/#breadcrumb\"},\"inLanguage\":\"de-DE\",\"potentialAction\":[{\"@type\":\"ReadAction\",\"target\":[\"https:\\\/\\\/my-french-grocery.com\\\/de\\\/produkt\\\/einfacher-basmatireis-taureau-aile\\\/\"]}]},{\"@type\":\"ImageObject\",\"inLanguage\":\"de-DE\",\"@id\":\"https:\\\/\\\/my-french-grocery.com\\\/de\\\/produkt\\\/einfacher-basmatireis-taureau-aile\\\/#primaryimage\",\"url\":\"https:\\\/\\\/my-french-grocery.com\\\/wp-content\\\/uploads\\\/2024\\\/02\\\/Naturally-flavored-basmati-rice.webp\",\"contentUrl\":\"https:\\\/\\\/my-french-grocery.com\\\/wp-content\\\/uploads\\\/2024\\\/02\\\/Naturally-flavored-basmati-rice.webp\",\"width\":1200,\"height\":1200,\"caption\":\"Einfacher Basmatireis Taureau Ail\u00e9\"},{\"@type\":\"BreadcrumbList\",\"@id\":\"https:\\\/\\\/my-french-grocery.com\\\/de\\\/produkt\\\/einfacher-basmatireis-taureau-aile\\\/#breadcrumb\",\"itemListElement\":[{\"@type\":\"ListItem\",\"position\":1,\"name\":\"Home\",\"item\":\"https:\\\/\\\/my-french-grocery.com\\\/de\\\/shopping-seite\\\/\"},{\"@type\":\"ListItem\",\"position\":2,\"name\":\"Shop\",\"item\":\"https:\\\/\\\/my-french-grocery.com\\\/shop\\\/\"},{\"@type\":\"ListItem\",\"position\":3,\"name\":\"Nudeln, Reis, Maische, Getreide\",\"item\":\"https:\\\/\\\/my-french-grocery.com\\\/de\\\/produkt-kategorie\\\/nudeln-reis-maische-getreide\\\/\"},{\"@type\":\"ListItem\",\"position\":4,\"name\":\"Einfacher Basmatireis Taureau Ail\u00e9\"}]},{\"@type\":\"WebSite\",\"@id\":\"https:\\\/\\\/my-french-grocery.com\\\/de\\\/#website\",\"url\":\"https:\\\/\\\/my-french-grocery.com\\\/de\\\/\",\"name\":\"My French Grocery\",\"description\":\"Your Online French Grocery  !\",\"publisher\":{\"@id\":\"https:\\\/\\\/my-french-grocery.com\\\/de\\\/#organization\"},\"potentialAction\":[{\"@type\":\"SearchAction\",\"target\":{\"@type\":\"EntryPoint\",\"urlTemplate\":\"https:\\\/\\\/my-french-grocery.com\\\/de\\\/?s={search_term_string}\"},\"query-input\":{\"@type\":\"PropertyValueSpecification\",\"valueRequired\":true,\"valueName\":\"search_term_string\"}}],\"inLanguage\":\"de-DE\"},{\"@type\":\"Organization\",\"@id\":\"https:\\\/\\\/my-french-grocery.com\\\/de\\\/#organization\",\"name\":\"MY FRENCH GROCERY\",\"url\":\"https:\\\/\\\/my-french-grocery.com\\\/de\\\/\",\"logo\":{\"@type\":\"ImageObject\",\"inLanguage\":\"de-DE\",\"@id\":\"https:\\\/\\\/my-french-grocery.com\\\/de\\\/#\\\/schema\\\/logo\\\/image\\\/\",\"url\":\"https:\\\/\\\/my-french-grocery.com\\\/wp-content\\\/uploads\\\/2021\\\/11\\\/My-French-Grocery-Online-French-Grocery.png\",\"contentUrl\":\"https:\\\/\\\/my-french-grocery.com\\\/wp-content\\\/uploads\\\/2021\\\/11\\\/My-French-Grocery-Online-French-Grocery.png\",\"width\":100,\"height\":100,\"caption\":\"MY FRENCH GROCERY\"},\"image\":{\"@id\":\"https:\\\/\\\/my-french-grocery.com\\\/de\\\/#\\\/schema\\\/logo\\\/image\\\/\"},\"sameAs\":[\"https:\\\/\\\/www.facebook.com\\\/myfrenchgrocery\\\/\"]}]}<\/script>\n<!-- \/ Yoast SEO plugin. -->","yoast_head_json":{"title":"Einfacher Basmatireis Taureau Ail\u00e9 | Online Kaufen | My French Grocery","description":"Einfacher Basmatireis Taureau Ail\u00e9 - Schachtel mit 250 g - Mit seiner Expertise bei der Auswahl des besten Reises bietet Ihnen Taureau Ail\u00e9 \u200b\u200b\u200b\u200bein Rezept auf Basis von nat\u00fcrlich duftendem Basmatireis","robots":{"index":"index","follow":"follow","max-snippet":"max-snippet:-1","max-image-preview":"max-image-preview:large","max-video-preview":"max-video-preview:-1"},"canonical":"https:\/\/my-french-grocery.com\/de\/produkt\/einfacher-basmatireis-taureau-aile\/","og_locale":"de_DE","og_type":"article","og_title":"Einfacher Basmatireis Taureau Ail\u00e9 | Online Kaufen | My French Grocery","og_description":"Einfacher Basmatireis Taureau Ail\u00e9 - Schachtel mit 250 g - Mit seiner Expertise bei der Auswahl des besten Reises bietet Ihnen Taureau Ail\u00e9 \u200b\u200b\u200b\u200bein Rezept auf Basis von nat\u00fcrlich duftendem Basmatireis","og_url":"https:\/\/my-french-grocery.com\/de\/produkt\/einfacher-basmatireis-taureau-aile\/","og_site_name":"My French Grocery","article_publisher":"https:\/\/www.facebook.com\/myfrenchgrocery\/","article_modified_time":"2024-02-29T17:14:29+00:00","og_image":[{"width":1200,"height":1200,"url":"https:\/\/my-french-grocery.com\/wp-content\/uploads\/2024\/02\/Naturally-flavored-basmati-rice.webp","type":"image\/webp"}],"twitter_card":"summary_large_image","twitter_misc":{"Gesch\u00e4tzte Lesezeit":"1 minute"},"schema":{"@context":"https:\/\/schema.org","@graph":[{"@type":"WebPage","@id":"https:\/\/my-french-grocery.com\/de\/produkt\/einfacher-basmatireis-taureau-aile\/","url":"https:\/\/my-french-grocery.com\/de\/produkt\/einfacher-basmatireis-taureau-aile\/","name":"Einfacher Basmatireis Taureau Ail\u00e9 | Online Kaufen | My French Grocery","isPartOf":{"@id":"https:\/\/my-french-grocery.com\/de\/#website"},"primaryImageOfPage":{"@id":"https:\/\/my-french-grocery.com\/de\/produkt\/einfacher-basmatireis-taureau-aile\/#primaryimage"},"image":{"@id":"https:\/\/my-french-grocery.com\/de\/produkt\/einfacher-basmatireis-taureau-aile\/#primaryimage"},"thumbnailUrl":"https:\/\/my-french-grocery.com\/wp-content\/uploads\/2024\/02\/Naturally-flavored-basmati-rice.webp","datePublished":"2024-02-29T16:16:43+00:00","dateModified":"2024-02-29T17:14:29+00:00","description":"Einfacher Basmatireis Taureau Ail\u00e9 - Schachtel mit 250 g - Mit seiner Expertise bei der Auswahl des besten Reises bietet Ihnen Taureau Ail\u00e9 \u200b\u200b\u200b\u200bein Rezept auf Basis von nat\u00fcrlich duftendem Basmatireis","breadcrumb":{"@id":"https:\/\/my-french-grocery.com\/de\/produkt\/einfacher-basmatireis-taureau-aile\/#breadcrumb"},"inLanguage":"de-DE","potentialAction":[{"@type":"ReadAction","target":["https:\/\/my-french-grocery.com\/de\/produkt\/einfacher-basmatireis-taureau-aile\/"]}]},{"@type":"ImageObject","inLanguage":"de-DE","@id":"https:\/\/my-french-grocery.com\/de\/produkt\/einfacher-basmatireis-taureau-aile\/#primaryimage","url":"https:\/\/my-french-grocery.com\/wp-content\/uploads\/2024\/02\/Naturally-flavored-basmati-rice.webp","contentUrl":"https:\/\/my-french-grocery.com\/wp-content\/uploads\/2024\/02\/Naturally-flavored-basmati-rice.webp","width":1200,"height":1200,"caption":"Einfacher Basmatireis Taureau Ail\u00e9"},{"@type":"BreadcrumbList","@id":"https:\/\/my-french-grocery.com\/de\/produkt\/einfacher-basmatireis-taureau-aile\/#breadcrumb","itemListElement":[{"@type":"ListItem","position":1,"name":"Home","item":"https:\/\/my-french-grocery.com\/de\/shopping-seite\/"},{"@type":"ListItem","position":2,"name":"Shop","item":"https:\/\/my-french-grocery.com\/shop\/"},{"@type":"ListItem","position":3,"name":"Nudeln, Reis, Maische, Getreide","item":"https:\/\/my-french-grocery.com\/de\/produkt-kategorie\/nudeln-reis-maische-getreide\/"},{"@type":"ListItem","position":4,"name":"Einfacher Basmatireis Taureau Ail\u00e9"}]},{"@type":"WebSite","@id":"https:\/\/my-french-grocery.com\/de\/#website","url":"https:\/\/my-french-grocery.com\/de\/","name":"My French Grocery","description":"Your Online French Grocery  !","publisher":{"@id":"https:\/\/my-french-grocery.com\/de\/#organization"},"potentialAction":[{"@type":"SearchAction","target":{"@type":"EntryPoint","urlTemplate":"https:\/\/my-french-grocery.com\/de\/?s={search_term_string}"},"query-input":{"@type":"PropertyValueSpecification","valueRequired":true,"valueName":"search_term_string"}}],"inLanguage":"de-DE"},{"@type":"Organization","@id":"https:\/\/my-french-grocery.com\/de\/#organization","name":"MY FRENCH GROCERY","url":"https:\/\/my-french-grocery.com\/de\/","logo":{"@type":"ImageObject","inLanguage":"de-DE","@id":"https:\/\/my-french-grocery.com\/de\/#\/schema\/logo\/image\/","url":"https:\/\/my-french-grocery.com\/wp-content\/uploads\/2021\/11\/My-French-Grocery-Online-French-Grocery.png","contentUrl":"https:\/\/my-french-grocery.com\/wp-content\/uploads\/2021\/11\/My-French-Grocery-Online-French-Grocery.png","width":100,"height":100,"caption":"MY FRENCH GROCERY"},"image":{"@id":"https:\/\/my-french-grocery.com\/de\/#\/schema\/logo\/image\/"},"sameAs":["https:\/\/www.facebook.com\/myfrenchgrocery\/"]}]}},"brands":[{"id":3531,"name":"Taureau Ail\u00e9","slug":"taureau-aile-de"}],"_links":{"self":[{"href":"https:\/\/my-french-grocery.com\/de\/wp-json\/wp\/v2\/product\/39050","targetHints":{"allow":["GET"]}}],"collection":[{"href":"https:\/\/my-french-grocery.com\/de\/wp-json\/wp\/v2\/product"}],"about":[{"href":"https:\/\/my-french-grocery.com\/de\/wp-json\/wp\/v2\/types\/product"}],"replies":[{"embeddable":true,"href":"https:\/\/my-french-grocery.com\/de\/wp-json\/wp\/v2\/comments?post=39050"}],"wp:featuredmedia":[{"embeddable":true,"href":"https:\/\/my-french-grocery.com\/de\/wp-json\/wp\/v2\/media\/39057"}],"wp:attachment":[{"href":"https:\/\/my-french-grocery.com\/de\/wp-json\/wp\/v2\/media?parent=39050"}],"wp:term":[{"taxonomy":"pwb-brand","embeddable":true,"href":"https:\/\/my-french-grocery.com\/de\/wp-json\/wp\/v2\/pwb-brand?post=39050"},{"taxonomy":"product_brand","embeddable":true,"href":"https:\/\/my-french-grocery.com\/de\/wp-json\/wp\/v2\/product_brand?post=39050"},{"taxonomy":"product_cat","embeddable":true,"href":"https:\/\/my-french-grocery.com\/de\/wp-json\/wp\/v2\/product_cat?post=39050"},{"taxonomy":"product_tag","embeddable":true,"href":"https:\/\/my-french-grocery.com\/de\/wp-json\/wp\/v2\/product_tag?post=39050"}],"curies":[{"name":"wp","href":"https:\/\/api.w.org\/{rel}","templated":true}]}}