{"id":39800,"date":"2018-05-26T18:32:05","date_gmt":"2024-04-17T16:32:06","guid":{"rendered":"https:\/\/my-french-grocery.com\/?post_type=product&#038;p=39800"},"modified":"2024-04-17T18:38:43","modified_gmt":"2024-04-17T16:38:43","slug":"bonne-maman-bitterorangen-marmelade-copy","status":"publish","type":"product","link":"https:\/\/my-french-grocery.com\/de\/produkt\/bonne-maman-bitterorangen-marmelade-copy\/","title":{"rendered":"Bonne Maman Quittengelee"},"content":{"rendered":"<p>Bonne Maman Quittengelee<\/p>\n<p>370 g Glas<\/p>\n<p>Dank seines unnachahmlichen Know-hows und der Qualit\u00e4t seiner Zutaten bietet Ihnen Bonne Maman das Beste aus Fruchtgelee durch authentische und Gourmet-Rezepte, f\u00fcr Ihr gr\u00f6\u00dftes Vergn\u00fcgen, ganz einfach! Entdecken Sie die zarten Gelees von Bonne Maman mit einer glatten und schmelzenden Textur. Zum Genie\u00dfen als Aufstrich zum Fr\u00fchst\u00fcck oder als Snack.<\/p>\n","protected":false},"excerpt":{"rendered":"<p>Bonne Maman Quittengelee<\/p>\n<p>370 g Glas<\/p>\n","protected":false},"featured_media":39807,"comment_status":"open","ping_status":"closed","template":"","meta":[],"pwb-brand":[2185],"product_brand":[],"product_cat":[2186],"product_tag":[3555,3625],"class_list":{"0":"post-39800","1":"product","2":"type-product","3":"status-publish","4":"has-post-thumbnail","6":"pwb-brand-bonne-maman-de","7":"product_cat-marmelade","8":"product_tag-gelee-de","9":"product_tag-quitten","10":"product_shipping_class-internationaler-versand","12":"first","13":"instock","14":"taxable","15":"shipping-taxable","16":"purchasable","17":"product-type-simple"},"brands":[{"id":2185,"name":"Bonne Maman","slug":"bonne-maman-de"}],"_links":{"self":[{"href":"https:\/\/my-french-grocery.com\/de\/wp-json\/wp\/v2\/product\/39800","targetHints":{"allow":["GET"]}}],"collection":[{"href":"https:\/\/my-french-grocery.com\/de\/wp-json\/wp\/v2\/product"}],"about":[{"href":"https:\/\/my-french-grocery.com\/de\/wp-json\/wp\/v2\/types\/product"}],"replies":[{"embeddable":true,"href":"https:\/\/my-french-grocery.com\/de\/wp-json\/wp\/v2\/comments?post=39800"}],"wp:featuredmedia":[{"embeddable":true,"href":"https:\/\/my-french-grocery.com\/de\/wp-json\/wp\/v2\/media\/39807"}],"wp:attachment":[{"href":"https:\/\/my-french-grocery.com\/de\/wp-json\/wp\/v2\/media?parent=39800"}],"wp:term":[{"taxonomy":"pwb-brand","embeddable":true,"href":"https:\/\/my-french-grocery.com\/de\/wp-json\/wp\/v2\/pwb-brand?post=39800"},{"taxonomy":"product_brand","embeddable":true,"href":"https:\/\/my-french-grocery.com\/de\/wp-json\/wp\/v2\/product_brand?post=39800"},{"taxonomy":"product_cat","embeddable":true,"href":"https:\/\/my-french-grocery.com\/de\/wp-json\/wp\/v2\/product_cat?post=39800"},{"taxonomy":"product_tag","embeddable":true,"href":"https:\/\/my-french-grocery.com\/de\/wp-json\/wp\/v2\/product_tag?post=39800"}],"curies":[{"name":"wp","href":"https:\/\/api.w.org\/{rel}","templated":true}]}}