{"id":39968,"date":"2024-04-29T17:19:42","date_gmt":"2024-04-29T15:19:42","guid":{"rendered":"https:\/\/my-french-grocery.com\/?post_type=product&#038;p=39968"},"modified":"2024-10-11T11:23:11","modified_gmt":"2024-10-11T09:23:11","slug":"schokoriegel-mit-erdnuss-karamellfuellung-snickers","status":"publish","type":"product","link":"https:\/\/my-french-grocery.com\/de\/produkt\/schokoriegel-mit-erdnuss-karamellfuellung-snickers\/","title":{"rendered":"Schokoriegel Mit Erdnuss &#038; Karamellf\u00fcllung Snickers"},"content":{"rendered":"<p>Schokoriegel Mit Erdnuss &amp; Karamellf\u00fcllung Snickers<\/p>\n<div class=\"pdp-card__header--text\">\n<p class=\"product-title__packaging c-text c-text--size-m c-text--style-p\">500g-Packung<\/p>\n<\/div>\n<div>SNICKERS\u00ae-Riegel sind mit k\u00f6stlicher Milchschokolade \u00fcberzogen und bestehen aus ger\u00f6steten Erdn\u00fcssen, k\u00f6stlichem Nougat und schmelzendem Karamell.<\/div>\n","protected":false},"excerpt":{"rendered":"<p>Schokoriegel Mit Erdnuss &amp; Karamellf\u00fcllung Snickers<\/p>\n<div class=\"pdp-card__header--text\">\n<p class=\"product-title__packaging c-text c-text--size-m c-text--style-p\">500g-Packung<\/p>\n<\/div>\n<div><\/div>\n","protected":false},"featured_media":39975,"comment_status":"open","ping_status":"closed","template":"","meta":[],"pwb-brand":[],"product_brand":[],"product_cat":[2245,2113],"product_tag":[3650],"class_list":{"0":"post-39968","1":"product","2":"type-product","3":"status-publish","4":"has-post-thumbnail","6":"product_cat-schokolade","7":"product_cat-bonbons-de","8":"product_tag-snickers-de","9":"product_shipping_class-internationaler-versand","11":"first","12":"instock","13":"taxable","14":"shipping-taxable","15":"purchasable","16":"product-type-simple"},"yoast_head":"<!-- This site is optimized with the Yoast SEO plugin v27.3 - https:\/\/yoast.com\/product\/yoast-seo-wordpress\/ -->\n<title>Schokoriegel Mit Erdnuss &amp; Karamellf\u00fcllung Snickers | Online Kaufen | My French Grocery<\/title>\n<meta name=\"description\" content=\"Schokoriegel Mit Erdnuss &amp; Karamellf\u00fcllung Snickers - 500g-Packung - SNICKERS\u00ae-Riegel sind mit k\u00f6stlicher Milchschokolade \u00fcberzogen und bestehen aus ger\u00f6steten Erdn\u00fcssen\" \/>\n<meta name=\"robots\" content=\"index, follow, max-snippet:-1, max-image-preview:large, max-video-preview:-1\" \/>\n<link rel=\"canonical\" href=\"https:\/\/my-french-grocery.com\/de\/produkt\/schokoriegel-mit-erdnuss-karamellfuellung-snickers\/\" \/>\n<meta property=\"og:locale\" content=\"de_DE\" \/>\n<meta property=\"og:type\" content=\"article\" \/>\n<meta property=\"og:title\" content=\"Schokoriegel Mit Erdnuss &amp; Karamellf\u00fcllung Snickers | Online Kaufen | My French Grocery\" \/>\n<meta property=\"og:description\" content=\"Schokoriegel Mit Erdnuss &amp; Karamellf\u00fcllung Snickers - 500g-Packung - SNICKERS\u00ae-Riegel sind mit k\u00f6stlicher Milchschokolade \u00fcberzogen und bestehen aus ger\u00f6steten Erdn\u00fcssen\" \/>\n<meta property=\"og:url\" content=\"https:\/\/my-french-grocery.com\/de\/produkt\/schokoriegel-mit-erdnuss-karamellfuellung-snickers\/\" \/>\n<meta property=\"og:site_name\" content=\"My French Grocery\" \/>\n<meta property=\"article:publisher\" content=\"https:\/\/www.facebook.com\/myfrenchgrocery\/\" \/>\n<meta property=\"article:modified_time\" content=\"2024-10-11T09:23:11+00:00\" \/>\n<meta property=\"og:image\" content=\"https:\/\/my-french-grocery.com\/wp-content\/uploads\/2024\/04\/Snickers.jpg\" \/>\n\t<meta property=\"og:image:width\" content=\"700\" \/>\n\t<meta property=\"og:image:height\" content=\"700\" \/>\n\t<meta property=\"og:image:type\" content=\"image\/jpeg\" \/>\n<meta name=\"twitter:card\" content=\"summary_large_image\" \/>\n<meta name=\"twitter:label1\" content=\"Gesch\u00e4tzte Lesezeit\" \/>\n\t<meta name=\"twitter:data1\" content=\"1 minute\" \/>\n<script type=\"application\/ld+json\" class=\"yoast-schema-graph\">{\"@context\":\"https:\\\/\\\/schema.org\",\"@graph\":[{\"@type\":\"WebPage\",\"@id\":\"https:\\\/\\\/my-french-grocery.com\\\/de\\\/produkt\\\/schokoriegel-mit-erdnuss-karamellfuellung-snickers\\\/\",\"url\":\"https:\\\/\\\/my-french-grocery.com\\\/de\\\/produkt\\\/schokoriegel-mit-erdnuss-karamellfuellung-snickers\\\/\",\"name\":\"Schokoriegel Mit Erdnuss & Karamellf\u00fcllung Snickers | Online Kaufen | My French Grocery\",\"isPartOf\":{\"@id\":\"https:\\\/\\\/my-french-grocery.com\\\/de\\\/#website\"},\"primaryImageOfPage\":{\"@id\":\"https:\\\/\\\/my-french-grocery.com\\\/de\\\/produkt\\\/schokoriegel-mit-erdnuss-karamellfuellung-snickers\\\/#primaryimage\"},\"image\":{\"@id\":\"https:\\\/\\\/my-french-grocery.com\\\/de\\\/produkt\\\/schokoriegel-mit-erdnuss-karamellfuellung-snickers\\\/#primaryimage\"},\"thumbnailUrl\":\"https:\\\/\\\/my-french-grocery.com\\\/wp-content\\\/uploads\\\/2024\\\/04\\\/Snickers.jpg\",\"datePublished\":\"2024-04-29T15:19:42+00:00\",\"dateModified\":\"2024-10-11T09:23:11+00:00\",\"description\":\"Schokoriegel Mit Erdnuss & Karamellf\u00fcllung Snickers - 500g-Packung - SNICKERS\u00ae-Riegel sind mit k\u00f6stlicher Milchschokolade \u00fcberzogen und bestehen aus ger\u00f6steten Erdn\u00fcssen\",\"breadcrumb\":{\"@id\":\"https:\\\/\\\/my-french-grocery.com\\\/de\\\/produkt\\\/schokoriegel-mit-erdnuss-karamellfuellung-snickers\\\/#breadcrumb\"},\"inLanguage\":\"de-DE\",\"potentialAction\":[{\"@type\":\"ReadAction\",\"target\":[\"https:\\\/\\\/my-french-grocery.com\\\/de\\\/produkt\\\/schokoriegel-mit-erdnuss-karamellfuellung-snickers\\\/\"]}]},{\"@type\":\"ImageObject\",\"inLanguage\":\"de-DE\",\"@id\":\"https:\\\/\\\/my-french-grocery.com\\\/de\\\/produkt\\\/schokoriegel-mit-erdnuss-karamellfuellung-snickers\\\/#primaryimage\",\"url\":\"https:\\\/\\\/my-french-grocery.com\\\/wp-content\\\/uploads\\\/2024\\\/04\\\/Snickers.jpg\",\"contentUrl\":\"https:\\\/\\\/my-french-grocery.com\\\/wp-content\\\/uploads\\\/2024\\\/04\\\/Snickers.jpg\",\"width\":700,\"height\":700,\"caption\":\"Schokoriegel Mit Erdnuss & Karamellf\u00fcllung Snickers\"},{\"@type\":\"BreadcrumbList\",\"@id\":\"https:\\\/\\\/my-french-grocery.com\\\/de\\\/produkt\\\/schokoriegel-mit-erdnuss-karamellfuellung-snickers\\\/#breadcrumb\",\"itemListElement\":[{\"@type\":\"ListItem\",\"position\":1,\"name\":\"Home\",\"item\":\"https:\\\/\\\/my-french-grocery.com\\\/de\\\/shopping-seite\\\/\"},{\"@type\":\"ListItem\",\"position\":2,\"name\":\"Shop\",\"item\":\"https:\\\/\\\/my-french-grocery.com\\\/shop\\\/\"},{\"@type\":\"ListItem\",\"position\":3,\"name\":\"Lebensmittel\",\"item\":\"https:\\\/\\\/my-french-grocery.com\\\/de\\\/produkt-kategorie\\\/lebensmittel\\\/\"},{\"@type\":\"ListItem\",\"position\":4,\"name\":\"S\u00fc\u00dfigkeiten &amp; Schokolade\",\"item\":\"https:\\\/\\\/my-french-grocery.com\\\/de\\\/produkt-kategorie\\\/suessigkeiten-schokolade\\\/\"},{\"@type\":\"ListItem\",\"position\":5,\"name\":\"S\u00fc\u00dfigkeiten\",\"item\":\"https:\\\/\\\/my-french-grocery.com\\\/de\\\/produkt-kategorie\\\/bonbons-de\\\/\"},{\"@type\":\"ListItem\",\"position\":6,\"name\":\"Schokoriegel Mit Erdnuss &#038; Karamellf\u00fcllung Snickers\"}]},{\"@type\":\"WebSite\",\"@id\":\"https:\\\/\\\/my-french-grocery.com\\\/de\\\/#website\",\"url\":\"https:\\\/\\\/my-french-grocery.com\\\/de\\\/\",\"name\":\"My French Grocery\",\"description\":\"Your Online French Grocery  !\",\"publisher\":{\"@id\":\"https:\\\/\\\/my-french-grocery.com\\\/de\\\/#organization\"},\"potentialAction\":[{\"@type\":\"SearchAction\",\"target\":{\"@type\":\"EntryPoint\",\"urlTemplate\":\"https:\\\/\\\/my-french-grocery.com\\\/de\\\/?s={search_term_string}\"},\"query-input\":{\"@type\":\"PropertyValueSpecification\",\"valueRequired\":true,\"valueName\":\"search_term_string\"}}],\"inLanguage\":\"de-DE\"},{\"@type\":\"Organization\",\"@id\":\"https:\\\/\\\/my-french-grocery.com\\\/de\\\/#organization\",\"name\":\"MY FRENCH GROCERY\",\"url\":\"https:\\\/\\\/my-french-grocery.com\\\/de\\\/\",\"logo\":{\"@type\":\"ImageObject\",\"inLanguage\":\"de-DE\",\"@id\":\"https:\\\/\\\/my-french-grocery.com\\\/de\\\/#\\\/schema\\\/logo\\\/image\\\/\",\"url\":\"https:\\\/\\\/my-french-grocery.com\\\/wp-content\\\/uploads\\\/2021\\\/11\\\/My-French-Grocery-Online-French-Grocery.png\",\"contentUrl\":\"https:\\\/\\\/my-french-grocery.com\\\/wp-content\\\/uploads\\\/2021\\\/11\\\/My-French-Grocery-Online-French-Grocery.png\",\"width\":100,\"height\":100,\"caption\":\"MY FRENCH GROCERY\"},\"image\":{\"@id\":\"https:\\\/\\\/my-french-grocery.com\\\/de\\\/#\\\/schema\\\/logo\\\/image\\\/\"},\"sameAs\":[\"https:\\\/\\\/www.facebook.com\\\/myfrenchgrocery\\\/\"]}]}<\/script>\n<!-- \/ Yoast SEO plugin. -->","yoast_head_json":{"title":"Schokoriegel Mit Erdnuss & Karamellf\u00fcllung Snickers | Online Kaufen | My French Grocery","description":"Schokoriegel Mit Erdnuss & Karamellf\u00fcllung Snickers - 500g-Packung - SNICKERS\u00ae-Riegel sind mit k\u00f6stlicher Milchschokolade \u00fcberzogen und bestehen aus ger\u00f6steten Erdn\u00fcssen","robots":{"index":"index","follow":"follow","max-snippet":"max-snippet:-1","max-image-preview":"max-image-preview:large","max-video-preview":"max-video-preview:-1"},"canonical":"https:\/\/my-french-grocery.com\/de\/produkt\/schokoriegel-mit-erdnuss-karamellfuellung-snickers\/","og_locale":"de_DE","og_type":"article","og_title":"Schokoriegel Mit Erdnuss & Karamellf\u00fcllung Snickers | Online Kaufen | My French Grocery","og_description":"Schokoriegel Mit Erdnuss & Karamellf\u00fcllung Snickers - 500g-Packung - SNICKERS\u00ae-Riegel sind mit k\u00f6stlicher Milchschokolade \u00fcberzogen und bestehen aus ger\u00f6steten Erdn\u00fcssen","og_url":"https:\/\/my-french-grocery.com\/de\/produkt\/schokoriegel-mit-erdnuss-karamellfuellung-snickers\/","og_site_name":"My French Grocery","article_publisher":"https:\/\/www.facebook.com\/myfrenchgrocery\/","article_modified_time":"2024-10-11T09:23:11+00:00","og_image":[{"width":700,"height":700,"url":"https:\/\/my-french-grocery.com\/wp-content\/uploads\/2024\/04\/Snickers.jpg","type":"image\/jpeg"}],"twitter_card":"summary_large_image","twitter_misc":{"Gesch\u00e4tzte Lesezeit":"1 minute"},"schema":{"@context":"https:\/\/schema.org","@graph":[{"@type":"WebPage","@id":"https:\/\/my-french-grocery.com\/de\/produkt\/schokoriegel-mit-erdnuss-karamellfuellung-snickers\/","url":"https:\/\/my-french-grocery.com\/de\/produkt\/schokoriegel-mit-erdnuss-karamellfuellung-snickers\/","name":"Schokoriegel Mit Erdnuss & Karamellf\u00fcllung Snickers | Online Kaufen | My French Grocery","isPartOf":{"@id":"https:\/\/my-french-grocery.com\/de\/#website"},"primaryImageOfPage":{"@id":"https:\/\/my-french-grocery.com\/de\/produkt\/schokoriegel-mit-erdnuss-karamellfuellung-snickers\/#primaryimage"},"image":{"@id":"https:\/\/my-french-grocery.com\/de\/produkt\/schokoriegel-mit-erdnuss-karamellfuellung-snickers\/#primaryimage"},"thumbnailUrl":"https:\/\/my-french-grocery.com\/wp-content\/uploads\/2024\/04\/Snickers.jpg","datePublished":"2024-04-29T15:19:42+00:00","dateModified":"2024-10-11T09:23:11+00:00","description":"Schokoriegel Mit Erdnuss & Karamellf\u00fcllung Snickers - 500g-Packung - SNICKERS\u00ae-Riegel sind mit k\u00f6stlicher Milchschokolade \u00fcberzogen und bestehen aus ger\u00f6steten Erdn\u00fcssen","breadcrumb":{"@id":"https:\/\/my-french-grocery.com\/de\/produkt\/schokoriegel-mit-erdnuss-karamellfuellung-snickers\/#breadcrumb"},"inLanguage":"de-DE","potentialAction":[{"@type":"ReadAction","target":["https:\/\/my-french-grocery.com\/de\/produkt\/schokoriegel-mit-erdnuss-karamellfuellung-snickers\/"]}]},{"@type":"ImageObject","inLanguage":"de-DE","@id":"https:\/\/my-french-grocery.com\/de\/produkt\/schokoriegel-mit-erdnuss-karamellfuellung-snickers\/#primaryimage","url":"https:\/\/my-french-grocery.com\/wp-content\/uploads\/2024\/04\/Snickers.jpg","contentUrl":"https:\/\/my-french-grocery.com\/wp-content\/uploads\/2024\/04\/Snickers.jpg","width":700,"height":700,"caption":"Schokoriegel Mit Erdnuss & Karamellf\u00fcllung Snickers"},{"@type":"BreadcrumbList","@id":"https:\/\/my-french-grocery.com\/de\/produkt\/schokoriegel-mit-erdnuss-karamellfuellung-snickers\/#breadcrumb","itemListElement":[{"@type":"ListItem","position":1,"name":"Home","item":"https:\/\/my-french-grocery.com\/de\/shopping-seite\/"},{"@type":"ListItem","position":2,"name":"Shop","item":"https:\/\/my-french-grocery.com\/shop\/"},{"@type":"ListItem","position":3,"name":"Lebensmittel","item":"https:\/\/my-french-grocery.com\/de\/produkt-kategorie\/lebensmittel\/"},{"@type":"ListItem","position":4,"name":"S\u00fc\u00dfigkeiten &amp; Schokolade","item":"https:\/\/my-french-grocery.com\/de\/produkt-kategorie\/suessigkeiten-schokolade\/"},{"@type":"ListItem","position":5,"name":"S\u00fc\u00dfigkeiten","item":"https:\/\/my-french-grocery.com\/de\/produkt-kategorie\/bonbons-de\/"},{"@type":"ListItem","position":6,"name":"Schokoriegel Mit Erdnuss &#038; Karamellf\u00fcllung Snickers"}]},{"@type":"WebSite","@id":"https:\/\/my-french-grocery.com\/de\/#website","url":"https:\/\/my-french-grocery.com\/de\/","name":"My French Grocery","description":"Your Online French Grocery  !","publisher":{"@id":"https:\/\/my-french-grocery.com\/de\/#organization"},"potentialAction":[{"@type":"SearchAction","target":{"@type":"EntryPoint","urlTemplate":"https:\/\/my-french-grocery.com\/de\/?s={search_term_string}"},"query-input":{"@type":"PropertyValueSpecification","valueRequired":true,"valueName":"search_term_string"}}],"inLanguage":"de-DE"},{"@type":"Organization","@id":"https:\/\/my-french-grocery.com\/de\/#organization","name":"MY FRENCH GROCERY","url":"https:\/\/my-french-grocery.com\/de\/","logo":{"@type":"ImageObject","inLanguage":"de-DE","@id":"https:\/\/my-french-grocery.com\/de\/#\/schema\/logo\/image\/","url":"https:\/\/my-french-grocery.com\/wp-content\/uploads\/2021\/11\/My-French-Grocery-Online-French-Grocery.png","contentUrl":"https:\/\/my-french-grocery.com\/wp-content\/uploads\/2021\/11\/My-French-Grocery-Online-French-Grocery.png","width":100,"height":100,"caption":"MY FRENCH GROCERY"},"image":{"@id":"https:\/\/my-french-grocery.com\/de\/#\/schema\/logo\/image\/"},"sameAs":["https:\/\/www.facebook.com\/myfrenchgrocery\/"]}]}},"brands":[],"_links":{"self":[{"href":"https:\/\/my-french-grocery.com\/de\/wp-json\/wp\/v2\/product\/39968","targetHints":{"allow":["GET"]}}],"collection":[{"href":"https:\/\/my-french-grocery.com\/de\/wp-json\/wp\/v2\/product"}],"about":[{"href":"https:\/\/my-french-grocery.com\/de\/wp-json\/wp\/v2\/types\/product"}],"replies":[{"embeddable":true,"href":"https:\/\/my-french-grocery.com\/de\/wp-json\/wp\/v2\/comments?post=39968"}],"wp:featuredmedia":[{"embeddable":true,"href":"https:\/\/my-french-grocery.com\/de\/wp-json\/wp\/v2\/media\/39975"}],"wp:attachment":[{"href":"https:\/\/my-french-grocery.com\/de\/wp-json\/wp\/v2\/media?parent=39968"}],"wp:term":[{"taxonomy":"pwb-brand","embeddable":true,"href":"https:\/\/my-french-grocery.com\/de\/wp-json\/wp\/v2\/pwb-brand?post=39968"},{"taxonomy":"product_brand","embeddable":true,"href":"https:\/\/my-french-grocery.com\/de\/wp-json\/wp\/v2\/product_brand?post=39968"},{"taxonomy":"product_cat","embeddable":true,"href":"https:\/\/my-french-grocery.com\/de\/wp-json\/wp\/v2\/product_cat?post=39968"},{"taxonomy":"product_tag","embeddable":true,"href":"https:\/\/my-french-grocery.com\/de\/wp-json\/wp\/v2\/product_tag?post=39968"}],"curies":[{"name":"wp","href":"https:\/\/api.w.org\/{rel}","templated":true}]}}