{"id":40267,"date":"2024-05-15T14:14:05","date_gmt":"2024-05-15T12:14:05","guid":{"rendered":"https:\/\/my-french-grocery.com\/?post_type=product&#038;p=40267"},"modified":"2024-05-15T17:10:24","modified_gmt":"2024-05-15T15:10:24","slug":"orange-karotte-zitronensaft-pago","status":"publish","type":"product","link":"https:\/\/my-french-grocery.com\/de\/produkt\/orange-karotte-zitronensaft-pago\/","title":{"rendered":"Orange, Karotte &#038; Zitronensaft Pago"},"content":{"rendered":"<p>Orange, Karotte &amp; Zitronensaft Pago<\/p>\n<p>75cL-Flasche<\/p>\n<div class=\"regulated-name\">\n<p class=\"paragraph\">Tauchen Sie ein in die aufregende Welt der ACE-Reihe. Ein Gourmet-Sortiment bestehend aus einer Kombination einzigartiger, vitaminreicher Fr\u00fcchte. Genie\u00dfen Sie die Freuden von Wonderfruit Life Pago. Als Sch\u00f6pfer von Sensationen und originellen Aromen tun wir alles, um die besten Fr\u00fcchte auszuw\u00e4hlen und intensive Getr\u00e4nke zu kreieren, die Sie w\u00e4hrend Ihrer Gourmetpausen genie\u00dfen k\u00f6nnen.<\/p>\n<\/div>\n","protected":false},"excerpt":{"rendered":"<p>Orange, Karotte &amp; Zitronensaft Pago<\/p>\n<p>75cL-Flasche<\/p>\n","protected":false},"featured_media":40274,"comment_status":"open","ping_status":"closed","template":"","meta":[],"pwb-brand":[3696],"product_brand":[],"product_cat":[2234],"product_tag":[3695,3694],"class_list":{"0":"post-40267","1":"product","2":"type-product","3":"status-publish","4":"has-post-thumbnail","6":"pwb-brand-pago-de","7":"product_cat-wasser-fruchtsafte-limonaden-sirups","8":"product_tag-pago-de","9":"product_tag-saft","10":"product_shipping_class-internationaler-versand","12":"first","13":"instock","14":"taxable","15":"shipping-taxable","16":"purchasable","17":"product-type-simple"},"yoast_head":"<!-- This site is optimized with the Yoast SEO plugin v27.3 - https:\/\/yoast.com\/product\/yoast-seo-wordpress\/ -->\n<title>Orange, Karotte &amp; Zitronensaft Pago | Online Kaufen | My French Grocery<\/title>\n<meta name=\"description\" content=\"Orange, Karotte &amp; Zitronensaft Pago - 75cL-Flasche - Tauchen Sie ein in die aufregende Welt der ACE-Reihe. Ein\" \/>\n<meta name=\"robots\" content=\"index, follow, max-snippet:-1, max-image-preview:large, max-video-preview:-1\" \/>\n<link rel=\"canonical\" href=\"https:\/\/my-french-grocery.com\/de\/produkt\/orange-karotte-zitronensaft-pago\/\" \/>\n<meta property=\"og:locale\" content=\"de_DE\" \/>\n<meta property=\"og:type\" content=\"article\" \/>\n<meta property=\"og:title\" content=\"Orange, Karotte &amp; Zitronensaft Pago | Online Kaufen | My French Grocery\" \/>\n<meta property=\"og:description\" content=\"Orange, Karotte &amp; Zitronensaft Pago - 75cL-Flasche - Tauchen Sie ein in die aufregende Welt der ACE-Reihe. Ein\" \/>\n<meta property=\"og:url\" content=\"https:\/\/my-french-grocery.com\/de\/produkt\/orange-karotte-zitronensaft-pago\/\" \/>\n<meta property=\"og:site_name\" content=\"My French Grocery\" \/>\n<meta property=\"article:publisher\" content=\"https:\/\/www.facebook.com\/myfrenchgrocery\/\" \/>\n<meta property=\"article:modified_time\" content=\"2024-05-15T15:10:24+00:00\" \/>\n<meta property=\"og:image\" content=\"https:\/\/my-french-grocery.com\/wp-content\/uploads\/2024\/05\/Orange-carrot-lemon-drink-ACE-vitamins-Pago.webp\" \/>\n\t<meta property=\"og:image:width\" content=\"1200\" \/>\n\t<meta property=\"og:image:height\" content=\"1200\" \/>\n\t<meta property=\"og:image:type\" content=\"image\/webp\" \/>\n<meta name=\"twitter:card\" content=\"summary_large_image\" \/>\n<meta name=\"twitter:label1\" content=\"Gesch\u00e4tzte Lesezeit\" \/>\n\t<meta name=\"twitter:data1\" content=\"1 minute\" \/>\n<script type=\"application\/ld+json\" class=\"yoast-schema-graph\">{\"@context\":\"https:\\\/\\\/schema.org\",\"@graph\":[{\"@type\":\"WebPage\",\"@id\":\"https:\\\/\\\/my-french-grocery.com\\\/de\\\/produkt\\\/orange-karotte-zitronensaft-pago\\\/\",\"url\":\"https:\\\/\\\/my-french-grocery.com\\\/de\\\/produkt\\\/orange-karotte-zitronensaft-pago\\\/\",\"name\":\"Orange, Karotte & Zitronensaft Pago | Online Kaufen | My French Grocery\",\"isPartOf\":{\"@id\":\"https:\\\/\\\/my-french-grocery.com\\\/de\\\/#website\"},\"primaryImageOfPage\":{\"@id\":\"https:\\\/\\\/my-french-grocery.com\\\/de\\\/produkt\\\/orange-karotte-zitronensaft-pago\\\/#primaryimage\"},\"image\":{\"@id\":\"https:\\\/\\\/my-french-grocery.com\\\/de\\\/produkt\\\/orange-karotte-zitronensaft-pago\\\/#primaryimage\"},\"thumbnailUrl\":\"https:\\\/\\\/my-french-grocery.com\\\/wp-content\\\/uploads\\\/2024\\\/05\\\/Orange-carrot-lemon-drink-ACE-vitamins-Pago.webp\",\"datePublished\":\"2024-05-15T12:14:05+00:00\",\"dateModified\":\"2024-05-15T15:10:24+00:00\",\"description\":\"Orange, Karotte & Zitronensaft Pago - 75cL-Flasche - Tauchen Sie ein in die aufregende Welt der ACE-Reihe. Ein\",\"breadcrumb\":{\"@id\":\"https:\\\/\\\/my-french-grocery.com\\\/de\\\/produkt\\\/orange-karotte-zitronensaft-pago\\\/#breadcrumb\"},\"inLanguage\":\"de-DE\",\"potentialAction\":[{\"@type\":\"ReadAction\",\"target\":[\"https:\\\/\\\/my-french-grocery.com\\\/de\\\/produkt\\\/orange-karotte-zitronensaft-pago\\\/\"]}]},{\"@type\":\"ImageObject\",\"inLanguage\":\"de-DE\",\"@id\":\"https:\\\/\\\/my-french-grocery.com\\\/de\\\/produkt\\\/orange-karotte-zitronensaft-pago\\\/#primaryimage\",\"url\":\"https:\\\/\\\/my-french-grocery.com\\\/wp-content\\\/uploads\\\/2024\\\/05\\\/Orange-carrot-lemon-drink-ACE-vitamins-Pago.webp\",\"contentUrl\":\"https:\\\/\\\/my-french-grocery.com\\\/wp-content\\\/uploads\\\/2024\\\/05\\\/Orange-carrot-lemon-drink-ACE-vitamins-Pago.webp\",\"width\":1200,\"height\":1200,\"caption\":\"Orange, Karotte & Zitronensaft Pago\"},{\"@type\":\"BreadcrumbList\",\"@id\":\"https:\\\/\\\/my-french-grocery.com\\\/de\\\/produkt\\\/orange-karotte-zitronensaft-pago\\\/#breadcrumb\",\"itemListElement\":[{\"@type\":\"ListItem\",\"position\":1,\"name\":\"Home\",\"item\":\"https:\\\/\\\/my-french-grocery.com\\\/de\\\/shopping-seite\\\/\"},{\"@type\":\"ListItem\",\"position\":2,\"name\":\"Shop\",\"item\":\"https:\\\/\\\/my-french-grocery.com\\\/shop\\\/\"},{\"@type\":\"ListItem\",\"position\":3,\"name\":\"Wasser, Fruchts\u00e4fte, Limonaden, Sirupe\",\"item\":\"https:\\\/\\\/my-french-grocery.com\\\/de\\\/produkt-kategorie\\\/wasser-fruchtsafte-limonaden-sirups\\\/\"},{\"@type\":\"ListItem\",\"position\":4,\"name\":\"Orange, Karotte &#038; Zitronensaft Pago\"}]},{\"@type\":\"WebSite\",\"@id\":\"https:\\\/\\\/my-french-grocery.com\\\/de\\\/#website\",\"url\":\"https:\\\/\\\/my-french-grocery.com\\\/de\\\/\",\"name\":\"My French Grocery\",\"description\":\"Your Online French Grocery  !\",\"publisher\":{\"@id\":\"https:\\\/\\\/my-french-grocery.com\\\/de\\\/#organization\"},\"potentialAction\":[{\"@type\":\"SearchAction\",\"target\":{\"@type\":\"EntryPoint\",\"urlTemplate\":\"https:\\\/\\\/my-french-grocery.com\\\/de\\\/?s={search_term_string}\"},\"query-input\":{\"@type\":\"PropertyValueSpecification\",\"valueRequired\":true,\"valueName\":\"search_term_string\"}}],\"inLanguage\":\"de-DE\"},{\"@type\":\"Organization\",\"@id\":\"https:\\\/\\\/my-french-grocery.com\\\/de\\\/#organization\",\"name\":\"MY FRENCH GROCERY\",\"url\":\"https:\\\/\\\/my-french-grocery.com\\\/de\\\/\",\"logo\":{\"@type\":\"ImageObject\",\"inLanguage\":\"de-DE\",\"@id\":\"https:\\\/\\\/my-french-grocery.com\\\/de\\\/#\\\/schema\\\/logo\\\/image\\\/\",\"url\":\"https:\\\/\\\/my-french-grocery.com\\\/wp-content\\\/uploads\\\/2021\\\/11\\\/My-French-Grocery-Online-French-Grocery.png\",\"contentUrl\":\"https:\\\/\\\/my-french-grocery.com\\\/wp-content\\\/uploads\\\/2021\\\/11\\\/My-French-Grocery-Online-French-Grocery.png\",\"width\":100,\"height\":100,\"caption\":\"MY FRENCH GROCERY\"},\"image\":{\"@id\":\"https:\\\/\\\/my-french-grocery.com\\\/de\\\/#\\\/schema\\\/logo\\\/image\\\/\"},\"sameAs\":[\"https:\\\/\\\/www.facebook.com\\\/myfrenchgrocery\\\/\"]}]}<\/script>\n<!-- \/ Yoast SEO plugin. -->","yoast_head_json":{"title":"Orange, Karotte & Zitronensaft Pago | Online Kaufen | My French Grocery","description":"Orange, Karotte & Zitronensaft Pago - 75cL-Flasche - Tauchen Sie ein in die aufregende Welt der ACE-Reihe. Ein","robots":{"index":"index","follow":"follow","max-snippet":"max-snippet:-1","max-image-preview":"max-image-preview:large","max-video-preview":"max-video-preview:-1"},"canonical":"https:\/\/my-french-grocery.com\/de\/produkt\/orange-karotte-zitronensaft-pago\/","og_locale":"de_DE","og_type":"article","og_title":"Orange, Karotte & Zitronensaft Pago | Online Kaufen | My French Grocery","og_description":"Orange, Karotte & Zitronensaft Pago - 75cL-Flasche - Tauchen Sie ein in die aufregende Welt der ACE-Reihe. Ein","og_url":"https:\/\/my-french-grocery.com\/de\/produkt\/orange-karotte-zitronensaft-pago\/","og_site_name":"My French Grocery","article_publisher":"https:\/\/www.facebook.com\/myfrenchgrocery\/","article_modified_time":"2024-05-15T15:10:24+00:00","og_image":[{"width":1200,"height":1200,"url":"https:\/\/my-french-grocery.com\/wp-content\/uploads\/2024\/05\/Orange-carrot-lemon-drink-ACE-vitamins-Pago.webp","type":"image\/webp"}],"twitter_card":"summary_large_image","twitter_misc":{"Gesch\u00e4tzte Lesezeit":"1 minute"},"schema":{"@context":"https:\/\/schema.org","@graph":[{"@type":"WebPage","@id":"https:\/\/my-french-grocery.com\/de\/produkt\/orange-karotte-zitronensaft-pago\/","url":"https:\/\/my-french-grocery.com\/de\/produkt\/orange-karotte-zitronensaft-pago\/","name":"Orange, Karotte & Zitronensaft Pago | Online Kaufen | My French Grocery","isPartOf":{"@id":"https:\/\/my-french-grocery.com\/de\/#website"},"primaryImageOfPage":{"@id":"https:\/\/my-french-grocery.com\/de\/produkt\/orange-karotte-zitronensaft-pago\/#primaryimage"},"image":{"@id":"https:\/\/my-french-grocery.com\/de\/produkt\/orange-karotte-zitronensaft-pago\/#primaryimage"},"thumbnailUrl":"https:\/\/my-french-grocery.com\/wp-content\/uploads\/2024\/05\/Orange-carrot-lemon-drink-ACE-vitamins-Pago.webp","datePublished":"2024-05-15T12:14:05+00:00","dateModified":"2024-05-15T15:10:24+00:00","description":"Orange, Karotte & Zitronensaft Pago - 75cL-Flasche - Tauchen Sie ein in die aufregende Welt der ACE-Reihe. Ein","breadcrumb":{"@id":"https:\/\/my-french-grocery.com\/de\/produkt\/orange-karotte-zitronensaft-pago\/#breadcrumb"},"inLanguage":"de-DE","potentialAction":[{"@type":"ReadAction","target":["https:\/\/my-french-grocery.com\/de\/produkt\/orange-karotte-zitronensaft-pago\/"]}]},{"@type":"ImageObject","inLanguage":"de-DE","@id":"https:\/\/my-french-grocery.com\/de\/produkt\/orange-karotte-zitronensaft-pago\/#primaryimage","url":"https:\/\/my-french-grocery.com\/wp-content\/uploads\/2024\/05\/Orange-carrot-lemon-drink-ACE-vitamins-Pago.webp","contentUrl":"https:\/\/my-french-grocery.com\/wp-content\/uploads\/2024\/05\/Orange-carrot-lemon-drink-ACE-vitamins-Pago.webp","width":1200,"height":1200,"caption":"Orange, Karotte & Zitronensaft Pago"},{"@type":"BreadcrumbList","@id":"https:\/\/my-french-grocery.com\/de\/produkt\/orange-karotte-zitronensaft-pago\/#breadcrumb","itemListElement":[{"@type":"ListItem","position":1,"name":"Home","item":"https:\/\/my-french-grocery.com\/de\/shopping-seite\/"},{"@type":"ListItem","position":2,"name":"Shop","item":"https:\/\/my-french-grocery.com\/shop\/"},{"@type":"ListItem","position":3,"name":"Wasser, Fruchts\u00e4fte, Limonaden, Sirupe","item":"https:\/\/my-french-grocery.com\/de\/produkt-kategorie\/wasser-fruchtsafte-limonaden-sirups\/"},{"@type":"ListItem","position":4,"name":"Orange, Karotte &#038; Zitronensaft Pago"}]},{"@type":"WebSite","@id":"https:\/\/my-french-grocery.com\/de\/#website","url":"https:\/\/my-french-grocery.com\/de\/","name":"My French Grocery","description":"Your Online French Grocery  !","publisher":{"@id":"https:\/\/my-french-grocery.com\/de\/#organization"},"potentialAction":[{"@type":"SearchAction","target":{"@type":"EntryPoint","urlTemplate":"https:\/\/my-french-grocery.com\/de\/?s={search_term_string}"},"query-input":{"@type":"PropertyValueSpecification","valueRequired":true,"valueName":"search_term_string"}}],"inLanguage":"de-DE"},{"@type":"Organization","@id":"https:\/\/my-french-grocery.com\/de\/#organization","name":"MY FRENCH GROCERY","url":"https:\/\/my-french-grocery.com\/de\/","logo":{"@type":"ImageObject","inLanguage":"de-DE","@id":"https:\/\/my-french-grocery.com\/de\/#\/schema\/logo\/image\/","url":"https:\/\/my-french-grocery.com\/wp-content\/uploads\/2021\/11\/My-French-Grocery-Online-French-Grocery.png","contentUrl":"https:\/\/my-french-grocery.com\/wp-content\/uploads\/2021\/11\/My-French-Grocery-Online-French-Grocery.png","width":100,"height":100,"caption":"MY FRENCH GROCERY"},"image":{"@id":"https:\/\/my-french-grocery.com\/de\/#\/schema\/logo\/image\/"},"sameAs":["https:\/\/www.facebook.com\/myfrenchgrocery\/"]}]}},"brands":[{"id":3696,"name":"Pago","slug":"pago-de"}],"_links":{"self":[{"href":"https:\/\/my-french-grocery.com\/de\/wp-json\/wp\/v2\/product\/40267","targetHints":{"allow":["GET"]}}],"collection":[{"href":"https:\/\/my-french-grocery.com\/de\/wp-json\/wp\/v2\/product"}],"about":[{"href":"https:\/\/my-french-grocery.com\/de\/wp-json\/wp\/v2\/types\/product"}],"replies":[{"embeddable":true,"href":"https:\/\/my-french-grocery.com\/de\/wp-json\/wp\/v2\/comments?post=40267"}],"wp:featuredmedia":[{"embeddable":true,"href":"https:\/\/my-french-grocery.com\/de\/wp-json\/wp\/v2\/media\/40274"}],"wp:attachment":[{"href":"https:\/\/my-french-grocery.com\/de\/wp-json\/wp\/v2\/media?parent=40267"}],"wp:term":[{"taxonomy":"pwb-brand","embeddable":true,"href":"https:\/\/my-french-grocery.com\/de\/wp-json\/wp\/v2\/pwb-brand?post=40267"},{"taxonomy":"product_brand","embeddable":true,"href":"https:\/\/my-french-grocery.com\/de\/wp-json\/wp\/v2\/product_brand?post=40267"},{"taxonomy":"product_cat","embeddable":true,"href":"https:\/\/my-french-grocery.com\/de\/wp-json\/wp\/v2\/product_cat?post=40267"},{"taxonomy":"product_tag","embeddable":true,"href":"https:\/\/my-french-grocery.com\/de\/wp-json\/wp\/v2\/product_tag?post=40267"}],"curies":[{"name":"wp","href":"https:\/\/api.w.org\/{rel}","templated":true}]}}