{"id":40492,"date":"2024-05-26T17:52:31","date_gmt":"2024-05-26T15:52:32","guid":{"rendered":"https:\/\/my-french-grocery.com\/?post_type=product&#038;p=40492"},"modified":"2024-05-28T18:21:11","modified_gmt":"2024-05-28T16:21:11","slug":"mit-sheabutter-duschcreme-cadum","status":"publish","type":"product","link":"https:\/\/my-french-grocery.com\/de\/produkt\/mit-sheabutter-duschcreme-cadum\/","title":{"rendered":"Mit Sheabutter Duschcreme Cadum"},"content":{"rendered":"<p>Mit Sheabutter Duschcreme Cadum<\/p>\n<p>450 ml Flasche<\/p>\n<p>Die Surgras-Formel mit Sheabutter, angereichert mit Bio-S\u00fc\u00dfmandel\u00f6l, ist ideal zum Schutz trockener Haut. Es reinigt Ihre Haut sanft und umh\u00fcllt sie mit einem reichhaltigen und gro\u00dfz\u00fcgigen Schaum. Es schenkt Ihnen 24 Stunden lang Pflege und Geschmeidigkeit.<\/p>\n","protected":false},"excerpt":{"rendered":"<p>Mit Sheabutter Duschcreme Cadum<\/p>\n<p>450 ml Flasche<\/p>\n<p>&nbsp;<\/p>\n<p>&nbsp;<\/p>\n","protected":false},"featured_media":40499,"comment_status":"open","ping_status":"closed","template":"","meta":[],"pwb-brand":[3728],"product_brand":[],"product_cat":[2112],"product_tag":[3727,2669],"class_list":{"0":"post-40492","1":"product","2":"type-product","3":"status-publish","4":"has-post-thumbnail","6":"pwb-brand-cadum-de","7":"product_cat-duschgel","8":"product_tag-cadum-de","9":"product_tag-duschgel","11":"first","12":"instock","13":"taxable","14":"shipping-taxable","15":"purchasable","16":"product-type-simple"},"yoast_head":"<!-- This site is optimized with the Yoast SEO plugin v27.3 - https:\/\/yoast.com\/product\/yoast-seo-wordpress\/ -->\n<title>Mit Sheabutter Duschcreme Cadum | Online Kaufen | My French Grocery<\/title>\n<meta name=\"description\" content=\"Mit Sheabutter Duschcreme Cadum - 450 ml Flasche - Die Surgras-Formel mit Sheabutter, angereichert mit Bio-S\u00fc\u00dfmandel\u00f6l\" \/>\n<meta name=\"robots\" content=\"index, follow, max-snippet:-1, max-image-preview:large, max-video-preview:-1\" \/>\n<link rel=\"canonical\" href=\"https:\/\/my-french-grocery.com\/de\/produkt\/mit-sheabutter-duschcreme-cadum\/\" \/>\n<meta property=\"og:locale\" content=\"de_DE\" \/>\n<meta property=\"og:type\" content=\"article\" \/>\n<meta property=\"og:title\" content=\"Mit Sheabutter Duschcreme Cadum | Online Kaufen | My French Grocery\" \/>\n<meta property=\"og:description\" content=\"Mit Sheabutter Duschcreme Cadum - 450 ml Flasche - Die Surgras-Formel mit Sheabutter, angereichert mit Bio-S\u00fc\u00dfmandel\u00f6l\" \/>\n<meta property=\"og:url\" content=\"https:\/\/my-french-grocery.com\/de\/produkt\/mit-sheabutter-duschcreme-cadum\/\" \/>\n<meta property=\"og:site_name\" content=\"My French Grocery\" \/>\n<meta property=\"article:publisher\" content=\"https:\/\/www.facebook.com\/myfrenchgrocery\/\" \/>\n<meta property=\"article:modified_time\" content=\"2024-05-28T16:21:11+00:00\" \/>\n<meta property=\"og:image\" content=\"https:\/\/my-french-grocery.com\/wp-content\/uploads\/2024\/05\/CADUM-Shea-Butter-Shower-Gel-and-Shower-Cream.webp\" \/>\n\t<meta property=\"og:image:width\" content=\"1500\" \/>\n\t<meta property=\"og:image:height\" content=\"1500\" \/>\n\t<meta property=\"og:image:type\" content=\"image\/webp\" \/>\n<meta name=\"twitter:card\" content=\"summary_large_image\" \/>\n<meta name=\"twitter:label1\" content=\"Gesch\u00e4tzte Lesezeit\" \/>\n\t<meta name=\"twitter:data1\" content=\"1 minute\" \/>\n<script type=\"application\/ld+json\" class=\"yoast-schema-graph\">{\"@context\":\"https:\\\/\\\/schema.org\",\"@graph\":[{\"@type\":\"WebPage\",\"@id\":\"https:\\\/\\\/my-french-grocery.com\\\/de\\\/produkt\\\/mit-sheabutter-duschcreme-cadum\\\/\",\"url\":\"https:\\\/\\\/my-french-grocery.com\\\/de\\\/produkt\\\/mit-sheabutter-duschcreme-cadum\\\/\",\"name\":\"Mit Sheabutter Duschcreme Cadum | Online Kaufen | My French Grocery\",\"isPartOf\":{\"@id\":\"https:\\\/\\\/my-french-grocery.com\\\/de\\\/#website\"},\"primaryImageOfPage\":{\"@id\":\"https:\\\/\\\/my-french-grocery.com\\\/de\\\/produkt\\\/mit-sheabutter-duschcreme-cadum\\\/#primaryimage\"},\"image\":{\"@id\":\"https:\\\/\\\/my-french-grocery.com\\\/de\\\/produkt\\\/mit-sheabutter-duschcreme-cadum\\\/#primaryimage\"},\"thumbnailUrl\":\"https:\\\/\\\/my-french-grocery.com\\\/wp-content\\\/uploads\\\/2024\\\/05\\\/CADUM-Shea-Butter-Shower-Gel-and-Shower-Cream.webp\",\"datePublished\":\"2024-05-26T15:52:32+00:00\",\"dateModified\":\"2024-05-28T16:21:11+00:00\",\"description\":\"Mit Sheabutter Duschcreme Cadum - 450 ml Flasche - Die Surgras-Formel mit Sheabutter, angereichert mit Bio-S\u00fc\u00dfmandel\u00f6l\",\"breadcrumb\":{\"@id\":\"https:\\\/\\\/my-french-grocery.com\\\/de\\\/produkt\\\/mit-sheabutter-duschcreme-cadum\\\/#breadcrumb\"},\"inLanguage\":\"de-DE\",\"potentialAction\":[{\"@type\":\"ReadAction\",\"target\":[\"https:\\\/\\\/my-french-grocery.com\\\/de\\\/produkt\\\/mit-sheabutter-duschcreme-cadum\\\/\"]}]},{\"@type\":\"ImageObject\",\"inLanguage\":\"de-DE\",\"@id\":\"https:\\\/\\\/my-french-grocery.com\\\/de\\\/produkt\\\/mit-sheabutter-duschcreme-cadum\\\/#primaryimage\",\"url\":\"https:\\\/\\\/my-french-grocery.com\\\/wp-content\\\/uploads\\\/2024\\\/05\\\/CADUM-Shea-Butter-Shower-Gel-and-Shower-Cream.webp\",\"contentUrl\":\"https:\\\/\\\/my-french-grocery.com\\\/wp-content\\\/uploads\\\/2024\\\/05\\\/CADUM-Shea-Butter-Shower-Gel-and-Shower-Cream.webp\",\"width\":1500,\"height\":1500,\"caption\":\"Mit Sheabutter Duschcreme Cadum\"},{\"@type\":\"BreadcrumbList\",\"@id\":\"https:\\\/\\\/my-french-grocery.com\\\/de\\\/produkt\\\/mit-sheabutter-duschcreme-cadum\\\/#breadcrumb\",\"itemListElement\":[{\"@type\":\"ListItem\",\"position\":1,\"name\":\"Home\",\"item\":\"https:\\\/\\\/my-french-grocery.com\\\/de\\\/shopping-seite\\\/\"},{\"@type\":\"ListItem\",\"position\":2,\"name\":\"Shop\",\"item\":\"https:\\\/\\\/my-french-grocery.com\\\/shop\\\/\"},{\"@type\":\"ListItem\",\"position\":3,\"name\":\"Duschgel\",\"item\":\"https:\\\/\\\/my-french-grocery.com\\\/de\\\/produkt-kategorie\\\/duschgel\\\/\"},{\"@type\":\"ListItem\",\"position\":4,\"name\":\"Mit Sheabutter Duschcreme Cadum\"}]},{\"@type\":\"WebSite\",\"@id\":\"https:\\\/\\\/my-french-grocery.com\\\/de\\\/#website\",\"url\":\"https:\\\/\\\/my-french-grocery.com\\\/de\\\/\",\"name\":\"My French Grocery\",\"description\":\"Your Online French Grocery  !\",\"publisher\":{\"@id\":\"https:\\\/\\\/my-french-grocery.com\\\/de\\\/#organization\"},\"potentialAction\":[{\"@type\":\"SearchAction\",\"target\":{\"@type\":\"EntryPoint\",\"urlTemplate\":\"https:\\\/\\\/my-french-grocery.com\\\/de\\\/?s={search_term_string}\"},\"query-input\":{\"@type\":\"PropertyValueSpecification\",\"valueRequired\":true,\"valueName\":\"search_term_string\"}}],\"inLanguage\":\"de-DE\"},{\"@type\":\"Organization\",\"@id\":\"https:\\\/\\\/my-french-grocery.com\\\/de\\\/#organization\",\"name\":\"MY FRENCH GROCERY\",\"url\":\"https:\\\/\\\/my-french-grocery.com\\\/de\\\/\",\"logo\":{\"@type\":\"ImageObject\",\"inLanguage\":\"de-DE\",\"@id\":\"https:\\\/\\\/my-french-grocery.com\\\/de\\\/#\\\/schema\\\/logo\\\/image\\\/\",\"url\":\"https:\\\/\\\/my-french-grocery.com\\\/wp-content\\\/uploads\\\/2021\\\/11\\\/My-French-Grocery-Online-French-Grocery.png\",\"contentUrl\":\"https:\\\/\\\/my-french-grocery.com\\\/wp-content\\\/uploads\\\/2021\\\/11\\\/My-French-Grocery-Online-French-Grocery.png\",\"width\":100,\"height\":100,\"caption\":\"MY FRENCH GROCERY\"},\"image\":{\"@id\":\"https:\\\/\\\/my-french-grocery.com\\\/de\\\/#\\\/schema\\\/logo\\\/image\\\/\"},\"sameAs\":[\"https:\\\/\\\/www.facebook.com\\\/myfrenchgrocery\\\/\"]}]}<\/script>\n<!-- \/ Yoast SEO plugin. -->","yoast_head_json":{"title":"Mit Sheabutter Duschcreme Cadum | Online Kaufen | My French Grocery","description":"Mit Sheabutter Duschcreme Cadum - 450 ml Flasche - Die Surgras-Formel mit Sheabutter, angereichert mit Bio-S\u00fc\u00dfmandel\u00f6l","robots":{"index":"index","follow":"follow","max-snippet":"max-snippet:-1","max-image-preview":"max-image-preview:large","max-video-preview":"max-video-preview:-1"},"canonical":"https:\/\/my-french-grocery.com\/de\/produkt\/mit-sheabutter-duschcreme-cadum\/","og_locale":"de_DE","og_type":"article","og_title":"Mit Sheabutter Duschcreme Cadum | Online Kaufen | My French Grocery","og_description":"Mit Sheabutter Duschcreme Cadum - 450 ml Flasche - Die Surgras-Formel mit Sheabutter, angereichert mit Bio-S\u00fc\u00dfmandel\u00f6l","og_url":"https:\/\/my-french-grocery.com\/de\/produkt\/mit-sheabutter-duschcreme-cadum\/","og_site_name":"My French Grocery","article_publisher":"https:\/\/www.facebook.com\/myfrenchgrocery\/","article_modified_time":"2024-05-28T16:21:11+00:00","og_image":[{"width":1500,"height":1500,"url":"https:\/\/my-french-grocery.com\/wp-content\/uploads\/2024\/05\/CADUM-Shea-Butter-Shower-Gel-and-Shower-Cream.webp","type":"image\/webp"}],"twitter_card":"summary_large_image","twitter_misc":{"Gesch\u00e4tzte Lesezeit":"1 minute"},"schema":{"@context":"https:\/\/schema.org","@graph":[{"@type":"WebPage","@id":"https:\/\/my-french-grocery.com\/de\/produkt\/mit-sheabutter-duschcreme-cadum\/","url":"https:\/\/my-french-grocery.com\/de\/produkt\/mit-sheabutter-duschcreme-cadum\/","name":"Mit Sheabutter Duschcreme Cadum | Online Kaufen | My French Grocery","isPartOf":{"@id":"https:\/\/my-french-grocery.com\/de\/#website"},"primaryImageOfPage":{"@id":"https:\/\/my-french-grocery.com\/de\/produkt\/mit-sheabutter-duschcreme-cadum\/#primaryimage"},"image":{"@id":"https:\/\/my-french-grocery.com\/de\/produkt\/mit-sheabutter-duschcreme-cadum\/#primaryimage"},"thumbnailUrl":"https:\/\/my-french-grocery.com\/wp-content\/uploads\/2024\/05\/CADUM-Shea-Butter-Shower-Gel-and-Shower-Cream.webp","datePublished":"2024-05-26T15:52:32+00:00","dateModified":"2024-05-28T16:21:11+00:00","description":"Mit Sheabutter Duschcreme Cadum - 450 ml Flasche - Die Surgras-Formel mit Sheabutter, angereichert mit Bio-S\u00fc\u00dfmandel\u00f6l","breadcrumb":{"@id":"https:\/\/my-french-grocery.com\/de\/produkt\/mit-sheabutter-duschcreme-cadum\/#breadcrumb"},"inLanguage":"de-DE","potentialAction":[{"@type":"ReadAction","target":["https:\/\/my-french-grocery.com\/de\/produkt\/mit-sheabutter-duschcreme-cadum\/"]}]},{"@type":"ImageObject","inLanguage":"de-DE","@id":"https:\/\/my-french-grocery.com\/de\/produkt\/mit-sheabutter-duschcreme-cadum\/#primaryimage","url":"https:\/\/my-french-grocery.com\/wp-content\/uploads\/2024\/05\/CADUM-Shea-Butter-Shower-Gel-and-Shower-Cream.webp","contentUrl":"https:\/\/my-french-grocery.com\/wp-content\/uploads\/2024\/05\/CADUM-Shea-Butter-Shower-Gel-and-Shower-Cream.webp","width":1500,"height":1500,"caption":"Mit Sheabutter Duschcreme Cadum"},{"@type":"BreadcrumbList","@id":"https:\/\/my-french-grocery.com\/de\/produkt\/mit-sheabutter-duschcreme-cadum\/#breadcrumb","itemListElement":[{"@type":"ListItem","position":1,"name":"Home","item":"https:\/\/my-french-grocery.com\/de\/shopping-seite\/"},{"@type":"ListItem","position":2,"name":"Shop","item":"https:\/\/my-french-grocery.com\/shop\/"},{"@type":"ListItem","position":3,"name":"Duschgel","item":"https:\/\/my-french-grocery.com\/de\/produkt-kategorie\/duschgel\/"},{"@type":"ListItem","position":4,"name":"Mit Sheabutter Duschcreme Cadum"}]},{"@type":"WebSite","@id":"https:\/\/my-french-grocery.com\/de\/#website","url":"https:\/\/my-french-grocery.com\/de\/","name":"My French Grocery","description":"Your Online French Grocery  !","publisher":{"@id":"https:\/\/my-french-grocery.com\/de\/#organization"},"potentialAction":[{"@type":"SearchAction","target":{"@type":"EntryPoint","urlTemplate":"https:\/\/my-french-grocery.com\/de\/?s={search_term_string}"},"query-input":{"@type":"PropertyValueSpecification","valueRequired":true,"valueName":"search_term_string"}}],"inLanguage":"de-DE"},{"@type":"Organization","@id":"https:\/\/my-french-grocery.com\/de\/#organization","name":"MY FRENCH GROCERY","url":"https:\/\/my-french-grocery.com\/de\/","logo":{"@type":"ImageObject","inLanguage":"de-DE","@id":"https:\/\/my-french-grocery.com\/de\/#\/schema\/logo\/image\/","url":"https:\/\/my-french-grocery.com\/wp-content\/uploads\/2021\/11\/My-French-Grocery-Online-French-Grocery.png","contentUrl":"https:\/\/my-french-grocery.com\/wp-content\/uploads\/2021\/11\/My-French-Grocery-Online-French-Grocery.png","width":100,"height":100,"caption":"MY FRENCH GROCERY"},"image":{"@id":"https:\/\/my-french-grocery.com\/de\/#\/schema\/logo\/image\/"},"sameAs":["https:\/\/www.facebook.com\/myfrenchgrocery\/"]}]}},"brands":[{"id":3728,"name":"Cadum","slug":"cadum-de"}],"_links":{"self":[{"href":"https:\/\/my-french-grocery.com\/de\/wp-json\/wp\/v2\/product\/40492","targetHints":{"allow":["GET"]}}],"collection":[{"href":"https:\/\/my-french-grocery.com\/de\/wp-json\/wp\/v2\/product"}],"about":[{"href":"https:\/\/my-french-grocery.com\/de\/wp-json\/wp\/v2\/types\/product"}],"replies":[{"embeddable":true,"href":"https:\/\/my-french-grocery.com\/de\/wp-json\/wp\/v2\/comments?post=40492"}],"wp:featuredmedia":[{"embeddable":true,"href":"https:\/\/my-french-grocery.com\/de\/wp-json\/wp\/v2\/media\/40499"}],"wp:attachment":[{"href":"https:\/\/my-french-grocery.com\/de\/wp-json\/wp\/v2\/media?parent=40492"}],"wp:term":[{"taxonomy":"pwb-brand","embeddable":true,"href":"https:\/\/my-french-grocery.com\/de\/wp-json\/wp\/v2\/pwb-brand?post=40492"},{"taxonomy":"product_brand","embeddable":true,"href":"https:\/\/my-french-grocery.com\/de\/wp-json\/wp\/v2\/product_brand?post=40492"},{"taxonomy":"product_cat","embeddable":true,"href":"https:\/\/my-french-grocery.com\/de\/wp-json\/wp\/v2\/product_cat?post=40492"},{"taxonomy":"product_tag","embeddable":true,"href":"https:\/\/my-french-grocery.com\/de\/wp-json\/wp\/v2\/product_tag?post=40492"}],"curies":[{"name":"wp","href":"https:\/\/api.w.org\/{rel}","templated":true}]}}