{"id":40545,"date":"2024-05-26T18:46:30","date_gmt":"2024-05-26T16:46:31","guid":{"rendered":"https:\/\/my-french-grocery.com\/?post_type=product&#038;p=40545"},"modified":"2024-05-28T18:23:01","modified_gmt":"2024-05-28T16:23:01","slug":"hypoallergenes-duschgel-fuer-koerper-haare-cadum","status":"publish","type":"product","link":"https:\/\/my-french-grocery.com\/de\/produkt\/hypoallergenes-duschgel-fuer-koerper-haare-cadum\/","title":{"rendered":"Hypoallergenes Duschgel F\u00fcr K\u00f6rper &#038; Haare Cadum"},"content":{"rendered":"<p>Hypoallergenes Duschgel F\u00fcr K\u00f6rper & Haare Cadum<\/p>\n<p>400 ml Flasche<\/p>\n<div class=\"productDetail\">\n<section id=\"description\" class=\"productDetail__section\">\n<div class=\"container container--md\">\n<div class=\"productDetail__section_content\">\n<div class=\"productDetail__content__section\">Hypoallergenes, sulfatfreies K\u00f6rper- und Haargel von Cadum, 400 ml. Bewahrt Ihr Mikrobiom und sorgt f\u00fcr Komfort und Feuchtigkeit. Respektierte Haut.<\/div>\n<\/div>\n<\/div>\n<\/section>\n<\/div>\n<p>\u00a0<\/p>\n<footer id=\"app__footer\" class=\"app__footer\">\n<div class=\"footerPrimary\">\n<div class=\"footerPrimary__container\">\n<div class=\"footerPrimary__logos\"><\/div>\n<\/div>\n<\/div>\n<\/footer>\n<footer id=\"app__footer\" class=\"app__footer\">\n<div class=\"footerPrimary\">\n<div class=\"footerPrimary__container\">\n<div class=\"footerPrimary__logos\"><\/div>\n<\/div>\n<\/div>\n<\/footer>\n","protected":false},"excerpt":{"rendered":"<p>Hypoallergenes Duschgel F\u00fcr K\u00f6rper &amp; Haare Cadum<\/p>\n<p>400 ml Flasche<\/p>\n<div class=\"productDetail\">\n<section id=\"description\" class=\"productDetail__section\">\n<div class=\"container container--md\">\n<div class=\"productDetail__section_content\">\n<div class=\"productDetail__content__section\"><\/div>\n<\/div>\n<\/div>\n<\/section>\n<\/div>\n","protected":false},"featured_media":40552,"comment_status":"open","ping_status":"closed","template":"","meta":[],"pwb-brand":[3728],"product_brand":[],"product_cat":[2112,2201],"product_tag":[3727,2669],"class_list":{"0":"post-40545","1":"product","2":"type-product","3":"status-publish","4":"has-post-thumbnail","6":"pwb-brand-cadum-de","7":"product_cat-duschgel","8":"product_cat-shampoo-de","9":"product_tag-cadum-de","10":"product_tag-duschgel","12":"first","13":"instock","14":"taxable","15":"shipping-taxable","16":"purchasable","17":"product-type-simple"},"brands":[{"id":3728,"name":"Cadum","slug":"cadum-de"}],"_links":{"self":[{"href":"https:\/\/my-french-grocery.com\/de\/wp-json\/wp\/v2\/product\/40545","targetHints":{"allow":["GET"]}}],"collection":[{"href":"https:\/\/my-french-grocery.com\/de\/wp-json\/wp\/v2\/product"}],"about":[{"href":"https:\/\/my-french-grocery.com\/de\/wp-json\/wp\/v2\/types\/product"}],"replies":[{"embeddable":true,"href":"https:\/\/my-french-grocery.com\/de\/wp-json\/wp\/v2\/comments?post=40545"}],"wp:featuredmedia":[{"embeddable":true,"href":"https:\/\/my-french-grocery.com\/de\/wp-json\/wp\/v2\/media\/40552"}],"wp:attachment":[{"href":"https:\/\/my-french-grocery.com\/de\/wp-json\/wp\/v2\/media?parent=40545"}],"wp:term":[{"taxonomy":"pwb-brand","embeddable":true,"href":"https:\/\/my-french-grocery.com\/de\/wp-json\/wp\/v2\/pwb-brand?post=40545"},{"taxonomy":"product_brand","embeddable":true,"href":"https:\/\/my-french-grocery.com\/de\/wp-json\/wp\/v2\/product_brand?post=40545"},{"taxonomy":"product_cat","embeddable":true,"href":"https:\/\/my-french-grocery.com\/de\/wp-json\/wp\/v2\/product_cat?post=40545"},{"taxonomy":"product_tag","embeddable":true,"href":"https:\/\/my-french-grocery.com\/de\/wp-json\/wp\/v2\/product_tag?post=40545"}],"curies":[{"name":"wp","href":"https:\/\/api.w.org\/{rel}","templated":true}]}}