{"id":44663,"date":"2024-11-02T18:38:53","date_gmt":"2024-11-02T16:38:54","guid":{"rendered":"https:\/\/my-french-grocery.com\/?post_type=product&#038;p=44663"},"modified":"2024-11-12T21:13:57","modified_gmt":"2024-11-12T19:13:57","slug":"brathaehnchen-kartoffelpueree-la-cuisine-doceane","status":"publish","type":"product","link":"https:\/\/my-french-grocery.com\/de\/produkt\/brathaehnchen-kartoffelpueree-la-cuisine-doceane\/","title":{"rendered":"Brath\u00e4hnchen &#038; Kartoffelp\u00fcree La Cuisine D&#8217;Oc\u00e9ane"},"content":{"rendered":"<p>Brath\u00e4hnchen &amp; Kartoffelp\u00fcree La Cuisine D&#8217;Oc\u00e9ane<\/p>\n<p>300 g Packung<\/p>\n<p>Ich habe f\u00fcr Sie zarte Brath\u00e4hnchenst\u00fccke ausgew\u00e4hlt, die diesem Gericht einen unnachahmlichen Geschmack und ein unnachahmliches Aroma verleihen. F\u00fcr ein einfaches und k\u00f6stliches Gericht biete ich Ihnen ein k\u00f6stliches altmodisches Kartoffelp\u00fcree an, gekocht mit einem L\u00f6ffel Cr\u00e8me fra\u00eeche. Eine ausgewogene Rezeptur, reich an Proteinen, garantiert ohne k\u00fcnstliche Aromen und Konservierungsstoffe.<\/p>\n","protected":false},"excerpt":{"rendered":"<p>Brath\u00e4hnchen &amp; Kartoffelp\u00fcree La Cuisine D&#8217;Oc\u00e9ane<\/p>\n<p>300 g Packung<\/p>\n","protected":false},"featured_media":44670,"comment_status":"open","ping_status":"closed","template":"","meta":[],"pwb-brand":[3828],"product_brand":[],"product_cat":[2262],"product_tag":[2294,2325,2515],"class_list":{"0":"post-44663","1":"product","2":"type-product","3":"status-publish","4":"has-post-thumbnail","6":"pwb-brand-la-cuisine-doceane-de","7":"product_cat-fertiggerichte","8":"product_tag-franzosischer","9":"product_tag-huhnchen","10":"product_tag-kartoffelpuree","11":"product_shipping_class-internationaler-versand","13":"first","14":"instock","15":"taxable","16":"shipping-taxable","17":"purchasable","18":"product-type-simple"},"yoast_head":"<!-- This site is optimized with the Yoast SEO plugin v27.4 - https:\/\/yoast.com\/product\/yoast-seo-wordpress\/ -->\n<title>Brath\u00e4hnchen &amp; Kartoffelp\u00fcree La Cuisine D&#039;Oc\u00e9ane | Online Kaufen | My French Grocery<\/title>\n<meta name=\"description\" content=\"Brath\u00e4hnchen &amp; Kartoffelp\u00fcree La Cuisine D&#039;Oc\u00e9ane - 300 g Packung - Ich habe f\u00fcr Sie zarte Brath\u00e4hnchenst\u00fccke ausgew\u00e4hlt, die diesem Gericht einen unnachahmlichen Geschmack\" \/>\n<meta name=\"robots\" content=\"index, follow, max-snippet:-1, max-image-preview:large, max-video-preview:-1\" \/>\n<link rel=\"canonical\" href=\"https:\/\/my-french-grocery.com\/de\/produkt\/brathaehnchen-kartoffelpueree-la-cuisine-doceane\/\" \/>\n<meta property=\"og:locale\" content=\"de_DE\" \/>\n<meta property=\"og:type\" content=\"article\" \/>\n<meta property=\"og:title\" content=\"Brath\u00e4hnchen &amp; Kartoffelp\u00fcree La Cuisine D&#039;Oc\u00e9ane | Online Kaufen | My French Grocery\" \/>\n<meta property=\"og:description\" content=\"Brath\u00e4hnchen &amp; Kartoffelp\u00fcree La Cuisine D&#039;Oc\u00e9ane - 300 g Packung - Ich habe f\u00fcr Sie zarte Brath\u00e4hnchenst\u00fccke ausgew\u00e4hlt, die diesem Gericht einen unnachahmlichen Geschmack\" \/>\n<meta property=\"og:url\" content=\"https:\/\/my-french-grocery.com\/de\/produkt\/brathaehnchen-kartoffelpueree-la-cuisine-doceane\/\" \/>\n<meta property=\"og:site_name\" content=\"My French Grocery\" \/>\n<meta property=\"article:publisher\" content=\"https:\/\/www.facebook.com\/myfrenchgrocery\/\" \/>\n<meta property=\"article:modified_time\" content=\"2024-11-12T19:13:57+00:00\" \/>\n<meta property=\"og:image\" content=\"https:\/\/my-french-grocery.com\/wp-content\/uploads\/2024\/11\/chicken-smashed-potatoes-cuisine-oceane.webp\" \/>\n\t<meta property=\"og:image:width\" content=\"1500\" \/>\n\t<meta property=\"og:image:height\" content=\"1500\" \/>\n\t<meta property=\"og:image:type\" content=\"image\/webp\" \/>\n<meta name=\"twitter:card\" content=\"summary_large_image\" \/>\n<meta name=\"twitter:label1\" content=\"Gesch\u00e4tzte Lesezeit\" \/>\n\t<meta name=\"twitter:data1\" content=\"1 minute\" \/>\n<script type=\"application\/ld+json\" class=\"yoast-schema-graph\">{\"@context\":\"https:\\\/\\\/schema.org\",\"@graph\":[{\"@type\":\"WebPage\",\"@id\":\"https:\\\/\\\/my-french-grocery.com\\\/de\\\/produkt\\\/brathaehnchen-kartoffelpueree-la-cuisine-doceane\\\/\",\"url\":\"https:\\\/\\\/my-french-grocery.com\\\/de\\\/produkt\\\/brathaehnchen-kartoffelpueree-la-cuisine-doceane\\\/\",\"name\":\"Brath\u00e4hnchen & Kartoffelp\u00fcree La Cuisine D'Oc\u00e9ane | Online Kaufen | My French Grocery\",\"isPartOf\":{\"@id\":\"https:\\\/\\\/my-french-grocery.com\\\/de\\\/#website\"},\"primaryImageOfPage\":{\"@id\":\"https:\\\/\\\/my-french-grocery.com\\\/de\\\/produkt\\\/brathaehnchen-kartoffelpueree-la-cuisine-doceane\\\/#primaryimage\"},\"image\":{\"@id\":\"https:\\\/\\\/my-french-grocery.com\\\/de\\\/produkt\\\/brathaehnchen-kartoffelpueree-la-cuisine-doceane\\\/#primaryimage\"},\"thumbnailUrl\":\"https:\\\/\\\/my-french-grocery.com\\\/wp-content\\\/uploads\\\/2024\\\/11\\\/chicken-smashed-potatoes-cuisine-oceane.webp\",\"datePublished\":\"2024-11-02T16:38:54+00:00\",\"dateModified\":\"2024-11-12T19:13:57+00:00\",\"description\":\"Brath\u00e4hnchen & Kartoffelp\u00fcree La Cuisine D'Oc\u00e9ane - 300 g Packung - Ich habe f\u00fcr Sie zarte Brath\u00e4hnchenst\u00fccke ausgew\u00e4hlt, die diesem Gericht einen unnachahmlichen Geschmack\",\"breadcrumb\":{\"@id\":\"https:\\\/\\\/my-french-grocery.com\\\/de\\\/produkt\\\/brathaehnchen-kartoffelpueree-la-cuisine-doceane\\\/#breadcrumb\"},\"inLanguage\":\"de-DE\",\"potentialAction\":[{\"@type\":\"ReadAction\",\"target\":[\"https:\\\/\\\/my-french-grocery.com\\\/de\\\/produkt\\\/brathaehnchen-kartoffelpueree-la-cuisine-doceane\\\/\"]}]},{\"@type\":\"ImageObject\",\"inLanguage\":\"de-DE\",\"@id\":\"https:\\\/\\\/my-french-grocery.com\\\/de\\\/produkt\\\/brathaehnchen-kartoffelpueree-la-cuisine-doceane\\\/#primaryimage\",\"url\":\"https:\\\/\\\/my-french-grocery.com\\\/wp-content\\\/uploads\\\/2024\\\/11\\\/chicken-smashed-potatoes-cuisine-oceane.webp\",\"contentUrl\":\"https:\\\/\\\/my-french-grocery.com\\\/wp-content\\\/uploads\\\/2024\\\/11\\\/chicken-smashed-potatoes-cuisine-oceane.webp\",\"width\":1500,\"height\":1500,\"caption\":\"Brath\u00e4hnchen & Kartoffelp\u00fcree La Cuisine D'Oc\u00e9ane\"},{\"@type\":\"BreadcrumbList\",\"@id\":\"https:\\\/\\\/my-french-grocery.com\\\/de\\\/produkt\\\/brathaehnchen-kartoffelpueree-la-cuisine-doceane\\\/#breadcrumb\",\"itemListElement\":[{\"@type\":\"ListItem\",\"position\":1,\"name\":\"Home\",\"item\":\"https:\\\/\\\/my-french-grocery.com\\\/de\\\/shopping-seite\\\/\"},{\"@type\":\"ListItem\",\"position\":2,\"name\":\"Shop\",\"item\":\"https:\\\/\\\/my-french-grocery.com\\\/shop\\\/\"},{\"@type\":\"ListItem\",\"position\":3,\"name\":\"Fertiggerichte\",\"item\":\"https:\\\/\\\/my-french-grocery.com\\\/de\\\/produkt-kategorie\\\/fertiggerichte\\\/\"},{\"@type\":\"ListItem\",\"position\":4,\"name\":\"Brath\u00e4hnchen &#038; Kartoffelp\u00fcree La Cuisine D&#8217;Oc\u00e9ane\"}]},{\"@type\":\"WebSite\",\"@id\":\"https:\\\/\\\/my-french-grocery.com\\\/de\\\/#website\",\"url\":\"https:\\\/\\\/my-french-grocery.com\\\/de\\\/\",\"name\":\"My French Grocery\",\"description\":\"Your Online French Grocery  !\",\"publisher\":{\"@id\":\"https:\\\/\\\/my-french-grocery.com\\\/de\\\/#organization\"},\"potentialAction\":[{\"@type\":\"SearchAction\",\"target\":{\"@type\":\"EntryPoint\",\"urlTemplate\":\"https:\\\/\\\/my-french-grocery.com\\\/de\\\/?s={search_term_string}\"},\"query-input\":{\"@type\":\"PropertyValueSpecification\",\"valueRequired\":true,\"valueName\":\"search_term_string\"}}],\"inLanguage\":\"de-DE\"},{\"@type\":\"Organization\",\"@id\":\"https:\\\/\\\/my-french-grocery.com\\\/de\\\/#organization\",\"name\":\"MY FRENCH GROCERY\",\"url\":\"https:\\\/\\\/my-french-grocery.com\\\/de\\\/\",\"logo\":{\"@type\":\"ImageObject\",\"inLanguage\":\"de-DE\",\"@id\":\"https:\\\/\\\/my-french-grocery.com\\\/de\\\/#\\\/schema\\\/logo\\\/image\\\/\",\"url\":\"https:\\\/\\\/my-french-grocery.com\\\/wp-content\\\/uploads\\\/2021\\\/11\\\/My-French-Grocery-Online-French-Grocery.png\",\"contentUrl\":\"https:\\\/\\\/my-french-grocery.com\\\/wp-content\\\/uploads\\\/2021\\\/11\\\/My-French-Grocery-Online-French-Grocery.png\",\"width\":100,\"height\":100,\"caption\":\"MY FRENCH GROCERY\"},\"image\":{\"@id\":\"https:\\\/\\\/my-french-grocery.com\\\/de\\\/#\\\/schema\\\/logo\\\/image\\\/\"},\"sameAs\":[\"https:\\\/\\\/www.facebook.com\\\/myfrenchgrocery\\\/\"]}]}<\/script>\n<!-- \/ Yoast SEO plugin. -->","yoast_head_json":{"title":"Brath\u00e4hnchen & Kartoffelp\u00fcree La Cuisine D'Oc\u00e9ane | Online Kaufen | My French Grocery","description":"Brath\u00e4hnchen & Kartoffelp\u00fcree La Cuisine D'Oc\u00e9ane - 300 g Packung - Ich habe f\u00fcr Sie zarte Brath\u00e4hnchenst\u00fccke ausgew\u00e4hlt, die diesem Gericht einen unnachahmlichen Geschmack","robots":{"index":"index","follow":"follow","max-snippet":"max-snippet:-1","max-image-preview":"max-image-preview:large","max-video-preview":"max-video-preview:-1"},"canonical":"https:\/\/my-french-grocery.com\/de\/produkt\/brathaehnchen-kartoffelpueree-la-cuisine-doceane\/","og_locale":"de_DE","og_type":"article","og_title":"Brath\u00e4hnchen & Kartoffelp\u00fcree La Cuisine D'Oc\u00e9ane | Online Kaufen | My French Grocery","og_description":"Brath\u00e4hnchen & Kartoffelp\u00fcree La Cuisine D'Oc\u00e9ane - 300 g Packung - Ich habe f\u00fcr Sie zarte Brath\u00e4hnchenst\u00fccke ausgew\u00e4hlt, die diesem Gericht einen unnachahmlichen Geschmack","og_url":"https:\/\/my-french-grocery.com\/de\/produkt\/brathaehnchen-kartoffelpueree-la-cuisine-doceane\/","og_site_name":"My French Grocery","article_publisher":"https:\/\/www.facebook.com\/myfrenchgrocery\/","article_modified_time":"2024-11-12T19:13:57+00:00","og_image":[{"width":1500,"height":1500,"url":"https:\/\/my-french-grocery.com\/wp-content\/uploads\/2024\/11\/chicken-smashed-potatoes-cuisine-oceane.webp","type":"image\/webp"}],"twitter_card":"summary_large_image","twitter_misc":{"Gesch\u00e4tzte Lesezeit":"1 minute"},"schema":{"@context":"https:\/\/schema.org","@graph":[{"@type":"WebPage","@id":"https:\/\/my-french-grocery.com\/de\/produkt\/brathaehnchen-kartoffelpueree-la-cuisine-doceane\/","url":"https:\/\/my-french-grocery.com\/de\/produkt\/brathaehnchen-kartoffelpueree-la-cuisine-doceane\/","name":"Brath\u00e4hnchen & Kartoffelp\u00fcree La Cuisine D'Oc\u00e9ane | Online Kaufen | My French Grocery","isPartOf":{"@id":"https:\/\/my-french-grocery.com\/de\/#website"},"primaryImageOfPage":{"@id":"https:\/\/my-french-grocery.com\/de\/produkt\/brathaehnchen-kartoffelpueree-la-cuisine-doceane\/#primaryimage"},"image":{"@id":"https:\/\/my-french-grocery.com\/de\/produkt\/brathaehnchen-kartoffelpueree-la-cuisine-doceane\/#primaryimage"},"thumbnailUrl":"https:\/\/my-french-grocery.com\/wp-content\/uploads\/2024\/11\/chicken-smashed-potatoes-cuisine-oceane.webp","datePublished":"2024-11-02T16:38:54+00:00","dateModified":"2024-11-12T19:13:57+00:00","description":"Brath\u00e4hnchen & Kartoffelp\u00fcree La Cuisine D'Oc\u00e9ane - 300 g Packung - Ich habe f\u00fcr Sie zarte Brath\u00e4hnchenst\u00fccke ausgew\u00e4hlt, die diesem Gericht einen unnachahmlichen Geschmack","breadcrumb":{"@id":"https:\/\/my-french-grocery.com\/de\/produkt\/brathaehnchen-kartoffelpueree-la-cuisine-doceane\/#breadcrumb"},"inLanguage":"de-DE","potentialAction":[{"@type":"ReadAction","target":["https:\/\/my-french-grocery.com\/de\/produkt\/brathaehnchen-kartoffelpueree-la-cuisine-doceane\/"]}]},{"@type":"ImageObject","inLanguage":"de-DE","@id":"https:\/\/my-french-grocery.com\/de\/produkt\/brathaehnchen-kartoffelpueree-la-cuisine-doceane\/#primaryimage","url":"https:\/\/my-french-grocery.com\/wp-content\/uploads\/2024\/11\/chicken-smashed-potatoes-cuisine-oceane.webp","contentUrl":"https:\/\/my-french-grocery.com\/wp-content\/uploads\/2024\/11\/chicken-smashed-potatoes-cuisine-oceane.webp","width":1500,"height":1500,"caption":"Brath\u00e4hnchen & Kartoffelp\u00fcree La Cuisine D'Oc\u00e9ane"},{"@type":"BreadcrumbList","@id":"https:\/\/my-french-grocery.com\/de\/produkt\/brathaehnchen-kartoffelpueree-la-cuisine-doceane\/#breadcrumb","itemListElement":[{"@type":"ListItem","position":1,"name":"Home","item":"https:\/\/my-french-grocery.com\/de\/shopping-seite\/"},{"@type":"ListItem","position":2,"name":"Shop","item":"https:\/\/my-french-grocery.com\/shop\/"},{"@type":"ListItem","position":3,"name":"Fertiggerichte","item":"https:\/\/my-french-grocery.com\/de\/produkt-kategorie\/fertiggerichte\/"},{"@type":"ListItem","position":4,"name":"Brath\u00e4hnchen &#038; Kartoffelp\u00fcree La Cuisine D&#8217;Oc\u00e9ane"}]},{"@type":"WebSite","@id":"https:\/\/my-french-grocery.com\/de\/#website","url":"https:\/\/my-french-grocery.com\/de\/","name":"My French Grocery","description":"Your Online French Grocery  !","publisher":{"@id":"https:\/\/my-french-grocery.com\/de\/#organization"},"potentialAction":[{"@type":"SearchAction","target":{"@type":"EntryPoint","urlTemplate":"https:\/\/my-french-grocery.com\/de\/?s={search_term_string}"},"query-input":{"@type":"PropertyValueSpecification","valueRequired":true,"valueName":"search_term_string"}}],"inLanguage":"de-DE"},{"@type":"Organization","@id":"https:\/\/my-french-grocery.com\/de\/#organization","name":"MY FRENCH GROCERY","url":"https:\/\/my-french-grocery.com\/de\/","logo":{"@type":"ImageObject","inLanguage":"de-DE","@id":"https:\/\/my-french-grocery.com\/de\/#\/schema\/logo\/image\/","url":"https:\/\/my-french-grocery.com\/wp-content\/uploads\/2021\/11\/My-French-Grocery-Online-French-Grocery.png","contentUrl":"https:\/\/my-french-grocery.com\/wp-content\/uploads\/2021\/11\/My-French-Grocery-Online-French-Grocery.png","width":100,"height":100,"caption":"MY FRENCH GROCERY"},"image":{"@id":"https:\/\/my-french-grocery.com\/de\/#\/schema\/logo\/image\/"},"sameAs":["https:\/\/www.facebook.com\/myfrenchgrocery\/"]}]}},"brands":[{"id":3828,"name":"La Cuisine D'Oc\u00e9ane","slug":"la-cuisine-doceane-de"}],"_links":{"self":[{"href":"https:\/\/my-french-grocery.com\/de\/wp-json\/wp\/v2\/product\/44663","targetHints":{"allow":["GET"]}}],"collection":[{"href":"https:\/\/my-french-grocery.com\/de\/wp-json\/wp\/v2\/product"}],"about":[{"href":"https:\/\/my-french-grocery.com\/de\/wp-json\/wp\/v2\/types\/product"}],"replies":[{"embeddable":true,"href":"https:\/\/my-french-grocery.com\/de\/wp-json\/wp\/v2\/comments?post=44663"}],"wp:featuredmedia":[{"embeddable":true,"href":"https:\/\/my-french-grocery.com\/de\/wp-json\/wp\/v2\/media\/44670"}],"wp:attachment":[{"href":"https:\/\/my-french-grocery.com\/de\/wp-json\/wp\/v2\/media?parent=44663"}],"wp:term":[{"taxonomy":"pwb-brand","embeddable":true,"href":"https:\/\/my-french-grocery.com\/de\/wp-json\/wp\/v2\/pwb-brand?post=44663"},{"taxonomy":"product_brand","embeddable":true,"href":"https:\/\/my-french-grocery.com\/de\/wp-json\/wp\/v2\/product_brand?post=44663"},{"taxonomy":"product_cat","embeddable":true,"href":"https:\/\/my-french-grocery.com\/de\/wp-json\/wp\/v2\/product_cat?post=44663"},{"taxonomy":"product_tag","embeddable":true,"href":"https:\/\/my-french-grocery.com\/de\/wp-json\/wp\/v2\/product_tag?post=44663"}],"curies":[{"name":"wp","href":"https:\/\/api.w.org\/{rel}","templated":true}]}}