{"id":44935,"date":"2019-11-14T18:50:44","date_gmt":"2019-11-14T16:50:44","guid":{"rendered":"https:\/\/my-french-grocery.com\/?post_type=product&#038;p=44935"},"modified":"2024-11-14T19:17:14","modified_gmt":"2024-11-14T17:17:14","slug":"milchschokoladen-adventskalender-santas-chalet-kinder","status":"publish","type":"product","link":"https:\/\/my-french-grocery.com\/de\/produkt\/milchschokoladen-adventskalender-santas-chalet-kinder\/","title":{"rendered":"Milchschokoladen-Adventskalender Santa\u2019s Chalet Kinder"},"content":{"rendered":"<p>Milchschokoladen-Adventskalender Santa\u2019s Chalet Kinder<\/p>\n<p class=\"product-title__packaging c-text c-text--size-m c-text--style-p c-text--spacing-default\"><span>Adventskalender 24 St\u00fcck \u2013 184g<\/span><\/p>\n<p>Ob jung oder alt, es gibt kein Alter, das sich in diese h\u00fcbschen Mischungen verlieben sollte, mit dem zus\u00e4tzlichen Bonus der k\u00f6stlichen Kinder-Pralinen, die in der Schachtel enthalten sind, werden Sie sicher begeistert sein!<\/p>\n","protected":false},"excerpt":{"rendered":"<p>Milchschokoladen-Adventskalender Santa\u2019s Chalet Kinder<\/p>\n<p class=\"product-title__packaging c-text c-text--size-m c-text--style-p c-text--spacing-default\">Adventskalender 24 St\u00fcck &#8211; 184g<\/p>\n<p>&nbsp;<\/p>\n<p>&nbsp;<\/p>\n<p>&nbsp;<\/p>\n","protected":false},"featured_media":44942,"comment_status":"open","ping_status":"closed","template":"","meta":[],"pwb-brand":[2609],"product_brand":[],"product_cat":[2245,2495],"product_tag":[3858,2608],"class_list":{"0":"post-44935","1":"product","2":"type-product","3":"status-publish","4":"has-post-thumbnail","6":"pwb-brand-ferrero-de","7":"product_cat-schokolade","8":"product_cat-weihnachtsprodukte","9":"product_tag-adventskalender","10":"product_tag-kinder-de","11":"product_shipping_class-internationaler-versand","13":"first","14":"outofstock","15":"taxable","16":"shipping-taxable","17":"purchasable","18":"product-type-simple"},"brands":[{"id":2609,"name":"Ferrero","slug":"ferrero-de"}],"_links":{"self":[{"href":"https:\/\/my-french-grocery.com\/de\/wp-json\/wp\/v2\/product\/44935","targetHints":{"allow":["GET"]}}],"collection":[{"href":"https:\/\/my-french-grocery.com\/de\/wp-json\/wp\/v2\/product"}],"about":[{"href":"https:\/\/my-french-grocery.com\/de\/wp-json\/wp\/v2\/types\/product"}],"replies":[{"embeddable":true,"href":"https:\/\/my-french-grocery.com\/de\/wp-json\/wp\/v2\/comments?post=44935"}],"wp:featuredmedia":[{"embeddable":true,"href":"https:\/\/my-french-grocery.com\/de\/wp-json\/wp\/v2\/media\/44942"}],"wp:attachment":[{"href":"https:\/\/my-french-grocery.com\/de\/wp-json\/wp\/v2\/media?parent=44935"}],"wp:term":[{"taxonomy":"pwb-brand","embeddable":true,"href":"https:\/\/my-french-grocery.com\/de\/wp-json\/wp\/v2\/pwb-brand?post=44935"},{"taxonomy":"product_brand","embeddable":true,"href":"https:\/\/my-french-grocery.com\/de\/wp-json\/wp\/v2\/product_brand?post=44935"},{"taxonomy":"product_cat","embeddable":true,"href":"https:\/\/my-french-grocery.com\/de\/wp-json\/wp\/v2\/product_cat?post=44935"},{"taxonomy":"product_tag","embeddable":true,"href":"https:\/\/my-french-grocery.com\/de\/wp-json\/wp\/v2\/product_tag?post=44935"}],"curies":[{"name":"wp","href":"https:\/\/api.w.org\/{rel}","templated":true}]}}