{"id":45978,"date":"2024-12-31T18:03:03","date_gmt":"2024-12-31T16:03:04","guid":{"rendered":"https:\/\/my-french-grocery.com\/?post_type=product&#038;p=45978"},"modified":"2024-12-31T18:14:49","modified_gmt":"2024-12-31T16:14:49","slug":"apfelbohne-konigskuchen-pasquier-copy","status":"publish","type":"product","link":"https:\/\/my-french-grocery.com\/de\/produkt\/apfelbohne-konigskuchen-pasquier-copy\/","title":{"rendered":"Krone der K\u00f6nige &#8211; Schokoladenst\u00fcckchen Pasquier"},"content":{"rendered":"<p>Krone der K\u00f6nige &#8211; Schokoladenst\u00fcckchen Pasquier<\/p>\n<div class=\"pdp-card__header--text\">\n<p><span class=\"ds-body-text ds-body-text--weight-bold ds-body-text--size-m ds-body-text--color-standard-2\">450g-Packung<\/span><\/p>\n<div class=\"saz_next_widget\" data-referer=\"carrefour_widget\" data-ean=\"3256549999689\"><\/div>\n<\/div>\n<div class=\"main-details--food__shoppinglist\">Entdecken Sie die Brioche Pasquier Crowns of Kings. Weich und lecker erfreuen sie Gro\u00df und Klein zum Fr\u00fchst\u00fcck und Dessert. Eine Sammelbohne in jeder Packung. Entdecken Sie das La Couronne-Sortiment mit originellen Geschmacksrichtungen: Orangenbl\u00fctenzucker oder Schokoladenst\u00fcckchen und karamellisierte Haselnussst\u00fccke.<\/div>\n","protected":false},"excerpt":{"rendered":"<p>Krone der K\u00f6nige &#8211; Schokoladenst\u00fcckchen Pasquier<\/p>\n<div class=\"pdp-card__header--text\">\n<p><span class=\"ds-body-text ds-body-text--weight-bold ds-body-text--size-m ds-body-text--color-standard-2\">450g-Packung<\/span><\/p>\n<\/div>\n","protected":false},"featured_media":45985,"comment_status":"open","ping_status":"closed","template":"","meta":[],"pwb-brand":[2430],"product_brand":[],"product_cat":[2241],"product_tag":[2567],"class_list":{"0":"post-45978","1":"product","2":"type-product","3":"status-publish","4":"has-post-thumbnail","6":"pwb-brand-pasquier-de","7":"product_cat-baeckerei","8":"product_tag-pasquier-de","9":"product_shipping_class-internationaler-versand","11":"first","12":"outofstock","13":"taxable","14":"shipping-taxable","15":"purchasable","16":"product-type-simple"},"yoast_head":"<!-- This site is optimized with the Yoast SEO plugin v27.3 - https:\/\/yoast.com\/product\/yoast-seo-wordpress\/ -->\n<title>Krone der K\u00f6nige - Schokoladenst\u00fcckchen Pasquier | Online Kaufen | My French Grocery<\/title>\n<meta name=\"description\" content=\"Krone der K\u00f6nige - Schokoladenst\u00fcckchen Pasquier - 450g-Packung - Entdecken Sie die Brioche Pasquier Crowns of Kings.\" \/>\n<meta name=\"robots\" content=\"index, follow, max-snippet:-1, max-image-preview:large, max-video-preview:-1\" \/>\n<link rel=\"canonical\" href=\"https:\/\/my-french-grocery.com\/de\/produkt\/apfelbohne-konigskuchen-pasquier-copy\/\" \/>\n<meta property=\"og:locale\" content=\"de_DE\" \/>\n<meta property=\"og:type\" content=\"article\" \/>\n<meta property=\"og:title\" content=\"Krone der K\u00f6nige - Schokoladenst\u00fcckchen Pasquier | Online Kaufen | My French Grocery\" \/>\n<meta property=\"og:description\" content=\"Krone der K\u00f6nige - Schokoladenst\u00fcckchen Pasquier - 450g-Packung - Entdecken Sie die Brioche Pasquier Crowns of Kings.\" \/>\n<meta property=\"og:url\" content=\"https:\/\/my-french-grocery.com\/de\/produkt\/apfelbohne-konigskuchen-pasquier-copy\/\" \/>\n<meta property=\"og:site_name\" content=\"My French Grocery\" \/>\n<meta property=\"article:publisher\" content=\"https:\/\/www.facebook.com\/myfrenchgrocery\/\" \/>\n<meta property=\"article:modified_time\" content=\"2024-12-31T16:14:49+00:00\" \/>\n<meta property=\"og:image\" content=\"https:\/\/my-french-grocery.com\/wp-content\/uploads\/2024\/12\/couronne-rois-chocolate.webp\" \/>\n\t<meta property=\"og:image:width\" content=\"1500\" \/>\n\t<meta property=\"og:image:height\" content=\"1500\" \/>\n\t<meta property=\"og:image:type\" content=\"image\/webp\" \/>\n<meta name=\"twitter:card\" content=\"summary_large_image\" \/>\n<meta name=\"twitter:label1\" content=\"Gesch\u00e4tzte Lesezeit\" \/>\n\t<meta name=\"twitter:data1\" content=\"1 minute\" \/>\n<script type=\"application\/ld+json\" class=\"yoast-schema-graph\">{\"@context\":\"https:\\\/\\\/schema.org\",\"@graph\":[{\"@type\":\"WebPage\",\"@id\":\"https:\\\/\\\/my-french-grocery.com\\\/de\\\/produkt\\\/apfelbohne-konigskuchen-pasquier-copy\\\/\",\"url\":\"https:\\\/\\\/my-french-grocery.com\\\/de\\\/produkt\\\/apfelbohne-konigskuchen-pasquier-copy\\\/\",\"name\":\"Krone der K\u00f6nige - Schokoladenst\u00fcckchen Pasquier | Online Kaufen | My French Grocery\",\"isPartOf\":{\"@id\":\"https:\\\/\\\/my-french-grocery.com\\\/de\\\/#website\"},\"primaryImageOfPage\":{\"@id\":\"https:\\\/\\\/my-french-grocery.com\\\/de\\\/produkt\\\/apfelbohne-konigskuchen-pasquier-copy\\\/#primaryimage\"},\"image\":{\"@id\":\"https:\\\/\\\/my-french-grocery.com\\\/de\\\/produkt\\\/apfelbohne-konigskuchen-pasquier-copy\\\/#primaryimage\"},\"thumbnailUrl\":\"https:\\\/\\\/my-french-grocery.com\\\/wp-content\\\/uploads\\\/2024\\\/12\\\/couronne-rois-chocolate.webp\",\"datePublished\":\"2024-12-31T16:03:04+00:00\",\"dateModified\":\"2024-12-31T16:14:49+00:00\",\"description\":\"Krone der K\u00f6nige - Schokoladenst\u00fcckchen Pasquier - 450g-Packung - Entdecken Sie die Brioche Pasquier Crowns of Kings.\",\"breadcrumb\":{\"@id\":\"https:\\\/\\\/my-french-grocery.com\\\/de\\\/produkt\\\/apfelbohne-konigskuchen-pasquier-copy\\\/#breadcrumb\"},\"inLanguage\":\"de-DE\",\"potentialAction\":[{\"@type\":\"ReadAction\",\"target\":[\"https:\\\/\\\/my-french-grocery.com\\\/de\\\/produkt\\\/apfelbohne-konigskuchen-pasquier-copy\\\/\"]}]},{\"@type\":\"ImageObject\",\"inLanguage\":\"de-DE\",\"@id\":\"https:\\\/\\\/my-french-grocery.com\\\/de\\\/produkt\\\/apfelbohne-konigskuchen-pasquier-copy\\\/#primaryimage\",\"url\":\"https:\\\/\\\/my-french-grocery.com\\\/wp-content\\\/uploads\\\/2024\\\/12\\\/couronne-rois-chocolate.webp\",\"contentUrl\":\"https:\\\/\\\/my-french-grocery.com\\\/wp-content\\\/uploads\\\/2024\\\/12\\\/couronne-rois-chocolate.webp\",\"width\":1500,\"height\":1500,\"caption\":\"Krone der K\u00f6nige - Schokoladenst\u00fcckchen Pasquier\"},{\"@type\":\"BreadcrumbList\",\"@id\":\"https:\\\/\\\/my-french-grocery.com\\\/de\\\/produkt\\\/apfelbohne-konigskuchen-pasquier-copy\\\/#breadcrumb\",\"itemListElement\":[{\"@type\":\"ListItem\",\"position\":1,\"name\":\"Home\",\"item\":\"https:\\\/\\\/my-french-grocery.com\\\/de\\\/shopping-seite\\\/\"},{\"@type\":\"ListItem\",\"position\":2,\"name\":\"Shop\",\"item\":\"https:\\\/\\\/my-french-grocery.com\\\/shop\\\/\"},{\"@type\":\"ListItem\",\"position\":3,\"name\":\"B\u00e4ckerei\",\"item\":\"https:\\\/\\\/my-french-grocery.com\\\/de\\\/produkt-kategorie\\\/baeckerei\\\/\"},{\"@type\":\"ListItem\",\"position\":4,\"name\":\"Krone der K\u00f6nige &#8211; Schokoladenst\u00fcckchen Pasquier\"}]},{\"@type\":\"WebSite\",\"@id\":\"https:\\\/\\\/my-french-grocery.com\\\/de\\\/#website\",\"url\":\"https:\\\/\\\/my-french-grocery.com\\\/de\\\/\",\"name\":\"My French Grocery\",\"description\":\"Your Online French Grocery  !\",\"publisher\":{\"@id\":\"https:\\\/\\\/my-french-grocery.com\\\/de\\\/#organization\"},\"potentialAction\":[{\"@type\":\"SearchAction\",\"target\":{\"@type\":\"EntryPoint\",\"urlTemplate\":\"https:\\\/\\\/my-french-grocery.com\\\/de\\\/?s={search_term_string}\"},\"query-input\":{\"@type\":\"PropertyValueSpecification\",\"valueRequired\":true,\"valueName\":\"search_term_string\"}}],\"inLanguage\":\"de-DE\"},{\"@type\":\"Organization\",\"@id\":\"https:\\\/\\\/my-french-grocery.com\\\/de\\\/#organization\",\"name\":\"MY FRENCH GROCERY\",\"url\":\"https:\\\/\\\/my-french-grocery.com\\\/de\\\/\",\"logo\":{\"@type\":\"ImageObject\",\"inLanguage\":\"de-DE\",\"@id\":\"https:\\\/\\\/my-french-grocery.com\\\/de\\\/#\\\/schema\\\/logo\\\/image\\\/\",\"url\":\"https:\\\/\\\/my-french-grocery.com\\\/wp-content\\\/uploads\\\/2021\\\/11\\\/My-French-Grocery-Online-French-Grocery.png\",\"contentUrl\":\"https:\\\/\\\/my-french-grocery.com\\\/wp-content\\\/uploads\\\/2021\\\/11\\\/My-French-Grocery-Online-French-Grocery.png\",\"width\":100,\"height\":100,\"caption\":\"MY FRENCH GROCERY\"},\"image\":{\"@id\":\"https:\\\/\\\/my-french-grocery.com\\\/de\\\/#\\\/schema\\\/logo\\\/image\\\/\"},\"sameAs\":[\"https:\\\/\\\/www.facebook.com\\\/myfrenchgrocery\\\/\"]}]}<\/script>\n<!-- \/ Yoast SEO plugin. -->","yoast_head_json":{"title":"Krone der K\u00f6nige - Schokoladenst\u00fcckchen Pasquier | Online Kaufen | My French Grocery","description":"Krone der K\u00f6nige - Schokoladenst\u00fcckchen Pasquier - 450g-Packung - Entdecken Sie die Brioche Pasquier Crowns of Kings.","robots":{"index":"index","follow":"follow","max-snippet":"max-snippet:-1","max-image-preview":"max-image-preview:large","max-video-preview":"max-video-preview:-1"},"canonical":"https:\/\/my-french-grocery.com\/de\/produkt\/apfelbohne-konigskuchen-pasquier-copy\/","og_locale":"de_DE","og_type":"article","og_title":"Krone der K\u00f6nige - Schokoladenst\u00fcckchen Pasquier | Online Kaufen | My French Grocery","og_description":"Krone der K\u00f6nige - Schokoladenst\u00fcckchen Pasquier - 450g-Packung - Entdecken Sie die Brioche Pasquier Crowns of Kings.","og_url":"https:\/\/my-french-grocery.com\/de\/produkt\/apfelbohne-konigskuchen-pasquier-copy\/","og_site_name":"My French Grocery","article_publisher":"https:\/\/www.facebook.com\/myfrenchgrocery\/","article_modified_time":"2024-12-31T16:14:49+00:00","og_image":[{"width":1500,"height":1500,"url":"https:\/\/my-french-grocery.com\/wp-content\/uploads\/2024\/12\/couronne-rois-chocolate.webp","type":"image\/webp"}],"twitter_card":"summary_large_image","twitter_misc":{"Gesch\u00e4tzte Lesezeit":"1 minute"},"schema":{"@context":"https:\/\/schema.org","@graph":[{"@type":"WebPage","@id":"https:\/\/my-french-grocery.com\/de\/produkt\/apfelbohne-konigskuchen-pasquier-copy\/","url":"https:\/\/my-french-grocery.com\/de\/produkt\/apfelbohne-konigskuchen-pasquier-copy\/","name":"Krone der K\u00f6nige - Schokoladenst\u00fcckchen Pasquier | Online Kaufen | My French Grocery","isPartOf":{"@id":"https:\/\/my-french-grocery.com\/de\/#website"},"primaryImageOfPage":{"@id":"https:\/\/my-french-grocery.com\/de\/produkt\/apfelbohne-konigskuchen-pasquier-copy\/#primaryimage"},"image":{"@id":"https:\/\/my-french-grocery.com\/de\/produkt\/apfelbohne-konigskuchen-pasquier-copy\/#primaryimage"},"thumbnailUrl":"https:\/\/my-french-grocery.com\/wp-content\/uploads\/2024\/12\/couronne-rois-chocolate.webp","datePublished":"2024-12-31T16:03:04+00:00","dateModified":"2024-12-31T16:14:49+00:00","description":"Krone der K\u00f6nige - Schokoladenst\u00fcckchen Pasquier - 450g-Packung - Entdecken Sie die Brioche Pasquier Crowns of Kings.","breadcrumb":{"@id":"https:\/\/my-french-grocery.com\/de\/produkt\/apfelbohne-konigskuchen-pasquier-copy\/#breadcrumb"},"inLanguage":"de-DE","potentialAction":[{"@type":"ReadAction","target":["https:\/\/my-french-grocery.com\/de\/produkt\/apfelbohne-konigskuchen-pasquier-copy\/"]}]},{"@type":"ImageObject","inLanguage":"de-DE","@id":"https:\/\/my-french-grocery.com\/de\/produkt\/apfelbohne-konigskuchen-pasquier-copy\/#primaryimage","url":"https:\/\/my-french-grocery.com\/wp-content\/uploads\/2024\/12\/couronne-rois-chocolate.webp","contentUrl":"https:\/\/my-french-grocery.com\/wp-content\/uploads\/2024\/12\/couronne-rois-chocolate.webp","width":1500,"height":1500,"caption":"Krone der K\u00f6nige - Schokoladenst\u00fcckchen Pasquier"},{"@type":"BreadcrumbList","@id":"https:\/\/my-french-grocery.com\/de\/produkt\/apfelbohne-konigskuchen-pasquier-copy\/#breadcrumb","itemListElement":[{"@type":"ListItem","position":1,"name":"Home","item":"https:\/\/my-french-grocery.com\/de\/shopping-seite\/"},{"@type":"ListItem","position":2,"name":"Shop","item":"https:\/\/my-french-grocery.com\/shop\/"},{"@type":"ListItem","position":3,"name":"B\u00e4ckerei","item":"https:\/\/my-french-grocery.com\/de\/produkt-kategorie\/baeckerei\/"},{"@type":"ListItem","position":4,"name":"Krone der K\u00f6nige &#8211; Schokoladenst\u00fcckchen Pasquier"}]},{"@type":"WebSite","@id":"https:\/\/my-french-grocery.com\/de\/#website","url":"https:\/\/my-french-grocery.com\/de\/","name":"My French Grocery","description":"Your Online French Grocery  !","publisher":{"@id":"https:\/\/my-french-grocery.com\/de\/#organization"},"potentialAction":[{"@type":"SearchAction","target":{"@type":"EntryPoint","urlTemplate":"https:\/\/my-french-grocery.com\/de\/?s={search_term_string}"},"query-input":{"@type":"PropertyValueSpecification","valueRequired":true,"valueName":"search_term_string"}}],"inLanguage":"de-DE"},{"@type":"Organization","@id":"https:\/\/my-french-grocery.com\/de\/#organization","name":"MY FRENCH GROCERY","url":"https:\/\/my-french-grocery.com\/de\/","logo":{"@type":"ImageObject","inLanguage":"de-DE","@id":"https:\/\/my-french-grocery.com\/de\/#\/schema\/logo\/image\/","url":"https:\/\/my-french-grocery.com\/wp-content\/uploads\/2021\/11\/My-French-Grocery-Online-French-Grocery.png","contentUrl":"https:\/\/my-french-grocery.com\/wp-content\/uploads\/2021\/11\/My-French-Grocery-Online-French-Grocery.png","width":100,"height":100,"caption":"MY FRENCH GROCERY"},"image":{"@id":"https:\/\/my-french-grocery.com\/de\/#\/schema\/logo\/image\/"},"sameAs":["https:\/\/www.facebook.com\/myfrenchgrocery\/"]}]}},"brands":[{"id":2430,"name":"Pasquier","slug":"pasquier-de"}],"_links":{"self":[{"href":"https:\/\/my-french-grocery.com\/de\/wp-json\/wp\/v2\/product\/45978","targetHints":{"allow":["GET"]}}],"collection":[{"href":"https:\/\/my-french-grocery.com\/de\/wp-json\/wp\/v2\/product"}],"about":[{"href":"https:\/\/my-french-grocery.com\/de\/wp-json\/wp\/v2\/types\/product"}],"replies":[{"embeddable":true,"href":"https:\/\/my-french-grocery.com\/de\/wp-json\/wp\/v2\/comments?post=45978"}],"wp:featuredmedia":[{"embeddable":true,"href":"https:\/\/my-french-grocery.com\/de\/wp-json\/wp\/v2\/media\/45985"}],"wp:attachment":[{"href":"https:\/\/my-french-grocery.com\/de\/wp-json\/wp\/v2\/media?parent=45978"}],"wp:term":[{"taxonomy":"pwb-brand","embeddable":true,"href":"https:\/\/my-french-grocery.com\/de\/wp-json\/wp\/v2\/pwb-brand?post=45978"},{"taxonomy":"product_brand","embeddable":true,"href":"https:\/\/my-french-grocery.com\/de\/wp-json\/wp\/v2\/product_brand?post=45978"},{"taxonomy":"product_cat","embeddable":true,"href":"https:\/\/my-french-grocery.com\/de\/wp-json\/wp\/v2\/product_cat?post=45978"},{"taxonomy":"product_tag","embeddable":true,"href":"https:\/\/my-french-grocery.com\/de\/wp-json\/wp\/v2\/product_tag?post=45978"}],"curies":[{"name":"wp","href":"https:\/\/api.w.org\/{rel}","templated":true}]}}