{"id":48897,"date":"2025-05-27T10:18:02","date_gmt":"2025-05-27T08:18:03","guid":{"rendered":"https:\/\/my-french-grocery.com\/?post_type=product&#038;p=48897"},"modified":"2025-05-27T11:08:44","modified_gmt":"2025-05-27T09:08:44","slug":"gazpacho-das-original-alvalle","status":"publish","type":"product","link":"https:\/\/my-french-grocery.com\/de\/produkt\/gazpacho-das-original-alvalle\/","title":{"rendered":"Gazpacho Das Original Alvalle"},"content":{"rendered":"<p id=\"tw-target-text\" class=\"tw-data-text tw-text-large tw-ta\" dir=\"ltr\" data-placeholder=\"Traduction\" data-ved=\"2ahUKEwiagN2HpImCAxVOU6QEHfc_CT8Q3ewLegQICBAQ\">Gazpacho Das Original Alvalle<\/p>\n<div class=\"pdp-card__header--text\">1L-Ziegel<\/div>\n<div class=\"main-details--food__shoppinglist\"><\/div>\n<div>Das Wahrzeichen der Marke Alvalle, L&#8217;Original Gazpacho, wird nach dem traditionellen spanischen Rezept hergestellt: 100 % frisches, sonnenverw\u00f6hntes Gem\u00fcse und eine perfekt ausgewogene W\u00fcrze f\u00fcr ein Rezept mit Charakter!<\/div>\n","protected":false},"excerpt":{"rendered":"<p id=\"tw-target-text\" class=\"tw-data-text tw-text-large tw-ta\" dir=\"ltr\" data-placeholder=\"Traduction\" data-ved=\"2ahUKEwiagN2HpImCAxVOU6QEHfc_CT8Q3ewLegQICBAQ\">Gazpacho Das Original Alvalle<\/p>\n<div class=\"pdp-card__header--text\">1L-Ziegel<\/div>\n","protected":false},"featured_media":48904,"comment_status":"open","ping_status":"closed","template":"","meta":[],"pwb-brand":[4089],"product_brand":[],"product_cat":[2256],"product_tag":[4087,4088,2422],"class_list":{"0":"post-48897","1":"product","2":"type-product","3":"status-publish","4":"has-post-thumbnail","6":"pwb-brand-alvalle-de","7":"product_cat-suppen-croutons","8":"product_tag-gazpacho-de","9":"product_tag-kalte-suppe","10":"product_tag-suppe","11":"product_shipping_class-internationaler-versand","13":"first","14":"instock","15":"taxable","16":"shipping-taxable","17":"purchasable","18":"product-type-simple"},"yoast_head":"<!-- This site is optimized with the Yoast SEO plugin v27.3 - https:\/\/yoast.com\/product\/yoast-seo-wordpress\/ -->\n<title>Gazpacho Das Original Alvalle | Online Kaufen | My French Grocery<\/title>\n<meta name=\"description\" content=\"Gazpacho Das Original Alvalle - 1L-Ziegel - Das Wahrzeichen der Marke Alvalle, L&#039;Original Gazpacho, wird nach dem traditionellen spanischen Rezept hergestellt\" \/>\n<meta name=\"robots\" content=\"index, follow, max-snippet:-1, max-image-preview:large, max-video-preview:-1\" \/>\n<link rel=\"canonical\" href=\"https:\/\/my-french-grocery.com\/de\/produkt\/gazpacho-das-original-alvalle\/\" \/>\n<meta property=\"og:locale\" content=\"de_DE\" \/>\n<meta property=\"og:type\" content=\"article\" \/>\n<meta property=\"og:title\" content=\"Gazpacho Das Original Alvalle | Online Kaufen | My French Grocery\" \/>\n<meta property=\"og:description\" content=\"Gazpacho Das Original Alvalle - 1L-Ziegel - Das Wahrzeichen der Marke Alvalle, L&#039;Original Gazpacho, wird nach dem traditionellen spanischen Rezept hergestellt\" \/>\n<meta property=\"og:url\" content=\"https:\/\/my-french-grocery.com\/de\/produkt\/gazpacho-das-original-alvalle\/\" \/>\n<meta property=\"og:site_name\" content=\"My French Grocery\" \/>\n<meta property=\"article:publisher\" content=\"https:\/\/www.facebook.com\/myfrenchgrocery\/\" \/>\n<meta property=\"article:modified_time\" content=\"2025-05-27T09:08:44+00:00\" \/>\n<meta property=\"og:image\" content=\"https:\/\/my-french-grocery.com\/wp-content\/uploads\/2025\/05\/Gazpacho-The-Original-ALVALLE.webp\" \/>\n\t<meta property=\"og:image:width\" content=\"1500\" \/>\n\t<meta property=\"og:image:height\" content=\"1500\" \/>\n\t<meta property=\"og:image:type\" content=\"image\/webp\" \/>\n<meta name=\"twitter:card\" content=\"summary_large_image\" \/>\n<meta name=\"twitter:label1\" content=\"Gesch\u00e4tzte Lesezeit\" \/>\n\t<meta name=\"twitter:data1\" content=\"1 minute\" \/>\n<script type=\"application\/ld+json\" class=\"yoast-schema-graph\">{\"@context\":\"https:\\\/\\\/schema.org\",\"@graph\":[{\"@type\":\"WebPage\",\"@id\":\"https:\\\/\\\/my-french-grocery.com\\\/de\\\/produkt\\\/gazpacho-das-original-alvalle\\\/\",\"url\":\"https:\\\/\\\/my-french-grocery.com\\\/de\\\/produkt\\\/gazpacho-das-original-alvalle\\\/\",\"name\":\"Gazpacho Das Original Alvalle | Online Kaufen | My French Grocery\",\"isPartOf\":{\"@id\":\"https:\\\/\\\/my-french-grocery.com\\\/de\\\/#website\"},\"primaryImageOfPage\":{\"@id\":\"https:\\\/\\\/my-french-grocery.com\\\/de\\\/produkt\\\/gazpacho-das-original-alvalle\\\/#primaryimage\"},\"image\":{\"@id\":\"https:\\\/\\\/my-french-grocery.com\\\/de\\\/produkt\\\/gazpacho-das-original-alvalle\\\/#primaryimage\"},\"thumbnailUrl\":\"https:\\\/\\\/my-french-grocery.com\\\/wp-content\\\/uploads\\\/2025\\\/05\\\/Gazpacho-The-Original-ALVALLE.webp\",\"datePublished\":\"2025-05-27T08:18:03+00:00\",\"dateModified\":\"2025-05-27T09:08:44+00:00\",\"description\":\"Gazpacho Das Original Alvalle - 1L-Ziegel - Das Wahrzeichen der Marke Alvalle, L'Original Gazpacho, wird nach dem traditionellen spanischen Rezept hergestellt\",\"breadcrumb\":{\"@id\":\"https:\\\/\\\/my-french-grocery.com\\\/de\\\/produkt\\\/gazpacho-das-original-alvalle\\\/#breadcrumb\"},\"inLanguage\":\"de-DE\",\"potentialAction\":[{\"@type\":\"ReadAction\",\"target\":[\"https:\\\/\\\/my-french-grocery.com\\\/de\\\/produkt\\\/gazpacho-das-original-alvalle\\\/\"]}]},{\"@type\":\"ImageObject\",\"inLanguage\":\"de-DE\",\"@id\":\"https:\\\/\\\/my-french-grocery.com\\\/de\\\/produkt\\\/gazpacho-das-original-alvalle\\\/#primaryimage\",\"url\":\"https:\\\/\\\/my-french-grocery.com\\\/wp-content\\\/uploads\\\/2025\\\/05\\\/Gazpacho-The-Original-ALVALLE.webp\",\"contentUrl\":\"https:\\\/\\\/my-french-grocery.com\\\/wp-content\\\/uploads\\\/2025\\\/05\\\/Gazpacho-The-Original-ALVALLE.webp\",\"width\":1500,\"height\":1500,\"caption\":\"Gazpacho Das Original Alvalle\"},{\"@type\":\"BreadcrumbList\",\"@id\":\"https:\\\/\\\/my-french-grocery.com\\\/de\\\/produkt\\\/gazpacho-das-original-alvalle\\\/#breadcrumb\",\"itemListElement\":[{\"@type\":\"ListItem\",\"position\":1,\"name\":\"Home\",\"item\":\"https:\\\/\\\/my-french-grocery.com\\\/de\\\/shopping-seite\\\/\"},{\"@type\":\"ListItem\",\"position\":2,\"name\":\"Shop\",\"item\":\"https:\\\/\\\/my-french-grocery.com\\\/shop\\\/\"},{\"@type\":\"ListItem\",\"position\":3,\"name\":\"Suppen &amp; Croutons\",\"item\":\"https:\\\/\\\/my-french-grocery.com\\\/de\\\/produkt-kategorie\\\/suppen-croutons\\\/\"},{\"@type\":\"ListItem\",\"position\":4,\"name\":\"Gazpacho Das Original Alvalle\"}]},{\"@type\":\"WebSite\",\"@id\":\"https:\\\/\\\/my-french-grocery.com\\\/de\\\/#website\",\"url\":\"https:\\\/\\\/my-french-grocery.com\\\/de\\\/\",\"name\":\"My French Grocery\",\"description\":\"Your Online French Grocery  !\",\"publisher\":{\"@id\":\"https:\\\/\\\/my-french-grocery.com\\\/de\\\/#organization\"},\"potentialAction\":[{\"@type\":\"SearchAction\",\"target\":{\"@type\":\"EntryPoint\",\"urlTemplate\":\"https:\\\/\\\/my-french-grocery.com\\\/de\\\/?s={search_term_string}\"},\"query-input\":{\"@type\":\"PropertyValueSpecification\",\"valueRequired\":true,\"valueName\":\"search_term_string\"}}],\"inLanguage\":\"de-DE\"},{\"@type\":\"Organization\",\"@id\":\"https:\\\/\\\/my-french-grocery.com\\\/de\\\/#organization\",\"name\":\"MY FRENCH GROCERY\",\"url\":\"https:\\\/\\\/my-french-grocery.com\\\/de\\\/\",\"logo\":{\"@type\":\"ImageObject\",\"inLanguage\":\"de-DE\",\"@id\":\"https:\\\/\\\/my-french-grocery.com\\\/de\\\/#\\\/schema\\\/logo\\\/image\\\/\",\"url\":\"https:\\\/\\\/my-french-grocery.com\\\/wp-content\\\/uploads\\\/2021\\\/11\\\/My-French-Grocery-Online-French-Grocery.png\",\"contentUrl\":\"https:\\\/\\\/my-french-grocery.com\\\/wp-content\\\/uploads\\\/2021\\\/11\\\/My-French-Grocery-Online-French-Grocery.png\",\"width\":100,\"height\":100,\"caption\":\"MY FRENCH GROCERY\"},\"image\":{\"@id\":\"https:\\\/\\\/my-french-grocery.com\\\/de\\\/#\\\/schema\\\/logo\\\/image\\\/\"},\"sameAs\":[\"https:\\\/\\\/www.facebook.com\\\/myfrenchgrocery\\\/\"]}]}<\/script>\n<!-- \/ Yoast SEO plugin. -->","yoast_head_json":{"title":"Gazpacho Das Original Alvalle | Online Kaufen | My French Grocery","description":"Gazpacho Das Original Alvalle - 1L-Ziegel - Das Wahrzeichen der Marke Alvalle, L'Original Gazpacho, wird nach dem traditionellen spanischen Rezept hergestellt","robots":{"index":"index","follow":"follow","max-snippet":"max-snippet:-1","max-image-preview":"max-image-preview:large","max-video-preview":"max-video-preview:-1"},"canonical":"https:\/\/my-french-grocery.com\/de\/produkt\/gazpacho-das-original-alvalle\/","og_locale":"de_DE","og_type":"article","og_title":"Gazpacho Das Original Alvalle | Online Kaufen | My French Grocery","og_description":"Gazpacho Das Original Alvalle - 1L-Ziegel - Das Wahrzeichen der Marke Alvalle, L'Original Gazpacho, wird nach dem traditionellen spanischen Rezept hergestellt","og_url":"https:\/\/my-french-grocery.com\/de\/produkt\/gazpacho-das-original-alvalle\/","og_site_name":"My French Grocery","article_publisher":"https:\/\/www.facebook.com\/myfrenchgrocery\/","article_modified_time":"2025-05-27T09:08:44+00:00","og_image":[{"width":1500,"height":1500,"url":"https:\/\/my-french-grocery.com\/wp-content\/uploads\/2025\/05\/Gazpacho-The-Original-ALVALLE.webp","type":"image\/webp"}],"twitter_card":"summary_large_image","twitter_misc":{"Gesch\u00e4tzte Lesezeit":"1 minute"},"schema":{"@context":"https:\/\/schema.org","@graph":[{"@type":"WebPage","@id":"https:\/\/my-french-grocery.com\/de\/produkt\/gazpacho-das-original-alvalle\/","url":"https:\/\/my-french-grocery.com\/de\/produkt\/gazpacho-das-original-alvalle\/","name":"Gazpacho Das Original Alvalle | Online Kaufen | My French Grocery","isPartOf":{"@id":"https:\/\/my-french-grocery.com\/de\/#website"},"primaryImageOfPage":{"@id":"https:\/\/my-french-grocery.com\/de\/produkt\/gazpacho-das-original-alvalle\/#primaryimage"},"image":{"@id":"https:\/\/my-french-grocery.com\/de\/produkt\/gazpacho-das-original-alvalle\/#primaryimage"},"thumbnailUrl":"https:\/\/my-french-grocery.com\/wp-content\/uploads\/2025\/05\/Gazpacho-The-Original-ALVALLE.webp","datePublished":"2025-05-27T08:18:03+00:00","dateModified":"2025-05-27T09:08:44+00:00","description":"Gazpacho Das Original Alvalle - 1L-Ziegel - Das Wahrzeichen der Marke Alvalle, L'Original Gazpacho, wird nach dem traditionellen spanischen Rezept hergestellt","breadcrumb":{"@id":"https:\/\/my-french-grocery.com\/de\/produkt\/gazpacho-das-original-alvalle\/#breadcrumb"},"inLanguage":"de-DE","potentialAction":[{"@type":"ReadAction","target":["https:\/\/my-french-grocery.com\/de\/produkt\/gazpacho-das-original-alvalle\/"]}]},{"@type":"ImageObject","inLanguage":"de-DE","@id":"https:\/\/my-french-grocery.com\/de\/produkt\/gazpacho-das-original-alvalle\/#primaryimage","url":"https:\/\/my-french-grocery.com\/wp-content\/uploads\/2025\/05\/Gazpacho-The-Original-ALVALLE.webp","contentUrl":"https:\/\/my-french-grocery.com\/wp-content\/uploads\/2025\/05\/Gazpacho-The-Original-ALVALLE.webp","width":1500,"height":1500,"caption":"Gazpacho Das Original Alvalle"},{"@type":"BreadcrumbList","@id":"https:\/\/my-french-grocery.com\/de\/produkt\/gazpacho-das-original-alvalle\/#breadcrumb","itemListElement":[{"@type":"ListItem","position":1,"name":"Home","item":"https:\/\/my-french-grocery.com\/de\/shopping-seite\/"},{"@type":"ListItem","position":2,"name":"Shop","item":"https:\/\/my-french-grocery.com\/shop\/"},{"@type":"ListItem","position":3,"name":"Suppen &amp; Croutons","item":"https:\/\/my-french-grocery.com\/de\/produkt-kategorie\/suppen-croutons\/"},{"@type":"ListItem","position":4,"name":"Gazpacho Das Original Alvalle"}]},{"@type":"WebSite","@id":"https:\/\/my-french-grocery.com\/de\/#website","url":"https:\/\/my-french-grocery.com\/de\/","name":"My French Grocery","description":"Your Online French Grocery  !","publisher":{"@id":"https:\/\/my-french-grocery.com\/de\/#organization"},"potentialAction":[{"@type":"SearchAction","target":{"@type":"EntryPoint","urlTemplate":"https:\/\/my-french-grocery.com\/de\/?s={search_term_string}"},"query-input":{"@type":"PropertyValueSpecification","valueRequired":true,"valueName":"search_term_string"}}],"inLanguage":"de-DE"},{"@type":"Organization","@id":"https:\/\/my-french-grocery.com\/de\/#organization","name":"MY FRENCH GROCERY","url":"https:\/\/my-french-grocery.com\/de\/","logo":{"@type":"ImageObject","inLanguage":"de-DE","@id":"https:\/\/my-french-grocery.com\/de\/#\/schema\/logo\/image\/","url":"https:\/\/my-french-grocery.com\/wp-content\/uploads\/2021\/11\/My-French-Grocery-Online-French-Grocery.png","contentUrl":"https:\/\/my-french-grocery.com\/wp-content\/uploads\/2021\/11\/My-French-Grocery-Online-French-Grocery.png","width":100,"height":100,"caption":"MY FRENCH GROCERY"},"image":{"@id":"https:\/\/my-french-grocery.com\/de\/#\/schema\/logo\/image\/"},"sameAs":["https:\/\/www.facebook.com\/myfrenchgrocery\/"]}]}},"brands":[{"id":4089,"name":"Alvalle","slug":"alvalle-de"}],"_links":{"self":[{"href":"https:\/\/my-french-grocery.com\/de\/wp-json\/wp\/v2\/product\/48897","targetHints":{"allow":["GET"]}}],"collection":[{"href":"https:\/\/my-french-grocery.com\/de\/wp-json\/wp\/v2\/product"}],"about":[{"href":"https:\/\/my-french-grocery.com\/de\/wp-json\/wp\/v2\/types\/product"}],"replies":[{"embeddable":true,"href":"https:\/\/my-french-grocery.com\/de\/wp-json\/wp\/v2\/comments?post=48897"}],"wp:featuredmedia":[{"embeddable":true,"href":"https:\/\/my-french-grocery.com\/de\/wp-json\/wp\/v2\/media\/48904"}],"wp:attachment":[{"href":"https:\/\/my-french-grocery.com\/de\/wp-json\/wp\/v2\/media?parent=48897"}],"wp:term":[{"taxonomy":"pwb-brand","embeddable":true,"href":"https:\/\/my-french-grocery.com\/de\/wp-json\/wp\/v2\/pwb-brand?post=48897"},{"taxonomy":"product_brand","embeddable":true,"href":"https:\/\/my-french-grocery.com\/de\/wp-json\/wp\/v2\/product_brand?post=48897"},{"taxonomy":"product_cat","embeddable":true,"href":"https:\/\/my-french-grocery.com\/de\/wp-json\/wp\/v2\/product_cat?post=48897"},{"taxonomy":"product_tag","embeddable":true,"href":"https:\/\/my-french-grocery.com\/de\/wp-json\/wp\/v2\/product_tag?post=48897"}],"curies":[{"name":"wp","href":"https:\/\/api.w.org\/{rel}","templated":true}]}}