{"id":49423,"date":"2025-06-25T19:07:57","date_gmt":"2025-06-25T17:07:57","guid":{"rendered":"https:\/\/my-french-grocery.com\/?post_type=product&#038;p=49423"},"modified":"2025-08-30T19:52:08","modified_gmt":"2025-08-30T17:52:08","slug":"keks-mit-dunkler-schokolade-gerble","status":"publish","type":"product","link":"https:\/\/my-french-grocery.com\/de\/produkt\/keks-mit-dunkler-schokolade-gerble\/","title":{"rendered":"Keks Mit Dunkler Schokolade Gerbl\u00e9"},"content":{"rendered":"<p>Keks Mit Dunkler Schokolade Gerbl\u00e9<\/p>\n<p>150g Box<\/p>\n<div class=\"secondary-details-intro\">\n<div class=\"regulated-name\">\n<div id=\"product-description\" class=\"main-details__block product-content\">\n<div class=\"product-content__content c-text c-text--size-s c-text--style-p c-text--spacing-default\">Gerbl\u00e9 Vitalit\u00e9 Zartbitterschokoladenkekse passen perfekt zum Fr\u00fchst\u00fcck zum Tee oder Kaffee und f\u00fcr den kleinen Hunger zwischendurch. Genie\u00dfen Sie die Zartheit einer Zartbitterschokolade in einem knusprigen Keks, einer Quelle von Magnesium und Vitamin E, die M\u00fcdigkeit den ganzen Tag \u00fcber lindert. Dank Gerbl\u00e9 k\u00f6nnen Sie sich jederzeit etwas g\u00f6nnen!<\/div>\n<\/div>\n<div id=\"product-ingredients\" class=\"main-details__block product-content\">\n<div class=\"product-content__title\"><\/div>\n<\/div>\n<\/div>\n<\/div>\n","protected":false},"excerpt":{"rendered":"<p>Keks Mit Dunkler Schokolade Gerbl\u00e9<\/p>\n<p>150g Box<\/p>\n<div class=\"secondary-details-intro\">\n<div class=\"regulated-name\">\n<div id=\"product-description\" class=\"main-details__block product-content\">\n<div class=\"product-content__content c-text c-text--size-s c-text--style-p c-text--spacing-default\"><\/div>\n<\/div>\n<\/div>\n<\/div>\n<div class=\"secondary-details-intro\">\n<div class=\"regulated-name\">\n<div id=\"product-description\" class=\"main-details__block product-content\">\n<div class=\"product-content__content c-text c-text--size-s c-text--style-p c-text--spacing-default\">\n<div><\/div>\n<\/div>\n<\/div>\n<\/div>\n<\/div>\n<div class=\"secondary-details-intro\">\n<div class=\"regulated-name\">\n<p class=\"paragraph\">\n<\/div>\n<\/div>\n<div class=\"secondary-details-intro\">\n<div class=\"regulated-name\">\n<p class=\"paragraph\">\n<\/div>\n<\/div>\n","protected":false},"featured_media":49430,"comment_status":"open","ping_status":"closed","template":"","meta":[],"pwb-brand":[2784],"product_brand":[],"product_cat":[2181],"product_tag":[4128,2593],"class_list":{"0":"post-49423","1":"product","2":"type-product","3":"status-publish","4":"has-post-thumbnail","6":"pwb-brand-gerble-de","7":"product_cat-kuchen-kekse","8":"product_tag-gerble-de","9":"product_tag-kekse","10":"product_shipping_class-internationaler-versand","12":"first","13":"instock","14":"taxable","15":"shipping-taxable","16":"purchasable","17":"product-type-simple"},"yoast_head":"<!-- This site is optimized with the Yoast SEO plugin v27.4 - https:\/\/yoast.com\/product\/yoast-seo-wordpress\/ -->\n<title>Keks Mit Dunkler Schokolade Gerbl\u00e9 | Online Kaufen | My French Grocery<\/title>\n<meta name=\"description\" content=\"Keks Mit Dunkler Schokolade Gerbl\u00e9 - 150g Box - Gerbl\u00e9 Vitalit\u00e9 Zartbitterschokoladenkekse passen perfekt zum Fr\u00fchst\u00fcck zum Tee oder Kaffee und f\u00fcr den kleinen Hunger zwischendurch.\" \/>\n<meta name=\"robots\" content=\"index, follow, max-snippet:-1, max-image-preview:large, max-video-preview:-1\" \/>\n<link rel=\"canonical\" href=\"https:\/\/my-french-grocery.com\/de\/produkt\/keks-mit-dunkler-schokolade-gerble\/\" \/>\n<meta property=\"og:locale\" content=\"de_DE\" \/>\n<meta property=\"og:type\" content=\"article\" \/>\n<meta property=\"og:title\" content=\"Keks Mit Dunkler Schokolade Gerbl\u00e9 | Online Kaufen | My French Grocery\" \/>\n<meta property=\"og:description\" content=\"Keks Mit Dunkler Schokolade Gerbl\u00e9 - 150g Box - Gerbl\u00e9 Vitalit\u00e9 Zartbitterschokoladenkekse passen perfekt zum Fr\u00fchst\u00fcck zum Tee oder Kaffee und f\u00fcr den kleinen Hunger zwischendurch.\" \/>\n<meta property=\"og:url\" content=\"https:\/\/my-french-grocery.com\/de\/produkt\/keks-mit-dunkler-schokolade-gerble\/\" \/>\n<meta property=\"og:site_name\" content=\"My French Grocery\" \/>\n<meta property=\"article:publisher\" content=\"https:\/\/www.facebook.com\/myfrenchgrocery\/\" \/>\n<meta property=\"article:modified_time\" content=\"2025-08-30T17:52:08+00:00\" \/>\n<meta property=\"og:image\" content=\"https:\/\/my-french-grocery.com\/wp-content\/uploads\/2025\/06\/GERBLE-dark-chocolate-biscuit.webp\" \/>\n\t<meta property=\"og:image:width\" content=\"1500\" \/>\n\t<meta property=\"og:image:height\" content=\"1500\" \/>\n\t<meta property=\"og:image:type\" content=\"image\/webp\" \/>\n<meta name=\"twitter:card\" content=\"summary_large_image\" \/>\n<meta name=\"twitter:label1\" content=\"Gesch\u00e4tzte Lesezeit\" \/>\n\t<meta name=\"twitter:data1\" content=\"1 minute\" \/>\n<script type=\"application\/ld+json\" class=\"yoast-schema-graph\">{\"@context\":\"https:\\\/\\\/schema.org\",\"@graph\":[{\"@type\":\"WebPage\",\"@id\":\"https:\\\/\\\/my-french-grocery.com\\\/de\\\/produkt\\\/keks-mit-dunkler-schokolade-gerble\\\/\",\"url\":\"https:\\\/\\\/my-french-grocery.com\\\/de\\\/produkt\\\/keks-mit-dunkler-schokolade-gerble\\\/\",\"name\":\"Keks Mit Dunkler Schokolade Gerbl\u00e9 | Online Kaufen | My French Grocery\",\"isPartOf\":{\"@id\":\"https:\\\/\\\/my-french-grocery.com\\\/de\\\/#website\"},\"primaryImageOfPage\":{\"@id\":\"https:\\\/\\\/my-french-grocery.com\\\/de\\\/produkt\\\/keks-mit-dunkler-schokolade-gerble\\\/#primaryimage\"},\"image\":{\"@id\":\"https:\\\/\\\/my-french-grocery.com\\\/de\\\/produkt\\\/keks-mit-dunkler-schokolade-gerble\\\/#primaryimage\"},\"thumbnailUrl\":\"https:\\\/\\\/my-french-grocery.com\\\/wp-content\\\/uploads\\\/2025\\\/06\\\/GERBLE-dark-chocolate-biscuit.webp\",\"datePublished\":\"2025-06-25T17:07:57+00:00\",\"dateModified\":\"2025-08-30T17:52:08+00:00\",\"description\":\"Keks Mit Dunkler Schokolade Gerbl\u00e9 - 150g Box - Gerbl\u00e9 Vitalit\u00e9 Zartbitterschokoladenkekse passen perfekt zum Fr\u00fchst\u00fcck zum Tee oder Kaffee und f\u00fcr den kleinen Hunger zwischendurch.\",\"breadcrumb\":{\"@id\":\"https:\\\/\\\/my-french-grocery.com\\\/de\\\/produkt\\\/keks-mit-dunkler-schokolade-gerble\\\/#breadcrumb\"},\"inLanguage\":\"de-DE\",\"potentialAction\":[{\"@type\":\"ReadAction\",\"target\":[\"https:\\\/\\\/my-french-grocery.com\\\/de\\\/produkt\\\/keks-mit-dunkler-schokolade-gerble\\\/\"]}]},{\"@type\":\"ImageObject\",\"inLanguage\":\"de-DE\",\"@id\":\"https:\\\/\\\/my-french-grocery.com\\\/de\\\/produkt\\\/keks-mit-dunkler-schokolade-gerble\\\/#primaryimage\",\"url\":\"https:\\\/\\\/my-french-grocery.com\\\/wp-content\\\/uploads\\\/2025\\\/06\\\/GERBLE-dark-chocolate-biscuit.webp\",\"contentUrl\":\"https:\\\/\\\/my-french-grocery.com\\\/wp-content\\\/uploads\\\/2025\\\/06\\\/GERBLE-dark-chocolate-biscuit.webp\",\"width\":1500,\"height\":1500,\"caption\":\"Keks Mit Dunkler Schokolade Gerbl\u00e9\"},{\"@type\":\"BreadcrumbList\",\"@id\":\"https:\\\/\\\/my-french-grocery.com\\\/de\\\/produkt\\\/keks-mit-dunkler-schokolade-gerble\\\/#breadcrumb\",\"itemListElement\":[{\"@type\":\"ListItem\",\"position\":1,\"name\":\"Home\",\"item\":\"https:\\\/\\\/my-french-grocery.com\\\/de\\\/shopping-seite\\\/\"},{\"@type\":\"ListItem\",\"position\":2,\"name\":\"Shop\",\"item\":\"https:\\\/\\\/my-french-grocery.com\\\/shop\\\/\"},{\"@type\":\"ListItem\",\"position\":3,\"name\":\"Lebensmittel\",\"item\":\"https:\\\/\\\/my-french-grocery.com\\\/de\\\/produkt-kategorie\\\/lebensmittel\\\/\"},{\"@type\":\"ListItem\",\"position\":4,\"name\":\"Kuchen &amp; Kekse\",\"item\":\"https:\\\/\\\/my-french-grocery.com\\\/de\\\/produkt-kategorie\\\/kuchen-kekse\\\/\"},{\"@type\":\"ListItem\",\"position\":5,\"name\":\"Keks Mit Dunkler Schokolade Gerbl\u00e9\"}]},{\"@type\":\"WebSite\",\"@id\":\"https:\\\/\\\/my-french-grocery.com\\\/de\\\/#website\",\"url\":\"https:\\\/\\\/my-french-grocery.com\\\/de\\\/\",\"name\":\"My French Grocery\",\"description\":\"Your Online French Grocery  !\",\"publisher\":{\"@id\":\"https:\\\/\\\/my-french-grocery.com\\\/de\\\/#organization\"},\"potentialAction\":[{\"@type\":\"SearchAction\",\"target\":{\"@type\":\"EntryPoint\",\"urlTemplate\":\"https:\\\/\\\/my-french-grocery.com\\\/de\\\/?s={search_term_string}\"},\"query-input\":{\"@type\":\"PropertyValueSpecification\",\"valueRequired\":true,\"valueName\":\"search_term_string\"}}],\"inLanguage\":\"de-DE\"},{\"@type\":\"Organization\",\"@id\":\"https:\\\/\\\/my-french-grocery.com\\\/de\\\/#organization\",\"name\":\"MY FRENCH GROCERY\",\"url\":\"https:\\\/\\\/my-french-grocery.com\\\/de\\\/\",\"logo\":{\"@type\":\"ImageObject\",\"inLanguage\":\"de-DE\",\"@id\":\"https:\\\/\\\/my-french-grocery.com\\\/de\\\/#\\\/schema\\\/logo\\\/image\\\/\",\"url\":\"https:\\\/\\\/my-french-grocery.com\\\/wp-content\\\/uploads\\\/2021\\\/11\\\/My-French-Grocery-Online-French-Grocery.png\",\"contentUrl\":\"https:\\\/\\\/my-french-grocery.com\\\/wp-content\\\/uploads\\\/2021\\\/11\\\/My-French-Grocery-Online-French-Grocery.png\",\"width\":100,\"height\":100,\"caption\":\"MY FRENCH GROCERY\"},\"image\":{\"@id\":\"https:\\\/\\\/my-french-grocery.com\\\/de\\\/#\\\/schema\\\/logo\\\/image\\\/\"},\"sameAs\":[\"https:\\\/\\\/www.facebook.com\\\/myfrenchgrocery\\\/\"]}]}<\/script>\n<!-- \/ Yoast SEO plugin. -->","yoast_head_json":{"title":"Keks Mit Dunkler Schokolade Gerbl\u00e9 | Online Kaufen | My French Grocery","description":"Keks Mit Dunkler Schokolade Gerbl\u00e9 - 150g Box - Gerbl\u00e9 Vitalit\u00e9 Zartbitterschokoladenkekse passen perfekt zum Fr\u00fchst\u00fcck zum Tee oder Kaffee und f\u00fcr den kleinen Hunger zwischendurch.","robots":{"index":"index","follow":"follow","max-snippet":"max-snippet:-1","max-image-preview":"max-image-preview:large","max-video-preview":"max-video-preview:-1"},"canonical":"https:\/\/my-french-grocery.com\/de\/produkt\/keks-mit-dunkler-schokolade-gerble\/","og_locale":"de_DE","og_type":"article","og_title":"Keks Mit Dunkler Schokolade Gerbl\u00e9 | Online Kaufen | My French Grocery","og_description":"Keks Mit Dunkler Schokolade Gerbl\u00e9 - 150g Box - Gerbl\u00e9 Vitalit\u00e9 Zartbitterschokoladenkekse passen perfekt zum Fr\u00fchst\u00fcck zum Tee oder Kaffee und f\u00fcr den kleinen Hunger zwischendurch.","og_url":"https:\/\/my-french-grocery.com\/de\/produkt\/keks-mit-dunkler-schokolade-gerble\/","og_site_name":"My French Grocery","article_publisher":"https:\/\/www.facebook.com\/myfrenchgrocery\/","article_modified_time":"2025-08-30T17:52:08+00:00","og_image":[{"width":1500,"height":1500,"url":"https:\/\/my-french-grocery.com\/wp-content\/uploads\/2025\/06\/GERBLE-dark-chocolate-biscuit.webp","type":"image\/webp"}],"twitter_card":"summary_large_image","twitter_misc":{"Gesch\u00e4tzte Lesezeit":"1 minute"},"schema":{"@context":"https:\/\/schema.org","@graph":[{"@type":"WebPage","@id":"https:\/\/my-french-grocery.com\/de\/produkt\/keks-mit-dunkler-schokolade-gerble\/","url":"https:\/\/my-french-grocery.com\/de\/produkt\/keks-mit-dunkler-schokolade-gerble\/","name":"Keks Mit Dunkler Schokolade Gerbl\u00e9 | Online Kaufen | My French Grocery","isPartOf":{"@id":"https:\/\/my-french-grocery.com\/de\/#website"},"primaryImageOfPage":{"@id":"https:\/\/my-french-grocery.com\/de\/produkt\/keks-mit-dunkler-schokolade-gerble\/#primaryimage"},"image":{"@id":"https:\/\/my-french-grocery.com\/de\/produkt\/keks-mit-dunkler-schokolade-gerble\/#primaryimage"},"thumbnailUrl":"https:\/\/my-french-grocery.com\/wp-content\/uploads\/2025\/06\/GERBLE-dark-chocolate-biscuit.webp","datePublished":"2025-06-25T17:07:57+00:00","dateModified":"2025-08-30T17:52:08+00:00","description":"Keks Mit Dunkler Schokolade Gerbl\u00e9 - 150g Box - Gerbl\u00e9 Vitalit\u00e9 Zartbitterschokoladenkekse passen perfekt zum Fr\u00fchst\u00fcck zum Tee oder Kaffee und f\u00fcr den kleinen Hunger zwischendurch.","breadcrumb":{"@id":"https:\/\/my-french-grocery.com\/de\/produkt\/keks-mit-dunkler-schokolade-gerble\/#breadcrumb"},"inLanguage":"de-DE","potentialAction":[{"@type":"ReadAction","target":["https:\/\/my-french-grocery.com\/de\/produkt\/keks-mit-dunkler-schokolade-gerble\/"]}]},{"@type":"ImageObject","inLanguage":"de-DE","@id":"https:\/\/my-french-grocery.com\/de\/produkt\/keks-mit-dunkler-schokolade-gerble\/#primaryimage","url":"https:\/\/my-french-grocery.com\/wp-content\/uploads\/2025\/06\/GERBLE-dark-chocolate-biscuit.webp","contentUrl":"https:\/\/my-french-grocery.com\/wp-content\/uploads\/2025\/06\/GERBLE-dark-chocolate-biscuit.webp","width":1500,"height":1500,"caption":"Keks Mit Dunkler Schokolade Gerbl\u00e9"},{"@type":"BreadcrumbList","@id":"https:\/\/my-french-grocery.com\/de\/produkt\/keks-mit-dunkler-schokolade-gerble\/#breadcrumb","itemListElement":[{"@type":"ListItem","position":1,"name":"Home","item":"https:\/\/my-french-grocery.com\/de\/shopping-seite\/"},{"@type":"ListItem","position":2,"name":"Shop","item":"https:\/\/my-french-grocery.com\/shop\/"},{"@type":"ListItem","position":3,"name":"Lebensmittel","item":"https:\/\/my-french-grocery.com\/de\/produkt-kategorie\/lebensmittel\/"},{"@type":"ListItem","position":4,"name":"Kuchen &amp; Kekse","item":"https:\/\/my-french-grocery.com\/de\/produkt-kategorie\/kuchen-kekse\/"},{"@type":"ListItem","position":5,"name":"Keks Mit Dunkler Schokolade Gerbl\u00e9"}]},{"@type":"WebSite","@id":"https:\/\/my-french-grocery.com\/de\/#website","url":"https:\/\/my-french-grocery.com\/de\/","name":"My French Grocery","description":"Your Online French Grocery  !","publisher":{"@id":"https:\/\/my-french-grocery.com\/de\/#organization"},"potentialAction":[{"@type":"SearchAction","target":{"@type":"EntryPoint","urlTemplate":"https:\/\/my-french-grocery.com\/de\/?s={search_term_string}"},"query-input":{"@type":"PropertyValueSpecification","valueRequired":true,"valueName":"search_term_string"}}],"inLanguage":"de-DE"},{"@type":"Organization","@id":"https:\/\/my-french-grocery.com\/de\/#organization","name":"MY FRENCH GROCERY","url":"https:\/\/my-french-grocery.com\/de\/","logo":{"@type":"ImageObject","inLanguage":"de-DE","@id":"https:\/\/my-french-grocery.com\/de\/#\/schema\/logo\/image\/","url":"https:\/\/my-french-grocery.com\/wp-content\/uploads\/2021\/11\/My-French-Grocery-Online-French-Grocery.png","contentUrl":"https:\/\/my-french-grocery.com\/wp-content\/uploads\/2021\/11\/My-French-Grocery-Online-French-Grocery.png","width":100,"height":100,"caption":"MY FRENCH GROCERY"},"image":{"@id":"https:\/\/my-french-grocery.com\/de\/#\/schema\/logo\/image\/"},"sameAs":["https:\/\/www.facebook.com\/myfrenchgrocery\/"]}]}},"brands":[{"id":2784,"name":"Gerbl\u00e9","slug":"gerble-de"}],"_links":{"self":[{"href":"https:\/\/my-french-grocery.com\/de\/wp-json\/wp\/v2\/product\/49423","targetHints":{"allow":["GET"]}}],"collection":[{"href":"https:\/\/my-french-grocery.com\/de\/wp-json\/wp\/v2\/product"}],"about":[{"href":"https:\/\/my-french-grocery.com\/de\/wp-json\/wp\/v2\/types\/product"}],"replies":[{"embeddable":true,"href":"https:\/\/my-french-grocery.com\/de\/wp-json\/wp\/v2\/comments?post=49423"}],"wp:featuredmedia":[{"embeddable":true,"href":"https:\/\/my-french-grocery.com\/de\/wp-json\/wp\/v2\/media\/49430"}],"wp:attachment":[{"href":"https:\/\/my-french-grocery.com\/de\/wp-json\/wp\/v2\/media?parent=49423"}],"wp:term":[{"taxonomy":"pwb-brand","embeddable":true,"href":"https:\/\/my-french-grocery.com\/de\/wp-json\/wp\/v2\/pwb-brand?post=49423"},{"taxonomy":"product_brand","embeddable":true,"href":"https:\/\/my-french-grocery.com\/de\/wp-json\/wp\/v2\/product_brand?post=49423"},{"taxonomy":"product_cat","embeddable":true,"href":"https:\/\/my-french-grocery.com\/de\/wp-json\/wp\/v2\/product_cat?post=49423"},{"taxonomy":"product_tag","embeddable":true,"href":"https:\/\/my-french-grocery.com\/de\/wp-json\/wp\/v2\/product_tag?post=49423"}],"curies":[{"name":"wp","href":"https:\/\/api.w.org\/{rel}","templated":true}]}}