{"id":49477,"date":"2025-06-27T18:29:48","date_gmt":"2025-06-27T16:29:49","guid":{"rendered":"https:\/\/my-french-grocery.com\/?post_type=product&#038;p=49477"},"modified":"2025-08-30T19:53:26","modified_gmt":"2025-08-30T17:53:26","slug":"bio-kokos-mohn-keks-gerble","status":"publish","type":"product","link":"https:\/\/my-french-grocery.com\/de\/produkt\/bio-kokos-mohn-keks-gerble\/","title":{"rendered":"Bio Kokos &#038; Mohn-Keks Gerbl\u00e9"},"content":{"rendered":"<p>Bio Kokos &amp; Mohn-Keks Gerbl\u00e9<\/p>\n<p>132 g Box<\/p>\n<div class=\"secondary-details-intro\">\n<div class=\"regulated-name\">\n<div id=\"product-description\" class=\"main-details__block product-content\">\n<div class=\"product-content__content c-text c-text--size-s c-text--style-p c-text--spacing-default\">G\u00f6nnen Sie sich diesen knusprigen Bio-Keks, der die S\u00fc\u00dfe von Kokosnuss und Mohn vereint! Dieses Rezept wurde sorgf\u00e4ltig entwickelt, um Ihnen ein Bio-M\u00fcrbegeb\u00e4ck mit niedrigem Zuckergehalt zu bieten. Unser Weizenmehl stammt zu 100 % aus franz\u00f6sischem Bio-Anbau, und unsere Bio-Zutaten wurden sorgf\u00e4ltig ausgew\u00e4hlt, um Ihnen einen k\u00f6stlichen und verf\u00fchrerischen Genuss zu bieten.<\/div>\n<\/div>\n<div id=\"product-ingredients\" class=\"main-details__block product-content\">\n<div class=\"product-content__title\"><\/div>\n<\/div>\n<\/div>\n<\/div>\n","protected":false},"excerpt":{"rendered":"<p>Bio Kokos &amp; Mohn-Keks Gerbl\u00e9<\/p>\n<p>132 g Box<\/p>\n<div class=\"secondary-details-intro\">\n<div class=\"regulated-name\">\n<div id=\"product-description\" class=\"main-details__block product-content\">\n<div class=\"product-content__content c-text c-text--size-s c-text--style-p c-text--spacing-default\"><\/div>\n<\/div>\n<\/div>\n<\/div>\n<div class=\"secondary-details-intro\">\n<div class=\"regulated-name\">\n<div id=\"product-description\" class=\"main-details__block product-content\">\n<div class=\"product-content__content c-text c-text--size-s c-text--style-p c-text--spacing-default\">\n<div><\/div>\n<\/div>\n<\/div>\n<\/div>\n<\/div>\n<div class=\"secondary-details-intro\">\n<div class=\"regulated-name\">\n<p class=\"paragraph\">\n<\/div>\n<\/div>\n<div class=\"secondary-details-intro\">\n<div class=\"regulated-name\">\n<p class=\"paragraph\">\n<\/div>\n<\/div>\n","protected":false},"featured_media":49484,"comment_status":"open","ping_status":"closed","template":"","meta":[],"pwb-brand":[2784],"product_brand":[],"product_cat":[2181,2264],"product_tag":[4128,2593],"class_list":{"0":"post-49477","1":"product","2":"type-product","3":"status-publish","4":"has-post-thumbnail","6":"pwb-brand-gerble-de","7":"product_cat-kuchen-kekse","8":"product_cat-organische-produkte","9":"product_tag-gerble-de","10":"product_tag-kekse","11":"product_shipping_class-internationaler-versand","13":"first","14":"instock","15":"taxable","16":"shipping-taxable","17":"purchasable","18":"product-type-simple"},"yoast_head":"<!-- This site is optimized with the Yoast SEO plugin v27.3 - https:\/\/yoast.com\/product\/yoast-seo-wordpress\/ -->\n<title>Bio Kokos &amp; Mohn-Keks Gerbl\u00e9 | Online Kaufen | My French Grocery<\/title>\n<meta name=\"description\" content=\"Bio Kokos &amp; Mohn-Keks Gerbl\u00e9 - 132 g Box - G\u00f6nnen Sie sich diesen knusprigen Bio-Keks, der die S\u00fc\u00dfe von Kokosnuss und Mohn vereint!\" \/>\n<meta name=\"robots\" content=\"index, follow, max-snippet:-1, max-image-preview:large, max-video-preview:-1\" \/>\n<link rel=\"canonical\" href=\"https:\/\/my-french-grocery.com\/de\/produkt\/bio-kokos-mohn-keks-gerble\/\" \/>\n<meta property=\"og:locale\" content=\"de_DE\" \/>\n<meta property=\"og:type\" content=\"article\" \/>\n<meta property=\"og:title\" content=\"Bio Kokos &amp; Mohn-Keks Gerbl\u00e9 | Online Kaufen | My French Grocery\" \/>\n<meta property=\"og:description\" content=\"Bio Kokos &amp; Mohn-Keks Gerbl\u00e9 - 132 g Box - G\u00f6nnen Sie sich diesen knusprigen Bio-Keks, der die S\u00fc\u00dfe von Kokosnuss und Mohn vereint!\" \/>\n<meta property=\"og:url\" content=\"https:\/\/my-french-grocery.com\/de\/produkt\/bio-kokos-mohn-keks-gerble\/\" \/>\n<meta property=\"og:site_name\" content=\"My French Grocery\" \/>\n<meta property=\"article:publisher\" content=\"https:\/\/www.facebook.com\/myfrenchgrocery\/\" \/>\n<meta property=\"article:modified_time\" content=\"2025-08-30T17:53:26+00:00\" \/>\n<meta property=\"og:image\" content=\"https:\/\/my-french-grocery.com\/wp-content\/uploads\/2025\/06\/GERBLE-ORGANIC-coconut-poppy-biscuit.webp\" \/>\n\t<meta property=\"og:image:width\" content=\"1500\" \/>\n\t<meta property=\"og:image:height\" content=\"1500\" \/>\n\t<meta property=\"og:image:type\" content=\"image\/webp\" \/>\n<meta name=\"twitter:card\" content=\"summary_large_image\" \/>\n<meta name=\"twitter:label1\" content=\"Gesch\u00e4tzte Lesezeit\" \/>\n\t<meta name=\"twitter:data1\" content=\"1 minute\" \/>\n<script type=\"application\/ld+json\" class=\"yoast-schema-graph\">{\"@context\":\"https:\\\/\\\/schema.org\",\"@graph\":[{\"@type\":\"WebPage\",\"@id\":\"https:\\\/\\\/my-french-grocery.com\\\/de\\\/produkt\\\/bio-kokos-mohn-keks-gerble\\\/\",\"url\":\"https:\\\/\\\/my-french-grocery.com\\\/de\\\/produkt\\\/bio-kokos-mohn-keks-gerble\\\/\",\"name\":\"Bio Kokos & Mohn-Keks Gerbl\u00e9 | Online Kaufen | My French Grocery\",\"isPartOf\":{\"@id\":\"https:\\\/\\\/my-french-grocery.com\\\/de\\\/#website\"},\"primaryImageOfPage\":{\"@id\":\"https:\\\/\\\/my-french-grocery.com\\\/de\\\/produkt\\\/bio-kokos-mohn-keks-gerble\\\/#primaryimage\"},\"image\":{\"@id\":\"https:\\\/\\\/my-french-grocery.com\\\/de\\\/produkt\\\/bio-kokos-mohn-keks-gerble\\\/#primaryimage\"},\"thumbnailUrl\":\"https:\\\/\\\/my-french-grocery.com\\\/wp-content\\\/uploads\\\/2025\\\/06\\\/GERBLE-ORGANIC-coconut-poppy-biscuit.webp\",\"datePublished\":\"2025-06-27T16:29:49+00:00\",\"dateModified\":\"2025-08-30T17:53:26+00:00\",\"description\":\"Bio Kokos & Mohn-Keks Gerbl\u00e9 - 132 g Box - G\u00f6nnen Sie sich diesen knusprigen Bio-Keks, der die S\u00fc\u00dfe von Kokosnuss und Mohn vereint!\",\"breadcrumb\":{\"@id\":\"https:\\\/\\\/my-french-grocery.com\\\/de\\\/produkt\\\/bio-kokos-mohn-keks-gerble\\\/#breadcrumb\"},\"inLanguage\":\"de-DE\",\"potentialAction\":[{\"@type\":\"ReadAction\",\"target\":[\"https:\\\/\\\/my-french-grocery.com\\\/de\\\/produkt\\\/bio-kokos-mohn-keks-gerble\\\/\"]}]},{\"@type\":\"ImageObject\",\"inLanguage\":\"de-DE\",\"@id\":\"https:\\\/\\\/my-french-grocery.com\\\/de\\\/produkt\\\/bio-kokos-mohn-keks-gerble\\\/#primaryimage\",\"url\":\"https:\\\/\\\/my-french-grocery.com\\\/wp-content\\\/uploads\\\/2025\\\/06\\\/GERBLE-ORGANIC-coconut-poppy-biscuit.webp\",\"contentUrl\":\"https:\\\/\\\/my-french-grocery.com\\\/wp-content\\\/uploads\\\/2025\\\/06\\\/GERBLE-ORGANIC-coconut-poppy-biscuit.webp\",\"width\":1500,\"height\":1500,\"caption\":\"Bio Kokos & Mohn-Keks Gerbl\u00e9\"},{\"@type\":\"BreadcrumbList\",\"@id\":\"https:\\\/\\\/my-french-grocery.com\\\/de\\\/produkt\\\/bio-kokos-mohn-keks-gerble\\\/#breadcrumb\",\"itemListElement\":[{\"@type\":\"ListItem\",\"position\":1,\"name\":\"Home\",\"item\":\"https:\\\/\\\/my-french-grocery.com\\\/de\\\/shopping-seite\\\/\"},{\"@type\":\"ListItem\",\"position\":2,\"name\":\"Shop\",\"item\":\"https:\\\/\\\/my-french-grocery.com\\\/shop\\\/\"},{\"@type\":\"ListItem\",\"position\":3,\"name\":\"Lebensmittel\",\"item\":\"https:\\\/\\\/my-french-grocery.com\\\/de\\\/produkt-kategorie\\\/lebensmittel\\\/\"},{\"@type\":\"ListItem\",\"position\":4,\"name\":\"Kuchen &amp; Kekse\",\"item\":\"https:\\\/\\\/my-french-grocery.com\\\/de\\\/produkt-kategorie\\\/kuchen-kekse\\\/\"},{\"@type\":\"ListItem\",\"position\":5,\"name\":\"Bio Kokos &#038; Mohn-Keks Gerbl\u00e9\"}]},{\"@type\":\"WebSite\",\"@id\":\"https:\\\/\\\/my-french-grocery.com\\\/de\\\/#website\",\"url\":\"https:\\\/\\\/my-french-grocery.com\\\/de\\\/\",\"name\":\"My French Grocery\",\"description\":\"Your Online French Grocery  !\",\"publisher\":{\"@id\":\"https:\\\/\\\/my-french-grocery.com\\\/de\\\/#organization\"},\"potentialAction\":[{\"@type\":\"SearchAction\",\"target\":{\"@type\":\"EntryPoint\",\"urlTemplate\":\"https:\\\/\\\/my-french-grocery.com\\\/de\\\/?s={search_term_string}\"},\"query-input\":{\"@type\":\"PropertyValueSpecification\",\"valueRequired\":true,\"valueName\":\"search_term_string\"}}],\"inLanguage\":\"de-DE\"},{\"@type\":\"Organization\",\"@id\":\"https:\\\/\\\/my-french-grocery.com\\\/de\\\/#organization\",\"name\":\"MY FRENCH GROCERY\",\"url\":\"https:\\\/\\\/my-french-grocery.com\\\/de\\\/\",\"logo\":{\"@type\":\"ImageObject\",\"inLanguage\":\"de-DE\",\"@id\":\"https:\\\/\\\/my-french-grocery.com\\\/de\\\/#\\\/schema\\\/logo\\\/image\\\/\",\"url\":\"https:\\\/\\\/my-french-grocery.com\\\/wp-content\\\/uploads\\\/2021\\\/11\\\/My-French-Grocery-Online-French-Grocery.png\",\"contentUrl\":\"https:\\\/\\\/my-french-grocery.com\\\/wp-content\\\/uploads\\\/2021\\\/11\\\/My-French-Grocery-Online-French-Grocery.png\",\"width\":100,\"height\":100,\"caption\":\"MY FRENCH GROCERY\"},\"image\":{\"@id\":\"https:\\\/\\\/my-french-grocery.com\\\/de\\\/#\\\/schema\\\/logo\\\/image\\\/\"},\"sameAs\":[\"https:\\\/\\\/www.facebook.com\\\/myfrenchgrocery\\\/\"]}]}<\/script>\n<!-- \/ Yoast SEO plugin. -->","yoast_head_json":{"title":"Bio Kokos & Mohn-Keks Gerbl\u00e9 | Online Kaufen | My French Grocery","description":"Bio Kokos & Mohn-Keks Gerbl\u00e9 - 132 g Box - G\u00f6nnen Sie sich diesen knusprigen Bio-Keks, der die S\u00fc\u00dfe von Kokosnuss und Mohn vereint!","robots":{"index":"index","follow":"follow","max-snippet":"max-snippet:-1","max-image-preview":"max-image-preview:large","max-video-preview":"max-video-preview:-1"},"canonical":"https:\/\/my-french-grocery.com\/de\/produkt\/bio-kokos-mohn-keks-gerble\/","og_locale":"de_DE","og_type":"article","og_title":"Bio Kokos & Mohn-Keks Gerbl\u00e9 | Online Kaufen | My French Grocery","og_description":"Bio Kokos & Mohn-Keks Gerbl\u00e9 - 132 g Box - G\u00f6nnen Sie sich diesen knusprigen Bio-Keks, der die S\u00fc\u00dfe von Kokosnuss und Mohn vereint!","og_url":"https:\/\/my-french-grocery.com\/de\/produkt\/bio-kokos-mohn-keks-gerble\/","og_site_name":"My French Grocery","article_publisher":"https:\/\/www.facebook.com\/myfrenchgrocery\/","article_modified_time":"2025-08-30T17:53:26+00:00","og_image":[{"width":1500,"height":1500,"url":"https:\/\/my-french-grocery.com\/wp-content\/uploads\/2025\/06\/GERBLE-ORGANIC-coconut-poppy-biscuit.webp","type":"image\/webp"}],"twitter_card":"summary_large_image","twitter_misc":{"Gesch\u00e4tzte Lesezeit":"1 minute"},"schema":{"@context":"https:\/\/schema.org","@graph":[{"@type":"WebPage","@id":"https:\/\/my-french-grocery.com\/de\/produkt\/bio-kokos-mohn-keks-gerble\/","url":"https:\/\/my-french-grocery.com\/de\/produkt\/bio-kokos-mohn-keks-gerble\/","name":"Bio Kokos & Mohn-Keks Gerbl\u00e9 | Online Kaufen | My French Grocery","isPartOf":{"@id":"https:\/\/my-french-grocery.com\/de\/#website"},"primaryImageOfPage":{"@id":"https:\/\/my-french-grocery.com\/de\/produkt\/bio-kokos-mohn-keks-gerble\/#primaryimage"},"image":{"@id":"https:\/\/my-french-grocery.com\/de\/produkt\/bio-kokos-mohn-keks-gerble\/#primaryimage"},"thumbnailUrl":"https:\/\/my-french-grocery.com\/wp-content\/uploads\/2025\/06\/GERBLE-ORGANIC-coconut-poppy-biscuit.webp","datePublished":"2025-06-27T16:29:49+00:00","dateModified":"2025-08-30T17:53:26+00:00","description":"Bio Kokos & Mohn-Keks Gerbl\u00e9 - 132 g Box - G\u00f6nnen Sie sich diesen knusprigen Bio-Keks, der die S\u00fc\u00dfe von Kokosnuss und Mohn vereint!","breadcrumb":{"@id":"https:\/\/my-french-grocery.com\/de\/produkt\/bio-kokos-mohn-keks-gerble\/#breadcrumb"},"inLanguage":"de-DE","potentialAction":[{"@type":"ReadAction","target":["https:\/\/my-french-grocery.com\/de\/produkt\/bio-kokos-mohn-keks-gerble\/"]}]},{"@type":"ImageObject","inLanguage":"de-DE","@id":"https:\/\/my-french-grocery.com\/de\/produkt\/bio-kokos-mohn-keks-gerble\/#primaryimage","url":"https:\/\/my-french-grocery.com\/wp-content\/uploads\/2025\/06\/GERBLE-ORGANIC-coconut-poppy-biscuit.webp","contentUrl":"https:\/\/my-french-grocery.com\/wp-content\/uploads\/2025\/06\/GERBLE-ORGANIC-coconut-poppy-biscuit.webp","width":1500,"height":1500,"caption":"Bio Kokos & Mohn-Keks Gerbl\u00e9"},{"@type":"BreadcrumbList","@id":"https:\/\/my-french-grocery.com\/de\/produkt\/bio-kokos-mohn-keks-gerble\/#breadcrumb","itemListElement":[{"@type":"ListItem","position":1,"name":"Home","item":"https:\/\/my-french-grocery.com\/de\/shopping-seite\/"},{"@type":"ListItem","position":2,"name":"Shop","item":"https:\/\/my-french-grocery.com\/shop\/"},{"@type":"ListItem","position":3,"name":"Lebensmittel","item":"https:\/\/my-french-grocery.com\/de\/produkt-kategorie\/lebensmittel\/"},{"@type":"ListItem","position":4,"name":"Kuchen &amp; Kekse","item":"https:\/\/my-french-grocery.com\/de\/produkt-kategorie\/kuchen-kekse\/"},{"@type":"ListItem","position":5,"name":"Bio Kokos &#038; Mohn-Keks Gerbl\u00e9"}]},{"@type":"WebSite","@id":"https:\/\/my-french-grocery.com\/de\/#website","url":"https:\/\/my-french-grocery.com\/de\/","name":"My French Grocery","description":"Your Online French Grocery  !","publisher":{"@id":"https:\/\/my-french-grocery.com\/de\/#organization"},"potentialAction":[{"@type":"SearchAction","target":{"@type":"EntryPoint","urlTemplate":"https:\/\/my-french-grocery.com\/de\/?s={search_term_string}"},"query-input":{"@type":"PropertyValueSpecification","valueRequired":true,"valueName":"search_term_string"}}],"inLanguage":"de-DE"},{"@type":"Organization","@id":"https:\/\/my-french-grocery.com\/de\/#organization","name":"MY FRENCH GROCERY","url":"https:\/\/my-french-grocery.com\/de\/","logo":{"@type":"ImageObject","inLanguage":"de-DE","@id":"https:\/\/my-french-grocery.com\/de\/#\/schema\/logo\/image\/","url":"https:\/\/my-french-grocery.com\/wp-content\/uploads\/2021\/11\/My-French-Grocery-Online-French-Grocery.png","contentUrl":"https:\/\/my-french-grocery.com\/wp-content\/uploads\/2021\/11\/My-French-Grocery-Online-French-Grocery.png","width":100,"height":100,"caption":"MY FRENCH GROCERY"},"image":{"@id":"https:\/\/my-french-grocery.com\/de\/#\/schema\/logo\/image\/"},"sameAs":["https:\/\/www.facebook.com\/myfrenchgrocery\/"]}]}},"brands":[{"id":2784,"name":"Gerbl\u00e9","slug":"gerble-de"}],"_links":{"self":[{"href":"https:\/\/my-french-grocery.com\/de\/wp-json\/wp\/v2\/product\/49477","targetHints":{"allow":["GET"]}}],"collection":[{"href":"https:\/\/my-french-grocery.com\/de\/wp-json\/wp\/v2\/product"}],"about":[{"href":"https:\/\/my-french-grocery.com\/de\/wp-json\/wp\/v2\/types\/product"}],"replies":[{"embeddable":true,"href":"https:\/\/my-french-grocery.com\/de\/wp-json\/wp\/v2\/comments?post=49477"}],"wp:featuredmedia":[{"embeddable":true,"href":"https:\/\/my-french-grocery.com\/de\/wp-json\/wp\/v2\/media\/49484"}],"wp:attachment":[{"href":"https:\/\/my-french-grocery.com\/de\/wp-json\/wp\/v2\/media?parent=49477"}],"wp:term":[{"taxonomy":"pwb-brand","embeddable":true,"href":"https:\/\/my-french-grocery.com\/de\/wp-json\/wp\/v2\/pwb-brand?post=49477"},{"taxonomy":"product_brand","embeddable":true,"href":"https:\/\/my-french-grocery.com\/de\/wp-json\/wp\/v2\/product_brand?post=49477"},{"taxonomy":"product_cat","embeddable":true,"href":"https:\/\/my-french-grocery.com\/de\/wp-json\/wp\/v2\/product_cat?post=49477"},{"taxonomy":"product_tag","embeddable":true,"href":"https:\/\/my-french-grocery.com\/de\/wp-json\/wp\/v2\/product_tag?post=49477"}],"curies":[{"name":"wp","href":"https:\/\/api.w.org\/{rel}","templated":true}]}}