{"id":49503,"date":"2025-06-29T10:49:56","date_gmt":"2025-06-29T08:49:57","guid":{"rendered":"https:\/\/my-french-grocery.com\/?post_type=product&#038;p=49503"},"modified":"2025-08-30T19:53:55","modified_gmt":"2025-08-30T17:53:55","slug":"bio-mandel-cranberry-keks-gerble","status":"publish","type":"product","link":"https:\/\/my-french-grocery.com\/de\/produkt\/bio-mandel-cranberry-keks-gerble\/","title":{"rendered":"Bio Mandel &#038; Cranberry-Keks Gerbl\u00e9"},"content":{"rendered":"<p>Bio Mandel & Cranberry-Keks Gerbl\u00e9<\/p>\n<p>132 g Box<\/p>\n<div class=\"secondary-details-intro\">\n<div class=\"regulated-name\">\n<div id=\"product-description\" class=\"main-details__block product-content\">\n<div class=\"product-content__content c-text c-text--size-s c-text--style-p c-text--spacing-default\">G\u00f6nnen Sie sich eine k\u00f6stliche Pause und genie\u00dfen Sie die S\u00fc\u00dfe von Mandeln, abgerundet durch den s\u00e4uerlich-s\u00fc\u00dfen Geschmack von Cranberries in diesem k\u00f6stlichen und knusprigen Bio-Keks! Dieses Bio-Rezept enth\u00e4lt wenig Zucker, ges\u00e4ttigte Fetts\u00e4uren und Salz, ganz im Einklang mit unseren Werten. Unsere Bio-Kekse werden in Frankreich hergestellt und unser Weizenmehl stammt aus 100 % franz\u00f6sischem Bio-Anbau.<\/div>\n<\/div>\n<div id=\"product-ingredients\" class=\"main-details__block product-content\">\n<div class=\"product-content__title\"><\/div>\n<\/div>\n<\/div>\n<\/div>\n","protected":false},"excerpt":{"rendered":"<p>Bio Mandel &amp; Cranberry-Keks Gerbl\u00e9<\/p>\n<p>132 g Box<\/p>\n<div class=\"secondary-details-intro\">\n<div class=\"regulated-name\">\n<div id=\"product-description\" class=\"main-details__block product-content\">\n<div class=\"product-content__content c-text c-text--size-s c-text--style-p c-text--spacing-default\">\n<div><\/div>\n<\/div>\n<\/div>\n<\/div>\n<\/div>\n<div class=\"secondary-details-intro\">\n<div class=\"regulated-name\">\n<p class=\"paragraph\">\n<\/div>\n<\/div>\n<div class=\"secondary-details-intro\">\n<div class=\"regulated-name\">\n<p class=\"paragraph\">\n<\/div>\n<\/div>\n","protected":false},"featured_media":49510,"comment_status":"open","ping_status":"closed","template":"","meta":[],"pwb-brand":[2784],"product_brand":[],"product_cat":[2181,2264],"product_tag":[4128,2593],"class_list":{"0":"post-49503","1":"product","2":"type-product","3":"status-publish","4":"has-post-thumbnail","6":"pwb-brand-gerble-de","7":"product_cat-kuchen-kekse","8":"product_cat-organische-produkte","9":"product_tag-gerble-de","10":"product_tag-kekse","11":"product_shipping_class-internationaler-versand","13":"first","14":"instock","15":"taxable","16":"shipping-taxable","17":"purchasable","18":"product-type-simple"},"brands":[{"id":2784,"name":"Gerbl\u00e9","slug":"gerble-de"}],"_links":{"self":[{"href":"https:\/\/my-french-grocery.com\/de\/wp-json\/wp\/v2\/product\/49503","targetHints":{"allow":["GET"]}}],"collection":[{"href":"https:\/\/my-french-grocery.com\/de\/wp-json\/wp\/v2\/product"}],"about":[{"href":"https:\/\/my-french-grocery.com\/de\/wp-json\/wp\/v2\/types\/product"}],"replies":[{"embeddable":true,"href":"https:\/\/my-french-grocery.com\/de\/wp-json\/wp\/v2\/comments?post=49503"}],"wp:featuredmedia":[{"embeddable":true,"href":"https:\/\/my-french-grocery.com\/de\/wp-json\/wp\/v2\/media\/49510"}],"wp:attachment":[{"href":"https:\/\/my-french-grocery.com\/de\/wp-json\/wp\/v2\/media?parent=49503"}],"wp:term":[{"taxonomy":"pwb-brand","embeddable":true,"href":"https:\/\/my-french-grocery.com\/de\/wp-json\/wp\/v2\/pwb-brand?post=49503"},{"taxonomy":"product_brand","embeddable":true,"href":"https:\/\/my-french-grocery.com\/de\/wp-json\/wp\/v2\/product_brand?post=49503"},{"taxonomy":"product_cat","embeddable":true,"href":"https:\/\/my-french-grocery.com\/de\/wp-json\/wp\/v2\/product_cat?post=49503"},{"taxonomy":"product_tag","embeddable":true,"href":"https:\/\/my-french-grocery.com\/de\/wp-json\/wp\/v2\/product_tag?post=49503"}],"curies":[{"name":"wp","href":"https:\/\/api.w.org\/{rel}","templated":true}]}}