{"id":49957,"date":"2025-07-27T17:37:16","date_gmt":"2025-07-27T15:37:16","guid":{"rendered":"https:\/\/my-french-grocery.com\/?post_type=product&#038;p=49957"},"modified":"2025-07-27T18:14:08","modified_gmt":"2025-07-27T16:14:08","slug":"pfirsich-hibiskus-eistee-fuse-tea","status":"publish","type":"product","link":"https:\/\/my-french-grocery.com\/de\/produkt\/pfirsich-hibiskus-eistee-fuse-tea\/","title":{"rendered":"Pfirsich-Hibiskus-Eistee Fuse Tea"},"content":{"rendered":"<p>Pfirsich-Hibiskus-Eistee Fuse Tea<\/p>\n<p>1.25 L Flasche<\/p>\n<p>Nehmen Sie sich eine Minute Zeit zum Loslassen. Genie\u00dfen Sie jeden Schluck und lassen Sie sich vom Genuss erf\u00fcllen. FUZE TEA Peach Hibiscus erfrischt Sie. Entdecken Sie weiter. Mit k\u00f6stlichem Fruchtgeschmack, k\u00f6stlichen Kr\u00e4uternoten und nachhaltig gewonnenem konzentriertem Schwarztee* ist FUZE TEA Peach Hibiscus perfekt f\u00fcr eine entspannende Pause.<\/p>\n","protected":false},"excerpt":{"rendered":"<p>Pfirsich-Hibiskus-Eistee Fuse Tea<\/p>\n<p>1.25 L Flasche<\/p>\n<p>&nbsp;<\/p>\n","protected":false},"featured_media":49964,"comment_status":"open","ping_status":"closed","template":"","meta":[],"pwb-brand":[4149],"product_brand":[],"product_cat":[2234],"product_tag":[4148,3457],"class_list":{"0":"post-49957","1":"product","2":"type-product","3":"status-publish","4":"has-post-thumbnail","6":"pwb-brand-fuse-tea-de","7":"product_cat-wasser-fruchtsafte-limonaden-sirups","8":"product_tag-fuse-tea-de","9":"product_tag-ice-tea-de","10":"product_shipping_class-internationaler-versand","12":"first","13":"instock","14":"taxable","15":"shipping-taxable","16":"purchasable","17":"product-type-simple"},"yoast_head":"<!-- This site is optimized with the Yoast SEO plugin v27.3 - https:\/\/yoast.com\/product\/yoast-seo-wordpress\/ -->\n<title>Pfirsich-Hibiskus-Eistee Fuse Tea | Online Kaufen | My French Grocery<\/title>\n<meta name=\"description\" content=\"Pfirsich-Hibiskus-Eistee Fuse Tea - 1.25 L Flasche - Nehmen Sie sich eine Minute Zeit zum Loslassen. Genie\u00dfen Sie jeden Schluck und lassen Sie sich vom Genuss erf\u00fcllen.\" \/>\n<meta name=\"robots\" content=\"index, follow, max-snippet:-1, max-image-preview:large, max-video-preview:-1\" \/>\n<link rel=\"canonical\" href=\"https:\/\/my-french-grocery.com\/de\/produkt\/pfirsich-hibiskus-eistee-fuse-tea\/\" \/>\n<meta property=\"og:locale\" content=\"de_DE\" \/>\n<meta property=\"og:type\" content=\"article\" \/>\n<meta property=\"og:title\" content=\"Pfirsich-Hibiskus-Eistee Fuse Tea | Online Kaufen | My French Grocery\" \/>\n<meta property=\"og:description\" content=\"Pfirsich-Hibiskus-Eistee Fuse Tea - 1.25 L Flasche - Nehmen Sie sich eine Minute Zeit zum Loslassen. Genie\u00dfen Sie jeden Schluck und lassen Sie sich vom Genuss erf\u00fcllen.\" \/>\n<meta property=\"og:url\" content=\"https:\/\/my-french-grocery.com\/de\/produkt\/pfirsich-hibiskus-eistee-fuse-tea\/\" \/>\n<meta property=\"og:site_name\" content=\"My French Grocery\" \/>\n<meta property=\"article:publisher\" content=\"https:\/\/www.facebook.com\/myfrenchgrocery\/\" \/>\n<meta property=\"article:modified_time\" content=\"2025-07-27T16:14:08+00:00\" \/>\n<meta property=\"og:image\" content=\"https:\/\/my-french-grocery.com\/wp-content\/uploads\/2025\/07\/FUZE-TEA-Peach-Hibiscus-Iced-Tea-Drink.webp\" \/>\n\t<meta property=\"og:image:width\" content=\"1500\" \/>\n\t<meta property=\"og:image:height\" content=\"1500\" \/>\n\t<meta property=\"og:image:type\" content=\"image\/webp\" \/>\n<meta name=\"twitter:card\" content=\"summary_large_image\" \/>\n<meta name=\"twitter:label1\" content=\"Gesch\u00e4tzte Lesezeit\" \/>\n\t<meta name=\"twitter:data1\" content=\"1 minute\" \/>\n<script type=\"application\/ld+json\" class=\"yoast-schema-graph\">{\"@context\":\"https:\\\/\\\/schema.org\",\"@graph\":[{\"@type\":\"WebPage\",\"@id\":\"https:\\\/\\\/my-french-grocery.com\\\/de\\\/produkt\\\/pfirsich-hibiskus-eistee-fuse-tea\\\/\",\"url\":\"https:\\\/\\\/my-french-grocery.com\\\/de\\\/produkt\\\/pfirsich-hibiskus-eistee-fuse-tea\\\/\",\"name\":\"Pfirsich-Hibiskus-Eistee Fuse Tea | Online Kaufen | My French Grocery\",\"isPartOf\":{\"@id\":\"https:\\\/\\\/my-french-grocery.com\\\/de\\\/#website\"},\"primaryImageOfPage\":{\"@id\":\"https:\\\/\\\/my-french-grocery.com\\\/de\\\/produkt\\\/pfirsich-hibiskus-eistee-fuse-tea\\\/#primaryimage\"},\"image\":{\"@id\":\"https:\\\/\\\/my-french-grocery.com\\\/de\\\/produkt\\\/pfirsich-hibiskus-eistee-fuse-tea\\\/#primaryimage\"},\"thumbnailUrl\":\"https:\\\/\\\/my-french-grocery.com\\\/wp-content\\\/uploads\\\/2025\\\/07\\\/FUZE-TEA-Peach-Hibiscus-Iced-Tea-Drink.webp\",\"datePublished\":\"2025-07-27T15:37:16+00:00\",\"dateModified\":\"2025-07-27T16:14:08+00:00\",\"description\":\"Pfirsich-Hibiskus-Eistee Fuse Tea - 1.25 L Flasche - Nehmen Sie sich eine Minute Zeit zum Loslassen. Genie\u00dfen Sie jeden Schluck und lassen Sie sich vom Genuss erf\u00fcllen.\",\"breadcrumb\":{\"@id\":\"https:\\\/\\\/my-french-grocery.com\\\/de\\\/produkt\\\/pfirsich-hibiskus-eistee-fuse-tea\\\/#breadcrumb\"},\"inLanguage\":\"de-DE\",\"potentialAction\":[{\"@type\":\"ReadAction\",\"target\":[\"https:\\\/\\\/my-french-grocery.com\\\/de\\\/produkt\\\/pfirsich-hibiskus-eistee-fuse-tea\\\/\"]}]},{\"@type\":\"ImageObject\",\"inLanguage\":\"de-DE\",\"@id\":\"https:\\\/\\\/my-french-grocery.com\\\/de\\\/produkt\\\/pfirsich-hibiskus-eistee-fuse-tea\\\/#primaryimage\",\"url\":\"https:\\\/\\\/my-french-grocery.com\\\/wp-content\\\/uploads\\\/2025\\\/07\\\/FUZE-TEA-Peach-Hibiscus-Iced-Tea-Drink.webp\",\"contentUrl\":\"https:\\\/\\\/my-french-grocery.com\\\/wp-content\\\/uploads\\\/2025\\\/07\\\/FUZE-TEA-Peach-Hibiscus-Iced-Tea-Drink.webp\",\"width\":1500,\"height\":1500,\"caption\":\"Pfirsich-Hibiskus-Eistee Fuse Tea\"},{\"@type\":\"BreadcrumbList\",\"@id\":\"https:\\\/\\\/my-french-grocery.com\\\/de\\\/produkt\\\/pfirsich-hibiskus-eistee-fuse-tea\\\/#breadcrumb\",\"itemListElement\":[{\"@type\":\"ListItem\",\"position\":1,\"name\":\"Home\",\"item\":\"https:\\\/\\\/my-french-grocery.com\\\/de\\\/shopping-seite\\\/\"},{\"@type\":\"ListItem\",\"position\":2,\"name\":\"Shop\",\"item\":\"https:\\\/\\\/my-french-grocery.com\\\/shop\\\/\"},{\"@type\":\"ListItem\",\"position\":3,\"name\":\"Wasser, Fruchts\u00e4fte, Limonaden, Sirupe\",\"item\":\"https:\\\/\\\/my-french-grocery.com\\\/de\\\/produkt-kategorie\\\/wasser-fruchtsafte-limonaden-sirups\\\/\"},{\"@type\":\"ListItem\",\"position\":4,\"name\":\"Pfirsich-Hibiskus-Eistee Fuse Tea\"}]},{\"@type\":\"WebSite\",\"@id\":\"https:\\\/\\\/my-french-grocery.com\\\/de\\\/#website\",\"url\":\"https:\\\/\\\/my-french-grocery.com\\\/de\\\/\",\"name\":\"My French Grocery\",\"description\":\"Your Online French Grocery  !\",\"publisher\":{\"@id\":\"https:\\\/\\\/my-french-grocery.com\\\/de\\\/#organization\"},\"potentialAction\":[{\"@type\":\"SearchAction\",\"target\":{\"@type\":\"EntryPoint\",\"urlTemplate\":\"https:\\\/\\\/my-french-grocery.com\\\/de\\\/?s={search_term_string}\"},\"query-input\":{\"@type\":\"PropertyValueSpecification\",\"valueRequired\":true,\"valueName\":\"search_term_string\"}}],\"inLanguage\":\"de-DE\"},{\"@type\":\"Organization\",\"@id\":\"https:\\\/\\\/my-french-grocery.com\\\/de\\\/#organization\",\"name\":\"MY FRENCH GROCERY\",\"url\":\"https:\\\/\\\/my-french-grocery.com\\\/de\\\/\",\"logo\":{\"@type\":\"ImageObject\",\"inLanguage\":\"de-DE\",\"@id\":\"https:\\\/\\\/my-french-grocery.com\\\/de\\\/#\\\/schema\\\/logo\\\/image\\\/\",\"url\":\"https:\\\/\\\/my-french-grocery.com\\\/wp-content\\\/uploads\\\/2021\\\/11\\\/My-French-Grocery-Online-French-Grocery.png\",\"contentUrl\":\"https:\\\/\\\/my-french-grocery.com\\\/wp-content\\\/uploads\\\/2021\\\/11\\\/My-French-Grocery-Online-French-Grocery.png\",\"width\":100,\"height\":100,\"caption\":\"MY FRENCH GROCERY\"},\"image\":{\"@id\":\"https:\\\/\\\/my-french-grocery.com\\\/de\\\/#\\\/schema\\\/logo\\\/image\\\/\"},\"sameAs\":[\"https:\\\/\\\/www.facebook.com\\\/myfrenchgrocery\\\/\"]}]}<\/script>\n<!-- \/ Yoast SEO plugin. -->","yoast_head_json":{"title":"Pfirsich-Hibiskus-Eistee Fuse Tea | Online Kaufen | My French Grocery","description":"Pfirsich-Hibiskus-Eistee Fuse Tea - 1.25 L Flasche - Nehmen Sie sich eine Minute Zeit zum Loslassen. Genie\u00dfen Sie jeden Schluck und lassen Sie sich vom Genuss erf\u00fcllen.","robots":{"index":"index","follow":"follow","max-snippet":"max-snippet:-1","max-image-preview":"max-image-preview:large","max-video-preview":"max-video-preview:-1"},"canonical":"https:\/\/my-french-grocery.com\/de\/produkt\/pfirsich-hibiskus-eistee-fuse-tea\/","og_locale":"de_DE","og_type":"article","og_title":"Pfirsich-Hibiskus-Eistee Fuse Tea | Online Kaufen | My French Grocery","og_description":"Pfirsich-Hibiskus-Eistee Fuse Tea - 1.25 L Flasche - Nehmen Sie sich eine Minute Zeit zum Loslassen. Genie\u00dfen Sie jeden Schluck und lassen Sie sich vom Genuss erf\u00fcllen.","og_url":"https:\/\/my-french-grocery.com\/de\/produkt\/pfirsich-hibiskus-eistee-fuse-tea\/","og_site_name":"My French Grocery","article_publisher":"https:\/\/www.facebook.com\/myfrenchgrocery\/","article_modified_time":"2025-07-27T16:14:08+00:00","og_image":[{"width":1500,"height":1500,"url":"https:\/\/my-french-grocery.com\/wp-content\/uploads\/2025\/07\/FUZE-TEA-Peach-Hibiscus-Iced-Tea-Drink.webp","type":"image\/webp"}],"twitter_card":"summary_large_image","twitter_misc":{"Gesch\u00e4tzte Lesezeit":"1 minute"},"schema":{"@context":"https:\/\/schema.org","@graph":[{"@type":"WebPage","@id":"https:\/\/my-french-grocery.com\/de\/produkt\/pfirsich-hibiskus-eistee-fuse-tea\/","url":"https:\/\/my-french-grocery.com\/de\/produkt\/pfirsich-hibiskus-eistee-fuse-tea\/","name":"Pfirsich-Hibiskus-Eistee Fuse Tea | Online Kaufen | My French Grocery","isPartOf":{"@id":"https:\/\/my-french-grocery.com\/de\/#website"},"primaryImageOfPage":{"@id":"https:\/\/my-french-grocery.com\/de\/produkt\/pfirsich-hibiskus-eistee-fuse-tea\/#primaryimage"},"image":{"@id":"https:\/\/my-french-grocery.com\/de\/produkt\/pfirsich-hibiskus-eistee-fuse-tea\/#primaryimage"},"thumbnailUrl":"https:\/\/my-french-grocery.com\/wp-content\/uploads\/2025\/07\/FUZE-TEA-Peach-Hibiscus-Iced-Tea-Drink.webp","datePublished":"2025-07-27T15:37:16+00:00","dateModified":"2025-07-27T16:14:08+00:00","description":"Pfirsich-Hibiskus-Eistee Fuse Tea - 1.25 L Flasche - Nehmen Sie sich eine Minute Zeit zum Loslassen. Genie\u00dfen Sie jeden Schluck und lassen Sie sich vom Genuss erf\u00fcllen.","breadcrumb":{"@id":"https:\/\/my-french-grocery.com\/de\/produkt\/pfirsich-hibiskus-eistee-fuse-tea\/#breadcrumb"},"inLanguage":"de-DE","potentialAction":[{"@type":"ReadAction","target":["https:\/\/my-french-grocery.com\/de\/produkt\/pfirsich-hibiskus-eistee-fuse-tea\/"]}]},{"@type":"ImageObject","inLanguage":"de-DE","@id":"https:\/\/my-french-grocery.com\/de\/produkt\/pfirsich-hibiskus-eistee-fuse-tea\/#primaryimage","url":"https:\/\/my-french-grocery.com\/wp-content\/uploads\/2025\/07\/FUZE-TEA-Peach-Hibiscus-Iced-Tea-Drink.webp","contentUrl":"https:\/\/my-french-grocery.com\/wp-content\/uploads\/2025\/07\/FUZE-TEA-Peach-Hibiscus-Iced-Tea-Drink.webp","width":1500,"height":1500,"caption":"Pfirsich-Hibiskus-Eistee Fuse Tea"},{"@type":"BreadcrumbList","@id":"https:\/\/my-french-grocery.com\/de\/produkt\/pfirsich-hibiskus-eistee-fuse-tea\/#breadcrumb","itemListElement":[{"@type":"ListItem","position":1,"name":"Home","item":"https:\/\/my-french-grocery.com\/de\/shopping-seite\/"},{"@type":"ListItem","position":2,"name":"Shop","item":"https:\/\/my-french-grocery.com\/shop\/"},{"@type":"ListItem","position":3,"name":"Wasser, Fruchts\u00e4fte, Limonaden, Sirupe","item":"https:\/\/my-french-grocery.com\/de\/produkt-kategorie\/wasser-fruchtsafte-limonaden-sirups\/"},{"@type":"ListItem","position":4,"name":"Pfirsich-Hibiskus-Eistee Fuse Tea"}]},{"@type":"WebSite","@id":"https:\/\/my-french-grocery.com\/de\/#website","url":"https:\/\/my-french-grocery.com\/de\/","name":"My French Grocery","description":"Your Online French Grocery  !","publisher":{"@id":"https:\/\/my-french-grocery.com\/de\/#organization"},"potentialAction":[{"@type":"SearchAction","target":{"@type":"EntryPoint","urlTemplate":"https:\/\/my-french-grocery.com\/de\/?s={search_term_string}"},"query-input":{"@type":"PropertyValueSpecification","valueRequired":true,"valueName":"search_term_string"}}],"inLanguage":"de-DE"},{"@type":"Organization","@id":"https:\/\/my-french-grocery.com\/de\/#organization","name":"MY FRENCH GROCERY","url":"https:\/\/my-french-grocery.com\/de\/","logo":{"@type":"ImageObject","inLanguage":"de-DE","@id":"https:\/\/my-french-grocery.com\/de\/#\/schema\/logo\/image\/","url":"https:\/\/my-french-grocery.com\/wp-content\/uploads\/2021\/11\/My-French-Grocery-Online-French-Grocery.png","contentUrl":"https:\/\/my-french-grocery.com\/wp-content\/uploads\/2021\/11\/My-French-Grocery-Online-French-Grocery.png","width":100,"height":100,"caption":"MY FRENCH GROCERY"},"image":{"@id":"https:\/\/my-french-grocery.com\/de\/#\/schema\/logo\/image\/"},"sameAs":["https:\/\/www.facebook.com\/myfrenchgrocery\/"]}]}},"brands":[{"id":4149,"name":"Fuse Tea","slug":"fuse-tea-de"}],"_links":{"self":[{"href":"https:\/\/my-french-grocery.com\/de\/wp-json\/wp\/v2\/product\/49957","targetHints":{"allow":["GET"]}}],"collection":[{"href":"https:\/\/my-french-grocery.com\/de\/wp-json\/wp\/v2\/product"}],"about":[{"href":"https:\/\/my-french-grocery.com\/de\/wp-json\/wp\/v2\/types\/product"}],"replies":[{"embeddable":true,"href":"https:\/\/my-french-grocery.com\/de\/wp-json\/wp\/v2\/comments?post=49957"}],"wp:featuredmedia":[{"embeddable":true,"href":"https:\/\/my-french-grocery.com\/de\/wp-json\/wp\/v2\/media\/49964"}],"wp:attachment":[{"href":"https:\/\/my-french-grocery.com\/de\/wp-json\/wp\/v2\/media?parent=49957"}],"wp:term":[{"taxonomy":"pwb-brand","embeddable":true,"href":"https:\/\/my-french-grocery.com\/de\/wp-json\/wp\/v2\/pwb-brand?post=49957"},{"taxonomy":"product_brand","embeddable":true,"href":"https:\/\/my-french-grocery.com\/de\/wp-json\/wp\/v2\/product_brand?post=49957"},{"taxonomy":"product_cat","embeddable":true,"href":"https:\/\/my-french-grocery.com\/de\/wp-json\/wp\/v2\/product_cat?post=49957"},{"taxonomy":"product_tag","embeddable":true,"href":"https:\/\/my-french-grocery.com\/de\/wp-json\/wp\/v2\/product_tag?post=49957"}],"curies":[{"name":"wp","href":"https:\/\/api.w.org\/{rel}","templated":true}]}}