{"id":51147,"date":"2025-10-20T16:45:47","date_gmt":"2025-10-20T14:45:47","guid":{"rendered":"https:\/\/my-french-grocery.com\/?post_type=product&#038;p=51147"},"modified":"2025-10-20T17:59:15","modified_gmt":"2025-10-20T15:59:15","slug":"tang-getraenkepulver-mit-tropischem-geschmack","status":"publish","type":"product","link":"https:\/\/my-french-grocery.com\/de\/produkt\/tang-getraenkepulver-mit-tropischem-geschmack\/","title":{"rendered":"Tang Getr\u00e4nkepulver Mit Tropischem Geschmack"},"content":{"rendered":"<p>Tang Getr\u00e4nkepulver Mit Tropischem Geschmack<\/p>\n<p>30 g<\/p>\n<p>M\u00f6chten Sie verreisen, ohne Ihr Zuhause zu verlassen? \u00a0Tang Tropical Flavor Powder Drink 30 g ist ein exotischer Fruchtcocktail im Beutel! S\u00fc\u00df, duftend und 100 % erfrischend \u2013 f\u00fcr ein Getr\u00e4nk voller Sonnenschein!<\/p>\n","protected":false},"excerpt":{"rendered":"<p>Tang Getr\u00e4nkepulver Mit Tropischem Geschmack<\/p>\n<p>30 g<\/p>\n","protected":false},"featured_media":51156,"comment_status":"open","ping_status":"closed","template":"","meta":[],"pwb-brand":[4171],"product_brand":[],"product_cat":[2234],"product_tag":[4176],"class_list":{"0":"post-51147","1":"product","2":"type-product","3":"status-publish","4":"has-post-thumbnail","6":"pwb-brand-tang-de","7":"product_cat-wasser-fruchtsafte-limonaden-sirups","8":"product_tag-tang-de","9":"product_shipping_class-internationaler-versand","11":"first","12":"instock","13":"taxable","14":"shipping-taxable","15":"purchasable","16":"product-type-simple"},"yoast_head":"<!-- This site is optimized with the Yoast SEO plugin v27.3 - https:\/\/yoast.com\/product\/yoast-seo-wordpress\/ -->\n<title>Tang Getr\u00e4nkepulver Mit Tropischem Geschmack | Online Kaufen | My French Grocery<\/title>\n<meta name=\"description\" content=\"Tang Getr\u00e4nkepulver Mit Tropischem Geschmack - 30 g - M\u00f6chten Sie verreisen, ohne Ihr Zuhause zu verlassen? \u00a0Tang Tropical Flavor Powder Drink 30 g ist ein exotischer Fruchtcocktail im Beutel\" \/>\n<meta name=\"robots\" content=\"index, follow, max-snippet:-1, max-image-preview:large, max-video-preview:-1\" \/>\n<link rel=\"canonical\" href=\"https:\/\/my-french-grocery.com\/de\/produkt\/tang-getraenkepulver-mit-tropischem-geschmack\/\" \/>\n<meta property=\"og:locale\" content=\"de_DE\" \/>\n<meta property=\"og:type\" content=\"article\" \/>\n<meta property=\"og:title\" content=\"Tang Getr\u00e4nkepulver Mit Tropischem Geschmack | Online Kaufen | My French Grocery\" \/>\n<meta property=\"og:description\" content=\"Tang Getr\u00e4nkepulver Mit Tropischem Geschmack - 30 g - M\u00f6chten Sie verreisen, ohne Ihr Zuhause zu verlassen? \u00a0Tang Tropical Flavor Powder Drink 30 g ist ein exotischer Fruchtcocktail im Beutel\" \/>\n<meta property=\"og:url\" content=\"https:\/\/my-french-grocery.com\/de\/produkt\/tang-getraenkepulver-mit-tropischem-geschmack\/\" \/>\n<meta property=\"og:site_name\" content=\"My French Grocery\" \/>\n<meta property=\"article:publisher\" content=\"https:\/\/www.facebook.com\/myfrenchgrocery\/\" \/>\n<meta property=\"article:modified_time\" content=\"2025-10-20T15:59:15+00:00\" \/>\n<meta property=\"og:image\" content=\"https:\/\/my-french-grocery.com\/wp-content\/uploads\/2025\/10\/Tang-Tropical.jpg\" \/>\n\t<meta property=\"og:image:width\" content=\"968\" \/>\n\t<meta property=\"og:image:height\" content=\"968\" \/>\n\t<meta property=\"og:image:type\" content=\"image\/jpeg\" \/>\n<meta name=\"twitter:card\" content=\"summary_large_image\" \/>\n<meta name=\"twitter:label1\" content=\"Gesch\u00e4tzte Lesezeit\" \/>\n\t<meta name=\"twitter:data1\" content=\"1 minute\" \/>\n<script type=\"application\/ld+json\" class=\"yoast-schema-graph\">{\"@context\":\"https:\\\/\\\/schema.org\",\"@graph\":[{\"@type\":\"WebPage\",\"@id\":\"https:\\\/\\\/my-french-grocery.com\\\/de\\\/produkt\\\/tang-getraenkepulver-mit-tropischem-geschmack\\\/\",\"url\":\"https:\\\/\\\/my-french-grocery.com\\\/de\\\/produkt\\\/tang-getraenkepulver-mit-tropischem-geschmack\\\/\",\"name\":\"Tang Getr\u00e4nkepulver Mit Tropischem Geschmack | Online Kaufen | My French Grocery\",\"isPartOf\":{\"@id\":\"https:\\\/\\\/my-french-grocery.com\\\/de\\\/#website\"},\"primaryImageOfPage\":{\"@id\":\"https:\\\/\\\/my-french-grocery.com\\\/de\\\/produkt\\\/tang-getraenkepulver-mit-tropischem-geschmack\\\/#primaryimage\"},\"image\":{\"@id\":\"https:\\\/\\\/my-french-grocery.com\\\/de\\\/produkt\\\/tang-getraenkepulver-mit-tropischem-geschmack\\\/#primaryimage\"},\"thumbnailUrl\":\"https:\\\/\\\/my-french-grocery.com\\\/wp-content\\\/uploads\\\/2025\\\/10\\\/Tang-Tropical.jpg\",\"datePublished\":\"2025-10-20T14:45:47+00:00\",\"dateModified\":\"2025-10-20T15:59:15+00:00\",\"description\":\"Tang Getr\u00e4nkepulver Mit Tropischem Geschmack - 30 g - M\u00f6chten Sie verreisen, ohne Ihr Zuhause zu verlassen? \u00a0Tang Tropical Flavor Powder Drink 30 g ist ein exotischer Fruchtcocktail im Beutel\",\"breadcrumb\":{\"@id\":\"https:\\\/\\\/my-french-grocery.com\\\/de\\\/produkt\\\/tang-getraenkepulver-mit-tropischem-geschmack\\\/#breadcrumb\"},\"inLanguage\":\"de-DE\",\"potentialAction\":[{\"@type\":\"ReadAction\",\"target\":[\"https:\\\/\\\/my-french-grocery.com\\\/de\\\/produkt\\\/tang-getraenkepulver-mit-tropischem-geschmack\\\/\"]}]},{\"@type\":\"ImageObject\",\"inLanguage\":\"de-DE\",\"@id\":\"https:\\\/\\\/my-french-grocery.com\\\/de\\\/produkt\\\/tang-getraenkepulver-mit-tropischem-geschmack\\\/#primaryimage\",\"url\":\"https:\\\/\\\/my-french-grocery.com\\\/wp-content\\\/uploads\\\/2025\\\/10\\\/Tang-Tropical.jpg\",\"contentUrl\":\"https:\\\/\\\/my-french-grocery.com\\\/wp-content\\\/uploads\\\/2025\\\/10\\\/Tang-Tropical.jpg\",\"width\":968,\"height\":968,\"caption\":\"Tang Getr\u00e4nkepulver Mit Tropischem Geschmack\"},{\"@type\":\"BreadcrumbList\",\"@id\":\"https:\\\/\\\/my-french-grocery.com\\\/de\\\/produkt\\\/tang-getraenkepulver-mit-tropischem-geschmack\\\/#breadcrumb\",\"itemListElement\":[{\"@type\":\"ListItem\",\"position\":1,\"name\":\"Home\",\"item\":\"https:\\\/\\\/my-french-grocery.com\\\/de\\\/shopping-seite\\\/\"},{\"@type\":\"ListItem\",\"position\":2,\"name\":\"Shop\",\"item\":\"https:\\\/\\\/my-french-grocery.com\\\/shop\\\/\"},{\"@type\":\"ListItem\",\"position\":3,\"name\":\"Wasser, Fruchts\u00e4fte, Limonaden, Sirupe\",\"item\":\"https:\\\/\\\/my-french-grocery.com\\\/de\\\/produkt-kategorie\\\/wasser-fruchtsafte-limonaden-sirups\\\/\"},{\"@type\":\"ListItem\",\"position\":4,\"name\":\"Tang Getr\u00e4nkepulver Mit Tropischem Geschmack\"}]},{\"@type\":\"WebSite\",\"@id\":\"https:\\\/\\\/my-french-grocery.com\\\/de\\\/#website\",\"url\":\"https:\\\/\\\/my-french-grocery.com\\\/de\\\/\",\"name\":\"My French Grocery\",\"description\":\"Your Online French Grocery  !\",\"publisher\":{\"@id\":\"https:\\\/\\\/my-french-grocery.com\\\/de\\\/#organization\"},\"potentialAction\":[{\"@type\":\"SearchAction\",\"target\":{\"@type\":\"EntryPoint\",\"urlTemplate\":\"https:\\\/\\\/my-french-grocery.com\\\/de\\\/?s={search_term_string}\"},\"query-input\":{\"@type\":\"PropertyValueSpecification\",\"valueRequired\":true,\"valueName\":\"search_term_string\"}}],\"inLanguage\":\"de-DE\"},{\"@type\":\"Organization\",\"@id\":\"https:\\\/\\\/my-french-grocery.com\\\/de\\\/#organization\",\"name\":\"MY FRENCH GROCERY\",\"url\":\"https:\\\/\\\/my-french-grocery.com\\\/de\\\/\",\"logo\":{\"@type\":\"ImageObject\",\"inLanguage\":\"de-DE\",\"@id\":\"https:\\\/\\\/my-french-grocery.com\\\/de\\\/#\\\/schema\\\/logo\\\/image\\\/\",\"url\":\"https:\\\/\\\/my-french-grocery.com\\\/wp-content\\\/uploads\\\/2021\\\/11\\\/My-French-Grocery-Online-French-Grocery.png\",\"contentUrl\":\"https:\\\/\\\/my-french-grocery.com\\\/wp-content\\\/uploads\\\/2021\\\/11\\\/My-French-Grocery-Online-French-Grocery.png\",\"width\":100,\"height\":100,\"caption\":\"MY FRENCH GROCERY\"},\"image\":{\"@id\":\"https:\\\/\\\/my-french-grocery.com\\\/de\\\/#\\\/schema\\\/logo\\\/image\\\/\"},\"sameAs\":[\"https:\\\/\\\/www.facebook.com\\\/myfrenchgrocery\\\/\"]}]}<\/script>\n<!-- \/ Yoast SEO plugin. -->","yoast_head_json":{"title":"Tang Getr\u00e4nkepulver Mit Tropischem Geschmack | Online Kaufen | My French Grocery","description":"Tang Getr\u00e4nkepulver Mit Tropischem Geschmack - 30 g - M\u00f6chten Sie verreisen, ohne Ihr Zuhause zu verlassen? \u00a0Tang Tropical Flavor Powder Drink 30 g ist ein exotischer Fruchtcocktail im Beutel","robots":{"index":"index","follow":"follow","max-snippet":"max-snippet:-1","max-image-preview":"max-image-preview:large","max-video-preview":"max-video-preview:-1"},"canonical":"https:\/\/my-french-grocery.com\/de\/produkt\/tang-getraenkepulver-mit-tropischem-geschmack\/","og_locale":"de_DE","og_type":"article","og_title":"Tang Getr\u00e4nkepulver Mit Tropischem Geschmack | Online Kaufen | My French Grocery","og_description":"Tang Getr\u00e4nkepulver Mit Tropischem Geschmack - 30 g - M\u00f6chten Sie verreisen, ohne Ihr Zuhause zu verlassen? \u00a0Tang Tropical Flavor Powder Drink 30 g ist ein exotischer Fruchtcocktail im Beutel","og_url":"https:\/\/my-french-grocery.com\/de\/produkt\/tang-getraenkepulver-mit-tropischem-geschmack\/","og_site_name":"My French Grocery","article_publisher":"https:\/\/www.facebook.com\/myfrenchgrocery\/","article_modified_time":"2025-10-20T15:59:15+00:00","og_image":[{"width":968,"height":968,"url":"https:\/\/my-french-grocery.com\/wp-content\/uploads\/2025\/10\/Tang-Tropical.jpg","type":"image\/jpeg"}],"twitter_card":"summary_large_image","twitter_misc":{"Gesch\u00e4tzte Lesezeit":"1 minute"},"schema":{"@context":"https:\/\/schema.org","@graph":[{"@type":"WebPage","@id":"https:\/\/my-french-grocery.com\/de\/produkt\/tang-getraenkepulver-mit-tropischem-geschmack\/","url":"https:\/\/my-french-grocery.com\/de\/produkt\/tang-getraenkepulver-mit-tropischem-geschmack\/","name":"Tang Getr\u00e4nkepulver Mit Tropischem Geschmack | Online Kaufen | My French Grocery","isPartOf":{"@id":"https:\/\/my-french-grocery.com\/de\/#website"},"primaryImageOfPage":{"@id":"https:\/\/my-french-grocery.com\/de\/produkt\/tang-getraenkepulver-mit-tropischem-geschmack\/#primaryimage"},"image":{"@id":"https:\/\/my-french-grocery.com\/de\/produkt\/tang-getraenkepulver-mit-tropischem-geschmack\/#primaryimage"},"thumbnailUrl":"https:\/\/my-french-grocery.com\/wp-content\/uploads\/2025\/10\/Tang-Tropical.jpg","datePublished":"2025-10-20T14:45:47+00:00","dateModified":"2025-10-20T15:59:15+00:00","description":"Tang Getr\u00e4nkepulver Mit Tropischem Geschmack - 30 g - M\u00f6chten Sie verreisen, ohne Ihr Zuhause zu verlassen? \u00a0Tang Tropical Flavor Powder Drink 30 g ist ein exotischer Fruchtcocktail im Beutel","breadcrumb":{"@id":"https:\/\/my-french-grocery.com\/de\/produkt\/tang-getraenkepulver-mit-tropischem-geschmack\/#breadcrumb"},"inLanguage":"de-DE","potentialAction":[{"@type":"ReadAction","target":["https:\/\/my-french-grocery.com\/de\/produkt\/tang-getraenkepulver-mit-tropischem-geschmack\/"]}]},{"@type":"ImageObject","inLanguage":"de-DE","@id":"https:\/\/my-french-grocery.com\/de\/produkt\/tang-getraenkepulver-mit-tropischem-geschmack\/#primaryimage","url":"https:\/\/my-french-grocery.com\/wp-content\/uploads\/2025\/10\/Tang-Tropical.jpg","contentUrl":"https:\/\/my-french-grocery.com\/wp-content\/uploads\/2025\/10\/Tang-Tropical.jpg","width":968,"height":968,"caption":"Tang Getr\u00e4nkepulver Mit Tropischem Geschmack"},{"@type":"BreadcrumbList","@id":"https:\/\/my-french-grocery.com\/de\/produkt\/tang-getraenkepulver-mit-tropischem-geschmack\/#breadcrumb","itemListElement":[{"@type":"ListItem","position":1,"name":"Home","item":"https:\/\/my-french-grocery.com\/de\/shopping-seite\/"},{"@type":"ListItem","position":2,"name":"Shop","item":"https:\/\/my-french-grocery.com\/shop\/"},{"@type":"ListItem","position":3,"name":"Wasser, Fruchts\u00e4fte, Limonaden, Sirupe","item":"https:\/\/my-french-grocery.com\/de\/produkt-kategorie\/wasser-fruchtsafte-limonaden-sirups\/"},{"@type":"ListItem","position":4,"name":"Tang Getr\u00e4nkepulver Mit Tropischem Geschmack"}]},{"@type":"WebSite","@id":"https:\/\/my-french-grocery.com\/de\/#website","url":"https:\/\/my-french-grocery.com\/de\/","name":"My French Grocery","description":"Your Online French Grocery  !","publisher":{"@id":"https:\/\/my-french-grocery.com\/de\/#organization"},"potentialAction":[{"@type":"SearchAction","target":{"@type":"EntryPoint","urlTemplate":"https:\/\/my-french-grocery.com\/de\/?s={search_term_string}"},"query-input":{"@type":"PropertyValueSpecification","valueRequired":true,"valueName":"search_term_string"}}],"inLanguage":"de-DE"},{"@type":"Organization","@id":"https:\/\/my-french-grocery.com\/de\/#organization","name":"MY FRENCH GROCERY","url":"https:\/\/my-french-grocery.com\/de\/","logo":{"@type":"ImageObject","inLanguage":"de-DE","@id":"https:\/\/my-french-grocery.com\/de\/#\/schema\/logo\/image\/","url":"https:\/\/my-french-grocery.com\/wp-content\/uploads\/2021\/11\/My-French-Grocery-Online-French-Grocery.png","contentUrl":"https:\/\/my-french-grocery.com\/wp-content\/uploads\/2021\/11\/My-French-Grocery-Online-French-Grocery.png","width":100,"height":100,"caption":"MY FRENCH GROCERY"},"image":{"@id":"https:\/\/my-french-grocery.com\/de\/#\/schema\/logo\/image\/"},"sameAs":["https:\/\/www.facebook.com\/myfrenchgrocery\/"]}]}},"brands":[{"id":4171,"name":"Tang","slug":"tang-de"}],"_links":{"self":[{"href":"https:\/\/my-french-grocery.com\/de\/wp-json\/wp\/v2\/product\/51147","targetHints":{"allow":["GET"]}}],"collection":[{"href":"https:\/\/my-french-grocery.com\/de\/wp-json\/wp\/v2\/product"}],"about":[{"href":"https:\/\/my-french-grocery.com\/de\/wp-json\/wp\/v2\/types\/product"}],"replies":[{"embeddable":true,"href":"https:\/\/my-french-grocery.com\/de\/wp-json\/wp\/v2\/comments?post=51147"}],"wp:featuredmedia":[{"embeddable":true,"href":"https:\/\/my-french-grocery.com\/de\/wp-json\/wp\/v2\/media\/51156"}],"wp:attachment":[{"href":"https:\/\/my-french-grocery.com\/de\/wp-json\/wp\/v2\/media?parent=51147"}],"wp:term":[{"taxonomy":"pwb-brand","embeddable":true,"href":"https:\/\/my-french-grocery.com\/de\/wp-json\/wp\/v2\/pwb-brand?post=51147"},{"taxonomy":"product_brand","embeddable":true,"href":"https:\/\/my-french-grocery.com\/de\/wp-json\/wp\/v2\/product_brand?post=51147"},{"taxonomy":"product_cat","embeddable":true,"href":"https:\/\/my-french-grocery.com\/de\/wp-json\/wp\/v2\/product_cat?post=51147"},{"taxonomy":"product_tag","embeddable":true,"href":"https:\/\/my-french-grocery.com\/de\/wp-json\/wp\/v2\/product_tag?post=51147"}],"curies":[{"name":"wp","href":"https:\/\/api.w.org\/{rel}","templated":true}]}}