{"id":51284,"date":"2023-07-01T12:59:57","date_gmt":"2023-07-01T10:59:57","guid":{"rendered":"https:\/\/my-french-grocery.com\/?post_type=product&#038;p=51284"},"modified":"2025-10-30T20:49:02","modified_gmt":"2025-10-30T18:49:02","slug":"amora-pommes-frites-sauce-copy","status":"publish","type":"product","link":"https:\/\/my-french-grocery.com\/de\/produkt\/amora-pommes-frites-sauce-copy\/","title":{"rendered":"Algerische Sauce Carrefour Sensation"},"content":{"rendered":"<p>Algerische Sauce Carrefour Sensation<\/p>\n<p>505 g Flasche<\/p>\n<p>K\u00f6stlich w\u00fcrzig, mit fein gehackten Zwiebeln verfeinert und zart s\u00fc\u00df, passt es zu all Ihren Gerichten (Pommes, Burger, gegrilltes Fleisch usw.) und verleiht Ihren kulinarischen Zubereitungen einen Hauch von Originalit\u00e4t.<\/p>\n","protected":false},"excerpt":{"rendered":"<p>Algerische Sauce Carrefour Sensation<\/p>\n<p>505 g Flasche<\/p>\n","protected":false},"featured_media":51291,"comment_status":"open","ping_status":"closed","template":"","meta":[],"pwb-brand":[3348],"product_brand":[],"product_cat":[2175],"product_tag":[4183,4184,2463],"class_list":{"0":"post-51284","1":"product","2":"type-product","3":"status-publish","4":"has-post-thumbnail","6":"pwb-brand-carrefour-de","7":"product_cat-sosen","8":"product_tag-algerische","9":"product_tag-carrefour","10":"product_tag-sosen","11":"product_shipping_class-internationaler-versand","13":"first","14":"instock","15":"taxable","16":"shipping-taxable","17":"purchasable","18":"product-type-simple"},"yoast_head":"<!-- This site is optimized with the Yoast SEO plugin v27.4 - https:\/\/yoast.com\/product\/yoast-seo-wordpress\/ -->\n<title>Algerische Sauce Carrefour Sensation | Online Kaufen | My French Grocery<\/title>\n<meta name=\"description\" content=\"Algerische Sauce Carrefour Sensation - 505 g Flasche - K\u00f6stlich w\u00fcrzig, mit fein gehackten Zwiebeln verfeinert und zart s\u00fc\u00df, passt es zu all Ihren Gerichten (Pommes, Burger, gegrilltes Fleisch usw.) und\" \/>\n<meta name=\"robots\" content=\"index, follow, max-snippet:-1, max-image-preview:large, max-video-preview:-1\" \/>\n<link rel=\"canonical\" href=\"https:\/\/my-french-grocery.com\/de\/produkt\/amora-pommes-frites-sauce-copy\/\" \/>\n<meta property=\"og:locale\" content=\"de_DE\" \/>\n<meta property=\"og:type\" content=\"article\" \/>\n<meta property=\"og:title\" content=\"Algerische Sauce Carrefour Sensation | Online Kaufen | My French Grocery\" \/>\n<meta property=\"og:description\" content=\"Algerische Sauce Carrefour Sensation - 505 g Flasche - K\u00f6stlich w\u00fcrzig, mit fein gehackten Zwiebeln verfeinert und zart s\u00fc\u00df, passt es zu all Ihren Gerichten (Pommes, Burger, gegrilltes Fleisch usw.) und\" \/>\n<meta property=\"og:url\" content=\"https:\/\/my-french-grocery.com\/de\/produkt\/amora-pommes-frites-sauce-copy\/\" \/>\n<meta property=\"og:site_name\" content=\"My French Grocery\" \/>\n<meta property=\"article:publisher\" content=\"https:\/\/www.facebook.com\/myfrenchgrocery\/\" \/>\n<meta property=\"article:modified_time\" content=\"2025-10-30T18:49:02+00:00\" \/>\n<meta property=\"og:image\" content=\"https:\/\/my-french-grocery.com\/wp-content\/uploads\/2025\/10\/CARREFOUR-SENSATION-Algerian-Sauce.webp\" \/>\n\t<meta property=\"og:image:width\" content=\"1500\" \/>\n\t<meta property=\"og:image:height\" content=\"1500\" \/>\n\t<meta property=\"og:image:type\" content=\"image\/webp\" \/>\n<meta name=\"twitter:card\" content=\"summary_large_image\" \/>\n<meta name=\"twitter:label1\" content=\"Gesch\u00e4tzte Lesezeit\" \/>\n\t<meta name=\"twitter:data1\" content=\"1 minute\" \/>\n<script type=\"application\/ld+json\" class=\"yoast-schema-graph\">{\"@context\":\"https:\\\/\\\/schema.org\",\"@graph\":[{\"@type\":\"WebPage\",\"@id\":\"https:\\\/\\\/my-french-grocery.com\\\/de\\\/produkt\\\/amora-pommes-frites-sauce-copy\\\/\",\"url\":\"https:\\\/\\\/my-french-grocery.com\\\/de\\\/produkt\\\/amora-pommes-frites-sauce-copy\\\/\",\"name\":\"Algerische Sauce Carrefour Sensation | Online Kaufen | My French Grocery\",\"isPartOf\":{\"@id\":\"https:\\\/\\\/my-french-grocery.com\\\/de\\\/#website\"},\"primaryImageOfPage\":{\"@id\":\"https:\\\/\\\/my-french-grocery.com\\\/de\\\/produkt\\\/amora-pommes-frites-sauce-copy\\\/#primaryimage\"},\"image\":{\"@id\":\"https:\\\/\\\/my-french-grocery.com\\\/de\\\/produkt\\\/amora-pommes-frites-sauce-copy\\\/#primaryimage\"},\"thumbnailUrl\":\"https:\\\/\\\/my-french-grocery.com\\\/wp-content\\\/uploads\\\/2025\\\/10\\\/CARREFOUR-SENSATION-Algerian-Sauce.webp\",\"datePublished\":\"2023-07-01T10:59:57+00:00\",\"dateModified\":\"2025-10-30T18:49:02+00:00\",\"description\":\"Algerische Sauce Carrefour Sensation - 505 g Flasche - K\u00f6stlich w\u00fcrzig, mit fein gehackten Zwiebeln verfeinert und zart s\u00fc\u00df, passt es zu all Ihren Gerichten (Pommes, Burger, gegrilltes Fleisch usw.) und\",\"breadcrumb\":{\"@id\":\"https:\\\/\\\/my-french-grocery.com\\\/de\\\/produkt\\\/amora-pommes-frites-sauce-copy\\\/#breadcrumb\"},\"inLanguage\":\"de-DE\",\"potentialAction\":[{\"@type\":\"ReadAction\",\"target\":[\"https:\\\/\\\/my-french-grocery.com\\\/de\\\/produkt\\\/amora-pommes-frites-sauce-copy\\\/\"]}]},{\"@type\":\"ImageObject\",\"inLanguage\":\"de-DE\",\"@id\":\"https:\\\/\\\/my-french-grocery.com\\\/de\\\/produkt\\\/amora-pommes-frites-sauce-copy\\\/#primaryimage\",\"url\":\"https:\\\/\\\/my-french-grocery.com\\\/wp-content\\\/uploads\\\/2025\\\/10\\\/CARREFOUR-SENSATION-Algerian-Sauce.webp\",\"contentUrl\":\"https:\\\/\\\/my-french-grocery.com\\\/wp-content\\\/uploads\\\/2025\\\/10\\\/CARREFOUR-SENSATION-Algerian-Sauce.webp\",\"width\":1500,\"height\":1500,\"caption\":\"Algerische Sauce Carrefour Sensation\"},{\"@type\":\"BreadcrumbList\",\"@id\":\"https:\\\/\\\/my-french-grocery.com\\\/de\\\/produkt\\\/amora-pommes-frites-sauce-copy\\\/#breadcrumb\",\"itemListElement\":[{\"@type\":\"ListItem\",\"position\":1,\"name\":\"Home\",\"item\":\"https:\\\/\\\/my-french-grocery.com\\\/de\\\/shopping-seite\\\/\"},{\"@type\":\"ListItem\",\"position\":2,\"name\":\"Shop\",\"item\":\"https:\\\/\\\/my-french-grocery.com\\\/shop\\\/\"},{\"@type\":\"ListItem\",\"position\":3,\"name\":\"So\u00dfen\",\"item\":\"https:\\\/\\\/my-french-grocery.com\\\/de\\\/produkt-kategorie\\\/sosen\\\/\"},{\"@type\":\"ListItem\",\"position\":4,\"name\":\"Algerische Sauce Carrefour Sensation\"}]},{\"@type\":\"WebSite\",\"@id\":\"https:\\\/\\\/my-french-grocery.com\\\/de\\\/#website\",\"url\":\"https:\\\/\\\/my-french-grocery.com\\\/de\\\/\",\"name\":\"My French Grocery\",\"description\":\"Your Online French Grocery  !\",\"publisher\":{\"@id\":\"https:\\\/\\\/my-french-grocery.com\\\/de\\\/#organization\"},\"potentialAction\":[{\"@type\":\"SearchAction\",\"target\":{\"@type\":\"EntryPoint\",\"urlTemplate\":\"https:\\\/\\\/my-french-grocery.com\\\/de\\\/?s={search_term_string}\"},\"query-input\":{\"@type\":\"PropertyValueSpecification\",\"valueRequired\":true,\"valueName\":\"search_term_string\"}}],\"inLanguage\":\"de-DE\"},{\"@type\":\"Organization\",\"@id\":\"https:\\\/\\\/my-french-grocery.com\\\/de\\\/#organization\",\"name\":\"MY FRENCH GROCERY\",\"url\":\"https:\\\/\\\/my-french-grocery.com\\\/de\\\/\",\"logo\":{\"@type\":\"ImageObject\",\"inLanguage\":\"de-DE\",\"@id\":\"https:\\\/\\\/my-french-grocery.com\\\/de\\\/#\\\/schema\\\/logo\\\/image\\\/\",\"url\":\"https:\\\/\\\/my-french-grocery.com\\\/wp-content\\\/uploads\\\/2021\\\/11\\\/My-French-Grocery-Online-French-Grocery.png\",\"contentUrl\":\"https:\\\/\\\/my-french-grocery.com\\\/wp-content\\\/uploads\\\/2021\\\/11\\\/My-French-Grocery-Online-French-Grocery.png\",\"width\":100,\"height\":100,\"caption\":\"MY FRENCH GROCERY\"},\"image\":{\"@id\":\"https:\\\/\\\/my-french-grocery.com\\\/de\\\/#\\\/schema\\\/logo\\\/image\\\/\"},\"sameAs\":[\"https:\\\/\\\/www.facebook.com\\\/myfrenchgrocery\\\/\"]}]}<\/script>\n<!-- \/ Yoast SEO plugin. -->","yoast_head_json":{"title":"Algerische Sauce Carrefour Sensation | Online Kaufen | My French Grocery","description":"Algerische Sauce Carrefour Sensation - 505 g Flasche - K\u00f6stlich w\u00fcrzig, mit fein gehackten Zwiebeln verfeinert und zart s\u00fc\u00df, passt es zu all Ihren Gerichten (Pommes, Burger, gegrilltes Fleisch usw.) und","robots":{"index":"index","follow":"follow","max-snippet":"max-snippet:-1","max-image-preview":"max-image-preview:large","max-video-preview":"max-video-preview:-1"},"canonical":"https:\/\/my-french-grocery.com\/de\/produkt\/amora-pommes-frites-sauce-copy\/","og_locale":"de_DE","og_type":"article","og_title":"Algerische Sauce Carrefour Sensation | Online Kaufen | My French Grocery","og_description":"Algerische Sauce Carrefour Sensation - 505 g Flasche - K\u00f6stlich w\u00fcrzig, mit fein gehackten Zwiebeln verfeinert und zart s\u00fc\u00df, passt es zu all Ihren Gerichten (Pommes, Burger, gegrilltes Fleisch usw.) und","og_url":"https:\/\/my-french-grocery.com\/de\/produkt\/amora-pommes-frites-sauce-copy\/","og_site_name":"My French Grocery","article_publisher":"https:\/\/www.facebook.com\/myfrenchgrocery\/","article_modified_time":"2025-10-30T18:49:02+00:00","og_image":[{"width":1500,"height":1500,"url":"https:\/\/my-french-grocery.com\/wp-content\/uploads\/2025\/10\/CARREFOUR-SENSATION-Algerian-Sauce.webp","type":"image\/webp"}],"twitter_card":"summary_large_image","twitter_misc":{"Gesch\u00e4tzte Lesezeit":"1 minute"},"schema":{"@context":"https:\/\/schema.org","@graph":[{"@type":"WebPage","@id":"https:\/\/my-french-grocery.com\/de\/produkt\/amora-pommes-frites-sauce-copy\/","url":"https:\/\/my-french-grocery.com\/de\/produkt\/amora-pommes-frites-sauce-copy\/","name":"Algerische Sauce Carrefour Sensation | Online Kaufen | My French Grocery","isPartOf":{"@id":"https:\/\/my-french-grocery.com\/de\/#website"},"primaryImageOfPage":{"@id":"https:\/\/my-french-grocery.com\/de\/produkt\/amora-pommes-frites-sauce-copy\/#primaryimage"},"image":{"@id":"https:\/\/my-french-grocery.com\/de\/produkt\/amora-pommes-frites-sauce-copy\/#primaryimage"},"thumbnailUrl":"https:\/\/my-french-grocery.com\/wp-content\/uploads\/2025\/10\/CARREFOUR-SENSATION-Algerian-Sauce.webp","datePublished":"2023-07-01T10:59:57+00:00","dateModified":"2025-10-30T18:49:02+00:00","description":"Algerische Sauce Carrefour Sensation - 505 g Flasche - K\u00f6stlich w\u00fcrzig, mit fein gehackten Zwiebeln verfeinert und zart s\u00fc\u00df, passt es zu all Ihren Gerichten (Pommes, Burger, gegrilltes Fleisch usw.) und","breadcrumb":{"@id":"https:\/\/my-french-grocery.com\/de\/produkt\/amora-pommes-frites-sauce-copy\/#breadcrumb"},"inLanguage":"de-DE","potentialAction":[{"@type":"ReadAction","target":["https:\/\/my-french-grocery.com\/de\/produkt\/amora-pommes-frites-sauce-copy\/"]}]},{"@type":"ImageObject","inLanguage":"de-DE","@id":"https:\/\/my-french-grocery.com\/de\/produkt\/amora-pommes-frites-sauce-copy\/#primaryimage","url":"https:\/\/my-french-grocery.com\/wp-content\/uploads\/2025\/10\/CARREFOUR-SENSATION-Algerian-Sauce.webp","contentUrl":"https:\/\/my-french-grocery.com\/wp-content\/uploads\/2025\/10\/CARREFOUR-SENSATION-Algerian-Sauce.webp","width":1500,"height":1500,"caption":"Algerische Sauce Carrefour Sensation"},{"@type":"BreadcrumbList","@id":"https:\/\/my-french-grocery.com\/de\/produkt\/amora-pommes-frites-sauce-copy\/#breadcrumb","itemListElement":[{"@type":"ListItem","position":1,"name":"Home","item":"https:\/\/my-french-grocery.com\/de\/shopping-seite\/"},{"@type":"ListItem","position":2,"name":"Shop","item":"https:\/\/my-french-grocery.com\/shop\/"},{"@type":"ListItem","position":3,"name":"So\u00dfen","item":"https:\/\/my-french-grocery.com\/de\/produkt-kategorie\/sosen\/"},{"@type":"ListItem","position":4,"name":"Algerische Sauce Carrefour Sensation"}]},{"@type":"WebSite","@id":"https:\/\/my-french-grocery.com\/de\/#website","url":"https:\/\/my-french-grocery.com\/de\/","name":"My French Grocery","description":"Your Online French Grocery  !","publisher":{"@id":"https:\/\/my-french-grocery.com\/de\/#organization"},"potentialAction":[{"@type":"SearchAction","target":{"@type":"EntryPoint","urlTemplate":"https:\/\/my-french-grocery.com\/de\/?s={search_term_string}"},"query-input":{"@type":"PropertyValueSpecification","valueRequired":true,"valueName":"search_term_string"}}],"inLanguage":"de-DE"},{"@type":"Organization","@id":"https:\/\/my-french-grocery.com\/de\/#organization","name":"MY FRENCH GROCERY","url":"https:\/\/my-french-grocery.com\/de\/","logo":{"@type":"ImageObject","inLanguage":"de-DE","@id":"https:\/\/my-french-grocery.com\/de\/#\/schema\/logo\/image\/","url":"https:\/\/my-french-grocery.com\/wp-content\/uploads\/2021\/11\/My-French-Grocery-Online-French-Grocery.png","contentUrl":"https:\/\/my-french-grocery.com\/wp-content\/uploads\/2021\/11\/My-French-Grocery-Online-French-Grocery.png","width":100,"height":100,"caption":"MY FRENCH GROCERY"},"image":{"@id":"https:\/\/my-french-grocery.com\/de\/#\/schema\/logo\/image\/"},"sameAs":["https:\/\/www.facebook.com\/myfrenchgrocery\/"]}]}},"brands":[{"id":3348,"name":"Carrefour","slug":"carrefour-de"}],"_links":{"self":[{"href":"https:\/\/my-french-grocery.com\/de\/wp-json\/wp\/v2\/product\/51284","targetHints":{"allow":["GET"]}}],"collection":[{"href":"https:\/\/my-french-grocery.com\/de\/wp-json\/wp\/v2\/product"}],"about":[{"href":"https:\/\/my-french-grocery.com\/de\/wp-json\/wp\/v2\/types\/product"}],"replies":[{"embeddable":true,"href":"https:\/\/my-french-grocery.com\/de\/wp-json\/wp\/v2\/comments?post=51284"}],"wp:featuredmedia":[{"embeddable":true,"href":"https:\/\/my-french-grocery.com\/de\/wp-json\/wp\/v2\/media\/51291"}],"wp:attachment":[{"href":"https:\/\/my-french-grocery.com\/de\/wp-json\/wp\/v2\/media?parent=51284"}],"wp:term":[{"taxonomy":"pwb-brand","embeddable":true,"href":"https:\/\/my-french-grocery.com\/de\/wp-json\/wp\/v2\/pwb-brand?post=51284"},{"taxonomy":"product_brand","embeddable":true,"href":"https:\/\/my-french-grocery.com\/de\/wp-json\/wp\/v2\/product_brand?post=51284"},{"taxonomy":"product_cat","embeddable":true,"href":"https:\/\/my-french-grocery.com\/de\/wp-json\/wp\/v2\/product_cat?post=51284"},{"taxonomy":"product_tag","embeddable":true,"href":"https:\/\/my-french-grocery.com\/de\/wp-json\/wp\/v2\/product_tag?post=51284"}],"curies":[{"name":"wp","href":"https:\/\/api.w.org\/{rel}","templated":true}]}}