{"id":53354,"date":"2026-03-25T20:21:36","date_gmt":"2026-03-25T18:21:36","guid":{"rendered":"https:\/\/my-french-grocery.com\/?post_type=product&#038;p=53354"},"modified":"2026-03-25T20:29:38","modified_gmt":"2026-03-25T18:29:38","slug":"antitranspirant-spray-deodorant-invisible-pure-rexona-copy","status":"publish","type":"product","link":"https:\/\/my-french-grocery.com\/de\/produkt\/antitranspirant-spray-deodorant-invisible-pure-rexona-copy\/","title":{"rendered":"Antitranspirant Spray Deodorant &#8220;Bright Bouquet&#8221; Rexona"},"content":{"rendered":"<p>Antitranspirant Spray Deodorant &#8220;Bright Bouquet&#8221; Rexona<\/p>\n<div class=\"pdp-card__header--text\">\n<p><span class=\"ds-body-text ds-body-text--weight-bold ds-body-text--size-m ds-body-text--color-standard-2\">200 Ml Flasche<\/span><\/p>\n<div class=\"saz_next_widget\" data-referer=\"carrefour_widget\" data-ean=\"4005808837359\">Das Rexona Bright Bouquet Antitranspirant-Spray gibt Ihnen Sicherheit in jeder Bewegung. Dank seiner patentierten Antitranspirant-Technologie sch\u00fctzt es Sie 72 Stunden lang vor Schwei\u00df und Geruch. Die alkoholfreie Formel hinterl\u00e4sst einen zarten, blumigen Duft unter Ihren Achseln, der an die Leichtigkeit und Frische eines bl\u00fchenden Blumenstrau\u00dfes erinnert.<\/div>\n<\/div>\n","protected":false},"excerpt":{"rendered":"<p>Antitranspirant Spray Deodorant &#8220;Bright Bouquet&#8221; Rexona<\/p>\n<div class=\"pdp-card__header--text\">\n<p>200 Ml Flasche<\/p>\n<\/div>\n<div class=\"pdp-card__header--text\">\n<div class=\"saz_next_widget\" data-referer=\"carrefour_widget\" data-ean=\"4005808837359\"><\/div>\n<\/div>\n<div class=\"pdp-card__header--text\">\n<div class=\"saz_next_widget\" data-referer=\"carrefour_widget\" data-ean=\"4005808837359\"><\/div>\n<\/div>\n","protected":false},"featured_media":53361,"comment_status":"open","ping_status":"closed","template":"","meta":[],"pwb-brand":[4219],"product_brand":[],"product_cat":[2214],"product_tag":[2647,4218],"class_list":{"0":"post-53354","1":"product","2":"type-product","3":"status-publish","4":"has-post-thumbnail","6":"pwb-brand-rexona","7":"product_cat-deodorants-antitranspirantien","8":"product_tag-deodorant-de","9":"product_tag-rexona","10":"product_shipping_class-internationaler-versand","12":"first","13":"instock","14":"taxable","15":"shipping-taxable","16":"purchasable","17":"product-type-simple"},"yoast_head":"<!-- This site is optimized with the Yoast SEO plugin v27.3 - https:\/\/yoast.com\/product\/yoast-seo-wordpress\/ -->\n<title>Antitranspirant Spray Deodorant &quot;Bright Bouquet&quot; Rexona | Online Kaufen | My French Grocery<\/title>\n<meta name=\"description\" content=\"Antitranspirant Spray Deodorant &quot;Bright Bouquet&quot; Rexona - 200 Ml Flasche - Rexona Advanced Protection Invisible Pure Antitranspirant-Spray-Deodorant mit dermatologisch getesteten\" \/>\n<meta name=\"robots\" content=\"index, follow, max-snippet:-1, max-image-preview:large, max-video-preview:-1\" \/>\n<link rel=\"canonical\" href=\"https:\/\/my-french-grocery.com\/de\/produkt\/antitranspirant-spray-deodorant-invisible-pure-rexona-copy\/\" \/>\n<meta property=\"og:locale\" content=\"de_DE\" \/>\n<meta property=\"og:type\" content=\"article\" \/>\n<meta property=\"og:title\" content=\"Antitranspirant Spray Deodorant &quot;Bright Bouquet&quot; Rexona | Online Kaufen | My French Grocery\" \/>\n<meta property=\"og:description\" content=\"Antitranspirant Spray Deodorant &quot;Bright Bouquet&quot; Rexona - 200 Ml Flasche - Rexona Advanced Protection Invisible Pure Antitranspirant-Spray-Deodorant mit dermatologisch getesteten\" \/>\n<meta property=\"og:url\" content=\"https:\/\/my-french-grocery.com\/de\/produkt\/antitranspirant-spray-deodorant-invisible-pure-rexona-copy\/\" \/>\n<meta property=\"og:site_name\" content=\"My French Grocery\" \/>\n<meta property=\"article:publisher\" content=\"https:\/\/www.facebook.com\/myfrenchgrocery\/\" \/>\n<meta property=\"article:modified_time\" content=\"2026-03-25T18:29:38+00:00\" \/>\n<meta property=\"og:image\" content=\"https:\/\/my-french-grocery.com\/wp-content\/uploads\/2026\/03\/Rexona-Bright-Bouquet-72H-Antiperspirant-Spray-Deodorant.jpg\" \/>\n\t<meta property=\"og:image:width\" content=\"1500\" \/>\n\t<meta property=\"og:image:height\" content=\"1500\" \/>\n\t<meta property=\"og:image:type\" content=\"image\/jpeg\" \/>\n<meta name=\"twitter:card\" content=\"summary_large_image\" \/>\n<script type=\"application\/ld+json\" class=\"yoast-schema-graph\">{\"@context\":\"https:\\\/\\\/schema.org\",\"@graph\":[{\"@type\":\"WebPage\",\"@id\":\"https:\\\/\\\/my-french-grocery.com\\\/de\\\/produkt\\\/antitranspirant-spray-deodorant-invisible-pure-rexona-copy\\\/\",\"url\":\"https:\\\/\\\/my-french-grocery.com\\\/de\\\/produkt\\\/antitranspirant-spray-deodorant-invisible-pure-rexona-copy\\\/\",\"name\":\"Antitranspirant Spray Deodorant \\\"Bright Bouquet\\\" Rexona | Online Kaufen | My French Grocery\",\"isPartOf\":{\"@id\":\"https:\\\/\\\/my-french-grocery.com\\\/de\\\/#website\"},\"primaryImageOfPage\":{\"@id\":\"https:\\\/\\\/my-french-grocery.com\\\/de\\\/produkt\\\/antitranspirant-spray-deodorant-invisible-pure-rexona-copy\\\/#primaryimage\"},\"image\":{\"@id\":\"https:\\\/\\\/my-french-grocery.com\\\/de\\\/produkt\\\/antitranspirant-spray-deodorant-invisible-pure-rexona-copy\\\/#primaryimage\"},\"thumbnailUrl\":\"https:\\\/\\\/my-french-grocery.com\\\/wp-content\\\/uploads\\\/2026\\\/03\\\/Rexona-Bright-Bouquet-72H-Antiperspirant-Spray-Deodorant.jpg\",\"datePublished\":\"2026-03-25T18:21:36+00:00\",\"dateModified\":\"2026-03-25T18:29:38+00:00\",\"description\":\"Antitranspirant Spray Deodorant \\\"Bright Bouquet\\\" Rexona - 200 Ml Flasche - Rexona Advanced Protection Invisible Pure Antitranspirant-Spray-Deodorant mit dermatologisch getesteten\",\"breadcrumb\":{\"@id\":\"https:\\\/\\\/my-french-grocery.com\\\/de\\\/produkt\\\/antitranspirant-spray-deodorant-invisible-pure-rexona-copy\\\/#breadcrumb\"},\"inLanguage\":\"de-DE\",\"potentialAction\":[{\"@type\":\"ReadAction\",\"target\":[\"https:\\\/\\\/my-french-grocery.com\\\/de\\\/produkt\\\/antitranspirant-spray-deodorant-invisible-pure-rexona-copy\\\/\"]}]},{\"@type\":\"ImageObject\",\"inLanguage\":\"de-DE\",\"@id\":\"https:\\\/\\\/my-french-grocery.com\\\/de\\\/produkt\\\/antitranspirant-spray-deodorant-invisible-pure-rexona-copy\\\/#primaryimage\",\"url\":\"https:\\\/\\\/my-french-grocery.com\\\/wp-content\\\/uploads\\\/2026\\\/03\\\/Rexona-Bright-Bouquet-72H-Antiperspirant-Spray-Deodorant.jpg\",\"contentUrl\":\"https:\\\/\\\/my-french-grocery.com\\\/wp-content\\\/uploads\\\/2026\\\/03\\\/Rexona-Bright-Bouquet-72H-Antiperspirant-Spray-Deodorant.jpg\",\"width\":1500,\"height\":1500,\"caption\":\"Antitranspirant Spray Deodorant \\\"Bright Bouquet\\\" Rexona\"},{\"@type\":\"BreadcrumbList\",\"@id\":\"https:\\\/\\\/my-french-grocery.com\\\/de\\\/produkt\\\/antitranspirant-spray-deodorant-invisible-pure-rexona-copy\\\/#breadcrumb\",\"itemListElement\":[{\"@type\":\"ListItem\",\"position\":1,\"name\":\"Home\",\"item\":\"https:\\\/\\\/my-french-grocery.com\\\/de\\\/shopping-seite\\\/\"},{\"@type\":\"ListItem\",\"position\":2,\"name\":\"Shop\",\"item\":\"https:\\\/\\\/my-french-grocery.com\\\/shop\\\/\"},{\"@type\":\"ListItem\",\"position\":3,\"name\":\"Kosmetika\",\"item\":\"https:\\\/\\\/my-french-grocery.com\\\/de\\\/produkt-kategorie\\\/kosmetika\\\/\"},{\"@type\":\"ListItem\",\"position\":4,\"name\":\"Deodorants &amp; Antitranspirantien\",\"item\":\"https:\\\/\\\/my-french-grocery.com\\\/de\\\/produkt-kategorie\\\/deodorants-antitranspirantien\\\/\"},{\"@type\":\"ListItem\",\"position\":5,\"name\":\"Antitranspirant Spray Deodorant &#8220;Bright Bouquet&#8221; Rexona\"}]},{\"@type\":\"WebSite\",\"@id\":\"https:\\\/\\\/my-french-grocery.com\\\/de\\\/#website\",\"url\":\"https:\\\/\\\/my-french-grocery.com\\\/de\\\/\",\"name\":\"My French Grocery\",\"description\":\"Your Online French Grocery  !\",\"publisher\":{\"@id\":\"https:\\\/\\\/my-french-grocery.com\\\/de\\\/#organization\"},\"potentialAction\":[{\"@type\":\"SearchAction\",\"target\":{\"@type\":\"EntryPoint\",\"urlTemplate\":\"https:\\\/\\\/my-french-grocery.com\\\/de\\\/?s={search_term_string}\"},\"query-input\":{\"@type\":\"PropertyValueSpecification\",\"valueRequired\":true,\"valueName\":\"search_term_string\"}}],\"inLanguage\":\"de-DE\"},{\"@type\":\"Organization\",\"@id\":\"https:\\\/\\\/my-french-grocery.com\\\/de\\\/#organization\",\"name\":\"MY FRENCH GROCERY\",\"url\":\"https:\\\/\\\/my-french-grocery.com\\\/de\\\/\",\"logo\":{\"@type\":\"ImageObject\",\"inLanguage\":\"de-DE\",\"@id\":\"https:\\\/\\\/my-french-grocery.com\\\/de\\\/#\\\/schema\\\/logo\\\/image\\\/\",\"url\":\"https:\\\/\\\/my-french-grocery.com\\\/wp-content\\\/uploads\\\/2021\\\/11\\\/My-French-Grocery-Online-French-Grocery.png\",\"contentUrl\":\"https:\\\/\\\/my-french-grocery.com\\\/wp-content\\\/uploads\\\/2021\\\/11\\\/My-French-Grocery-Online-French-Grocery.png\",\"width\":100,\"height\":100,\"caption\":\"MY FRENCH GROCERY\"},\"image\":{\"@id\":\"https:\\\/\\\/my-french-grocery.com\\\/de\\\/#\\\/schema\\\/logo\\\/image\\\/\"},\"sameAs\":[\"https:\\\/\\\/www.facebook.com\\\/myfrenchgrocery\\\/\"]}]}<\/script>\n<!-- \/ Yoast SEO plugin. -->","yoast_head_json":{"title":"Antitranspirant Spray Deodorant \"Bright Bouquet\" Rexona | Online Kaufen | My French Grocery","description":"Antitranspirant Spray Deodorant \"Bright Bouquet\" Rexona - 200 Ml Flasche - Rexona Advanced Protection Invisible Pure Antitranspirant-Spray-Deodorant mit dermatologisch getesteten","robots":{"index":"index","follow":"follow","max-snippet":"max-snippet:-1","max-image-preview":"max-image-preview:large","max-video-preview":"max-video-preview:-1"},"canonical":"https:\/\/my-french-grocery.com\/de\/produkt\/antitranspirant-spray-deodorant-invisible-pure-rexona-copy\/","og_locale":"de_DE","og_type":"article","og_title":"Antitranspirant Spray Deodorant \"Bright Bouquet\" Rexona | Online Kaufen | My French Grocery","og_description":"Antitranspirant Spray Deodorant \"Bright Bouquet\" Rexona - 200 Ml Flasche - Rexona Advanced Protection Invisible Pure Antitranspirant-Spray-Deodorant mit dermatologisch getesteten","og_url":"https:\/\/my-french-grocery.com\/de\/produkt\/antitranspirant-spray-deodorant-invisible-pure-rexona-copy\/","og_site_name":"My French Grocery","article_publisher":"https:\/\/www.facebook.com\/myfrenchgrocery\/","article_modified_time":"2026-03-25T18:29:38+00:00","og_image":[{"width":1500,"height":1500,"url":"https:\/\/my-french-grocery.com\/wp-content\/uploads\/2026\/03\/Rexona-Bright-Bouquet-72H-Antiperspirant-Spray-Deodorant.jpg","type":"image\/jpeg"}],"twitter_card":"summary_large_image","schema":{"@context":"https:\/\/schema.org","@graph":[{"@type":"WebPage","@id":"https:\/\/my-french-grocery.com\/de\/produkt\/antitranspirant-spray-deodorant-invisible-pure-rexona-copy\/","url":"https:\/\/my-french-grocery.com\/de\/produkt\/antitranspirant-spray-deodorant-invisible-pure-rexona-copy\/","name":"Antitranspirant Spray Deodorant \"Bright Bouquet\" Rexona | Online Kaufen | My French Grocery","isPartOf":{"@id":"https:\/\/my-french-grocery.com\/de\/#website"},"primaryImageOfPage":{"@id":"https:\/\/my-french-grocery.com\/de\/produkt\/antitranspirant-spray-deodorant-invisible-pure-rexona-copy\/#primaryimage"},"image":{"@id":"https:\/\/my-french-grocery.com\/de\/produkt\/antitranspirant-spray-deodorant-invisible-pure-rexona-copy\/#primaryimage"},"thumbnailUrl":"https:\/\/my-french-grocery.com\/wp-content\/uploads\/2026\/03\/Rexona-Bright-Bouquet-72H-Antiperspirant-Spray-Deodorant.jpg","datePublished":"2026-03-25T18:21:36+00:00","dateModified":"2026-03-25T18:29:38+00:00","description":"Antitranspirant Spray Deodorant \"Bright Bouquet\" Rexona - 200 Ml Flasche - Rexona Advanced Protection Invisible Pure Antitranspirant-Spray-Deodorant mit dermatologisch getesteten","breadcrumb":{"@id":"https:\/\/my-french-grocery.com\/de\/produkt\/antitranspirant-spray-deodorant-invisible-pure-rexona-copy\/#breadcrumb"},"inLanguage":"de-DE","potentialAction":[{"@type":"ReadAction","target":["https:\/\/my-french-grocery.com\/de\/produkt\/antitranspirant-spray-deodorant-invisible-pure-rexona-copy\/"]}]},{"@type":"ImageObject","inLanguage":"de-DE","@id":"https:\/\/my-french-grocery.com\/de\/produkt\/antitranspirant-spray-deodorant-invisible-pure-rexona-copy\/#primaryimage","url":"https:\/\/my-french-grocery.com\/wp-content\/uploads\/2026\/03\/Rexona-Bright-Bouquet-72H-Antiperspirant-Spray-Deodorant.jpg","contentUrl":"https:\/\/my-french-grocery.com\/wp-content\/uploads\/2026\/03\/Rexona-Bright-Bouquet-72H-Antiperspirant-Spray-Deodorant.jpg","width":1500,"height":1500,"caption":"Antitranspirant Spray Deodorant \"Bright Bouquet\" Rexona"},{"@type":"BreadcrumbList","@id":"https:\/\/my-french-grocery.com\/de\/produkt\/antitranspirant-spray-deodorant-invisible-pure-rexona-copy\/#breadcrumb","itemListElement":[{"@type":"ListItem","position":1,"name":"Home","item":"https:\/\/my-french-grocery.com\/de\/shopping-seite\/"},{"@type":"ListItem","position":2,"name":"Shop","item":"https:\/\/my-french-grocery.com\/shop\/"},{"@type":"ListItem","position":3,"name":"Kosmetika","item":"https:\/\/my-french-grocery.com\/de\/produkt-kategorie\/kosmetika\/"},{"@type":"ListItem","position":4,"name":"Deodorants &amp; Antitranspirantien","item":"https:\/\/my-french-grocery.com\/de\/produkt-kategorie\/deodorants-antitranspirantien\/"},{"@type":"ListItem","position":5,"name":"Antitranspirant Spray Deodorant &#8220;Bright Bouquet&#8221; Rexona"}]},{"@type":"WebSite","@id":"https:\/\/my-french-grocery.com\/de\/#website","url":"https:\/\/my-french-grocery.com\/de\/","name":"My French Grocery","description":"Your Online French Grocery  !","publisher":{"@id":"https:\/\/my-french-grocery.com\/de\/#organization"},"potentialAction":[{"@type":"SearchAction","target":{"@type":"EntryPoint","urlTemplate":"https:\/\/my-french-grocery.com\/de\/?s={search_term_string}"},"query-input":{"@type":"PropertyValueSpecification","valueRequired":true,"valueName":"search_term_string"}}],"inLanguage":"de-DE"},{"@type":"Organization","@id":"https:\/\/my-french-grocery.com\/de\/#organization","name":"MY FRENCH GROCERY","url":"https:\/\/my-french-grocery.com\/de\/","logo":{"@type":"ImageObject","inLanguage":"de-DE","@id":"https:\/\/my-french-grocery.com\/de\/#\/schema\/logo\/image\/","url":"https:\/\/my-french-grocery.com\/wp-content\/uploads\/2021\/11\/My-French-Grocery-Online-French-Grocery.png","contentUrl":"https:\/\/my-french-grocery.com\/wp-content\/uploads\/2021\/11\/My-French-Grocery-Online-French-Grocery.png","width":100,"height":100,"caption":"MY FRENCH GROCERY"},"image":{"@id":"https:\/\/my-french-grocery.com\/de\/#\/schema\/logo\/image\/"},"sameAs":["https:\/\/www.facebook.com\/myfrenchgrocery\/"]}]}},"brands":[{"id":4219,"name":"Rexona","slug":"rexona"}],"_links":{"self":[{"href":"https:\/\/my-french-grocery.com\/de\/wp-json\/wp\/v2\/product\/53354","targetHints":{"allow":["GET"]}}],"collection":[{"href":"https:\/\/my-french-grocery.com\/de\/wp-json\/wp\/v2\/product"}],"about":[{"href":"https:\/\/my-french-grocery.com\/de\/wp-json\/wp\/v2\/types\/product"}],"replies":[{"embeddable":true,"href":"https:\/\/my-french-grocery.com\/de\/wp-json\/wp\/v2\/comments?post=53354"}],"wp:featuredmedia":[{"embeddable":true,"href":"https:\/\/my-french-grocery.com\/de\/wp-json\/wp\/v2\/media\/53361"}],"wp:attachment":[{"href":"https:\/\/my-french-grocery.com\/de\/wp-json\/wp\/v2\/media?parent=53354"}],"wp:term":[{"taxonomy":"pwb-brand","embeddable":true,"href":"https:\/\/my-french-grocery.com\/de\/wp-json\/wp\/v2\/pwb-brand?post=53354"},{"taxonomy":"product_brand","embeddable":true,"href":"https:\/\/my-french-grocery.com\/de\/wp-json\/wp\/v2\/product_brand?post=53354"},{"taxonomy":"product_cat","embeddable":true,"href":"https:\/\/my-french-grocery.com\/de\/wp-json\/wp\/v2\/product_cat?post=53354"},{"taxonomy":"product_tag","embeddable":true,"href":"https:\/\/my-french-grocery.com\/de\/wp-json\/wp\/v2\/product_tag?post=53354"}],"curies":[{"name":"wp","href":"https:\/\/api.w.org\/{rel}","templated":true}]}}