{"id":53752,"date":"2026-04-18T18:14:25","date_gmt":"2026-04-18T16:14:25","guid":{"rendered":"https:\/\/my-french-grocery.com\/?post_type=product&#038;p=53752"},"modified":"2026-04-18T18:20:54","modified_gmt":"2026-04-18T16:20:54","slug":"bio-leichtverdauungsaufguss-jardin-bio-copy","status":"publish","type":"product","link":"https:\/\/my-french-grocery.com\/de\/produkt\/bio-leichtverdauungsaufguss-jardin-bio-copy\/","title":{"rendered":"Bio-Entspannungs-Schlafaufguss Jardin Bio"},"content":{"rendered":"<p>Bio-Entspannungs-Schlafaufguss Jardin Bio<\/p>\n<p class=\"product-title__packaging c-text c-text--size-m c-text--style-p\">Schachtel mit 20 Beuteln<\/p>\n<p>Entdecken Sie die nat\u00fcrlichen, ethisch und verantwortungsvoll hergestellten Kr\u00e4utertees von Jardin Bio \u00c9tic\u00ae \u2013 sorgf\u00e4ltig ausgew\u00e4hlt, um Ihnen die ganze Kraft der Natur zu bieten! Haben Sie Schwierigkeiten, sich zu entspannen oder ruhig zu schlafen? Linde und Eisenkraut werden mit Wei\u00dfdorn kombiniert, der f\u00fcr seine beruhigenden Eigenschaften bekannt ist und f\u00fcr erholsame N\u00e4chte sorgt.<\/p>\n","protected":false},"excerpt":{"rendered":"<p>Bio-Entspannungs-Schlafaufguss Jardin Bio<\/p>\n<p class=\"product-title__packaging c-text c-text--size-m c-text--style-p\">Schachtel mit 20 Beuteln<\/p>\n<p>&nbsp;<\/p>\n<p>&nbsp;<\/p>\n<p>&nbsp;<\/p>\n","protected":false},"featured_media":53759,"comment_status":"open","ping_status":"closed","template":"","meta":[],"pwb-brand":[4232],"product_brand":[],"product_cat":[2260],"product_tag":[3514,4231,3498],"class_list":{"0":"post-53752","1":"product","2":"type-product","3":"status-publish","4":"has-post-thumbnail","6":"pwb-brand-jardin-bio","7":"product_cat-tee","8":"product_tag-infusion-de","9":"product_tag-jardin-bio","10":"product_tag-tee","11":"product_shipping_class-internationaler-versand","13":"first","14":"instock","15":"taxable","16":"shipping-taxable","17":"purchasable","18":"product-type-simple"},"yoast_head":"<!-- This site is optimized with the Yoast SEO plugin v27.4 - https:\/\/yoast.com\/product\/yoast-seo-wordpress\/ -->\n<title>Bio-Entspannungs-Schlafaufguss Jardin Bio | Online Kaufen | My French Grocery<\/title>\n<meta name=\"description\" content=\"Bio-Entspannungs-Schlafaufguss Jardin Bio - Schachtel mit 20 Beuteln - Entdecken Sie die nat\u00fcrlichen, ethisch und verantwortungsvoll hergestellten Kr\u00e4utertees von Jardin Bio \u00c9tic\" \/>\n<meta name=\"robots\" content=\"index, follow, max-snippet:-1, max-image-preview:large, max-video-preview:-1\" \/>\n<link rel=\"canonical\" href=\"https:\/\/my-french-grocery.com\/de\/produkt\/bio-leichtverdauungsaufguss-jardin-bio-copy\/\" \/>\n<meta property=\"og:locale\" content=\"de_DE\" \/>\n<meta property=\"og:type\" content=\"article\" \/>\n<meta property=\"og:title\" content=\"Bio-Entspannungs-Schlafaufguss Jardin Bio | Online Kaufen | My French Grocery\" \/>\n<meta property=\"og:description\" content=\"Bio-Entspannungs-Schlafaufguss Jardin Bio - Schachtel mit 20 Beuteln - Entdecken Sie die nat\u00fcrlichen, ethisch und verantwortungsvoll hergestellten Kr\u00e4utertees von Jardin Bio \u00c9tic\" \/>\n<meta property=\"og:url\" content=\"https:\/\/my-french-grocery.com\/de\/produkt\/bio-leichtverdauungsaufguss-jardin-bio-copy\/\" \/>\n<meta property=\"og:site_name\" content=\"My French Grocery\" \/>\n<meta property=\"article:publisher\" content=\"https:\/\/www.facebook.com\/myfrenchgrocery\/\" \/>\n<meta property=\"article:modified_time\" content=\"2026-04-18T16:20:54+00:00\" \/>\n<meta property=\"og:image\" content=\"https:\/\/my-french-grocery.com\/wp-content\/uploads\/2026\/04\/Organic-Relaxing-Sleep-Infusion-JARDIN-BIO-ETIC.jpg\" \/>\n\t<meta property=\"og:image:width\" content=\"1500\" \/>\n\t<meta property=\"og:image:height\" content=\"1500\" \/>\n\t<meta property=\"og:image:type\" content=\"image\/jpeg\" \/>\n<meta name=\"twitter:card\" content=\"summary_large_image\" \/>\n<meta name=\"twitter:label1\" content=\"Gesch\u00e4tzte Lesezeit\" \/>\n\t<meta name=\"twitter:data1\" content=\"1 minute\" \/>\n<script type=\"application\/ld+json\" class=\"yoast-schema-graph\">{\"@context\":\"https:\\\/\\\/schema.org\",\"@graph\":[{\"@type\":\"WebPage\",\"@id\":\"https:\\\/\\\/my-french-grocery.com\\\/de\\\/produkt\\\/bio-leichtverdauungsaufguss-jardin-bio-copy\\\/\",\"url\":\"https:\\\/\\\/my-french-grocery.com\\\/de\\\/produkt\\\/bio-leichtverdauungsaufguss-jardin-bio-copy\\\/\",\"name\":\"Bio-Entspannungs-Schlafaufguss Jardin Bio | Online Kaufen | My French Grocery\",\"isPartOf\":{\"@id\":\"https:\\\/\\\/my-french-grocery.com\\\/de\\\/#website\"},\"primaryImageOfPage\":{\"@id\":\"https:\\\/\\\/my-french-grocery.com\\\/de\\\/produkt\\\/bio-leichtverdauungsaufguss-jardin-bio-copy\\\/#primaryimage\"},\"image\":{\"@id\":\"https:\\\/\\\/my-french-grocery.com\\\/de\\\/produkt\\\/bio-leichtverdauungsaufguss-jardin-bio-copy\\\/#primaryimage\"},\"thumbnailUrl\":\"https:\\\/\\\/my-french-grocery.com\\\/wp-content\\\/uploads\\\/2026\\\/04\\\/Organic-Relaxing-Sleep-Infusion-JARDIN-BIO-ETIC.jpg\",\"datePublished\":\"2026-04-18T16:14:25+00:00\",\"dateModified\":\"2026-04-18T16:20:54+00:00\",\"description\":\"Bio-Entspannungs-Schlafaufguss Jardin Bio - Schachtel mit 20 Beuteln - Entdecken Sie die nat\u00fcrlichen, ethisch und verantwortungsvoll hergestellten Kr\u00e4utertees von Jardin Bio \u00c9tic\",\"breadcrumb\":{\"@id\":\"https:\\\/\\\/my-french-grocery.com\\\/de\\\/produkt\\\/bio-leichtverdauungsaufguss-jardin-bio-copy\\\/#breadcrumb\"},\"inLanguage\":\"de-DE\",\"potentialAction\":[{\"@type\":\"ReadAction\",\"target\":[\"https:\\\/\\\/my-french-grocery.com\\\/de\\\/produkt\\\/bio-leichtverdauungsaufguss-jardin-bio-copy\\\/\"]}]},{\"@type\":\"ImageObject\",\"inLanguage\":\"de-DE\",\"@id\":\"https:\\\/\\\/my-french-grocery.com\\\/de\\\/produkt\\\/bio-leichtverdauungsaufguss-jardin-bio-copy\\\/#primaryimage\",\"url\":\"https:\\\/\\\/my-french-grocery.com\\\/wp-content\\\/uploads\\\/2026\\\/04\\\/Organic-Relaxing-Sleep-Infusion-JARDIN-BIO-ETIC.jpg\",\"contentUrl\":\"https:\\\/\\\/my-french-grocery.com\\\/wp-content\\\/uploads\\\/2026\\\/04\\\/Organic-Relaxing-Sleep-Infusion-JARDIN-BIO-ETIC.jpg\",\"width\":1500,\"height\":1500,\"caption\":\"Bio-Entspannungs-Schlafaufguss Jardin Bio\"},{\"@type\":\"BreadcrumbList\",\"@id\":\"https:\\\/\\\/my-french-grocery.com\\\/de\\\/produkt\\\/bio-leichtverdauungsaufguss-jardin-bio-copy\\\/#breadcrumb\",\"itemListElement\":[{\"@type\":\"ListItem\",\"position\":1,\"name\":\"Home\",\"item\":\"https:\\\/\\\/my-french-grocery.com\\\/de\\\/shopping-seite\\\/\"},{\"@type\":\"ListItem\",\"position\":2,\"name\":\"Shop\",\"item\":\"https:\\\/\\\/my-french-grocery.com\\\/shop\\\/\"},{\"@type\":\"ListItem\",\"position\":3,\"name\":\"Lebensmittel\",\"item\":\"https:\\\/\\\/my-french-grocery.com\\\/de\\\/produkt-kategorie\\\/lebensmittel\\\/\"},{\"@type\":\"ListItem\",\"position\":4,\"name\":\"Tees - Kaffees - Schokoladenpulver\",\"item\":\"https:\\\/\\\/my-french-grocery.com\\\/de\\\/produkt-kategorie\\\/tees-kaffees-schokoladenpulver\\\/\"},{\"@type\":\"ListItem\",\"position\":5,\"name\":\"Tee\",\"item\":\"https:\\\/\\\/my-french-grocery.com\\\/de\\\/produkt-kategorie\\\/tee\\\/\"},{\"@type\":\"ListItem\",\"position\":6,\"name\":\"Bio-Entspannungs-Schlafaufguss Jardin Bio\"}]},{\"@type\":\"WebSite\",\"@id\":\"https:\\\/\\\/my-french-grocery.com\\\/de\\\/#website\",\"url\":\"https:\\\/\\\/my-french-grocery.com\\\/de\\\/\",\"name\":\"My French Grocery\",\"description\":\"Your Online French Grocery  !\",\"publisher\":{\"@id\":\"https:\\\/\\\/my-french-grocery.com\\\/de\\\/#organization\"},\"potentialAction\":[{\"@type\":\"SearchAction\",\"target\":{\"@type\":\"EntryPoint\",\"urlTemplate\":\"https:\\\/\\\/my-french-grocery.com\\\/de\\\/?s={search_term_string}\"},\"query-input\":{\"@type\":\"PropertyValueSpecification\",\"valueRequired\":true,\"valueName\":\"search_term_string\"}}],\"inLanguage\":\"de-DE\"},{\"@type\":\"Organization\",\"@id\":\"https:\\\/\\\/my-french-grocery.com\\\/de\\\/#organization\",\"name\":\"MY FRENCH GROCERY\",\"url\":\"https:\\\/\\\/my-french-grocery.com\\\/de\\\/\",\"logo\":{\"@type\":\"ImageObject\",\"inLanguage\":\"de-DE\",\"@id\":\"https:\\\/\\\/my-french-grocery.com\\\/de\\\/#\\\/schema\\\/logo\\\/image\\\/\",\"url\":\"https:\\\/\\\/my-french-grocery.com\\\/wp-content\\\/uploads\\\/2021\\\/11\\\/My-French-Grocery-Online-French-Grocery.png\",\"contentUrl\":\"https:\\\/\\\/my-french-grocery.com\\\/wp-content\\\/uploads\\\/2021\\\/11\\\/My-French-Grocery-Online-French-Grocery.png\",\"width\":100,\"height\":100,\"caption\":\"MY FRENCH GROCERY\"},\"image\":{\"@id\":\"https:\\\/\\\/my-french-grocery.com\\\/de\\\/#\\\/schema\\\/logo\\\/image\\\/\"},\"sameAs\":[\"https:\\\/\\\/www.facebook.com\\\/myfrenchgrocery\\\/\"]}]}<\/script>\n<!-- \/ Yoast SEO plugin. -->","yoast_head_json":{"title":"Bio-Entspannungs-Schlafaufguss Jardin Bio | Online Kaufen | My French Grocery","description":"Bio-Entspannungs-Schlafaufguss Jardin Bio - Schachtel mit 20 Beuteln - Entdecken Sie die nat\u00fcrlichen, ethisch und verantwortungsvoll hergestellten Kr\u00e4utertees von Jardin Bio \u00c9tic","robots":{"index":"index","follow":"follow","max-snippet":"max-snippet:-1","max-image-preview":"max-image-preview:large","max-video-preview":"max-video-preview:-1"},"canonical":"https:\/\/my-french-grocery.com\/de\/produkt\/bio-leichtverdauungsaufguss-jardin-bio-copy\/","og_locale":"de_DE","og_type":"article","og_title":"Bio-Entspannungs-Schlafaufguss Jardin Bio | Online Kaufen | My French Grocery","og_description":"Bio-Entspannungs-Schlafaufguss Jardin Bio - Schachtel mit 20 Beuteln - Entdecken Sie die nat\u00fcrlichen, ethisch und verantwortungsvoll hergestellten Kr\u00e4utertees von Jardin Bio \u00c9tic","og_url":"https:\/\/my-french-grocery.com\/de\/produkt\/bio-leichtverdauungsaufguss-jardin-bio-copy\/","og_site_name":"My French Grocery","article_publisher":"https:\/\/www.facebook.com\/myfrenchgrocery\/","article_modified_time":"2026-04-18T16:20:54+00:00","og_image":[{"width":1500,"height":1500,"url":"https:\/\/my-french-grocery.com\/wp-content\/uploads\/2026\/04\/Organic-Relaxing-Sleep-Infusion-JARDIN-BIO-ETIC.jpg","type":"image\/jpeg"}],"twitter_card":"summary_large_image","twitter_misc":{"Gesch\u00e4tzte Lesezeit":"1 minute"},"schema":{"@context":"https:\/\/schema.org","@graph":[{"@type":"WebPage","@id":"https:\/\/my-french-grocery.com\/de\/produkt\/bio-leichtverdauungsaufguss-jardin-bio-copy\/","url":"https:\/\/my-french-grocery.com\/de\/produkt\/bio-leichtverdauungsaufguss-jardin-bio-copy\/","name":"Bio-Entspannungs-Schlafaufguss Jardin Bio | Online Kaufen | My French Grocery","isPartOf":{"@id":"https:\/\/my-french-grocery.com\/de\/#website"},"primaryImageOfPage":{"@id":"https:\/\/my-french-grocery.com\/de\/produkt\/bio-leichtverdauungsaufguss-jardin-bio-copy\/#primaryimage"},"image":{"@id":"https:\/\/my-french-grocery.com\/de\/produkt\/bio-leichtverdauungsaufguss-jardin-bio-copy\/#primaryimage"},"thumbnailUrl":"https:\/\/my-french-grocery.com\/wp-content\/uploads\/2026\/04\/Organic-Relaxing-Sleep-Infusion-JARDIN-BIO-ETIC.jpg","datePublished":"2026-04-18T16:14:25+00:00","dateModified":"2026-04-18T16:20:54+00:00","description":"Bio-Entspannungs-Schlafaufguss Jardin Bio - Schachtel mit 20 Beuteln - Entdecken Sie die nat\u00fcrlichen, ethisch und verantwortungsvoll hergestellten Kr\u00e4utertees von Jardin Bio \u00c9tic","breadcrumb":{"@id":"https:\/\/my-french-grocery.com\/de\/produkt\/bio-leichtverdauungsaufguss-jardin-bio-copy\/#breadcrumb"},"inLanguage":"de-DE","potentialAction":[{"@type":"ReadAction","target":["https:\/\/my-french-grocery.com\/de\/produkt\/bio-leichtverdauungsaufguss-jardin-bio-copy\/"]}]},{"@type":"ImageObject","inLanguage":"de-DE","@id":"https:\/\/my-french-grocery.com\/de\/produkt\/bio-leichtverdauungsaufguss-jardin-bio-copy\/#primaryimage","url":"https:\/\/my-french-grocery.com\/wp-content\/uploads\/2026\/04\/Organic-Relaxing-Sleep-Infusion-JARDIN-BIO-ETIC.jpg","contentUrl":"https:\/\/my-french-grocery.com\/wp-content\/uploads\/2026\/04\/Organic-Relaxing-Sleep-Infusion-JARDIN-BIO-ETIC.jpg","width":1500,"height":1500,"caption":"Bio-Entspannungs-Schlafaufguss Jardin Bio"},{"@type":"BreadcrumbList","@id":"https:\/\/my-french-grocery.com\/de\/produkt\/bio-leichtverdauungsaufguss-jardin-bio-copy\/#breadcrumb","itemListElement":[{"@type":"ListItem","position":1,"name":"Home","item":"https:\/\/my-french-grocery.com\/de\/shopping-seite\/"},{"@type":"ListItem","position":2,"name":"Shop","item":"https:\/\/my-french-grocery.com\/shop\/"},{"@type":"ListItem","position":3,"name":"Lebensmittel","item":"https:\/\/my-french-grocery.com\/de\/produkt-kategorie\/lebensmittel\/"},{"@type":"ListItem","position":4,"name":"Tees - Kaffees - Schokoladenpulver","item":"https:\/\/my-french-grocery.com\/de\/produkt-kategorie\/tees-kaffees-schokoladenpulver\/"},{"@type":"ListItem","position":5,"name":"Tee","item":"https:\/\/my-french-grocery.com\/de\/produkt-kategorie\/tee\/"},{"@type":"ListItem","position":6,"name":"Bio-Entspannungs-Schlafaufguss Jardin Bio"}]},{"@type":"WebSite","@id":"https:\/\/my-french-grocery.com\/de\/#website","url":"https:\/\/my-french-grocery.com\/de\/","name":"My French Grocery","description":"Your Online French Grocery  !","publisher":{"@id":"https:\/\/my-french-grocery.com\/de\/#organization"},"potentialAction":[{"@type":"SearchAction","target":{"@type":"EntryPoint","urlTemplate":"https:\/\/my-french-grocery.com\/de\/?s={search_term_string}"},"query-input":{"@type":"PropertyValueSpecification","valueRequired":true,"valueName":"search_term_string"}}],"inLanguage":"de-DE"},{"@type":"Organization","@id":"https:\/\/my-french-grocery.com\/de\/#organization","name":"MY FRENCH GROCERY","url":"https:\/\/my-french-grocery.com\/de\/","logo":{"@type":"ImageObject","inLanguage":"de-DE","@id":"https:\/\/my-french-grocery.com\/de\/#\/schema\/logo\/image\/","url":"https:\/\/my-french-grocery.com\/wp-content\/uploads\/2021\/11\/My-French-Grocery-Online-French-Grocery.png","contentUrl":"https:\/\/my-french-grocery.com\/wp-content\/uploads\/2021\/11\/My-French-Grocery-Online-French-Grocery.png","width":100,"height":100,"caption":"MY FRENCH GROCERY"},"image":{"@id":"https:\/\/my-french-grocery.com\/de\/#\/schema\/logo\/image\/"},"sameAs":["https:\/\/www.facebook.com\/myfrenchgrocery\/"]}]}},"brands":[{"id":4232,"name":"Jardin Bio","slug":"jardin-bio"}],"_links":{"self":[{"href":"https:\/\/my-french-grocery.com\/de\/wp-json\/wp\/v2\/product\/53752","targetHints":{"allow":["GET"]}}],"collection":[{"href":"https:\/\/my-french-grocery.com\/de\/wp-json\/wp\/v2\/product"}],"about":[{"href":"https:\/\/my-french-grocery.com\/de\/wp-json\/wp\/v2\/types\/product"}],"replies":[{"embeddable":true,"href":"https:\/\/my-french-grocery.com\/de\/wp-json\/wp\/v2\/comments?post=53752"}],"wp:featuredmedia":[{"embeddable":true,"href":"https:\/\/my-french-grocery.com\/de\/wp-json\/wp\/v2\/media\/53759"}],"wp:attachment":[{"href":"https:\/\/my-french-grocery.com\/de\/wp-json\/wp\/v2\/media?parent=53752"}],"wp:term":[{"taxonomy":"pwb-brand","embeddable":true,"href":"https:\/\/my-french-grocery.com\/de\/wp-json\/wp\/v2\/pwb-brand?post=53752"},{"taxonomy":"product_brand","embeddable":true,"href":"https:\/\/my-french-grocery.com\/de\/wp-json\/wp\/v2\/product_brand?post=53752"},{"taxonomy":"product_cat","embeddable":true,"href":"https:\/\/my-french-grocery.com\/de\/wp-json\/wp\/v2\/product_cat?post=53752"},{"taxonomy":"product_tag","embeddable":true,"href":"https:\/\/my-french-grocery.com\/de\/wp-json\/wp\/v2\/product_tag?post=53752"}],"curies":[{"name":"wp","href":"https:\/\/api.w.org\/{rel}","templated":true}]}}