{"id":10341,"date":"2018-01-05T14:54:33","date_gmt":"2018-01-05T12:54:33","guid":{"rendered":"https:\/\/my-french-grocery.com\/product\/preparacion-culinaria\/"},"modified":"2018-01-05T14:54:33","modified_gmt":"2018-01-05T12:54:33","slug":"preparacion-culinaria","status":"publish","type":"product","link":"https:\/\/my-french-grocery.com\/es\/producto\/preparacion-culinaria\/","title":{"rendered":"Preparaci\u00f3n Culinaria Knorr Viandox"},"content":{"rendered":"<p>Preparaci\u00f3n Culinaria Knorr Viandox<\/p>\n<p>Botella de 160 ml<\/p>\n<p><span>Knorr\u00ae Viandox: \u00a1unas gotas llenas de sabor!<\/span><\/p>\n<p><span>La mejor calidad es nuestra filosof\u00eda en t\u00e9rminos de alimentos. Una filosof\u00eda aplicada durante muchas d\u00e9cadas.\u00a0Nuestra historia comienza en 1838, cuando Carl Heinrich Knorr abri\u00f3 una f\u00e1brica en Heilbronn, Alemania, cuyo negocio consist\u00eda en suministrar achicoria a las cafeteras.<\/span><\/p>\n","protected":false},"excerpt":{"rendered":"<p>Preparaci\u00f3n Culinaria Knorr Viandox<\/p>\n<p>Botella de 160 ml<\/p>\n","protected":false},"featured_media":10342,"comment_status":"open","ping_status":"closed","template":"","meta":[],"pwb-brand":[690],"product_brand":[],"product_cat":[1655],"product_tag":[],"class_list":{"0":"post-10341","1":"product","2":"type-product","3":"status-publish","4":"has-post-thumbnail","6":"pwb-brand-knorr-es","7":"product_cat-condimentos","8":"product_shipping_class-expedicion-mundial","10":"first","11":"instock","12":"taxable","13":"shipping-taxable","14":"purchasable","15":"product-type-simple"},"yoast_head":"<!-- This site is optimized with the Yoast SEO plugin v27.4 - https:\/\/yoast.com\/product\/yoast-seo-wordpress\/ -->\n<title>Preparaci\u00f3n Culinaria Knorr Viandox | Comprar En Linea | My French Grocery<\/title>\n<meta name=\"description\" content=\"Preparaci\u00f3n Culinaria Knorr Viandox - Botella de 160 ml\" \/>\n<meta name=\"robots\" content=\"index, follow, max-snippet:-1, max-image-preview:large, max-video-preview:-1\" \/>\n<link rel=\"canonical\" href=\"https:\/\/my-french-grocery.com\/es\/producto\/preparacion-culinaria\/\" \/>\n<meta property=\"og:locale\" content=\"es_ES\" \/>\n<meta property=\"og:type\" content=\"article\" \/>\n<meta property=\"og:title\" content=\"Preparaci\u00f3n Culinaria Knorr Viandox | Comprar En Linea | My French Grocery\" \/>\n<meta property=\"og:description\" content=\"Preparaci\u00f3n Culinaria Knorr Viandox - Botella de 160 ml\" \/>\n<meta property=\"og:url\" content=\"https:\/\/my-french-grocery.com\/es\/producto\/preparacion-culinaria\/\" \/>\n<meta property=\"og:site_name\" content=\"My French Grocery\" \/>\n<meta property=\"article:publisher\" content=\"https:\/\/www.facebook.com\/myfrenchgrocery\/\" \/>\n<meta property=\"og:image\" content=\"https:\/\/my-french-grocery.com\/wp-content\/uploads\/2018\/01\/VIANDOX2.jpg\" \/>\n\t<meta property=\"og:image:width\" content=\"1500\" \/>\n\t<meta property=\"og:image:height\" content=\"1500\" \/>\n\t<meta property=\"og:image:type\" content=\"image\/jpeg\" \/>\n<meta name=\"twitter:card\" content=\"summary_large_image\" \/>\n<script type=\"application\/ld+json\" class=\"yoast-schema-graph\">{\"@context\":\"https:\\\/\\\/schema.org\",\"@graph\":[{\"@type\":\"WebPage\",\"@id\":\"https:\\\/\\\/my-french-grocery.com\\\/es\\\/producto\\\/preparacion-culinaria\\\/\",\"url\":\"https:\\\/\\\/my-french-grocery.com\\\/es\\\/producto\\\/preparacion-culinaria\\\/\",\"name\":\"Preparaci\u00f3n Culinaria Knorr Viandox | Comprar En Linea | My French Grocery\",\"isPartOf\":{\"@id\":\"https:\\\/\\\/my-french-grocery.com\\\/es\\\/#website\"},\"primaryImageOfPage\":{\"@id\":\"https:\\\/\\\/my-french-grocery.com\\\/es\\\/producto\\\/preparacion-culinaria\\\/#primaryimage\"},\"image\":{\"@id\":\"https:\\\/\\\/my-french-grocery.com\\\/es\\\/producto\\\/preparacion-culinaria\\\/#primaryimage\"},\"thumbnailUrl\":\"https:\\\/\\\/my-french-grocery.com\\\/wp-content\\\/uploads\\\/2018\\\/01\\\/VIANDOX2.jpg\",\"datePublished\":\"2018-01-05T12:54:33+00:00\",\"description\":\"Preparaci\u00f3n Culinaria Knorr Viandox - Botella de 160 ml\",\"breadcrumb\":{\"@id\":\"https:\\\/\\\/my-french-grocery.com\\\/es\\\/producto\\\/preparacion-culinaria\\\/#breadcrumb\"},\"inLanguage\":\"es-ES\",\"potentialAction\":[{\"@type\":\"ReadAction\",\"target\":[\"https:\\\/\\\/my-french-grocery.com\\\/es\\\/producto\\\/preparacion-culinaria\\\/\"]}]},{\"@type\":\"ImageObject\",\"inLanguage\":\"es-ES\",\"@id\":\"https:\\\/\\\/my-french-grocery.com\\\/es\\\/producto\\\/preparacion-culinaria\\\/#primaryimage\",\"url\":\"https:\\\/\\\/my-french-grocery.com\\\/wp-content\\\/uploads\\\/2018\\\/01\\\/VIANDOX2.jpg\",\"contentUrl\":\"https:\\\/\\\/my-french-grocery.com\\\/wp-content\\\/uploads\\\/2018\\\/01\\\/VIANDOX2.jpg\",\"width\":1500,\"height\":1500,\"caption\":\"Preparaci\u00f3n Culinaria Knorr Viandox\"},{\"@type\":\"BreadcrumbList\",\"@id\":\"https:\\\/\\\/my-french-grocery.com\\\/es\\\/producto\\\/preparacion-culinaria\\\/#breadcrumb\",\"itemListElement\":[{\"@type\":\"ListItem\",\"position\":1,\"name\":\"Home\",\"item\":\"https:\\\/\\\/my-french-grocery.com\\\/es\\\/tienda-2\\\/\"},{\"@type\":\"ListItem\",\"position\":2,\"name\":\"Shop\",\"item\":\"https:\\\/\\\/my-french-grocery.com\\\/shop\\\/\"},{\"@type\":\"ListItem\",\"position\":3,\"name\":\"Comida\",\"item\":\"https:\\\/\\\/my-french-grocery.com\\\/es\\\/categoria-producto\\\/comida\\\/\"},{\"@type\":\"ListItem\",\"position\":4,\"name\":\"Condimentos\",\"item\":\"https:\\\/\\\/my-french-grocery.com\\\/es\\\/categoria-producto\\\/comida\\\/condimentos\\\/\"},{\"@type\":\"ListItem\",\"position\":5,\"name\":\"Preparaci\u00f3n Culinaria Knorr Viandox\"}]},{\"@type\":\"WebSite\",\"@id\":\"https:\\\/\\\/my-french-grocery.com\\\/es\\\/#website\",\"url\":\"https:\\\/\\\/my-french-grocery.com\\\/es\\\/\",\"name\":\"My French Grocery\",\"description\":\"Your Online French Grocery  !\",\"publisher\":{\"@id\":\"https:\\\/\\\/my-french-grocery.com\\\/es\\\/#organization\"},\"potentialAction\":[{\"@type\":\"SearchAction\",\"target\":{\"@type\":\"EntryPoint\",\"urlTemplate\":\"https:\\\/\\\/my-french-grocery.com\\\/es\\\/?s={search_term_string}\"},\"query-input\":{\"@type\":\"PropertyValueSpecification\",\"valueRequired\":true,\"valueName\":\"search_term_string\"}}],\"inLanguage\":\"es-ES\"},{\"@type\":\"Organization\",\"@id\":\"https:\\\/\\\/my-french-grocery.com\\\/es\\\/#organization\",\"name\":\"MY FRENCH GROCERY\",\"url\":\"https:\\\/\\\/my-french-grocery.com\\\/es\\\/\",\"logo\":{\"@type\":\"ImageObject\",\"inLanguage\":\"es-ES\",\"@id\":\"https:\\\/\\\/my-french-grocery.com\\\/es\\\/#\\\/schema\\\/logo\\\/image\\\/\",\"url\":\"https:\\\/\\\/my-french-grocery.com\\\/wp-content\\\/uploads\\\/2021\\\/11\\\/My-French-Grocery-Online-French-Grocery.png\",\"contentUrl\":\"https:\\\/\\\/my-french-grocery.com\\\/wp-content\\\/uploads\\\/2021\\\/11\\\/My-French-Grocery-Online-French-Grocery.png\",\"width\":100,\"height\":100,\"caption\":\"MY FRENCH GROCERY\"},\"image\":{\"@id\":\"https:\\\/\\\/my-french-grocery.com\\\/es\\\/#\\\/schema\\\/logo\\\/image\\\/\"},\"sameAs\":[\"https:\\\/\\\/www.facebook.com\\\/myfrenchgrocery\\\/\"]}]}<\/script>\n<!-- \/ Yoast SEO plugin. -->","yoast_head_json":{"title":"Preparaci\u00f3n Culinaria Knorr Viandox | Comprar En Linea | My French Grocery","description":"Preparaci\u00f3n Culinaria Knorr Viandox - Botella de 160 ml","robots":{"index":"index","follow":"follow","max-snippet":"max-snippet:-1","max-image-preview":"max-image-preview:large","max-video-preview":"max-video-preview:-1"},"canonical":"https:\/\/my-french-grocery.com\/es\/producto\/preparacion-culinaria\/","og_locale":"es_ES","og_type":"article","og_title":"Preparaci\u00f3n Culinaria Knorr Viandox | Comprar En Linea | My French Grocery","og_description":"Preparaci\u00f3n Culinaria Knorr Viandox - Botella de 160 ml","og_url":"https:\/\/my-french-grocery.com\/es\/producto\/preparacion-culinaria\/","og_site_name":"My French Grocery","article_publisher":"https:\/\/www.facebook.com\/myfrenchgrocery\/","og_image":[{"width":1500,"height":1500,"url":"https:\/\/my-french-grocery.com\/wp-content\/uploads\/2018\/01\/VIANDOX2.jpg","type":"image\/jpeg"}],"twitter_card":"summary_large_image","schema":{"@context":"https:\/\/schema.org","@graph":[{"@type":"WebPage","@id":"https:\/\/my-french-grocery.com\/es\/producto\/preparacion-culinaria\/","url":"https:\/\/my-french-grocery.com\/es\/producto\/preparacion-culinaria\/","name":"Preparaci\u00f3n Culinaria Knorr Viandox | Comprar En Linea | My French Grocery","isPartOf":{"@id":"https:\/\/my-french-grocery.com\/es\/#website"},"primaryImageOfPage":{"@id":"https:\/\/my-french-grocery.com\/es\/producto\/preparacion-culinaria\/#primaryimage"},"image":{"@id":"https:\/\/my-french-grocery.com\/es\/producto\/preparacion-culinaria\/#primaryimage"},"thumbnailUrl":"https:\/\/my-french-grocery.com\/wp-content\/uploads\/2018\/01\/VIANDOX2.jpg","datePublished":"2018-01-05T12:54:33+00:00","description":"Preparaci\u00f3n Culinaria Knorr Viandox - Botella de 160 ml","breadcrumb":{"@id":"https:\/\/my-french-grocery.com\/es\/producto\/preparacion-culinaria\/#breadcrumb"},"inLanguage":"es-ES","potentialAction":[{"@type":"ReadAction","target":["https:\/\/my-french-grocery.com\/es\/producto\/preparacion-culinaria\/"]}]},{"@type":"ImageObject","inLanguage":"es-ES","@id":"https:\/\/my-french-grocery.com\/es\/producto\/preparacion-culinaria\/#primaryimage","url":"https:\/\/my-french-grocery.com\/wp-content\/uploads\/2018\/01\/VIANDOX2.jpg","contentUrl":"https:\/\/my-french-grocery.com\/wp-content\/uploads\/2018\/01\/VIANDOX2.jpg","width":1500,"height":1500,"caption":"Preparaci\u00f3n Culinaria Knorr Viandox"},{"@type":"BreadcrumbList","@id":"https:\/\/my-french-grocery.com\/es\/producto\/preparacion-culinaria\/#breadcrumb","itemListElement":[{"@type":"ListItem","position":1,"name":"Home","item":"https:\/\/my-french-grocery.com\/es\/tienda-2\/"},{"@type":"ListItem","position":2,"name":"Shop","item":"https:\/\/my-french-grocery.com\/shop\/"},{"@type":"ListItem","position":3,"name":"Comida","item":"https:\/\/my-french-grocery.com\/es\/categoria-producto\/comida\/"},{"@type":"ListItem","position":4,"name":"Condimentos","item":"https:\/\/my-french-grocery.com\/es\/categoria-producto\/comida\/condimentos\/"},{"@type":"ListItem","position":5,"name":"Preparaci\u00f3n Culinaria Knorr Viandox"}]},{"@type":"WebSite","@id":"https:\/\/my-french-grocery.com\/es\/#website","url":"https:\/\/my-french-grocery.com\/es\/","name":"My French Grocery","description":"Your Online French Grocery  !","publisher":{"@id":"https:\/\/my-french-grocery.com\/es\/#organization"},"potentialAction":[{"@type":"SearchAction","target":{"@type":"EntryPoint","urlTemplate":"https:\/\/my-french-grocery.com\/es\/?s={search_term_string}"},"query-input":{"@type":"PropertyValueSpecification","valueRequired":true,"valueName":"search_term_string"}}],"inLanguage":"es-ES"},{"@type":"Organization","@id":"https:\/\/my-french-grocery.com\/es\/#organization","name":"MY FRENCH GROCERY","url":"https:\/\/my-french-grocery.com\/es\/","logo":{"@type":"ImageObject","inLanguage":"es-ES","@id":"https:\/\/my-french-grocery.com\/es\/#\/schema\/logo\/image\/","url":"https:\/\/my-french-grocery.com\/wp-content\/uploads\/2021\/11\/My-French-Grocery-Online-French-Grocery.png","contentUrl":"https:\/\/my-french-grocery.com\/wp-content\/uploads\/2021\/11\/My-French-Grocery-Online-French-Grocery.png","width":100,"height":100,"caption":"MY FRENCH GROCERY"},"image":{"@id":"https:\/\/my-french-grocery.com\/es\/#\/schema\/logo\/image\/"},"sameAs":["https:\/\/www.facebook.com\/myfrenchgrocery\/"]}]}},"brands":[{"id":690,"name":"Knorr","slug":"knorr-es"}],"_links":{"self":[{"href":"https:\/\/my-french-grocery.com\/es\/wp-json\/wp\/v2\/product\/10341","targetHints":{"allow":["GET"]}}],"collection":[{"href":"https:\/\/my-french-grocery.com\/es\/wp-json\/wp\/v2\/product"}],"about":[{"href":"https:\/\/my-french-grocery.com\/es\/wp-json\/wp\/v2\/types\/product"}],"replies":[{"embeddable":true,"href":"https:\/\/my-french-grocery.com\/es\/wp-json\/wp\/v2\/comments?post=10341"}],"wp:featuredmedia":[{"embeddable":true,"href":"https:\/\/my-french-grocery.com\/es\/wp-json\/wp\/v2\/media\/10342"}],"wp:attachment":[{"href":"https:\/\/my-french-grocery.com\/es\/wp-json\/wp\/v2\/media?parent=10341"}],"wp:term":[{"taxonomy":"pwb-brand","embeddable":true,"href":"https:\/\/my-french-grocery.com\/es\/wp-json\/wp\/v2\/pwb-brand?post=10341"},{"taxonomy":"product_brand","embeddable":true,"href":"https:\/\/my-french-grocery.com\/es\/wp-json\/wp\/v2\/product_brand?post=10341"},{"taxonomy":"product_cat","embeddable":true,"href":"https:\/\/my-french-grocery.com\/es\/wp-json\/wp\/v2\/product_cat?post=10341"},{"taxonomy":"product_tag","embeddable":true,"href":"https:\/\/my-french-grocery.com\/es\/wp-json\/wp\/v2\/product_tag?post=10341"}],"curies":[{"name":"wp","href":"https:\/\/api.w.org\/{rel}","templated":true}]}}