{"id":10535,"date":"2023-07-01T17:01:16","date_gmt":"2018-01-11T12:06:16","guid":{"rendered":"https:\/\/my-french-grocery.com\/product\/mostaza-fina-y-fuerte-amora-2\/"},"modified":"2018-01-11T14:06:16","modified_gmt":"2018-01-11T12:06:16","slug":"mostaza-fina-y-fuerte-amora-2","status":"publish","type":"product","link":"https:\/\/my-french-grocery.com\/es\/producto\/mostaza-fina-y-fuerte-amora-2\/","title":{"rendered":"Mostaza Fina y Fuerte Amora"},"content":{"rendered":"<p>Mostaza Fina y Fuerte Amora<\/p>\n<p>Tarro de 195 g<\/p>\n<div class=\"secondary-details-intro\">\n<div class=\"regulated-name\">\n<p class=\"paragraph\">Mostaza de Dijon.<\/p>\n<\/div>\n<\/div>\n<div class=\"secondary-details__description\">\n<p class=\"paragraph\">Amora pone su pasi\u00f3n por el sabor a su servicio para ofrecerle productos de calidad que mejorar\u00e1n todos sus platos. Debido a que Amora sabe que la calidad de los productos est\u00e1 en el centro de las preocupaciones de las madres, Amora se compromete a ofrecer productos en los que se conserven todos los sabores \u2026<\/p>\n<\/div>\n","protected":false},"excerpt":{"rendered":"<p>Mostaza Fina y Fuerte Amora<\/p>\n<p>Tarro de 195 g<\/p>\n","protected":false},"featured_media":10536,"comment_status":"open","ping_status":"closed","template":"","meta":[],"pwb-brand":[468],"product_brand":[],"product_cat":[1655,1657],"product_tag":[],"class_list":{"0":"post-10535","1":"product","2":"type-product","3":"status-publish","4":"has-post-thumbnail","6":"pwb-brand-amora-es","7":"product_cat-condimentos","8":"product_cat-salsas","9":"product_shipping_class-expedicion-mundial","11":"first","12":"outofstock","13":"taxable","14":"shipping-taxable","15":"purchasable","16":"product-type-simple"},"brands":[{"id":468,"name":"Amora","slug":"amora-es"}],"_links":{"self":[{"href":"https:\/\/my-french-grocery.com\/es\/wp-json\/wp\/v2\/product\/10535","targetHints":{"allow":["GET"]}}],"collection":[{"href":"https:\/\/my-french-grocery.com\/es\/wp-json\/wp\/v2\/product"}],"about":[{"href":"https:\/\/my-french-grocery.com\/es\/wp-json\/wp\/v2\/types\/product"}],"replies":[{"embeddable":true,"href":"https:\/\/my-french-grocery.com\/es\/wp-json\/wp\/v2\/comments?post=10535"}],"wp:featuredmedia":[{"embeddable":true,"href":"https:\/\/my-french-grocery.com\/es\/wp-json\/wp\/v2\/media\/10536"}],"wp:attachment":[{"href":"https:\/\/my-french-grocery.com\/es\/wp-json\/wp\/v2\/media?parent=10535"}],"wp:term":[{"taxonomy":"pwb-brand","embeddable":true,"href":"https:\/\/my-french-grocery.com\/es\/wp-json\/wp\/v2\/pwb-brand?post=10535"},{"taxonomy":"product_brand","embeddable":true,"href":"https:\/\/my-french-grocery.com\/es\/wp-json\/wp\/v2\/product_brand?post=10535"},{"taxonomy":"product_cat","embeddable":true,"href":"https:\/\/my-french-grocery.com\/es\/wp-json\/wp\/v2\/product_cat?post=10535"},{"taxonomy":"product_tag","embeddable":true,"href":"https:\/\/my-french-grocery.com\/es\/wp-json\/wp\/v2\/product_tag?post=10535"}],"curies":[{"name":"wp","href":"https:\/\/api.w.org\/{rel}","templated":true}]}}