{"id":10768,"date":"2018-04-13T14:34:10","date_gmt":"2018-04-13T12:34:10","guid":{"rendered":"https:\/\/my-french-grocery.com\/product\/galletas-de-desayuno-de-chocolate-belvita\/"},"modified":"2018-04-13T14:34:10","modified_gmt":"2018-04-13T12:34:10","slug":"galletas-de-desayuno-de-chocolate-belvita","status":"publish","type":"product","link":"https:\/\/my-french-grocery.com\/es\/producto\/galletas-de-desayuno-de-chocolate-belvita\/","title":{"rendered":"Galletas De Desayuno De Chocolate Belvita"},"content":{"rendered":"<p>Galletas De Desayuno De Chocolate Belvita<\/p>\n<p>8 sobres de 4 \u2013 400 g<\/p>\n<p><span>Nuestras sabrosas galletas est\u00e1n hechas con 5 granos integrales y se doran delicadamente en el horno para mantener sus cualidades nutricionales.\u00a0<\/span><span>Las galletas ORIGINALES de Belvita le traen carbohidratos liberados lentamente, hora tras hora, durante toda la ma\u00f1ana.\u00a0<\/span><span>Por eso, la galleta ORIGINAL de BelVita es una opci\u00f3n deliciosa y pr\u00e1ctica para llevar por las ma\u00f1anas.\u00a0<\/span><span>F\u00e1cil de transportar gracias a sus bolsitas de frescura.<\/span><\/p>\n","protected":false},"excerpt":{"rendered":"<p>Galletas De Desayuno De Chocolate Belvita<\/p>\n<p>8 sobres de 4 &#8211; 400 g<\/p>\n","protected":false},"featured_media":10767,"comment_status":"open","ping_status":"closed","template":"","meta":[],"pwb-brand":[761],"product_brand":[],"product_cat":[1658],"product_tag":[],"class_list":{"0":"post-10768","1":"product","2":"type-product","3":"status-publish","4":"has-post-thumbnail","6":"pwb-brand-lu-es","7":"product_cat-pasteles-galletas","8":"product_shipping_class-expedicion-mundial","10":"first","11":"instock","12":"taxable","13":"shipping-taxable","14":"purchasable","15":"product-type-simple"},"brands":[{"id":761,"name":"Lu","slug":"lu-es"}],"_links":{"self":[{"href":"https:\/\/my-french-grocery.com\/es\/wp-json\/wp\/v2\/product\/10768","targetHints":{"allow":["GET"]}}],"collection":[{"href":"https:\/\/my-french-grocery.com\/es\/wp-json\/wp\/v2\/product"}],"about":[{"href":"https:\/\/my-french-grocery.com\/es\/wp-json\/wp\/v2\/types\/product"}],"replies":[{"embeddable":true,"href":"https:\/\/my-french-grocery.com\/es\/wp-json\/wp\/v2\/comments?post=10768"}],"wp:featuredmedia":[{"embeddable":true,"href":"https:\/\/my-french-grocery.com\/es\/wp-json\/wp\/v2\/media\/10767"}],"wp:attachment":[{"href":"https:\/\/my-french-grocery.com\/es\/wp-json\/wp\/v2\/media?parent=10768"}],"wp:term":[{"taxonomy":"pwb-brand","embeddable":true,"href":"https:\/\/my-french-grocery.com\/es\/wp-json\/wp\/v2\/pwb-brand?post=10768"},{"taxonomy":"product_brand","embeddable":true,"href":"https:\/\/my-french-grocery.com\/es\/wp-json\/wp\/v2\/product_brand?post=10768"},{"taxonomy":"product_cat","embeddable":true,"href":"https:\/\/my-french-grocery.com\/es\/wp-json\/wp\/v2\/product_cat?post=10768"},{"taxonomy":"product_tag","embeddable":true,"href":"https:\/\/my-french-grocery.com\/es\/wp-json\/wp\/v2\/product_tag?post=10768"}],"curies":[{"name":"wp","href":"https:\/\/api.w.org\/{rel}","templated":true}]}}