{"id":11322,"date":"2018-05-07T15:03:47","date_gmt":"2018-05-07T13:03:47","guid":{"rendered":"https:\/\/my-french-grocery.com\/product\/champu-manzana-hoja-de-olivo\/"},"modified":"2021-06-24T14:34:32","modified_gmt":"2021-06-24T12:34:32","slug":"champu-manzana-hoja-de-olivo","status":"publish","type":"product","link":"https:\/\/my-french-grocery.com\/es\/producto\/champu-manzana-hoja-de-olivo\/","title":{"rendered":"Champ\u00fa Manzana &#038; Hoja De Olivo Le Petit Marseillais"},"content":{"rendered":"<p>Champ\u00fa Manzana &amp; Hoja De Olivo Le Petit Marseillais<\/p>\n<p>Botella de 250 ml<\/p>\n<p><span>Para estar sano, tu cabello normal necesita tono y vitalidad.<\/span><\/p>\n<p><span>Nuestra receta de cuidado<\/span><br \/>\n<span>Para llevar todo el brillo del sol a su cabello, Le Petit Marseillais fue a buscar en el coraz\u00f3n de la naturaleza dos ingredientes ba\u00f1ados por el sol para desarrollar una receta \u00fanica y cuidar su cabello.<\/span><\/p>\n","protected":false},"excerpt":{"rendered":"<p>Champ\u00fa Manzana &amp; Hoja De Olivo Le Petit Marseillais<\/p>\n<p>Botella de 250 ml<\/p>\n","protected":false},"featured_media":42252,"comment_status":"open","ping_status":"closed","template":"","meta":[],"pwb-brand":[729],"product_brand":[],"product_cat":[2124,1671,1668],"product_tag":[],"class_list":{"0":"post-11322","1":"product","2":"type-product","3":"status-publish","4":"has-post-thumbnail","6":"pwb-brand-le-petit-marseillais-es","7":"product_cat-champus","8":"product_cat-champus-acondicionadores-cuidado-del-cabello","9":"product_cat-cosmeticos","10":"product_shipping_class-expedicion-mundial","12":"first","13":"instock","14":"taxable","15":"shipping-taxable","16":"purchasable","17":"product-type-simple"},"yoast_head":"<!-- This site is optimized with the Yoast SEO plugin v27.4 - https:\/\/yoast.com\/product\/yoast-seo-wordpress\/ -->\n<title>Champ\u00fa Manzana &amp; Hoja De Olivo Le Petit Marseillais | Comprar En Linea | My French Grocery<\/title>\n<meta name=\"description\" content=\"Champ\u00fa Manzana &amp; Hoja De Olivo Le Petit Marseillais - Botella de 250 ml - Para estar sano, tu cabello normal necesita tono y vitalidad.\" \/>\n<meta name=\"robots\" content=\"index, follow, max-snippet:-1, max-image-preview:large, max-video-preview:-1\" \/>\n<link rel=\"canonical\" href=\"https:\/\/my-french-grocery.com\/es\/producto\/champu-manzana-hoja-de-olivo\/\" \/>\n<meta property=\"og:locale\" content=\"es_ES\" \/>\n<meta property=\"og:type\" content=\"article\" \/>\n<meta property=\"og:title\" content=\"Champ\u00fa Manzana &amp; Hoja De Olivo Le Petit Marseillais | Comprar En Linea | My French Grocery\" \/>\n<meta property=\"og:description\" content=\"Champ\u00fa Manzana &amp; Hoja De Olivo Le Petit Marseillais - Botella de 250 ml - Para estar sano, tu cabello normal necesita tono y vitalidad.\" \/>\n<meta property=\"og:url\" content=\"https:\/\/my-french-grocery.com\/es\/producto\/champu-manzana-hoja-de-olivo\/\" \/>\n<meta property=\"og:site_name\" content=\"My French Grocery\" \/>\n<meta property=\"article:publisher\" content=\"https:\/\/www.facebook.com\/myfrenchgrocery\/\" \/>\n<meta property=\"article:modified_time\" content=\"2021-06-24T12:34:32+00:00\" \/>\n<meta property=\"og:image\" content=\"https:\/\/my-french-grocery.com\/wp-content\/uploads\/2018\/05\/SHAMPOO-OLIVIER-POMME.jpg\" \/>\n\t<meta property=\"og:image:width\" content=\"1500\" \/>\n\t<meta property=\"og:image:height\" content=\"1500\" \/>\n\t<meta property=\"og:image:type\" content=\"image\/jpeg\" \/>\n<meta name=\"twitter:card\" content=\"summary_large_image\" \/>\n<script type=\"application\/ld+json\" class=\"yoast-schema-graph\">{\"@context\":\"https:\\\/\\\/schema.org\",\"@graph\":[{\"@type\":\"WebPage\",\"@id\":\"https:\\\/\\\/my-french-grocery.com\\\/es\\\/producto\\\/champu-manzana-hoja-de-olivo\\\/\",\"url\":\"https:\\\/\\\/my-french-grocery.com\\\/es\\\/producto\\\/champu-manzana-hoja-de-olivo\\\/\",\"name\":\"Champ\u00fa Manzana & Hoja De Olivo Le Petit Marseillais | Comprar En Linea | My French Grocery\",\"isPartOf\":{\"@id\":\"https:\\\/\\\/my-french-grocery.com\\\/es\\\/#website\"},\"primaryImageOfPage\":{\"@id\":\"https:\\\/\\\/my-french-grocery.com\\\/es\\\/producto\\\/champu-manzana-hoja-de-olivo\\\/#primaryimage\"},\"image\":{\"@id\":\"https:\\\/\\\/my-french-grocery.com\\\/es\\\/producto\\\/champu-manzana-hoja-de-olivo\\\/#primaryimage\"},\"thumbnailUrl\":\"https:\\\/\\\/my-french-grocery.com\\\/wp-content\\\/uploads\\\/2018\\\/05\\\/apple-and-olive-shampoo-petit-marseillais.webp\",\"datePublished\":\"2018-05-07T13:03:47+00:00\",\"dateModified\":\"2021-06-24T12:34:32+00:00\",\"description\":\"Champ\u00fa Manzana & Hoja De Olivo Le Petit Marseillais - Botella de 250 ml - Para estar sano, tu cabello normal necesita tono y vitalidad.\",\"breadcrumb\":{\"@id\":\"https:\\\/\\\/my-french-grocery.com\\\/es\\\/producto\\\/champu-manzana-hoja-de-olivo\\\/#breadcrumb\"},\"inLanguage\":\"es-ES\",\"potentialAction\":[{\"@type\":\"ReadAction\",\"target\":[\"https:\\\/\\\/my-french-grocery.com\\\/es\\\/producto\\\/champu-manzana-hoja-de-olivo\\\/\"]}]},{\"@type\":\"ImageObject\",\"inLanguage\":\"es-ES\",\"@id\":\"https:\\\/\\\/my-french-grocery.com\\\/es\\\/producto\\\/champu-manzana-hoja-de-olivo\\\/#primaryimage\",\"url\":\"https:\\\/\\\/my-french-grocery.com\\\/wp-content\\\/uploads\\\/2018\\\/05\\\/apple-and-olive-shampoo-petit-marseillais.webp\",\"contentUrl\":\"https:\\\/\\\/my-french-grocery.com\\\/wp-content\\\/uploads\\\/2018\\\/05\\\/apple-and-olive-shampoo-petit-marseillais.webp\",\"width\":1500,\"height\":1500},{\"@type\":\"BreadcrumbList\",\"@id\":\"https:\\\/\\\/my-french-grocery.com\\\/es\\\/producto\\\/champu-manzana-hoja-de-olivo\\\/#breadcrumb\",\"itemListElement\":[{\"@type\":\"ListItem\",\"position\":1,\"name\":\"Home\",\"item\":\"https:\\\/\\\/my-french-grocery.com\\\/es\\\/tienda-2\\\/\"},{\"@type\":\"ListItem\",\"position\":2,\"name\":\"Shop\",\"item\":\"https:\\\/\\\/my-french-grocery.com\\\/shop\\\/\"},{\"@type\":\"ListItem\",\"position\":3,\"name\":\"cosm\u00e9ticos\",\"item\":\"https:\\\/\\\/my-french-grocery.com\\\/es\\\/categoria-producto\\\/cosmeticos\\\/\"},{\"@type\":\"ListItem\",\"position\":4,\"name\":\"Champ\u00fas, Acondicionadores, Cuidado Del Cabello\",\"item\":\"https:\\\/\\\/my-french-grocery.com\\\/es\\\/categoria-producto\\\/cosmeticos\\\/champus-acondicionadores-cuidado-del-cabello\\\/\"},{\"@type\":\"ListItem\",\"position\":5,\"name\":\"Champ\u00fas\",\"item\":\"https:\\\/\\\/my-french-grocery.com\\\/es\\\/categoria-producto\\\/cosmeticos\\\/champus-acondicionadores-cuidado-del-cabello\\\/champus\\\/\"},{\"@type\":\"ListItem\",\"position\":6,\"name\":\"Champ\u00fa Manzana &#038; Hoja De Olivo Le Petit Marseillais\"}]},{\"@type\":\"WebSite\",\"@id\":\"https:\\\/\\\/my-french-grocery.com\\\/es\\\/#website\",\"url\":\"https:\\\/\\\/my-french-grocery.com\\\/es\\\/\",\"name\":\"My French Grocery\",\"description\":\"Your Online French Grocery  !\",\"publisher\":{\"@id\":\"https:\\\/\\\/my-french-grocery.com\\\/es\\\/#organization\"},\"potentialAction\":[{\"@type\":\"SearchAction\",\"target\":{\"@type\":\"EntryPoint\",\"urlTemplate\":\"https:\\\/\\\/my-french-grocery.com\\\/es\\\/?s={search_term_string}\"},\"query-input\":{\"@type\":\"PropertyValueSpecification\",\"valueRequired\":true,\"valueName\":\"search_term_string\"}}],\"inLanguage\":\"es-ES\"},{\"@type\":\"Organization\",\"@id\":\"https:\\\/\\\/my-french-grocery.com\\\/es\\\/#organization\",\"name\":\"MY FRENCH GROCERY\",\"url\":\"https:\\\/\\\/my-french-grocery.com\\\/es\\\/\",\"logo\":{\"@type\":\"ImageObject\",\"inLanguage\":\"es-ES\",\"@id\":\"https:\\\/\\\/my-french-grocery.com\\\/es\\\/#\\\/schema\\\/logo\\\/image\\\/\",\"url\":\"https:\\\/\\\/my-french-grocery.com\\\/wp-content\\\/uploads\\\/2021\\\/11\\\/My-French-Grocery-Online-French-Grocery.png\",\"contentUrl\":\"https:\\\/\\\/my-french-grocery.com\\\/wp-content\\\/uploads\\\/2021\\\/11\\\/My-French-Grocery-Online-French-Grocery.png\",\"width\":100,\"height\":100,\"caption\":\"MY FRENCH GROCERY\"},\"image\":{\"@id\":\"https:\\\/\\\/my-french-grocery.com\\\/es\\\/#\\\/schema\\\/logo\\\/image\\\/\"},\"sameAs\":[\"https:\\\/\\\/www.facebook.com\\\/myfrenchgrocery\\\/\"]}]}<\/script>\n<!-- \/ Yoast SEO plugin. -->","yoast_head_json":{"title":"Champ\u00fa Manzana & Hoja De Olivo Le Petit Marseillais | Comprar En Linea | My French Grocery","description":"Champ\u00fa Manzana & Hoja De Olivo Le Petit Marseillais - Botella de 250 ml - Para estar sano, tu cabello normal necesita tono y vitalidad.","robots":{"index":"index","follow":"follow","max-snippet":"max-snippet:-1","max-image-preview":"max-image-preview:large","max-video-preview":"max-video-preview:-1"},"canonical":"https:\/\/my-french-grocery.com\/es\/producto\/champu-manzana-hoja-de-olivo\/","og_locale":"es_ES","og_type":"article","og_title":"Champ\u00fa Manzana & Hoja De Olivo Le Petit Marseillais | Comprar En Linea | My French Grocery","og_description":"Champ\u00fa Manzana & Hoja De Olivo Le Petit Marseillais - Botella de 250 ml - Para estar sano, tu cabello normal necesita tono y vitalidad.","og_url":"https:\/\/my-french-grocery.com\/es\/producto\/champu-manzana-hoja-de-olivo\/","og_site_name":"My French Grocery","article_publisher":"https:\/\/www.facebook.com\/myfrenchgrocery\/","article_modified_time":"2021-06-24T12:34:32+00:00","og_image":[{"width":1500,"height":1500,"url":"https:\/\/my-french-grocery.com\/wp-content\/uploads\/2018\/05\/SHAMPOO-OLIVIER-POMME.jpg","type":"image\/jpeg"}],"twitter_card":"summary_large_image","schema":{"@context":"https:\/\/schema.org","@graph":[{"@type":"WebPage","@id":"https:\/\/my-french-grocery.com\/es\/producto\/champu-manzana-hoja-de-olivo\/","url":"https:\/\/my-french-grocery.com\/es\/producto\/champu-manzana-hoja-de-olivo\/","name":"Champ\u00fa Manzana & Hoja De Olivo Le Petit Marseillais | Comprar En Linea | My French Grocery","isPartOf":{"@id":"https:\/\/my-french-grocery.com\/es\/#website"},"primaryImageOfPage":{"@id":"https:\/\/my-french-grocery.com\/es\/producto\/champu-manzana-hoja-de-olivo\/#primaryimage"},"image":{"@id":"https:\/\/my-french-grocery.com\/es\/producto\/champu-manzana-hoja-de-olivo\/#primaryimage"},"thumbnailUrl":"https:\/\/my-french-grocery.com\/wp-content\/uploads\/2018\/05\/apple-and-olive-shampoo-petit-marseillais.webp","datePublished":"2018-05-07T13:03:47+00:00","dateModified":"2021-06-24T12:34:32+00:00","description":"Champ\u00fa Manzana & Hoja De Olivo Le Petit Marseillais - Botella de 250 ml - Para estar sano, tu cabello normal necesita tono y vitalidad.","breadcrumb":{"@id":"https:\/\/my-french-grocery.com\/es\/producto\/champu-manzana-hoja-de-olivo\/#breadcrumb"},"inLanguage":"es-ES","potentialAction":[{"@type":"ReadAction","target":["https:\/\/my-french-grocery.com\/es\/producto\/champu-manzana-hoja-de-olivo\/"]}]},{"@type":"ImageObject","inLanguage":"es-ES","@id":"https:\/\/my-french-grocery.com\/es\/producto\/champu-manzana-hoja-de-olivo\/#primaryimage","url":"https:\/\/my-french-grocery.com\/wp-content\/uploads\/2018\/05\/apple-and-olive-shampoo-petit-marseillais.webp","contentUrl":"https:\/\/my-french-grocery.com\/wp-content\/uploads\/2018\/05\/apple-and-olive-shampoo-petit-marseillais.webp","width":1500,"height":1500},{"@type":"BreadcrumbList","@id":"https:\/\/my-french-grocery.com\/es\/producto\/champu-manzana-hoja-de-olivo\/#breadcrumb","itemListElement":[{"@type":"ListItem","position":1,"name":"Home","item":"https:\/\/my-french-grocery.com\/es\/tienda-2\/"},{"@type":"ListItem","position":2,"name":"Shop","item":"https:\/\/my-french-grocery.com\/shop\/"},{"@type":"ListItem","position":3,"name":"cosm\u00e9ticos","item":"https:\/\/my-french-grocery.com\/es\/categoria-producto\/cosmeticos\/"},{"@type":"ListItem","position":4,"name":"Champ\u00fas, Acondicionadores, Cuidado Del Cabello","item":"https:\/\/my-french-grocery.com\/es\/categoria-producto\/cosmeticos\/champus-acondicionadores-cuidado-del-cabello\/"},{"@type":"ListItem","position":5,"name":"Champ\u00fas","item":"https:\/\/my-french-grocery.com\/es\/categoria-producto\/cosmeticos\/champus-acondicionadores-cuidado-del-cabello\/champus\/"},{"@type":"ListItem","position":6,"name":"Champ\u00fa Manzana &#038; Hoja De Olivo Le Petit Marseillais"}]},{"@type":"WebSite","@id":"https:\/\/my-french-grocery.com\/es\/#website","url":"https:\/\/my-french-grocery.com\/es\/","name":"My French Grocery","description":"Your Online French Grocery  !","publisher":{"@id":"https:\/\/my-french-grocery.com\/es\/#organization"},"potentialAction":[{"@type":"SearchAction","target":{"@type":"EntryPoint","urlTemplate":"https:\/\/my-french-grocery.com\/es\/?s={search_term_string}"},"query-input":{"@type":"PropertyValueSpecification","valueRequired":true,"valueName":"search_term_string"}}],"inLanguage":"es-ES"},{"@type":"Organization","@id":"https:\/\/my-french-grocery.com\/es\/#organization","name":"MY FRENCH GROCERY","url":"https:\/\/my-french-grocery.com\/es\/","logo":{"@type":"ImageObject","inLanguage":"es-ES","@id":"https:\/\/my-french-grocery.com\/es\/#\/schema\/logo\/image\/","url":"https:\/\/my-french-grocery.com\/wp-content\/uploads\/2021\/11\/My-French-Grocery-Online-French-Grocery.png","contentUrl":"https:\/\/my-french-grocery.com\/wp-content\/uploads\/2021\/11\/My-French-Grocery-Online-French-Grocery.png","width":100,"height":100,"caption":"MY FRENCH GROCERY"},"image":{"@id":"https:\/\/my-french-grocery.com\/es\/#\/schema\/logo\/image\/"},"sameAs":["https:\/\/www.facebook.com\/myfrenchgrocery\/"]}]}},"brands":[{"id":729,"name":"Le Petit Marseillais","slug":"le-petit-marseillais-es"}],"_links":{"self":[{"href":"https:\/\/my-french-grocery.com\/es\/wp-json\/wp\/v2\/product\/11322","targetHints":{"allow":["GET"]}}],"collection":[{"href":"https:\/\/my-french-grocery.com\/es\/wp-json\/wp\/v2\/product"}],"about":[{"href":"https:\/\/my-french-grocery.com\/es\/wp-json\/wp\/v2\/types\/product"}],"replies":[{"embeddable":true,"href":"https:\/\/my-french-grocery.com\/es\/wp-json\/wp\/v2\/comments?post=11322"}],"wp:featuredmedia":[{"embeddable":true,"href":"https:\/\/my-french-grocery.com\/es\/wp-json\/wp\/v2\/media\/42252"}],"wp:attachment":[{"href":"https:\/\/my-french-grocery.com\/es\/wp-json\/wp\/v2\/media?parent=11322"}],"wp:term":[{"taxonomy":"pwb-brand","embeddable":true,"href":"https:\/\/my-french-grocery.com\/es\/wp-json\/wp\/v2\/pwb-brand?post=11322"},{"taxonomy":"product_brand","embeddable":true,"href":"https:\/\/my-french-grocery.com\/es\/wp-json\/wp\/v2\/product_brand?post=11322"},{"taxonomy":"product_cat","embeddable":true,"href":"https:\/\/my-french-grocery.com\/es\/wp-json\/wp\/v2\/product_cat?post=11322"},{"taxonomy":"product_tag","embeddable":true,"href":"https:\/\/my-french-grocery.com\/es\/wp-json\/wp\/v2\/product_tag?post=11322"}],"curies":[{"name":"wp","href":"https:\/\/api.w.org\/{rel}","templated":true}]}}