{"id":11334,"date":"2018-05-08T12:56:08","date_gmt":"2018-05-08T10:56:08","guid":{"rendered":"https:\/\/my-french-grocery.com\/product\/acondicionador-shea-honey-le-petit-marseillais\/"},"modified":"2018-05-08T12:56:08","modified_gmt":"2018-05-08T10:56:08","slug":"acondicionador-shea-honey-le-petit-marseillais","status":"publish","type":"product","link":"https:\/\/my-french-grocery.com\/es\/producto\/acondicionador-shea-honey-le-petit-marseillais\/","title":{"rendered":"Acondicionador Shea &#038; Honey Le Petit Marseillais"},"content":{"rendered":"<p>Acondicionador Shea &amp; Honey Le Petit Marseillais<\/p>\n<p>Tubo de 200 ml<\/p>\n<p><span>Para nutrir y desenredar tu cabello seco, da\u00f1ado y quebradizo, Le Petit Marseillais ha combinado su f\u00f3rmula con ingredientes naturales, simples y efectivos, inspirados en aut\u00e9nticas recetas mediterr\u00e1neas.<\/span><br \/>\n<span>Aplicar sobre todo el cabello mojado.\u00a0Dejar actuar durante 1 minuto y luego enjuagar.<\/span><\/p>\n","protected":false},"excerpt":{"rendered":"<p>Acondicionador Shea &amp; Honey Le Petit Marseillais<\/p>\n<p>Tubo de 200 ml<\/p>\n","protected":false},"featured_media":42657,"comment_status":"open","ping_status":"closed","template":"","meta":[],"pwb-brand":[729],"product_brand":[],"product_cat":[2125,1671],"product_tag":[],"class_list":{"0":"post-11334","1":"product","2":"type-product","3":"status-publish","4":"has-post-thumbnail","6":"pwb-brand-le-petit-marseillais-es","7":"product_cat-acondicionadores","8":"product_cat-champus-acondicionadores-cuidado-del-cabello","9":"product_shipping_class-expedicion-mundial","11":"first","12":"instock","13":"taxable","14":"shipping-taxable","15":"purchasable","16":"product-type-simple"},"yoast_head":"<!-- This site is optimized with the Yoast SEO plugin v27.3 - https:\/\/yoast.com\/product\/yoast-seo-wordpress\/ -->\n<title>Acondicionador Shea &amp; Honey Le Petit Marseillais | Comprar En Linea | My French Grocery<\/title>\n<meta name=\"description\" content=\"Acondicionador Shea &amp; Honey Le Petit Marseillais - Tubo de 200 ml - Para nutrir y desenredar tu cabello seco, da\u00f1ado y quebradizo, Le Petit Marseillais ha combinado su f\u00f3rmula con ingredientes naturales, simples y efectivos, inspirados en aut\u00e9nticas recetas mediterr\u00e1neas.\" \/>\n<meta name=\"robots\" content=\"index, follow, max-snippet:-1, max-image-preview:large, max-video-preview:-1\" \/>\n<link rel=\"canonical\" href=\"https:\/\/my-french-grocery.com\/es\/producto\/acondicionador-shea-honey-le-petit-marseillais\/\" \/>\n<meta property=\"og:locale\" content=\"es_ES\" \/>\n<meta property=\"og:type\" content=\"article\" \/>\n<meta property=\"og:title\" content=\"Acondicionador Shea &amp; Honey Le Petit Marseillais | Comprar En Linea | My French Grocery\" \/>\n<meta property=\"og:description\" content=\"Acondicionador Shea &amp; Honey Le Petit Marseillais - Tubo de 200 ml - Para nutrir y desenredar tu cabello seco, da\u00f1ado y quebradizo, Le Petit Marseillais ha combinado su f\u00f3rmula con ingredientes naturales, simples y efectivos, inspirados en aut\u00e9nticas recetas mediterr\u00e1neas.\" \/>\n<meta property=\"og:url\" content=\"https:\/\/my-french-grocery.com\/es\/producto\/acondicionador-shea-honey-le-petit-marseillais\/\" \/>\n<meta property=\"og:site_name\" content=\"My French Grocery\" \/>\n<meta property=\"article:publisher\" content=\"https:\/\/www.facebook.com\/myfrenchgrocery\/\" \/>\n<meta property=\"og:image\" content=\"https:\/\/my-french-grocery.com\/wp-content\/uploads\/2018\/05\/CONDITIONER-SHEA-HONEY.jpg\" \/>\n\t<meta property=\"og:image:width\" content=\"1500\" \/>\n\t<meta property=\"og:image:height\" content=\"1500\" \/>\n\t<meta property=\"og:image:type\" content=\"image\/jpeg\" \/>\n<meta name=\"twitter:card\" content=\"summary_large_image\" \/>\n<script type=\"application\/ld+json\" class=\"yoast-schema-graph\">{\"@context\":\"https:\\\/\\\/schema.org\",\"@graph\":[{\"@type\":\"WebPage\",\"@id\":\"https:\\\/\\\/my-french-grocery.com\\\/es\\\/producto\\\/acondicionador-shea-honey-le-petit-marseillais\\\/\",\"url\":\"https:\\\/\\\/my-french-grocery.com\\\/es\\\/producto\\\/acondicionador-shea-honey-le-petit-marseillais\\\/\",\"name\":\"Acondicionador Shea & Honey Le Petit Marseillais | Comprar En Linea | My French Grocery\",\"isPartOf\":{\"@id\":\"https:\\\/\\\/my-french-grocery.com\\\/es\\\/#website\"},\"primaryImageOfPage\":{\"@id\":\"https:\\\/\\\/my-french-grocery.com\\\/es\\\/producto\\\/acondicionador-shea-honey-le-petit-marseillais\\\/#primaryimage\"},\"image\":{\"@id\":\"https:\\\/\\\/my-french-grocery.com\\\/es\\\/producto\\\/acondicionador-shea-honey-le-petit-marseillais\\\/#primaryimage\"},\"thumbnailUrl\":\"https:\\\/\\\/my-french-grocery.com\\\/wp-content\\\/uploads\\\/2018\\\/05\\\/shea-honey-conditionner-petit-marseillais-.webp\",\"datePublished\":\"2018-05-08T10:56:08+00:00\",\"description\":\"Acondicionador Shea & Honey Le Petit Marseillais - Tubo de 200 ml - Para nutrir y desenredar tu cabello seco, da\u00f1ado y quebradizo, Le Petit Marseillais ha combinado su f\u00f3rmula con ingredientes naturales, simples y efectivos, inspirados en aut\u00e9nticas recetas mediterr\u00e1neas.\",\"breadcrumb\":{\"@id\":\"https:\\\/\\\/my-french-grocery.com\\\/es\\\/producto\\\/acondicionador-shea-honey-le-petit-marseillais\\\/#breadcrumb\"},\"inLanguage\":\"es-ES\",\"potentialAction\":[{\"@type\":\"ReadAction\",\"target\":[\"https:\\\/\\\/my-french-grocery.com\\\/es\\\/producto\\\/acondicionador-shea-honey-le-petit-marseillais\\\/\"]}]},{\"@type\":\"ImageObject\",\"inLanguage\":\"es-ES\",\"@id\":\"https:\\\/\\\/my-french-grocery.com\\\/es\\\/producto\\\/acondicionador-shea-honey-le-petit-marseillais\\\/#primaryimage\",\"url\":\"https:\\\/\\\/my-french-grocery.com\\\/wp-content\\\/uploads\\\/2018\\\/05\\\/shea-honey-conditionner-petit-marseillais-.webp\",\"contentUrl\":\"https:\\\/\\\/my-french-grocery.com\\\/wp-content\\\/uploads\\\/2018\\\/05\\\/shea-honey-conditionner-petit-marseillais-.webp\",\"width\":1500,\"height\":1500},{\"@type\":\"BreadcrumbList\",\"@id\":\"https:\\\/\\\/my-french-grocery.com\\\/es\\\/producto\\\/acondicionador-shea-honey-le-petit-marseillais\\\/#breadcrumb\",\"itemListElement\":[{\"@type\":\"ListItem\",\"position\":1,\"name\":\"Home\",\"item\":\"https:\\\/\\\/my-french-grocery.com\\\/es\\\/tienda-2\\\/\"},{\"@type\":\"ListItem\",\"position\":2,\"name\":\"Shop\",\"item\":\"https:\\\/\\\/my-french-grocery.com\\\/shop\\\/\"},{\"@type\":\"ListItem\",\"position\":3,\"name\":\"cosm\u00e9ticos\",\"item\":\"https:\\\/\\\/my-french-grocery.com\\\/es\\\/categoria-producto\\\/cosmeticos\\\/\"},{\"@type\":\"ListItem\",\"position\":4,\"name\":\"Champ\u00fas, Acondicionadores, Cuidado Del Cabello\",\"item\":\"https:\\\/\\\/my-french-grocery.com\\\/es\\\/categoria-producto\\\/cosmeticos\\\/champus-acondicionadores-cuidado-del-cabello\\\/\"},{\"@type\":\"ListItem\",\"position\":5,\"name\":\"Acondicionadores\",\"item\":\"https:\\\/\\\/my-french-grocery.com\\\/es\\\/categoria-producto\\\/cosmeticos\\\/champus-acondicionadores-cuidado-del-cabello\\\/acondicionadores\\\/\"},{\"@type\":\"ListItem\",\"position\":6,\"name\":\"Acondicionador Shea &#038; Honey Le Petit Marseillais\"}]},{\"@type\":\"WebSite\",\"@id\":\"https:\\\/\\\/my-french-grocery.com\\\/es\\\/#website\",\"url\":\"https:\\\/\\\/my-french-grocery.com\\\/es\\\/\",\"name\":\"My French Grocery\",\"description\":\"Your Online French Grocery  !\",\"publisher\":{\"@id\":\"https:\\\/\\\/my-french-grocery.com\\\/es\\\/#organization\"},\"potentialAction\":[{\"@type\":\"SearchAction\",\"target\":{\"@type\":\"EntryPoint\",\"urlTemplate\":\"https:\\\/\\\/my-french-grocery.com\\\/es\\\/?s={search_term_string}\"},\"query-input\":{\"@type\":\"PropertyValueSpecification\",\"valueRequired\":true,\"valueName\":\"search_term_string\"}}],\"inLanguage\":\"es-ES\"},{\"@type\":\"Organization\",\"@id\":\"https:\\\/\\\/my-french-grocery.com\\\/es\\\/#organization\",\"name\":\"MY FRENCH GROCERY\",\"url\":\"https:\\\/\\\/my-french-grocery.com\\\/es\\\/\",\"logo\":{\"@type\":\"ImageObject\",\"inLanguage\":\"es-ES\",\"@id\":\"https:\\\/\\\/my-french-grocery.com\\\/es\\\/#\\\/schema\\\/logo\\\/image\\\/\",\"url\":\"https:\\\/\\\/my-french-grocery.com\\\/wp-content\\\/uploads\\\/2021\\\/11\\\/My-French-Grocery-Online-French-Grocery.png\",\"contentUrl\":\"https:\\\/\\\/my-french-grocery.com\\\/wp-content\\\/uploads\\\/2021\\\/11\\\/My-French-Grocery-Online-French-Grocery.png\",\"width\":100,\"height\":100,\"caption\":\"MY FRENCH GROCERY\"},\"image\":{\"@id\":\"https:\\\/\\\/my-french-grocery.com\\\/es\\\/#\\\/schema\\\/logo\\\/image\\\/\"},\"sameAs\":[\"https:\\\/\\\/www.facebook.com\\\/myfrenchgrocery\\\/\"]}]}<\/script>\n<!-- \/ Yoast SEO plugin. -->","yoast_head_json":{"title":"Acondicionador Shea & Honey Le Petit Marseillais | Comprar En Linea | My French Grocery","description":"Acondicionador Shea & Honey Le Petit Marseillais - Tubo de 200 ml - Para nutrir y desenredar tu cabello seco, da\u00f1ado y quebradizo, Le Petit Marseillais ha combinado su f\u00f3rmula con ingredientes naturales, simples y efectivos, inspirados en aut\u00e9nticas recetas mediterr\u00e1neas.","robots":{"index":"index","follow":"follow","max-snippet":"max-snippet:-1","max-image-preview":"max-image-preview:large","max-video-preview":"max-video-preview:-1"},"canonical":"https:\/\/my-french-grocery.com\/es\/producto\/acondicionador-shea-honey-le-petit-marseillais\/","og_locale":"es_ES","og_type":"article","og_title":"Acondicionador Shea & Honey Le Petit Marseillais | Comprar En Linea | My French Grocery","og_description":"Acondicionador Shea & Honey Le Petit Marseillais - Tubo de 200 ml - Para nutrir y desenredar tu cabello seco, da\u00f1ado y quebradizo, Le Petit Marseillais ha combinado su f\u00f3rmula con ingredientes naturales, simples y efectivos, inspirados en aut\u00e9nticas recetas mediterr\u00e1neas.","og_url":"https:\/\/my-french-grocery.com\/es\/producto\/acondicionador-shea-honey-le-petit-marseillais\/","og_site_name":"My French Grocery","article_publisher":"https:\/\/www.facebook.com\/myfrenchgrocery\/","og_image":[{"width":1500,"height":1500,"url":"https:\/\/my-french-grocery.com\/wp-content\/uploads\/2018\/05\/CONDITIONER-SHEA-HONEY.jpg","type":"image\/jpeg"}],"twitter_card":"summary_large_image","schema":{"@context":"https:\/\/schema.org","@graph":[{"@type":"WebPage","@id":"https:\/\/my-french-grocery.com\/es\/producto\/acondicionador-shea-honey-le-petit-marseillais\/","url":"https:\/\/my-french-grocery.com\/es\/producto\/acondicionador-shea-honey-le-petit-marseillais\/","name":"Acondicionador Shea & Honey Le Petit Marseillais | Comprar En Linea | My French Grocery","isPartOf":{"@id":"https:\/\/my-french-grocery.com\/es\/#website"},"primaryImageOfPage":{"@id":"https:\/\/my-french-grocery.com\/es\/producto\/acondicionador-shea-honey-le-petit-marseillais\/#primaryimage"},"image":{"@id":"https:\/\/my-french-grocery.com\/es\/producto\/acondicionador-shea-honey-le-petit-marseillais\/#primaryimage"},"thumbnailUrl":"https:\/\/my-french-grocery.com\/wp-content\/uploads\/2018\/05\/shea-honey-conditionner-petit-marseillais-.webp","datePublished":"2018-05-08T10:56:08+00:00","description":"Acondicionador Shea & Honey Le Petit Marseillais - Tubo de 200 ml - Para nutrir y desenredar tu cabello seco, da\u00f1ado y quebradizo, Le Petit Marseillais ha combinado su f\u00f3rmula con ingredientes naturales, simples y efectivos, inspirados en aut\u00e9nticas recetas mediterr\u00e1neas.","breadcrumb":{"@id":"https:\/\/my-french-grocery.com\/es\/producto\/acondicionador-shea-honey-le-petit-marseillais\/#breadcrumb"},"inLanguage":"es-ES","potentialAction":[{"@type":"ReadAction","target":["https:\/\/my-french-grocery.com\/es\/producto\/acondicionador-shea-honey-le-petit-marseillais\/"]}]},{"@type":"ImageObject","inLanguage":"es-ES","@id":"https:\/\/my-french-grocery.com\/es\/producto\/acondicionador-shea-honey-le-petit-marseillais\/#primaryimage","url":"https:\/\/my-french-grocery.com\/wp-content\/uploads\/2018\/05\/shea-honey-conditionner-petit-marseillais-.webp","contentUrl":"https:\/\/my-french-grocery.com\/wp-content\/uploads\/2018\/05\/shea-honey-conditionner-petit-marseillais-.webp","width":1500,"height":1500},{"@type":"BreadcrumbList","@id":"https:\/\/my-french-grocery.com\/es\/producto\/acondicionador-shea-honey-le-petit-marseillais\/#breadcrumb","itemListElement":[{"@type":"ListItem","position":1,"name":"Home","item":"https:\/\/my-french-grocery.com\/es\/tienda-2\/"},{"@type":"ListItem","position":2,"name":"Shop","item":"https:\/\/my-french-grocery.com\/shop\/"},{"@type":"ListItem","position":3,"name":"cosm\u00e9ticos","item":"https:\/\/my-french-grocery.com\/es\/categoria-producto\/cosmeticos\/"},{"@type":"ListItem","position":4,"name":"Champ\u00fas, Acondicionadores, Cuidado Del Cabello","item":"https:\/\/my-french-grocery.com\/es\/categoria-producto\/cosmeticos\/champus-acondicionadores-cuidado-del-cabello\/"},{"@type":"ListItem","position":5,"name":"Acondicionadores","item":"https:\/\/my-french-grocery.com\/es\/categoria-producto\/cosmeticos\/champus-acondicionadores-cuidado-del-cabello\/acondicionadores\/"},{"@type":"ListItem","position":6,"name":"Acondicionador Shea &#038; Honey Le Petit Marseillais"}]},{"@type":"WebSite","@id":"https:\/\/my-french-grocery.com\/es\/#website","url":"https:\/\/my-french-grocery.com\/es\/","name":"My French Grocery","description":"Your Online French Grocery  !","publisher":{"@id":"https:\/\/my-french-grocery.com\/es\/#organization"},"potentialAction":[{"@type":"SearchAction","target":{"@type":"EntryPoint","urlTemplate":"https:\/\/my-french-grocery.com\/es\/?s={search_term_string}"},"query-input":{"@type":"PropertyValueSpecification","valueRequired":true,"valueName":"search_term_string"}}],"inLanguage":"es-ES"},{"@type":"Organization","@id":"https:\/\/my-french-grocery.com\/es\/#organization","name":"MY FRENCH GROCERY","url":"https:\/\/my-french-grocery.com\/es\/","logo":{"@type":"ImageObject","inLanguage":"es-ES","@id":"https:\/\/my-french-grocery.com\/es\/#\/schema\/logo\/image\/","url":"https:\/\/my-french-grocery.com\/wp-content\/uploads\/2021\/11\/My-French-Grocery-Online-French-Grocery.png","contentUrl":"https:\/\/my-french-grocery.com\/wp-content\/uploads\/2021\/11\/My-French-Grocery-Online-French-Grocery.png","width":100,"height":100,"caption":"MY FRENCH GROCERY"},"image":{"@id":"https:\/\/my-french-grocery.com\/es\/#\/schema\/logo\/image\/"},"sameAs":["https:\/\/www.facebook.com\/myfrenchgrocery\/"]}]}},"brands":[{"id":729,"name":"Le Petit Marseillais","slug":"le-petit-marseillais-es"}],"_links":{"self":[{"href":"https:\/\/my-french-grocery.com\/es\/wp-json\/wp\/v2\/product\/11334","targetHints":{"allow":["GET"]}}],"collection":[{"href":"https:\/\/my-french-grocery.com\/es\/wp-json\/wp\/v2\/product"}],"about":[{"href":"https:\/\/my-french-grocery.com\/es\/wp-json\/wp\/v2\/types\/product"}],"replies":[{"embeddable":true,"href":"https:\/\/my-french-grocery.com\/es\/wp-json\/wp\/v2\/comments?post=11334"}],"wp:featuredmedia":[{"embeddable":true,"href":"https:\/\/my-french-grocery.com\/es\/wp-json\/wp\/v2\/media\/42657"}],"wp:attachment":[{"href":"https:\/\/my-french-grocery.com\/es\/wp-json\/wp\/v2\/media?parent=11334"}],"wp:term":[{"taxonomy":"pwb-brand","embeddable":true,"href":"https:\/\/my-french-grocery.com\/es\/wp-json\/wp\/v2\/pwb-brand?post=11334"},{"taxonomy":"product_brand","embeddable":true,"href":"https:\/\/my-french-grocery.com\/es\/wp-json\/wp\/v2\/product_brand?post=11334"},{"taxonomy":"product_cat","embeddable":true,"href":"https:\/\/my-french-grocery.com\/es\/wp-json\/wp\/v2\/product_cat?post=11334"},{"taxonomy":"product_tag","embeddable":true,"href":"https:\/\/my-french-grocery.com\/es\/wp-json\/wp\/v2\/product_tag?post=11334"}],"curies":[{"name":"wp","href":"https:\/\/api.w.org\/{rel}","templated":true}]}}