{"id":12093,"date":"2018-05-10T14:33:13","date_gmt":"2018-05-10T12:33:13","guid":{"rendered":"https:\/\/my-french-grocery.com\/product\/vino-espumoso-cafe-de-paris\/"},"modified":"2024-11-09T08:49:40","modified_gmt":"2024-11-09T06:49:40","slug":"vino-espumoso-cafe-de-paris","status":"publish","type":"product","link":"https:\/\/my-french-grocery.com\/es\/producto\/vino-espumoso-cafe-de-paris\/","title":{"rendered":"Vino Espumoso Caf\u00e9 De Paris"},"content":{"rendered":"<p>Vino Espumoso Caf\u00e9 De Paris<\/p>\n<p>Botella de 75cl \u2013 11,5 \u00b0<\/p>\n<p id=\"tw-target-text\" class=\"tw-data-text tw-text-large XcVN5d tw-ta\" dir=\"ltr\" data-placeholder=\"Traduction\">Testigo del saber hacer enol\u00f3gico franc\u00e9s, Caf\u00e9 de Paris es un vino espumoso de calidad elaborado en Saint-Andr\u00e9 de Cubzac, en la regi\u00f3n de Bordeaux.<\/p>\n","protected":false},"excerpt":{"rendered":"<p>Vino Espumoso Caf\u00e9 De Paris<\/p>\n<p>botella de 75cl &#8211; 11,5 \u00b0<\/p>\n","protected":false},"featured_media":33805,"comment_status":"open","ping_status":"closed","template":"","meta":[],"pwb-brand":[],"product_brand":[],"product_cat":[1681],"product_tag":[],"class_list":{"0":"post-12093","1":"product","2":"type-product","3":"status-publish","4":"has-post-thumbnail","6":"product_cat-espumosos","7":"product_shipping_class-expedicion-mundial","9":"first","10":"instock","11":"taxable","12":"shipping-taxable","13":"purchasable","14":"product-type-simple"},"brands":[],"_links":{"self":[{"href":"https:\/\/my-french-grocery.com\/es\/wp-json\/wp\/v2\/product\/12093","targetHints":{"allow":["GET"]}}],"collection":[{"href":"https:\/\/my-french-grocery.com\/es\/wp-json\/wp\/v2\/product"}],"about":[{"href":"https:\/\/my-french-grocery.com\/es\/wp-json\/wp\/v2\/types\/product"}],"replies":[{"embeddable":true,"href":"https:\/\/my-french-grocery.com\/es\/wp-json\/wp\/v2\/comments?post=12093"}],"wp:featuredmedia":[{"embeddable":true,"href":"https:\/\/my-french-grocery.com\/es\/wp-json\/wp\/v2\/media\/33805"}],"wp:attachment":[{"href":"https:\/\/my-french-grocery.com\/es\/wp-json\/wp\/v2\/media?parent=12093"}],"wp:term":[{"taxonomy":"pwb-brand","embeddable":true,"href":"https:\/\/my-french-grocery.com\/es\/wp-json\/wp\/v2\/pwb-brand?post=12093"},{"taxonomy":"product_brand","embeddable":true,"href":"https:\/\/my-french-grocery.com\/es\/wp-json\/wp\/v2\/product_brand?post=12093"},{"taxonomy":"product_cat","embeddable":true,"href":"https:\/\/my-french-grocery.com\/es\/wp-json\/wp\/v2\/product_cat?post=12093"},{"taxonomy":"product_tag","embeddable":true,"href":"https:\/\/my-french-grocery.com\/es\/wp-json\/wp\/v2\/product_tag?post=12093"}],"curies":[{"name":"wp","href":"https:\/\/api.w.org\/{rel}","templated":true}]}}