{"id":12097,"date":"2018-05-10T15:15:11","date_gmt":"2018-05-10T13:15:11","guid":{"rendered":"https:\/\/my-french-grocery.com\/product\/vino-espumoso-clairette-de-die-tradition\/"},"modified":"2024-05-20T07:03:08","modified_gmt":"2024-05-20T05:03:08","slug":"vino-espumoso-clairette-de-die-tradition","status":"publish","type":"product","link":"https:\/\/my-french-grocery.com\/es\/producto\/vino-espumoso-clairette-de-die-tradition\/","title":{"rendered":"Vino Espumoso Clairette de Die Tradition"},"content":{"rendered":"<p class=\"ds-title pdp-card__title ds-title--light ds-title--l\"><span>Vino espumoso Clairette de Die Tradition<\/span><\/p>\n<p>botella de 75cl &#8211; 7,5 \u00b0<\/p>\n<p>Clairette de Die Tradition representa la principal producci\u00f3n de los viticultores de Diois. Se elabora con una t\u00e9cnica de vinificaci\u00f3n propia: el \u201cm\u00e9todo ancestral dioise\u201d . El secreto de su elaboraci\u00f3n se basa en dos variedades de uva . El moscatel blanco , cuyos racimos est\u00e1n formados por granos peque\u00f1os y apretados, est\u00e1 presente en un m\u00ednimo del 75%. Clairette blanche , con granos oblongos, alivia el sabor dulce del moscatel y aporta delicadeza al vino.<\/p>\n<p>&nbsp;<\/p>\n","protected":false},"excerpt":{"rendered":"<p class=\"ds-title pdp-card__title ds-title--light ds-title--l\">Vino espumoso Clairette de Die Tradition<\/p>\n<p>botella de 75cl &#8211; 7,5 \u00b0<\/p>\n","protected":false},"featured_media":20046,"comment_status":"open","ping_status":"closed","template":"","meta":[],"pwb-brand":[],"product_brand":[],"product_cat":[1681],"product_tag":[],"class_list":{"0":"post-12097","1":"product","2":"type-product","3":"status-publish","4":"has-post-thumbnail","6":"product_cat-espumosos","7":"product_shipping_class-expedicion-mundial","9":"first","10":"instock","11":"taxable","12":"shipping-taxable","13":"purchasable","14":"product-type-simple"},"yoast_head":"<!-- This site is optimized with the Yoast SEO plugin v27.4 - https:\/\/yoast.com\/product\/yoast-seo-wordpress\/ -->\n<title>Vino Espumoso Clairette de Die Tradition | Comprar En Linea | My French Grocery<\/title>\n<meta name=\"description\" content=\"Vino espumoso Clairette de Die Tradition botella de 75cl - 7,5 \u00b0\" \/>\n<meta name=\"robots\" content=\"index, follow, max-snippet:-1, max-image-preview:large, max-video-preview:-1\" \/>\n<link rel=\"canonical\" href=\"https:\/\/my-french-grocery.com\/es\/producto\/vino-espumoso-clairette-de-die-tradition\/\" \/>\n<meta property=\"og:locale\" content=\"es_ES\" \/>\n<meta property=\"og:type\" content=\"article\" \/>\n<meta property=\"og:title\" content=\"Vino Espumoso Clairette de Die Tradition | Comprar En Linea | My French Grocery\" \/>\n<meta property=\"og:description\" content=\"Vino espumoso Clairette de Die Tradition botella de 75cl - 7,5 \u00b0\" \/>\n<meta property=\"og:url\" content=\"https:\/\/my-french-grocery.com\/es\/producto\/vino-espumoso-clairette-de-die-tradition\/\" \/>\n<meta property=\"og:site_name\" content=\"My French Grocery\" \/>\n<meta property=\"article:publisher\" content=\"https:\/\/www.facebook.com\/myfrenchgrocery\/\" \/>\n<meta property=\"article:modified_time\" content=\"2024-05-20T05:03:08+00:00\" \/>\n<meta property=\"og:image\" content=\"https:\/\/my-french-grocery.com\/wp-content\/uploads\/2018\/05\/CLAIRETTE-DE-DIE-TRADITION.jpg\" \/>\n\t<meta property=\"og:image:width\" content=\"540\" \/>\n\t<meta property=\"og:image:height\" content=\"540\" \/>\n\t<meta property=\"og:image:type\" content=\"image\/jpeg\" \/>\n<meta name=\"twitter:card\" content=\"summary_large_image\" \/>\n<script type=\"application\/ld+json\" class=\"yoast-schema-graph\">{\"@context\":\"https:\\\/\\\/schema.org\",\"@graph\":[{\"@type\":\"WebPage\",\"@id\":\"https:\\\/\\\/my-french-grocery.com\\\/es\\\/producto\\\/vino-espumoso-clairette-de-die-tradition\\\/\",\"url\":\"https:\\\/\\\/my-french-grocery.com\\\/es\\\/producto\\\/vino-espumoso-clairette-de-die-tradition\\\/\",\"name\":\"Vino Espumoso Clairette de Die Tradition | Comprar En Linea | My French Grocery\",\"isPartOf\":{\"@id\":\"https:\\\/\\\/my-french-grocery.com\\\/es\\\/#website\"},\"primaryImageOfPage\":{\"@id\":\"https:\\\/\\\/my-french-grocery.com\\\/es\\\/producto\\\/vino-espumoso-clairette-de-die-tradition\\\/#primaryimage\"},\"image\":{\"@id\":\"https:\\\/\\\/my-french-grocery.com\\\/es\\\/producto\\\/vino-espumoso-clairette-de-die-tradition\\\/#primaryimage\"},\"thumbnailUrl\":\"https:\\\/\\\/my-french-grocery.com\\\/wp-content\\\/uploads\\\/2018\\\/05\\\/CLAIRETTE-DE-DIE-TRADITION.jpg\",\"datePublished\":\"2018-05-10T13:15:11+00:00\",\"dateModified\":\"2024-05-20T05:03:08+00:00\",\"description\":\"Vino espumoso Clairette de Die Tradition botella de 75cl - 7,5 \u00b0\",\"breadcrumb\":{\"@id\":\"https:\\\/\\\/my-french-grocery.com\\\/es\\\/producto\\\/vino-espumoso-clairette-de-die-tradition\\\/#breadcrumb\"},\"inLanguage\":\"es-ES\",\"potentialAction\":[{\"@type\":\"ReadAction\",\"target\":[\"https:\\\/\\\/my-french-grocery.com\\\/es\\\/producto\\\/vino-espumoso-clairette-de-die-tradition\\\/\"]}]},{\"@type\":\"ImageObject\",\"inLanguage\":\"es-ES\",\"@id\":\"https:\\\/\\\/my-french-grocery.com\\\/es\\\/producto\\\/vino-espumoso-clairette-de-die-tradition\\\/#primaryimage\",\"url\":\"https:\\\/\\\/my-french-grocery.com\\\/wp-content\\\/uploads\\\/2018\\\/05\\\/CLAIRETTE-DE-DIE-TRADITION.jpg\",\"contentUrl\":\"https:\\\/\\\/my-french-grocery.com\\\/wp-content\\\/uploads\\\/2018\\\/05\\\/CLAIRETTE-DE-DIE-TRADITION.jpg\",\"width\":540,\"height\":540},{\"@type\":\"BreadcrumbList\",\"@id\":\"https:\\\/\\\/my-french-grocery.com\\\/es\\\/producto\\\/vino-espumoso-clairette-de-die-tradition\\\/#breadcrumb\",\"itemListElement\":[{\"@type\":\"ListItem\",\"position\":1,\"name\":\"Home\",\"item\":\"https:\\\/\\\/my-french-grocery.com\\\/es\\\/tienda-2\\\/\"},{\"@type\":\"ListItem\",\"position\":2,\"name\":\"Shop\",\"item\":\"https:\\\/\\\/my-french-grocery.com\\\/shop\\\/\"},{\"@type\":\"ListItem\",\"position\":3,\"name\":\"Bebidas - Vinos - Champa\u00f1a\",\"item\":\"https:\\\/\\\/my-french-grocery.com\\\/es\\\/categoria-producto\\\/bebidas-vinos-champana\\\/\"},{\"@type\":\"ListItem\",\"position\":4,\"name\":\"Champanes &amp; Espumosos\",\"item\":\"https:\\\/\\\/my-french-grocery.com\\\/es\\\/categoria-producto\\\/bebidas-vinos-champana\\\/champanes-espumosos\\\/\"},{\"@type\":\"ListItem\",\"position\":5,\"name\":\"Espumosos\",\"item\":\"https:\\\/\\\/my-french-grocery.com\\\/es\\\/categoria-producto\\\/bebidas-vinos-champana\\\/champanes-espumosos\\\/espumosos\\\/\"},{\"@type\":\"ListItem\",\"position\":6,\"name\":\"Vino Espumoso Clairette de Die Tradition\"}]},{\"@type\":\"WebSite\",\"@id\":\"https:\\\/\\\/my-french-grocery.com\\\/es\\\/#website\",\"url\":\"https:\\\/\\\/my-french-grocery.com\\\/es\\\/\",\"name\":\"My French Grocery\",\"description\":\"Your Online French Grocery  !\",\"publisher\":{\"@id\":\"https:\\\/\\\/my-french-grocery.com\\\/es\\\/#organization\"},\"potentialAction\":[{\"@type\":\"SearchAction\",\"target\":{\"@type\":\"EntryPoint\",\"urlTemplate\":\"https:\\\/\\\/my-french-grocery.com\\\/es\\\/?s={search_term_string}\"},\"query-input\":{\"@type\":\"PropertyValueSpecification\",\"valueRequired\":true,\"valueName\":\"search_term_string\"}}],\"inLanguage\":\"es-ES\"},{\"@type\":\"Organization\",\"@id\":\"https:\\\/\\\/my-french-grocery.com\\\/es\\\/#organization\",\"name\":\"MY FRENCH GROCERY\",\"url\":\"https:\\\/\\\/my-french-grocery.com\\\/es\\\/\",\"logo\":{\"@type\":\"ImageObject\",\"inLanguage\":\"es-ES\",\"@id\":\"https:\\\/\\\/my-french-grocery.com\\\/es\\\/#\\\/schema\\\/logo\\\/image\\\/\",\"url\":\"https:\\\/\\\/my-french-grocery.com\\\/wp-content\\\/uploads\\\/2021\\\/11\\\/My-French-Grocery-Online-French-Grocery.png\",\"contentUrl\":\"https:\\\/\\\/my-french-grocery.com\\\/wp-content\\\/uploads\\\/2021\\\/11\\\/My-French-Grocery-Online-French-Grocery.png\",\"width\":100,\"height\":100,\"caption\":\"MY FRENCH GROCERY\"},\"image\":{\"@id\":\"https:\\\/\\\/my-french-grocery.com\\\/es\\\/#\\\/schema\\\/logo\\\/image\\\/\"},\"sameAs\":[\"https:\\\/\\\/www.facebook.com\\\/myfrenchgrocery\\\/\"]}]}<\/script>\n<!-- \/ Yoast SEO plugin. -->","yoast_head_json":{"title":"Vino Espumoso Clairette de Die Tradition | Comprar En Linea | My French Grocery","description":"Vino espumoso Clairette de Die Tradition botella de 75cl - 7,5 \u00b0","robots":{"index":"index","follow":"follow","max-snippet":"max-snippet:-1","max-image-preview":"max-image-preview:large","max-video-preview":"max-video-preview:-1"},"canonical":"https:\/\/my-french-grocery.com\/es\/producto\/vino-espumoso-clairette-de-die-tradition\/","og_locale":"es_ES","og_type":"article","og_title":"Vino Espumoso Clairette de Die Tradition | Comprar En Linea | My French Grocery","og_description":"Vino espumoso Clairette de Die Tradition botella de 75cl - 7,5 \u00b0","og_url":"https:\/\/my-french-grocery.com\/es\/producto\/vino-espumoso-clairette-de-die-tradition\/","og_site_name":"My French Grocery","article_publisher":"https:\/\/www.facebook.com\/myfrenchgrocery\/","article_modified_time":"2024-05-20T05:03:08+00:00","og_image":[{"width":540,"height":540,"url":"https:\/\/my-french-grocery.com\/wp-content\/uploads\/2018\/05\/CLAIRETTE-DE-DIE-TRADITION.jpg","type":"image\/jpeg"}],"twitter_card":"summary_large_image","schema":{"@context":"https:\/\/schema.org","@graph":[{"@type":"WebPage","@id":"https:\/\/my-french-grocery.com\/es\/producto\/vino-espumoso-clairette-de-die-tradition\/","url":"https:\/\/my-french-grocery.com\/es\/producto\/vino-espumoso-clairette-de-die-tradition\/","name":"Vino Espumoso Clairette de Die Tradition | Comprar En Linea | My French Grocery","isPartOf":{"@id":"https:\/\/my-french-grocery.com\/es\/#website"},"primaryImageOfPage":{"@id":"https:\/\/my-french-grocery.com\/es\/producto\/vino-espumoso-clairette-de-die-tradition\/#primaryimage"},"image":{"@id":"https:\/\/my-french-grocery.com\/es\/producto\/vino-espumoso-clairette-de-die-tradition\/#primaryimage"},"thumbnailUrl":"https:\/\/my-french-grocery.com\/wp-content\/uploads\/2018\/05\/CLAIRETTE-DE-DIE-TRADITION.jpg","datePublished":"2018-05-10T13:15:11+00:00","dateModified":"2024-05-20T05:03:08+00:00","description":"Vino espumoso Clairette de Die Tradition botella de 75cl - 7,5 \u00b0","breadcrumb":{"@id":"https:\/\/my-french-grocery.com\/es\/producto\/vino-espumoso-clairette-de-die-tradition\/#breadcrumb"},"inLanguage":"es-ES","potentialAction":[{"@type":"ReadAction","target":["https:\/\/my-french-grocery.com\/es\/producto\/vino-espumoso-clairette-de-die-tradition\/"]}]},{"@type":"ImageObject","inLanguage":"es-ES","@id":"https:\/\/my-french-grocery.com\/es\/producto\/vino-espumoso-clairette-de-die-tradition\/#primaryimage","url":"https:\/\/my-french-grocery.com\/wp-content\/uploads\/2018\/05\/CLAIRETTE-DE-DIE-TRADITION.jpg","contentUrl":"https:\/\/my-french-grocery.com\/wp-content\/uploads\/2018\/05\/CLAIRETTE-DE-DIE-TRADITION.jpg","width":540,"height":540},{"@type":"BreadcrumbList","@id":"https:\/\/my-french-grocery.com\/es\/producto\/vino-espumoso-clairette-de-die-tradition\/#breadcrumb","itemListElement":[{"@type":"ListItem","position":1,"name":"Home","item":"https:\/\/my-french-grocery.com\/es\/tienda-2\/"},{"@type":"ListItem","position":2,"name":"Shop","item":"https:\/\/my-french-grocery.com\/shop\/"},{"@type":"ListItem","position":3,"name":"Bebidas - Vinos - Champa\u00f1a","item":"https:\/\/my-french-grocery.com\/es\/categoria-producto\/bebidas-vinos-champana\/"},{"@type":"ListItem","position":4,"name":"Champanes &amp; Espumosos","item":"https:\/\/my-french-grocery.com\/es\/categoria-producto\/bebidas-vinos-champana\/champanes-espumosos\/"},{"@type":"ListItem","position":5,"name":"Espumosos","item":"https:\/\/my-french-grocery.com\/es\/categoria-producto\/bebidas-vinos-champana\/champanes-espumosos\/espumosos\/"},{"@type":"ListItem","position":6,"name":"Vino Espumoso Clairette de Die Tradition"}]},{"@type":"WebSite","@id":"https:\/\/my-french-grocery.com\/es\/#website","url":"https:\/\/my-french-grocery.com\/es\/","name":"My French Grocery","description":"Your Online French Grocery  !","publisher":{"@id":"https:\/\/my-french-grocery.com\/es\/#organization"},"potentialAction":[{"@type":"SearchAction","target":{"@type":"EntryPoint","urlTemplate":"https:\/\/my-french-grocery.com\/es\/?s={search_term_string}"},"query-input":{"@type":"PropertyValueSpecification","valueRequired":true,"valueName":"search_term_string"}}],"inLanguage":"es-ES"},{"@type":"Organization","@id":"https:\/\/my-french-grocery.com\/es\/#organization","name":"MY FRENCH GROCERY","url":"https:\/\/my-french-grocery.com\/es\/","logo":{"@type":"ImageObject","inLanguage":"es-ES","@id":"https:\/\/my-french-grocery.com\/es\/#\/schema\/logo\/image\/","url":"https:\/\/my-french-grocery.com\/wp-content\/uploads\/2021\/11\/My-French-Grocery-Online-French-Grocery.png","contentUrl":"https:\/\/my-french-grocery.com\/wp-content\/uploads\/2021\/11\/My-French-Grocery-Online-French-Grocery.png","width":100,"height":100,"caption":"MY FRENCH GROCERY"},"image":{"@id":"https:\/\/my-french-grocery.com\/es\/#\/schema\/logo\/image\/"},"sameAs":["https:\/\/www.facebook.com\/myfrenchgrocery\/"]}]}},"brands":[],"_links":{"self":[{"href":"https:\/\/my-french-grocery.com\/es\/wp-json\/wp\/v2\/product\/12097","targetHints":{"allow":["GET"]}}],"collection":[{"href":"https:\/\/my-french-grocery.com\/es\/wp-json\/wp\/v2\/product"}],"about":[{"href":"https:\/\/my-french-grocery.com\/es\/wp-json\/wp\/v2\/types\/product"}],"replies":[{"embeddable":true,"href":"https:\/\/my-french-grocery.com\/es\/wp-json\/wp\/v2\/comments?post=12097"}],"wp:featuredmedia":[{"embeddable":true,"href":"https:\/\/my-french-grocery.com\/es\/wp-json\/wp\/v2\/media\/20046"}],"wp:attachment":[{"href":"https:\/\/my-french-grocery.com\/es\/wp-json\/wp\/v2\/media?parent=12097"}],"wp:term":[{"taxonomy":"pwb-brand","embeddable":true,"href":"https:\/\/my-french-grocery.com\/es\/wp-json\/wp\/v2\/pwb-brand?post=12097"},{"taxonomy":"product_brand","embeddable":true,"href":"https:\/\/my-french-grocery.com\/es\/wp-json\/wp\/v2\/product_brand?post=12097"},{"taxonomy":"product_cat","embeddable":true,"href":"https:\/\/my-french-grocery.com\/es\/wp-json\/wp\/v2\/product_cat?post=12097"},{"taxonomy":"product_tag","embeddable":true,"href":"https:\/\/my-french-grocery.com\/es\/wp-json\/wp\/v2\/product_tag?post=12097"}],"curies":[{"name":"wp","href":"https:\/\/api.w.org\/{rel}","templated":true}]}}