{"id":12105,"date":"2018-05-10T16:14:50","date_gmt":"2018-05-10T14:14:50","guid":{"rendered":"https:\/\/my-french-grocery.com\/product\/vino-espumoso-blanco-semiseco-charles-volner\/"},"modified":"2024-11-11T01:07:12","modified_gmt":"2024-11-10T23:07:12","slug":"vino-espumoso-blanco-semiseco-charles-volner","status":"publish","type":"product","link":"https:\/\/my-french-grocery.com\/es\/producto\/vino-espumoso-blanco-semiseco-charles-volner\/","title":{"rendered":"Vino Espumoso Blanco Semiseco Charles Volner"},"content":{"rendered":"<p>Vino Espumoso Blanco Semiseco Charles Volner<\/p>\n<p>Botella de 75cl \u2013 11,5 \u00b0<\/p>\n<p><span>Es tambi\u00e9n una selecci\u00f3n de los mejores vinos blancos y una larga crianza natural que es el secreto del \u00e9xito de Charles VOLNER Demi-Sec.\u00a0<\/span><span>A diferencia del Brut, el Demi-Sec tiene una ligera nota dulce, por lo que acompa\u00f1a perfectamente cualquier tipo de momento dulce.\u00a0<\/span><span>12% vino espumoso de calidad semiseco.<\/span><\/p>\n","protected":false},"excerpt":{"rendered":"<p>Vino Espumoso Blanco Semiseco Charles Volner<\/p>\n<p>Botella de 75cl &#8211; 11,5 \u00b0<\/p>\n","protected":false},"featured_media":12106,"comment_status":"open","ping_status":"closed","template":"","meta":[],"product_brand":[],"product_cat":[1681],"product_tag":[],"class_list":{"0":"post-12105","1":"product","2":"type-product","3":"status-publish","4":"has-post-thumbnail","6":"product_cat-espumosos","7":"product_shipping_class-expedicion-mundial","9":"first","10":"instock","11":"taxable","12":"shipping-taxable","13":"purchasable","14":"product-type-simple"},"_links":{"self":[{"href":"https:\/\/my-french-grocery.com\/es\/wp-json\/wp\/v2\/product\/12105","targetHints":{"allow":["GET"]}}],"collection":[{"href":"https:\/\/my-french-grocery.com\/es\/wp-json\/wp\/v2\/product"}],"about":[{"href":"https:\/\/my-french-grocery.com\/es\/wp-json\/wp\/v2\/types\/product"}],"replies":[{"embeddable":true,"href":"https:\/\/my-french-grocery.com\/es\/wp-json\/wp\/v2\/comments?post=12105"}],"wp:featuredmedia":[{"embeddable":true,"href":"https:\/\/my-french-grocery.com\/es\/wp-json\/wp\/v2\/media\/12106"}],"wp:attachment":[{"href":"https:\/\/my-french-grocery.com\/es\/wp-json\/wp\/v2\/media?parent=12105"}],"wp:term":[{"taxonomy":"product_brand","embeddable":true,"href":"https:\/\/my-french-grocery.com\/es\/wp-json\/wp\/v2\/product_brand?post=12105"},{"taxonomy":"product_cat","embeddable":true,"href":"https:\/\/my-french-grocery.com\/es\/wp-json\/wp\/v2\/product_cat?post=12105"},{"taxonomy":"product_tag","embeddable":true,"href":"https:\/\/my-french-grocery.com\/es\/wp-json\/wp\/v2\/product_tag?post=12105"}],"curies":[{"name":"wp","href":"https:\/\/api.w.org\/{rel}","templated":true}]}}