{"id":12136,"date":"2018-05-12T12:19:10","date_gmt":"2018-05-12T10:19:10","guid":{"rendered":"https:\/\/my-french-grocery.com\/product\/aperitivo-pastis-de-marseille-duval\/"},"modified":"2018-05-12T12:19:10","modified_gmt":"2018-05-12T10:19:10","slug":"aperitivo-pastis-de-marseille-duval","status":"publish","type":"product","link":"https:\/\/my-french-grocery.com\/es\/producto\/aperitivo-pastis-de-marseille-duval\/","title":{"rendered":"Aperitivo Pastis de Marseille Duval"},"content":{"rendered":"<p>Aperitivo Pastis de Marseille Duval<\/p>\n<p>Botella de 1L \u2013 45 \u00b0<\/p>\n<p>Pastis DUVAL es el heredero de la destiler\u00eda de bebidas a base de an\u00eds m\u00e1s antigua fundada en 1798. Su receta \u00fanica, nacida de la sutil mezcla de an\u00eds estrellado, regaliz y otras plantas arom\u00e1ticas, le da un color amarillo claro, un Sabor fresco y sutil con notas de an\u00eds y regaliz, y un final ligeramente picante en boca.<\/p>\n","protected":false},"excerpt":{"rendered":"<p>Aperitivo Pastis de Marseille Duval<\/p>\n<p>Botella de 1L<\/p>\n","protected":false},"featured_media":12137,"comment_status":"open","ping_status":"closed","template":"","meta":[],"pwb-brand":[],"product_brand":[],"product_cat":[1677],"product_tag":[],"class_list":{"0":"post-12136","1":"product","2":"type-product","3":"status-publish","4":"has-post-thumbnail","6":"product_cat-aperitivos-digestivos","7":"product_shipping_class-expedicion-mundial","9":"first","10":"instock","11":"taxable","12":"shipping-taxable","13":"purchasable","14":"product-type-simple"},"brands":[],"_links":{"self":[{"href":"https:\/\/my-french-grocery.com\/es\/wp-json\/wp\/v2\/product\/12136","targetHints":{"allow":["GET"]}}],"collection":[{"href":"https:\/\/my-french-grocery.com\/es\/wp-json\/wp\/v2\/product"}],"about":[{"href":"https:\/\/my-french-grocery.com\/es\/wp-json\/wp\/v2\/types\/product"}],"replies":[{"embeddable":true,"href":"https:\/\/my-french-grocery.com\/es\/wp-json\/wp\/v2\/comments?post=12136"}],"wp:featuredmedia":[{"embeddable":true,"href":"https:\/\/my-french-grocery.com\/es\/wp-json\/wp\/v2\/media\/12137"}],"wp:attachment":[{"href":"https:\/\/my-french-grocery.com\/es\/wp-json\/wp\/v2\/media?parent=12136"}],"wp:term":[{"taxonomy":"pwb-brand","embeddable":true,"href":"https:\/\/my-french-grocery.com\/es\/wp-json\/wp\/v2\/pwb-brand?post=12136"},{"taxonomy":"product_brand","embeddable":true,"href":"https:\/\/my-french-grocery.com\/es\/wp-json\/wp\/v2\/product_brand?post=12136"},{"taxonomy":"product_cat","embeddable":true,"href":"https:\/\/my-french-grocery.com\/es\/wp-json\/wp\/v2\/product_cat?post=12136"},{"taxonomy":"product_tag","embeddable":true,"href":"https:\/\/my-french-grocery.com\/es\/wp-json\/wp\/v2\/product_tag?post=12136"}],"curies":[{"name":"wp","href":"https:\/\/api.w.org\/{rel}","templated":true}]}}