{"id":12156,"date":"2018-05-12T13:17:56","date_gmt":"2018-05-12T11:17:56","guid":{"rendered":"https:\/\/my-french-grocery.com\/product\/aperitivo-pineau-des-charentes-blanco\/"},"modified":"2018-05-12T13:17:56","modified_gmt":"2018-05-12T11:17:56","slug":"aperitivo-pineau-des-charentes-blanco","status":"publish","type":"product","link":"https:\/\/my-french-grocery.com\/es\/producto\/aperitivo-pineau-des-charentes-blanco\/","title":{"rendered":"Aperitivo Pineau des Charentes Blanco"},"content":{"rendered":"<p>Aperitivo Pineau des Charentes Blanco<\/p>\n<p>Botella de 75cl &#8211; 17 \u00b0<\/p>\n<p>Pineau des Charentes proviene del vi\u00f1edo, pero tambi\u00e9n de una historia particular. Esta maravillosa, l\u00edmpida y expresiva bebida fue creada en 1589, en un pueblo del suroeste de Francia llamado Burie. Un en\u00f3logo de Charentais mezcl\u00f3 fortuitamente mosto de uva y brandy de co\u00f1ac en una barrica. Despu\u00e9s de varios a\u00f1os, volvi\u00f3 a abrir la barrica y, para su asombro, descubri\u00f3 una nueva bebida: Pineau des Charentes. La elaboraci\u00f3n de Pineau proviene de una mezcla inesperada entre un producto destilado y un producto fermentado. Este vino de licor obtuvo en 1945 un AOC (Appellation d&#8217;Origine Contr\u00f4l\u00e9e). Esta etapa marca la elaboraci\u00f3n de este vino licoroso .<\/p>\n","protected":false},"excerpt":{"rendered":"<p>Aperitivo Pineau des Charentes Blanco<\/p>\n<p>Botella de 75cl &#8211; 17 \u00b0<\/p>\n","protected":false},"featured_media":12157,"comment_status":"open","ping_status":"closed","template":"","meta":[],"pwb-brand":[],"product_brand":[],"product_cat":[1677],"product_tag":[],"class_list":{"0":"post-12156","1":"product","2":"type-product","3":"status-publish","4":"has-post-thumbnail","6":"product_cat-aperitivos-digestivos","7":"product_shipping_class-expedicion-mundial","9":"first","10":"instock","11":"taxable","12":"shipping-taxable","13":"purchasable","14":"product-type-simple"},"yoast_head":"<!-- This site is optimized with the Yoast SEO plugin v27.3 - https:\/\/yoast.com\/product\/yoast-seo-wordpress\/ -->\n<title>Aperitivo Pineau des Charentes Blanco | Comprar En Linea | My French Grocery<\/title>\n<meta name=\"description\" content=\"Aperitivo Pineau des Charentes Blanco - Botella de 75cl - 17 \u00b0\" \/>\n<meta name=\"robots\" content=\"index, follow, max-snippet:-1, max-image-preview:large, max-video-preview:-1\" \/>\n<link rel=\"canonical\" href=\"https:\/\/my-french-grocery.com\/es\/producto\/aperitivo-pineau-des-charentes-blanco\/\" \/>\n<meta property=\"og:locale\" content=\"es_ES\" \/>\n<meta property=\"og:type\" content=\"article\" \/>\n<meta property=\"og:title\" content=\"Aperitivo Pineau des Charentes Blanco | Comprar En Linea | My French Grocery\" \/>\n<meta property=\"og:description\" content=\"Aperitivo Pineau des Charentes Blanco - Botella de 75cl - 17 \u00b0\" \/>\n<meta property=\"og:url\" content=\"https:\/\/my-french-grocery.com\/es\/producto\/aperitivo-pineau-des-charentes-blanco\/\" \/>\n<meta property=\"og:site_name\" content=\"My French Grocery\" \/>\n<meta property=\"article:publisher\" content=\"https:\/\/www.facebook.com\/myfrenchgrocery\/\" \/>\n<meta property=\"og:image\" content=\"https:\/\/my-french-grocery.com\/wp-content\/uploads\/2018\/05\/pineau-blanc.jpg\" \/>\n\t<meta property=\"og:image:width\" content=\"1500\" \/>\n\t<meta property=\"og:image:height\" content=\"1500\" \/>\n\t<meta property=\"og:image:type\" content=\"image\/jpeg\" \/>\n<meta name=\"twitter:card\" content=\"summary_large_image\" \/>\n<meta name=\"twitter:label1\" content=\"Tiempo de lectura\" \/>\n\t<meta name=\"twitter:data1\" content=\"1 minute\" \/>\n<script type=\"application\/ld+json\" class=\"yoast-schema-graph\">{\"@context\":\"https:\\\/\\\/schema.org\",\"@graph\":[{\"@type\":\"WebPage\",\"@id\":\"https:\\\/\\\/my-french-grocery.com\\\/es\\\/producto\\\/aperitivo-pineau-des-charentes-blanco\\\/\",\"url\":\"https:\\\/\\\/my-french-grocery.com\\\/es\\\/producto\\\/aperitivo-pineau-des-charentes-blanco\\\/\",\"name\":\"Aperitivo Pineau des Charentes Blanco | Comprar En Linea | My French Grocery\",\"isPartOf\":{\"@id\":\"https:\\\/\\\/my-french-grocery.com\\\/es\\\/#website\"},\"primaryImageOfPage\":{\"@id\":\"https:\\\/\\\/my-french-grocery.com\\\/es\\\/producto\\\/aperitivo-pineau-des-charentes-blanco\\\/#primaryimage\"},\"image\":{\"@id\":\"https:\\\/\\\/my-french-grocery.com\\\/es\\\/producto\\\/aperitivo-pineau-des-charentes-blanco\\\/#primaryimage\"},\"thumbnailUrl\":\"https:\\\/\\\/my-french-grocery.com\\\/wp-content\\\/uploads\\\/2018\\\/05\\\/pineau-blanc.jpg\",\"datePublished\":\"2018-05-12T11:17:56+00:00\",\"description\":\"Aperitivo Pineau des Charentes Blanco - Botella de 75cl - 17 \u00b0\",\"breadcrumb\":{\"@id\":\"https:\\\/\\\/my-french-grocery.com\\\/es\\\/producto\\\/aperitivo-pineau-des-charentes-blanco\\\/#breadcrumb\"},\"inLanguage\":\"es-ES\",\"potentialAction\":[{\"@type\":\"ReadAction\",\"target\":[\"https:\\\/\\\/my-french-grocery.com\\\/es\\\/producto\\\/aperitivo-pineau-des-charentes-blanco\\\/\"]}]},{\"@type\":\"ImageObject\",\"inLanguage\":\"es-ES\",\"@id\":\"https:\\\/\\\/my-french-grocery.com\\\/es\\\/producto\\\/aperitivo-pineau-des-charentes-blanco\\\/#primaryimage\",\"url\":\"https:\\\/\\\/my-french-grocery.com\\\/wp-content\\\/uploads\\\/2018\\\/05\\\/pineau-blanc.jpg\",\"contentUrl\":\"https:\\\/\\\/my-french-grocery.com\\\/wp-content\\\/uploads\\\/2018\\\/05\\\/pineau-blanc.jpg\",\"width\":1500,\"height\":1500,\"caption\":\"Aperitivo Pineau des Charentes Blanco - My French Grocery\"},{\"@type\":\"BreadcrumbList\",\"@id\":\"https:\\\/\\\/my-french-grocery.com\\\/es\\\/producto\\\/aperitivo-pineau-des-charentes-blanco\\\/#breadcrumb\",\"itemListElement\":[{\"@type\":\"ListItem\",\"position\":1,\"name\":\"Home\",\"item\":\"https:\\\/\\\/my-french-grocery.com\\\/es\\\/tienda-2\\\/\"},{\"@type\":\"ListItem\",\"position\":2,\"name\":\"Shop\",\"item\":\"https:\\\/\\\/my-french-grocery.com\\\/shop\\\/\"},{\"@type\":\"ListItem\",\"position\":3,\"name\":\"Bebidas - Vinos - Champa\u00f1a\",\"item\":\"https:\\\/\\\/my-french-grocery.com\\\/es\\\/categoria-producto\\\/bebidas-vinos-champana\\\/\"},{\"@type\":\"ListItem\",\"position\":4,\"name\":\"Aperitivos &amp; Digestivos\",\"item\":\"https:\\\/\\\/my-french-grocery.com\\\/es\\\/categoria-producto\\\/bebidas-vinos-champana\\\/aperitivos-digestivos\\\/\"},{\"@type\":\"ListItem\",\"position\":5,\"name\":\"Aperitivo Pineau des Charentes Blanco\"}]},{\"@type\":\"WebSite\",\"@id\":\"https:\\\/\\\/my-french-grocery.com\\\/es\\\/#website\",\"url\":\"https:\\\/\\\/my-french-grocery.com\\\/es\\\/\",\"name\":\"My French Grocery\",\"description\":\"Your Online French Grocery  !\",\"publisher\":{\"@id\":\"https:\\\/\\\/my-french-grocery.com\\\/es\\\/#organization\"},\"potentialAction\":[{\"@type\":\"SearchAction\",\"target\":{\"@type\":\"EntryPoint\",\"urlTemplate\":\"https:\\\/\\\/my-french-grocery.com\\\/es\\\/?s={search_term_string}\"},\"query-input\":{\"@type\":\"PropertyValueSpecification\",\"valueRequired\":true,\"valueName\":\"search_term_string\"}}],\"inLanguage\":\"es-ES\"},{\"@type\":\"Organization\",\"@id\":\"https:\\\/\\\/my-french-grocery.com\\\/es\\\/#organization\",\"name\":\"MY FRENCH GROCERY\",\"url\":\"https:\\\/\\\/my-french-grocery.com\\\/es\\\/\",\"logo\":{\"@type\":\"ImageObject\",\"inLanguage\":\"es-ES\",\"@id\":\"https:\\\/\\\/my-french-grocery.com\\\/es\\\/#\\\/schema\\\/logo\\\/image\\\/\",\"url\":\"https:\\\/\\\/my-french-grocery.com\\\/wp-content\\\/uploads\\\/2021\\\/11\\\/My-French-Grocery-Online-French-Grocery.png\",\"contentUrl\":\"https:\\\/\\\/my-french-grocery.com\\\/wp-content\\\/uploads\\\/2021\\\/11\\\/My-French-Grocery-Online-French-Grocery.png\",\"width\":100,\"height\":100,\"caption\":\"MY FRENCH GROCERY\"},\"image\":{\"@id\":\"https:\\\/\\\/my-french-grocery.com\\\/es\\\/#\\\/schema\\\/logo\\\/image\\\/\"},\"sameAs\":[\"https:\\\/\\\/www.facebook.com\\\/myfrenchgrocery\\\/\"]}]}<\/script>\n<!-- \/ Yoast SEO plugin. -->","yoast_head_json":{"title":"Aperitivo Pineau des Charentes Blanco | Comprar En Linea | My French Grocery","description":"Aperitivo Pineau des Charentes Blanco - Botella de 75cl - 17 \u00b0","robots":{"index":"index","follow":"follow","max-snippet":"max-snippet:-1","max-image-preview":"max-image-preview:large","max-video-preview":"max-video-preview:-1"},"canonical":"https:\/\/my-french-grocery.com\/es\/producto\/aperitivo-pineau-des-charentes-blanco\/","og_locale":"es_ES","og_type":"article","og_title":"Aperitivo Pineau des Charentes Blanco | Comprar En Linea | My French Grocery","og_description":"Aperitivo Pineau des Charentes Blanco - Botella de 75cl - 17 \u00b0","og_url":"https:\/\/my-french-grocery.com\/es\/producto\/aperitivo-pineau-des-charentes-blanco\/","og_site_name":"My French Grocery","article_publisher":"https:\/\/www.facebook.com\/myfrenchgrocery\/","og_image":[{"width":1500,"height":1500,"url":"https:\/\/my-french-grocery.com\/wp-content\/uploads\/2018\/05\/pineau-blanc.jpg","type":"image\/jpeg"}],"twitter_card":"summary_large_image","twitter_misc":{"Tiempo de lectura":"1 minute"},"schema":{"@context":"https:\/\/schema.org","@graph":[{"@type":"WebPage","@id":"https:\/\/my-french-grocery.com\/es\/producto\/aperitivo-pineau-des-charentes-blanco\/","url":"https:\/\/my-french-grocery.com\/es\/producto\/aperitivo-pineau-des-charentes-blanco\/","name":"Aperitivo Pineau des Charentes Blanco | Comprar En Linea | My French Grocery","isPartOf":{"@id":"https:\/\/my-french-grocery.com\/es\/#website"},"primaryImageOfPage":{"@id":"https:\/\/my-french-grocery.com\/es\/producto\/aperitivo-pineau-des-charentes-blanco\/#primaryimage"},"image":{"@id":"https:\/\/my-french-grocery.com\/es\/producto\/aperitivo-pineau-des-charentes-blanco\/#primaryimage"},"thumbnailUrl":"https:\/\/my-french-grocery.com\/wp-content\/uploads\/2018\/05\/pineau-blanc.jpg","datePublished":"2018-05-12T11:17:56+00:00","description":"Aperitivo Pineau des Charentes Blanco - Botella de 75cl - 17 \u00b0","breadcrumb":{"@id":"https:\/\/my-french-grocery.com\/es\/producto\/aperitivo-pineau-des-charentes-blanco\/#breadcrumb"},"inLanguage":"es-ES","potentialAction":[{"@type":"ReadAction","target":["https:\/\/my-french-grocery.com\/es\/producto\/aperitivo-pineau-des-charentes-blanco\/"]}]},{"@type":"ImageObject","inLanguage":"es-ES","@id":"https:\/\/my-french-grocery.com\/es\/producto\/aperitivo-pineau-des-charentes-blanco\/#primaryimage","url":"https:\/\/my-french-grocery.com\/wp-content\/uploads\/2018\/05\/pineau-blanc.jpg","contentUrl":"https:\/\/my-french-grocery.com\/wp-content\/uploads\/2018\/05\/pineau-blanc.jpg","width":1500,"height":1500,"caption":"Aperitivo Pineau des Charentes Blanco - My French Grocery"},{"@type":"BreadcrumbList","@id":"https:\/\/my-french-grocery.com\/es\/producto\/aperitivo-pineau-des-charentes-blanco\/#breadcrumb","itemListElement":[{"@type":"ListItem","position":1,"name":"Home","item":"https:\/\/my-french-grocery.com\/es\/tienda-2\/"},{"@type":"ListItem","position":2,"name":"Shop","item":"https:\/\/my-french-grocery.com\/shop\/"},{"@type":"ListItem","position":3,"name":"Bebidas - Vinos - Champa\u00f1a","item":"https:\/\/my-french-grocery.com\/es\/categoria-producto\/bebidas-vinos-champana\/"},{"@type":"ListItem","position":4,"name":"Aperitivos &amp; Digestivos","item":"https:\/\/my-french-grocery.com\/es\/categoria-producto\/bebidas-vinos-champana\/aperitivos-digestivos\/"},{"@type":"ListItem","position":5,"name":"Aperitivo Pineau des Charentes Blanco"}]},{"@type":"WebSite","@id":"https:\/\/my-french-grocery.com\/es\/#website","url":"https:\/\/my-french-grocery.com\/es\/","name":"My French Grocery","description":"Your Online French Grocery  !","publisher":{"@id":"https:\/\/my-french-grocery.com\/es\/#organization"},"potentialAction":[{"@type":"SearchAction","target":{"@type":"EntryPoint","urlTemplate":"https:\/\/my-french-grocery.com\/es\/?s={search_term_string}"},"query-input":{"@type":"PropertyValueSpecification","valueRequired":true,"valueName":"search_term_string"}}],"inLanguage":"es-ES"},{"@type":"Organization","@id":"https:\/\/my-french-grocery.com\/es\/#organization","name":"MY FRENCH GROCERY","url":"https:\/\/my-french-grocery.com\/es\/","logo":{"@type":"ImageObject","inLanguage":"es-ES","@id":"https:\/\/my-french-grocery.com\/es\/#\/schema\/logo\/image\/","url":"https:\/\/my-french-grocery.com\/wp-content\/uploads\/2021\/11\/My-French-Grocery-Online-French-Grocery.png","contentUrl":"https:\/\/my-french-grocery.com\/wp-content\/uploads\/2021\/11\/My-French-Grocery-Online-French-Grocery.png","width":100,"height":100,"caption":"MY FRENCH GROCERY"},"image":{"@id":"https:\/\/my-french-grocery.com\/es\/#\/schema\/logo\/image\/"},"sameAs":["https:\/\/www.facebook.com\/myfrenchgrocery\/"]}]}},"brands":[],"_links":{"self":[{"href":"https:\/\/my-french-grocery.com\/es\/wp-json\/wp\/v2\/product\/12156","targetHints":{"allow":["GET"]}}],"collection":[{"href":"https:\/\/my-french-grocery.com\/es\/wp-json\/wp\/v2\/product"}],"about":[{"href":"https:\/\/my-french-grocery.com\/es\/wp-json\/wp\/v2\/types\/product"}],"replies":[{"embeddable":true,"href":"https:\/\/my-french-grocery.com\/es\/wp-json\/wp\/v2\/comments?post=12156"}],"wp:featuredmedia":[{"embeddable":true,"href":"https:\/\/my-french-grocery.com\/es\/wp-json\/wp\/v2\/media\/12157"}],"wp:attachment":[{"href":"https:\/\/my-french-grocery.com\/es\/wp-json\/wp\/v2\/media?parent=12156"}],"wp:term":[{"taxonomy":"pwb-brand","embeddable":true,"href":"https:\/\/my-french-grocery.com\/es\/wp-json\/wp\/v2\/pwb-brand?post=12156"},{"taxonomy":"product_brand","embeddable":true,"href":"https:\/\/my-french-grocery.com\/es\/wp-json\/wp\/v2\/product_brand?post=12156"},{"taxonomy":"product_cat","embeddable":true,"href":"https:\/\/my-french-grocery.com\/es\/wp-json\/wp\/v2\/product_cat?post=12156"},{"taxonomy":"product_tag","embeddable":true,"href":"https:\/\/my-french-grocery.com\/es\/wp-json\/wp\/v2\/product_tag?post=12156"}],"curies":[{"name":"wp","href":"https:\/\/api.w.org\/{rel}","templated":true}]}}