{"id":12170,"date":"2018-05-12T14:45:41","date_gmt":"2018-05-12T12:45:41","guid":{"rendered":"https:\/\/my-french-grocery.com\/product\/chartreuse-licor\/"},"modified":"2018-05-12T14:45:41","modified_gmt":"2018-05-12T12:45:41","slug":"chartreuse-licor","status":"publish","type":"product","link":"https:\/\/my-french-grocery.com\/es\/producto\/chartreuse-licor\/","title":{"rendered":"&#8220;Chartreuse&#8221; Licor"},"content":{"rendered":"<p>\u201cChartreuse\u201d Licor<\/p>\n<p>Botella de 70cL \u2013 55 \u00b0<\/p>\n<p>El Chartreuse es un licor elaborado en la destiler\u00eda Aiguenoire en Entre-deux-Guiers en Is\u00e8re, en el coraz\u00f3n del Massif de la Chartreuse, bajo la supervisi\u00f3n de los monjes de la Grande-Chartreuse.<\/p>\n","protected":false},"excerpt":{"rendered":"<p>&#8220;Chartreuse&#8221; Licor<\/p>\n<p>Botella de 70cL &#8211; 55 \u00b0<\/p>\n","protected":false},"featured_media":12171,"comment_status":"open","ping_status":"closed","template":"","meta":[],"pwb-brand":[],"product_brand":[],"product_cat":[1677],"product_tag":[],"class_list":{"0":"post-12170","1":"product","2":"type-product","3":"status-publish","4":"has-post-thumbnail","6":"product_cat-aperitivos-digestivos","7":"product_shipping_class-expedicion-mundial","9":"first","10":"outofstock","11":"taxable","12":"shipping-taxable","13":"purchasable","14":"product-type-simple"},"brands":[],"_links":{"self":[{"href":"https:\/\/my-french-grocery.com\/es\/wp-json\/wp\/v2\/product\/12170","targetHints":{"allow":["GET"]}}],"collection":[{"href":"https:\/\/my-french-grocery.com\/es\/wp-json\/wp\/v2\/product"}],"about":[{"href":"https:\/\/my-french-grocery.com\/es\/wp-json\/wp\/v2\/types\/product"}],"replies":[{"embeddable":true,"href":"https:\/\/my-french-grocery.com\/es\/wp-json\/wp\/v2\/comments?post=12170"}],"wp:featuredmedia":[{"embeddable":true,"href":"https:\/\/my-french-grocery.com\/es\/wp-json\/wp\/v2\/media\/12171"}],"wp:attachment":[{"href":"https:\/\/my-french-grocery.com\/es\/wp-json\/wp\/v2\/media?parent=12170"}],"wp:term":[{"taxonomy":"pwb-brand","embeddable":true,"href":"https:\/\/my-french-grocery.com\/es\/wp-json\/wp\/v2\/pwb-brand?post=12170"},{"taxonomy":"product_brand","embeddable":true,"href":"https:\/\/my-french-grocery.com\/es\/wp-json\/wp\/v2\/product_brand?post=12170"},{"taxonomy":"product_cat","embeddable":true,"href":"https:\/\/my-french-grocery.com\/es\/wp-json\/wp\/v2\/product_cat?post=12170"},{"taxonomy":"product_tag","embeddable":true,"href":"https:\/\/my-french-grocery.com\/es\/wp-json\/wp\/v2\/product_tag?post=12170"}],"curies":[{"name":"wp","href":"https:\/\/api.w.org\/{rel}","templated":true}]}}