{"id":12174,"date":"2018-05-12T15:04:11","date_gmt":"2018-05-12T13:04:11","guid":{"rendered":"https:\/\/my-french-grocery.com\/product\/licor-de-crema-de-moras-lheritier-guyot\/"},"modified":"2021-01-28T16:54:55","modified_gmt":"2021-01-28T14:54:55","slug":"licor-de-crema-de-moras-lheritier-guyot","status":"publish","type":"product","link":"https:\/\/my-french-grocery.com\/es\/producto\/licor-de-crema-de-moras-lheritier-guyot\/","title":{"rendered":"Licor De Crema De Moras L&#8217;h\u00e9ritier-Guyot"},"content":{"rendered":"<p>Licor De Crema De Moras L&#8217;h\u00e9ritier-Guyot<\/p>\n<p>Botella de 70 cl<\/p>\n<p><span>L&#8217;H\u00e9ritier-Guyot te ofrece todo el sabor afrutado y \u00fanico de las moras para dar sabor a los vinos blancos, hacer postres gourmet o crear c\u00f3cteles ricos en sabor como el negro con vodka y cola.\u00a0<\/span><span>Las cremas de frutas son licores de consistencia almibarada, que contienen un m\u00ednimo de 250 g de az\u00facar \/ litro.<\/span><\/p>\n","protected":false},"excerpt":{"rendered":"<p>Licor De Crema De Moras L&#8217;h\u00e9ritier-Guyot<\/p>\n<p>Botella de 70 cl<\/p>\n","protected":false},"featured_media":12175,"comment_status":"open","ping_status":"closed","template":"","meta":[],"pwb-brand":[],"product_brand":[],"product_cat":[1677],"product_tag":[],"class_list":{"0":"post-12174","1":"product","2":"type-product","3":"status-publish","4":"has-post-thumbnail","6":"product_cat-aperitivos-digestivos","7":"product_shipping_class-expedicion-mundial","9":"first","10":"instock","11":"taxable","12":"shipping-taxable","13":"purchasable","14":"product-type-simple"},"yoast_head":"<!-- This site is optimized with the Yoast SEO plugin v27.4 - https:\/\/yoast.com\/product\/yoast-seo-wordpress\/ -->\n<title>Licor De Crema De Moras L&#039;h\u00e9ritier-Guyot | Comprar En Linea | My French Grocery<\/title>\n<meta name=\"description\" content=\"Licor De Crema De Moras L&#039;h\u00e9ritier-Guyot - Botella de 70 cl\" \/>\n<meta name=\"robots\" content=\"index, follow, max-snippet:-1, max-image-preview:large, max-video-preview:-1\" \/>\n<link rel=\"canonical\" href=\"https:\/\/my-french-grocery.com\/es\/producto\/licor-de-crema-de-moras-lheritier-guyot\/\" \/>\n<meta property=\"og:locale\" content=\"es_ES\" \/>\n<meta property=\"og:type\" content=\"article\" \/>\n<meta property=\"og:title\" content=\"Licor De Crema De Moras L&#039;h\u00e9ritier-Guyot | Comprar En Linea | My French Grocery\" \/>\n<meta property=\"og:description\" content=\"Licor De Crema De Moras L&#039;h\u00e9ritier-Guyot - Botella de 70 cl\" \/>\n<meta property=\"og:url\" content=\"https:\/\/my-french-grocery.com\/es\/producto\/licor-de-crema-de-moras-lheritier-guyot\/\" \/>\n<meta property=\"og:site_name\" content=\"My French Grocery\" \/>\n<meta property=\"article:publisher\" content=\"https:\/\/www.facebook.com\/myfrenchgrocery\/\" \/>\n<meta property=\"article:modified_time\" content=\"2021-01-28T14:54:55+00:00\" \/>\n<meta property=\"og:image\" content=\"https:\/\/my-french-grocery.com\/wp-content\/uploads\/2018\/05\/creme-mure.jpg\" \/>\n\t<meta property=\"og:image:width\" content=\"1500\" \/>\n\t<meta property=\"og:image:height\" content=\"1500\" \/>\n\t<meta property=\"og:image:type\" content=\"image\/jpeg\" \/>\n<meta name=\"twitter:card\" content=\"summary_large_image\" \/>\n<script type=\"application\/ld+json\" class=\"yoast-schema-graph\">{\"@context\":\"https:\\\/\\\/schema.org\",\"@graph\":[{\"@type\":\"WebPage\",\"@id\":\"https:\\\/\\\/my-french-grocery.com\\\/es\\\/producto\\\/licor-de-crema-de-moras-lheritier-guyot\\\/\",\"url\":\"https:\\\/\\\/my-french-grocery.com\\\/es\\\/producto\\\/licor-de-crema-de-moras-lheritier-guyot\\\/\",\"name\":\"Licor De Crema De Moras L'h\u00e9ritier-Guyot | Comprar En Linea | My French Grocery\",\"isPartOf\":{\"@id\":\"https:\\\/\\\/my-french-grocery.com\\\/es\\\/#website\"},\"primaryImageOfPage\":{\"@id\":\"https:\\\/\\\/my-french-grocery.com\\\/es\\\/producto\\\/licor-de-crema-de-moras-lheritier-guyot\\\/#primaryimage\"},\"image\":{\"@id\":\"https:\\\/\\\/my-french-grocery.com\\\/es\\\/producto\\\/licor-de-crema-de-moras-lheritier-guyot\\\/#primaryimage\"},\"thumbnailUrl\":\"https:\\\/\\\/my-french-grocery.com\\\/wp-content\\\/uploads\\\/2018\\\/05\\\/creme-mure.jpg\",\"datePublished\":\"2018-05-12T13:04:11+00:00\",\"dateModified\":\"2021-01-28T14:54:55+00:00\",\"description\":\"Licor De Crema De Moras L'h\u00e9ritier-Guyot - Botella de 70 cl\",\"breadcrumb\":{\"@id\":\"https:\\\/\\\/my-french-grocery.com\\\/es\\\/producto\\\/licor-de-crema-de-moras-lheritier-guyot\\\/#breadcrumb\"},\"inLanguage\":\"es-ES\",\"potentialAction\":[{\"@type\":\"ReadAction\",\"target\":[\"https:\\\/\\\/my-french-grocery.com\\\/es\\\/producto\\\/licor-de-crema-de-moras-lheritier-guyot\\\/\"]}]},{\"@type\":\"ImageObject\",\"inLanguage\":\"es-ES\",\"@id\":\"https:\\\/\\\/my-french-grocery.com\\\/es\\\/producto\\\/licor-de-crema-de-moras-lheritier-guyot\\\/#primaryimage\",\"url\":\"https:\\\/\\\/my-french-grocery.com\\\/wp-content\\\/uploads\\\/2018\\\/05\\\/creme-mure.jpg\",\"contentUrl\":\"https:\\\/\\\/my-french-grocery.com\\\/wp-content\\\/uploads\\\/2018\\\/05\\\/creme-mure.jpg\",\"width\":1500,\"height\":1500,\"caption\":\"Licor De Crema De Moras L'h\u00e9ritier-Guyot - My French Grocery\"},{\"@type\":\"BreadcrumbList\",\"@id\":\"https:\\\/\\\/my-french-grocery.com\\\/es\\\/producto\\\/licor-de-crema-de-moras-lheritier-guyot\\\/#breadcrumb\",\"itemListElement\":[{\"@type\":\"ListItem\",\"position\":1,\"name\":\"Home\",\"item\":\"https:\\\/\\\/my-french-grocery.com\\\/es\\\/tienda-2\\\/\"},{\"@type\":\"ListItem\",\"position\":2,\"name\":\"Shop\",\"item\":\"https:\\\/\\\/my-french-grocery.com\\\/shop\\\/\"},{\"@type\":\"ListItem\",\"position\":3,\"name\":\"Bebidas - Vinos - Champa\u00f1a\",\"item\":\"https:\\\/\\\/my-french-grocery.com\\\/es\\\/categoria-producto\\\/bebidas-vinos-champana\\\/\"},{\"@type\":\"ListItem\",\"position\":4,\"name\":\"Aperitivos &amp; Digestivos\",\"item\":\"https:\\\/\\\/my-french-grocery.com\\\/es\\\/categoria-producto\\\/bebidas-vinos-champana\\\/aperitivos-digestivos\\\/\"},{\"@type\":\"ListItem\",\"position\":5,\"name\":\"Licor De Crema De Moras L&#8217;h\u00e9ritier-Guyot\"}]},{\"@type\":\"WebSite\",\"@id\":\"https:\\\/\\\/my-french-grocery.com\\\/es\\\/#website\",\"url\":\"https:\\\/\\\/my-french-grocery.com\\\/es\\\/\",\"name\":\"My French Grocery\",\"description\":\"Your Online French Grocery  !\",\"publisher\":{\"@id\":\"https:\\\/\\\/my-french-grocery.com\\\/es\\\/#organization\"},\"potentialAction\":[{\"@type\":\"SearchAction\",\"target\":{\"@type\":\"EntryPoint\",\"urlTemplate\":\"https:\\\/\\\/my-french-grocery.com\\\/es\\\/?s={search_term_string}\"},\"query-input\":{\"@type\":\"PropertyValueSpecification\",\"valueRequired\":true,\"valueName\":\"search_term_string\"}}],\"inLanguage\":\"es-ES\"},{\"@type\":\"Organization\",\"@id\":\"https:\\\/\\\/my-french-grocery.com\\\/es\\\/#organization\",\"name\":\"MY FRENCH GROCERY\",\"url\":\"https:\\\/\\\/my-french-grocery.com\\\/es\\\/\",\"logo\":{\"@type\":\"ImageObject\",\"inLanguage\":\"es-ES\",\"@id\":\"https:\\\/\\\/my-french-grocery.com\\\/es\\\/#\\\/schema\\\/logo\\\/image\\\/\",\"url\":\"https:\\\/\\\/my-french-grocery.com\\\/wp-content\\\/uploads\\\/2021\\\/11\\\/My-French-Grocery-Online-French-Grocery.png\",\"contentUrl\":\"https:\\\/\\\/my-french-grocery.com\\\/wp-content\\\/uploads\\\/2021\\\/11\\\/My-French-Grocery-Online-French-Grocery.png\",\"width\":100,\"height\":100,\"caption\":\"MY FRENCH GROCERY\"},\"image\":{\"@id\":\"https:\\\/\\\/my-french-grocery.com\\\/es\\\/#\\\/schema\\\/logo\\\/image\\\/\"},\"sameAs\":[\"https:\\\/\\\/www.facebook.com\\\/myfrenchgrocery\\\/\"]}]}<\/script>\n<!-- \/ Yoast SEO plugin. -->","yoast_head_json":{"title":"Licor De Crema De Moras L'h\u00e9ritier-Guyot | Comprar En Linea | My French Grocery","description":"Licor De Crema De Moras L'h\u00e9ritier-Guyot - Botella de 70 cl","robots":{"index":"index","follow":"follow","max-snippet":"max-snippet:-1","max-image-preview":"max-image-preview:large","max-video-preview":"max-video-preview:-1"},"canonical":"https:\/\/my-french-grocery.com\/es\/producto\/licor-de-crema-de-moras-lheritier-guyot\/","og_locale":"es_ES","og_type":"article","og_title":"Licor De Crema De Moras L'h\u00e9ritier-Guyot | Comprar En Linea | My French Grocery","og_description":"Licor De Crema De Moras L'h\u00e9ritier-Guyot - Botella de 70 cl","og_url":"https:\/\/my-french-grocery.com\/es\/producto\/licor-de-crema-de-moras-lheritier-guyot\/","og_site_name":"My French Grocery","article_publisher":"https:\/\/www.facebook.com\/myfrenchgrocery\/","article_modified_time":"2021-01-28T14:54:55+00:00","og_image":[{"width":1500,"height":1500,"url":"https:\/\/my-french-grocery.com\/wp-content\/uploads\/2018\/05\/creme-mure.jpg","type":"image\/jpeg"}],"twitter_card":"summary_large_image","schema":{"@context":"https:\/\/schema.org","@graph":[{"@type":"WebPage","@id":"https:\/\/my-french-grocery.com\/es\/producto\/licor-de-crema-de-moras-lheritier-guyot\/","url":"https:\/\/my-french-grocery.com\/es\/producto\/licor-de-crema-de-moras-lheritier-guyot\/","name":"Licor De Crema De Moras L'h\u00e9ritier-Guyot | Comprar En Linea | My French Grocery","isPartOf":{"@id":"https:\/\/my-french-grocery.com\/es\/#website"},"primaryImageOfPage":{"@id":"https:\/\/my-french-grocery.com\/es\/producto\/licor-de-crema-de-moras-lheritier-guyot\/#primaryimage"},"image":{"@id":"https:\/\/my-french-grocery.com\/es\/producto\/licor-de-crema-de-moras-lheritier-guyot\/#primaryimage"},"thumbnailUrl":"https:\/\/my-french-grocery.com\/wp-content\/uploads\/2018\/05\/creme-mure.jpg","datePublished":"2018-05-12T13:04:11+00:00","dateModified":"2021-01-28T14:54:55+00:00","description":"Licor De Crema De Moras L'h\u00e9ritier-Guyot - Botella de 70 cl","breadcrumb":{"@id":"https:\/\/my-french-grocery.com\/es\/producto\/licor-de-crema-de-moras-lheritier-guyot\/#breadcrumb"},"inLanguage":"es-ES","potentialAction":[{"@type":"ReadAction","target":["https:\/\/my-french-grocery.com\/es\/producto\/licor-de-crema-de-moras-lheritier-guyot\/"]}]},{"@type":"ImageObject","inLanguage":"es-ES","@id":"https:\/\/my-french-grocery.com\/es\/producto\/licor-de-crema-de-moras-lheritier-guyot\/#primaryimage","url":"https:\/\/my-french-grocery.com\/wp-content\/uploads\/2018\/05\/creme-mure.jpg","contentUrl":"https:\/\/my-french-grocery.com\/wp-content\/uploads\/2018\/05\/creme-mure.jpg","width":1500,"height":1500,"caption":"Licor De Crema De Moras L'h\u00e9ritier-Guyot - My French Grocery"},{"@type":"BreadcrumbList","@id":"https:\/\/my-french-grocery.com\/es\/producto\/licor-de-crema-de-moras-lheritier-guyot\/#breadcrumb","itemListElement":[{"@type":"ListItem","position":1,"name":"Home","item":"https:\/\/my-french-grocery.com\/es\/tienda-2\/"},{"@type":"ListItem","position":2,"name":"Shop","item":"https:\/\/my-french-grocery.com\/shop\/"},{"@type":"ListItem","position":3,"name":"Bebidas - Vinos - Champa\u00f1a","item":"https:\/\/my-french-grocery.com\/es\/categoria-producto\/bebidas-vinos-champana\/"},{"@type":"ListItem","position":4,"name":"Aperitivos &amp; Digestivos","item":"https:\/\/my-french-grocery.com\/es\/categoria-producto\/bebidas-vinos-champana\/aperitivos-digestivos\/"},{"@type":"ListItem","position":5,"name":"Licor De Crema De Moras L&#8217;h\u00e9ritier-Guyot"}]},{"@type":"WebSite","@id":"https:\/\/my-french-grocery.com\/es\/#website","url":"https:\/\/my-french-grocery.com\/es\/","name":"My French Grocery","description":"Your Online French Grocery  !","publisher":{"@id":"https:\/\/my-french-grocery.com\/es\/#organization"},"potentialAction":[{"@type":"SearchAction","target":{"@type":"EntryPoint","urlTemplate":"https:\/\/my-french-grocery.com\/es\/?s={search_term_string}"},"query-input":{"@type":"PropertyValueSpecification","valueRequired":true,"valueName":"search_term_string"}}],"inLanguage":"es-ES"},{"@type":"Organization","@id":"https:\/\/my-french-grocery.com\/es\/#organization","name":"MY FRENCH GROCERY","url":"https:\/\/my-french-grocery.com\/es\/","logo":{"@type":"ImageObject","inLanguage":"es-ES","@id":"https:\/\/my-french-grocery.com\/es\/#\/schema\/logo\/image\/","url":"https:\/\/my-french-grocery.com\/wp-content\/uploads\/2021\/11\/My-French-Grocery-Online-French-Grocery.png","contentUrl":"https:\/\/my-french-grocery.com\/wp-content\/uploads\/2021\/11\/My-French-Grocery-Online-French-Grocery.png","width":100,"height":100,"caption":"MY FRENCH GROCERY"},"image":{"@id":"https:\/\/my-french-grocery.com\/es\/#\/schema\/logo\/image\/"},"sameAs":["https:\/\/www.facebook.com\/myfrenchgrocery\/"]}]}},"brands":[],"_links":{"self":[{"href":"https:\/\/my-french-grocery.com\/es\/wp-json\/wp\/v2\/product\/12174","targetHints":{"allow":["GET"]}}],"collection":[{"href":"https:\/\/my-french-grocery.com\/es\/wp-json\/wp\/v2\/product"}],"about":[{"href":"https:\/\/my-french-grocery.com\/es\/wp-json\/wp\/v2\/types\/product"}],"replies":[{"embeddable":true,"href":"https:\/\/my-french-grocery.com\/es\/wp-json\/wp\/v2\/comments?post=12174"}],"wp:featuredmedia":[{"embeddable":true,"href":"https:\/\/my-french-grocery.com\/es\/wp-json\/wp\/v2\/media\/12175"}],"wp:attachment":[{"href":"https:\/\/my-french-grocery.com\/es\/wp-json\/wp\/v2\/media?parent=12174"}],"wp:term":[{"taxonomy":"pwb-brand","embeddable":true,"href":"https:\/\/my-french-grocery.com\/es\/wp-json\/wp\/v2\/pwb-brand?post=12174"},{"taxonomy":"product_brand","embeddable":true,"href":"https:\/\/my-french-grocery.com\/es\/wp-json\/wp\/v2\/product_brand?post=12174"},{"taxonomy":"product_cat","embeddable":true,"href":"https:\/\/my-french-grocery.com\/es\/wp-json\/wp\/v2\/product_cat?post=12174"},{"taxonomy":"product_tag","embeddable":true,"href":"https:\/\/my-french-grocery.com\/es\/wp-json\/wp\/v2\/product_tag?post=12174"}],"curies":[{"name":"wp","href":"https:\/\/api.w.org\/{rel}","templated":true}]}}