{"id":12261,"date":"2018-05-29T17:24:39","date_gmt":"2018-05-29T15:24:39","guid":{"rendered":"https:\/\/my-french-grocery.com\/product\/mayonesa-benedicta-2\/"},"modified":"2024-10-25T22:26:14","modified_gmt":"2024-10-25T20:26:14","slug":"mayonesa-benedicta-2","status":"publish","type":"product","link":"https:\/\/my-french-grocery.com\/es\/producto\/mayonesa-benedicta-2\/","title":{"rendered":"Mayonesa B\u00e9n\u00e9dicta"},"content":{"rendered":"<p>Mayonesa B\u00e9n\u00e9dicta<\/p>\n<p>Tubo de 175 g<\/p>\n<p><span>\u00a1El fino y delicado sabor de la Mayonesa Benedicta con huevos frescos revela todo el sabor de tus platos!\u00a0<\/span><span>Su consistencia suave y aterciopelada viste con delicadeza los platos m\u00e1s variados: verduras crudas, carnes o pescados.<\/span><\/p>\n","protected":false},"excerpt":{"rendered":"<p>Mayonesa B\u00e9n\u00e9dicta<\/p>\n<p>Tubo de 175 g<\/p>\n","protected":false},"featured_media":12262,"comment_status":"open","ping_status":"closed","template":"","meta":[],"product_brand":[],"product_cat":[1655,1657],"product_tag":[],"class_list":{"0":"post-12261","1":"product","2":"type-product","3":"status-publish","4":"has-post-thumbnail","6":"product_cat-condimentos","7":"product_cat-salsas","8":"product_shipping_class-expedicion-mundial","10":"first","11":"outofstock","12":"taxable","13":"shipping-taxable","14":"purchasable","15":"product-type-simple"},"_links":{"self":[{"href":"https:\/\/my-french-grocery.com\/es\/wp-json\/wp\/v2\/product\/12261","targetHints":{"allow":["GET"]}}],"collection":[{"href":"https:\/\/my-french-grocery.com\/es\/wp-json\/wp\/v2\/product"}],"about":[{"href":"https:\/\/my-french-grocery.com\/es\/wp-json\/wp\/v2\/types\/product"}],"replies":[{"embeddable":true,"href":"https:\/\/my-french-grocery.com\/es\/wp-json\/wp\/v2\/comments?post=12261"}],"wp:featuredmedia":[{"embeddable":true,"href":"https:\/\/my-french-grocery.com\/es\/wp-json\/wp\/v2\/media\/12262"}],"wp:attachment":[{"href":"https:\/\/my-french-grocery.com\/es\/wp-json\/wp\/v2\/media?parent=12261"}],"wp:term":[{"taxonomy":"product_brand","embeddable":true,"href":"https:\/\/my-french-grocery.com\/es\/wp-json\/wp\/v2\/product_brand?post=12261"},{"taxonomy":"product_cat","embeddable":true,"href":"https:\/\/my-french-grocery.com\/es\/wp-json\/wp\/v2\/product_cat?post=12261"},{"taxonomy":"product_tag","embeddable":true,"href":"https:\/\/my-french-grocery.com\/es\/wp-json\/wp\/v2\/product_tag?post=12261"}],"curies":[{"name":"wp","href":"https:\/\/api.w.org\/{rel}","templated":true}]}}