{"id":12263,"date":"2018-05-29T17:25:53","date_gmt":"2018-05-29T15:25:53","guid":{"rendered":"https:\/\/my-french-grocery.com\/product\/mayonesa-ligera-benedicta\/"},"modified":"2018-05-29T17:25:53","modified_gmt":"2018-05-29T15:25:53","slug":"mayonesa-ligera-benedicta","status":"publish","type":"product","link":"https:\/\/my-french-grocery.com\/es\/producto\/mayonesa-ligera-benedicta\/","title":{"rendered":"Mayonesa Ligera B\u00e9n\u00e9dicta"},"content":{"rendered":"<p>Mayonesa Ligera B\u00e9n\u00e9dicta<\/p>\n<p>Tubo de 190 g<\/p>\n<p><span>\u00a1El fino y delicado sabor de la Mayonesa Benedicta con huevos frescos revela todo el sabor de tus platos!<\/span><br \/><span>Su consistencia cremosa y su receta baja en grasas te permitir\u00e1n dar rienda suelta a tu capricho.<\/span><\/p>\n","protected":false},"excerpt":{"rendered":"<p>Mayonesa Ligera B\u00e9n\u00e9dicta<\/p>\n<p>Tubo de 190 g<\/p>\n","protected":false},"featured_media":12264,"comment_status":"open","ping_status":"closed","template":"","meta":[],"product_brand":[],"product_cat":[1655,1657],"product_tag":[],"class_list":{"0":"post-12263","1":"product","2":"type-product","3":"status-publish","4":"has-post-thumbnail","6":"product_cat-condimentos","7":"product_cat-salsas","8":"product_shipping_class-expedicion-mundial","10":"first","11":"outofstock","12":"taxable","13":"shipping-taxable","14":"purchasable","15":"product-type-simple"},"_links":{"self":[{"href":"https:\/\/my-french-grocery.com\/es\/wp-json\/wp\/v2\/product\/12263","targetHints":{"allow":["GET"]}}],"collection":[{"href":"https:\/\/my-french-grocery.com\/es\/wp-json\/wp\/v2\/product"}],"about":[{"href":"https:\/\/my-french-grocery.com\/es\/wp-json\/wp\/v2\/types\/product"}],"replies":[{"embeddable":true,"href":"https:\/\/my-french-grocery.com\/es\/wp-json\/wp\/v2\/comments?post=12263"}],"wp:featuredmedia":[{"embeddable":true,"href":"https:\/\/my-french-grocery.com\/es\/wp-json\/wp\/v2\/media\/12264"}],"wp:attachment":[{"href":"https:\/\/my-french-grocery.com\/es\/wp-json\/wp\/v2\/media?parent=12263"}],"wp:term":[{"taxonomy":"product_brand","embeddable":true,"href":"https:\/\/my-french-grocery.com\/es\/wp-json\/wp\/v2\/product_brand?post=12263"},{"taxonomy":"product_cat","embeddable":true,"href":"https:\/\/my-french-grocery.com\/es\/wp-json\/wp\/v2\/product_cat?post=12263"},{"taxonomy":"product_tag","embeddable":true,"href":"https:\/\/my-french-grocery.com\/es\/wp-json\/wp\/v2\/product_tag?post=12263"}],"curies":[{"name":"wp","href":"https:\/\/api.w.org\/{rel}","templated":true}]}}