{"id":12423,"date":"2018-06-18T14:13:40","date_gmt":"2018-06-18T12:13:40","guid":{"rendered":"https:\/\/my-french-grocery.com\/product\/sopa-de-calabaza-con-crema-fresca-knorr\/"},"modified":"2018-06-18T14:13:40","modified_gmt":"2018-06-18T12:13:40","slug":"sopa-de-calabaza-con-crema-fresca-knorr","status":"publish","type":"product","link":"https:\/\/my-french-grocery.com\/es\/producto\/sopa-de-calabaza-con-crema-fresca-knorr\/","title":{"rendered":"Sopa De Calabaza Con Crema Fresca Knorr"},"content":{"rendered":"<p>Sopa De Calabaza Con Crema Fresca Knorr<\/p>\n<p>Ladrillo de 1 l<\/p>\n<p><span>\u00a1Derr\u00edtelo para obtener este suave velout\u00e9 de calabaza que los chefs de Knorr\u00ae han embellecido con un toque de crema fresca para darle a\u00fan m\u00e1s dulzura!<\/span><br \/><span>Una receta sabrosa desarrollada por nuestros chefs de Knorr\u00ae: la dulzura de la calabaza condimentada con cr\u00e8me fra\u00eeche para una suavidad a\u00fan mayor<\/span><\/p>\n","protected":false},"excerpt":{"rendered":"<p>Sopa De Calabaza Con Crema Fresca Knorr<\/p>\n<p>Ladrillo de 1 l<\/p>\n","protected":false},"featured_media":12424,"comment_status":"open","ping_status":"closed","template":"","meta":[],"pwb-brand":[690],"product_brand":[],"product_cat":[1718],"product_tag":[],"class_list":{"0":"post-12423","1":"product","2":"type-product","3":"status-publish","4":"has-post-thumbnail","6":"pwb-brand-knorr-es","7":"product_cat-sopas-picatostes","8":"product_shipping_class-expedicion-mundial","10":"first","11":"instock","12":"taxable","13":"shipping-taxable","14":"purchasable","15":"product-type-simple"},"brands":[{"id":690,"name":"Knorr","slug":"knorr-es"}],"_links":{"self":[{"href":"https:\/\/my-french-grocery.com\/es\/wp-json\/wp\/v2\/product\/12423","targetHints":{"allow":["GET"]}}],"collection":[{"href":"https:\/\/my-french-grocery.com\/es\/wp-json\/wp\/v2\/product"}],"about":[{"href":"https:\/\/my-french-grocery.com\/es\/wp-json\/wp\/v2\/types\/product"}],"replies":[{"embeddable":true,"href":"https:\/\/my-french-grocery.com\/es\/wp-json\/wp\/v2\/comments?post=12423"}],"wp:featuredmedia":[{"embeddable":true,"href":"https:\/\/my-french-grocery.com\/es\/wp-json\/wp\/v2\/media\/12424"}],"wp:attachment":[{"href":"https:\/\/my-french-grocery.com\/es\/wp-json\/wp\/v2\/media?parent=12423"}],"wp:term":[{"taxonomy":"pwb-brand","embeddable":true,"href":"https:\/\/my-french-grocery.com\/es\/wp-json\/wp\/v2\/pwb-brand?post=12423"},{"taxonomy":"product_brand","embeddable":true,"href":"https:\/\/my-french-grocery.com\/es\/wp-json\/wp\/v2\/product_brand?post=12423"},{"taxonomy":"product_cat","embeddable":true,"href":"https:\/\/my-french-grocery.com\/es\/wp-json\/wp\/v2\/product_cat?post=12423"},{"taxonomy":"product_tag","embeddable":true,"href":"https:\/\/my-french-grocery.com\/es\/wp-json\/wp\/v2\/product_tag?post=12423"}],"curies":[{"name":"wp","href":"https:\/\/api.w.org\/{rel}","templated":true}]}}