{"id":12557,"date":"2018-06-19T15:46:44","date_gmt":"2018-06-19T13:46:44","guid":{"rendered":"https:\/\/my-french-grocery.com\/product\/vino-tinto-cotes-de-bordeaux-chateau-haut-la-garde\/"},"modified":"2018-06-19T15:46:44","modified_gmt":"2018-06-19T13:46:44","slug":"vino-tinto-cotes-de-bordeaux-chateau-haut-la-garde","status":"publish","type":"product","link":"https:\/\/my-french-grocery.com\/es\/producto\/vino-tinto-cotes-de-bordeaux-chateau-haut-la-garde\/","title":{"rendered":"Vino Tinto C\u00f4tes de Bordeaux Ch\u00e2teau Haut la Garde"},"content":{"rendered":"<p>Vino Tinto C\u00f4tes de Bordeaux Ch\u00e2teau Haut la Garde<\/p>\n<p>Botella de 75cl<\/p>\n","protected":false},"excerpt":{"rendered":"<p>Vino Tinto C\u00f4tes de Bordeaux Ch\u00e2teau Haut la Garde<\/p>\n<p>Botella de 75cl<\/p>\n","protected":false},"featured_media":12558,"comment_status":"open","ping_status":"closed","template":"","meta":[],"pwb-brand":[],"product_brand":[],"product_cat":[1684],"product_tag":[1506,1759,1761,1760],"class_list":{"0":"post-12557","1":"product","2":"type-product","3":"status-publish","4":"has-post-thumbnail","6":"product_cat-bordeaux-sudoeste","7":"product_tag-bordeaux-es","8":"product_tag-frances","9":"product_tag-sudoeste","10":"product_tag-vino-tinto","11":"product_shipping_class-expedicion-mundial","13":"first","14":"instock","15":"taxable","16":"shipping-taxable","17":"purchasable","18":"product-type-simple"},"brands":[],"_links":{"self":[{"href":"https:\/\/my-french-grocery.com\/es\/wp-json\/wp\/v2\/product\/12557","targetHints":{"allow":["GET"]}}],"collection":[{"href":"https:\/\/my-french-grocery.com\/es\/wp-json\/wp\/v2\/product"}],"about":[{"href":"https:\/\/my-french-grocery.com\/es\/wp-json\/wp\/v2\/types\/product"}],"replies":[{"embeddable":true,"href":"https:\/\/my-french-grocery.com\/es\/wp-json\/wp\/v2\/comments?post=12557"}],"wp:featuredmedia":[{"embeddable":true,"href":"https:\/\/my-french-grocery.com\/es\/wp-json\/wp\/v2\/media\/12558"}],"wp:attachment":[{"href":"https:\/\/my-french-grocery.com\/es\/wp-json\/wp\/v2\/media?parent=12557"}],"wp:term":[{"taxonomy":"pwb-brand","embeddable":true,"href":"https:\/\/my-french-grocery.com\/es\/wp-json\/wp\/v2\/pwb-brand?post=12557"},{"taxonomy":"product_brand","embeddable":true,"href":"https:\/\/my-french-grocery.com\/es\/wp-json\/wp\/v2\/product_brand?post=12557"},{"taxonomy":"product_cat","embeddable":true,"href":"https:\/\/my-french-grocery.com\/es\/wp-json\/wp\/v2\/product_cat?post=12557"},{"taxonomy":"product_tag","embeddable":true,"href":"https:\/\/my-french-grocery.com\/es\/wp-json\/wp\/v2\/product_tag?post=12557"}],"curies":[{"name":"wp","href":"https:\/\/api.w.org\/{rel}","templated":true}]}}