{"id":12854,"date":"2018-07-06T16:16:37","date_gmt":"2018-07-06T14:16:37","guid":{"rendered":"https:\/\/my-french-grocery.com\/product\/confit-de-pato-con-patatas-reflets-de-france\/"},"modified":"2018-07-06T16:16:37","modified_gmt":"2018-07-06T14:16:37","slug":"confit-de-pato-con-patatas-reflets-de-france","status":"publish","type":"product","link":"https:\/\/my-french-grocery.com\/es\/producto\/confit-de-pato-con-patatas-reflets-de-france\/","title":{"rendered":"Confit De Pato Con Patatas Reflets De France"},"content":{"rendered":"<p>Confit De Pato Con Patatas Reflets De France<\/p>\n<p>Bandeja de 300 g<\/p>\n<p id=\"tw-target-text\" class=\"tw-data-text tw-text-large XcVN5d tw-ta\" dir=\"ltr\" data-placeholder=\"Traduction\"><span lang=\"es\">Nacida en 1996, Reflets de France es la marca de \u00abterru\u00f1o\u00bb n\u00famero 1 en Francia con m\u00e1s de 90 millones de productos vendidos cada a\u00f1o. Durante m\u00e1s de 20 a\u00f1os, hemos trabajado de la mano con productores locales apasionados para construir una gama \u00fanica en torno a las especialidades regionales. Estamos orgullosos de nuestra herencia culinaria y deseamos compartirla con los amantes de la comida de todo el mundo para que viva.<\/span><\/p>\n","protected":false},"excerpt":{"rendered":"<p>Confit De Pato Con Patatas Reflets De France<\/p>\n<p>Bandeja de 300 g<\/p>\n","protected":false},"featured_media":12855,"comment_status":"open","ping_status":"closed","template":"","meta":[],"pwb-brand":[906],"product_brand":[],"product_cat":[1724],"product_tag":[1772],"class_list":{"0":"post-12854","1":"product","2":"type-product","3":"status-publish","4":"has-post-thumbnail","6":"pwb-brand-reflets-de-france-es","7":"product_cat-comidas-preparadas","8":"product_tag-confitado-de-pato","9":"product_shipping_class-expedicion-mundial","11":"first","12":"outofstock","13":"taxable","14":"shipping-taxable","15":"purchasable","16":"product-type-simple"},"yoast_head":"<!-- This site is optimized with the Yoast SEO plugin v27.3 - https:\/\/yoast.com\/product\/yoast-seo-wordpress\/ -->\n<title>Confit De Pato Con Patatas Reflets De France | Comprar En Linea | My French Grocery<\/title>\n<meta name=\"description\" content=\"Confit De Pato Con Patatas Reflets De France - Bandeja de 300 g Nacida en 1996, Reflets de France es la marca de \u00abterru\u00f1o\u00bb n\u00famero 1 en Francia con m\u00e1s de 90 millones de productos vendidos cada a\u00f1o. Durante m\u00e1s de 20 a\u00f1os, hemos trabajado de la mano con productores locales apasionados para construir una gama \u00fanica en torno a las especialidades regionales. Estamos orgullosos de nuestra herencia culinaria y deseamos compartirla con los amantes de la comida de todo el mundo para que viva.\" \/>\n<meta name=\"robots\" content=\"index, follow, max-snippet:-1, max-image-preview:large, max-video-preview:-1\" \/>\n<link rel=\"canonical\" href=\"https:\/\/my-french-grocery.com\/es\/producto\/confit-de-pato-con-patatas-reflets-de-france\/\" \/>\n<meta property=\"og:locale\" content=\"es_ES\" \/>\n<meta property=\"og:type\" content=\"article\" \/>\n<meta property=\"og:title\" content=\"Confit De Pato Con Patatas Reflets De France | Comprar En Linea | My French Grocery\" \/>\n<meta property=\"og:description\" content=\"Confit De Pato Con Patatas Reflets De France - Bandeja de 300 g Nacida en 1996, Reflets de France es la marca de \u00abterru\u00f1o\u00bb n\u00famero 1 en Francia con m\u00e1s de 90 millones de productos vendidos cada a\u00f1o. Durante m\u00e1s de 20 a\u00f1os, hemos trabajado de la mano con productores locales apasionados para construir una gama \u00fanica en torno a las especialidades regionales. Estamos orgullosos de nuestra herencia culinaria y deseamos compartirla con los amantes de la comida de todo el mundo para que viva.\" \/>\n<meta property=\"og:url\" content=\"https:\/\/my-french-grocery.com\/es\/producto\/confit-de-pato-con-patatas-reflets-de-france\/\" \/>\n<meta property=\"og:site_name\" content=\"My French Grocery\" \/>\n<meta property=\"article:publisher\" content=\"https:\/\/www.facebook.com\/myfrenchgrocery\/\" \/>\n<meta property=\"og:image\" content=\"https:\/\/my-french-grocery.com\/wp-content\/uploads\/2019\/07\/confit-canard-pdt.jpg\" \/>\n\t<meta property=\"og:image:width\" content=\"540\" \/>\n\t<meta property=\"og:image:height\" content=\"540\" \/>\n\t<meta property=\"og:image:type\" content=\"image\/jpeg\" \/>\n<meta name=\"twitter:card\" content=\"summary_large_image\" \/>\n<script type=\"application\/ld+json\" class=\"yoast-schema-graph\">{\"@context\":\"https:\\\/\\\/schema.org\",\"@graph\":[{\"@type\":\"WebPage\",\"@id\":\"https:\\\/\\\/my-french-grocery.com\\\/es\\\/producto\\\/confit-de-pato-con-patatas-reflets-de-france\\\/\",\"url\":\"https:\\\/\\\/my-french-grocery.com\\\/es\\\/producto\\\/confit-de-pato-con-patatas-reflets-de-france\\\/\",\"name\":\"Confit De Pato Con Patatas Reflets De France | Comprar En Linea | My French Grocery\",\"isPartOf\":{\"@id\":\"https:\\\/\\\/my-french-grocery.com\\\/es\\\/#website\"},\"primaryImageOfPage\":{\"@id\":\"https:\\\/\\\/my-french-grocery.com\\\/es\\\/producto\\\/confit-de-pato-con-patatas-reflets-de-france\\\/#primaryimage\"},\"image\":{\"@id\":\"https:\\\/\\\/my-french-grocery.com\\\/es\\\/producto\\\/confit-de-pato-con-patatas-reflets-de-france\\\/#primaryimage\"},\"thumbnailUrl\":\"https:\\\/\\\/my-french-grocery.com\\\/wp-content\\\/uploads\\\/2019\\\/07\\\/confit-canard-pdt.jpg\",\"datePublished\":\"2018-07-06T14:16:37+00:00\",\"description\":\"Confit De Pato Con Patatas Reflets De France - Bandeja de 300 g Nacida en 1996, Reflets de France es la marca de \u00abterru\u00f1o\u00bb n\u00famero 1 en Francia con m\u00e1s de 90 millones de productos vendidos cada a\u00f1o. Durante m\u00e1s de 20 a\u00f1os, hemos trabajado de la mano con productores locales apasionados para construir una gama \u00fanica en torno a las especialidades regionales. Estamos orgullosos de nuestra herencia culinaria y deseamos compartirla con los amantes de la comida de todo el mundo para que viva.\",\"breadcrumb\":{\"@id\":\"https:\\\/\\\/my-french-grocery.com\\\/es\\\/producto\\\/confit-de-pato-con-patatas-reflets-de-france\\\/#breadcrumb\"},\"inLanguage\":\"es-ES\",\"potentialAction\":[{\"@type\":\"ReadAction\",\"target\":[\"https:\\\/\\\/my-french-grocery.com\\\/es\\\/producto\\\/confit-de-pato-con-patatas-reflets-de-france\\\/\"]}]},{\"@type\":\"ImageObject\",\"inLanguage\":\"es-ES\",\"@id\":\"https:\\\/\\\/my-french-grocery.com\\\/es\\\/producto\\\/confit-de-pato-con-patatas-reflets-de-france\\\/#primaryimage\",\"url\":\"https:\\\/\\\/my-french-grocery.com\\\/wp-content\\\/uploads\\\/2019\\\/07\\\/confit-canard-pdt.jpg\",\"contentUrl\":\"https:\\\/\\\/my-french-grocery.com\\\/wp-content\\\/uploads\\\/2019\\\/07\\\/confit-canard-pdt.jpg\",\"width\":540,\"height\":540,\"caption\":\"Confit De Pato Con Patatas Reflets De France\"},{\"@type\":\"BreadcrumbList\",\"@id\":\"https:\\\/\\\/my-french-grocery.com\\\/es\\\/producto\\\/confit-de-pato-con-patatas-reflets-de-france\\\/#breadcrumb\",\"itemListElement\":[{\"@type\":\"ListItem\",\"position\":1,\"name\":\"Home\",\"item\":\"https:\\\/\\\/my-french-grocery.com\\\/es\\\/tienda-2\\\/\"},{\"@type\":\"ListItem\",\"position\":2,\"name\":\"Shop\",\"item\":\"https:\\\/\\\/my-french-grocery.com\\\/shop\\\/\"},{\"@type\":\"ListItem\",\"position\":3,\"name\":\"Comida\",\"item\":\"https:\\\/\\\/my-french-grocery.com\\\/es\\\/categoria-producto\\\/comida\\\/\"},{\"@type\":\"ListItem\",\"position\":4,\"name\":\"Conservas &amp; Comidas Preparadas\",\"item\":\"https:\\\/\\\/my-french-grocery.com\\\/es\\\/categoria-producto\\\/comida\\\/conservas-comidas-preparadas\\\/\"},{\"@type\":\"ListItem\",\"position\":5,\"name\":\"Comidas Preparadas\",\"item\":\"https:\\\/\\\/my-french-grocery.com\\\/es\\\/categoria-producto\\\/comida\\\/conservas-comidas-preparadas\\\/comidas-preparadas\\\/\"},{\"@type\":\"ListItem\",\"position\":6,\"name\":\"Confit De Pato Con Patatas Reflets De France\"}]},{\"@type\":\"WebSite\",\"@id\":\"https:\\\/\\\/my-french-grocery.com\\\/es\\\/#website\",\"url\":\"https:\\\/\\\/my-french-grocery.com\\\/es\\\/\",\"name\":\"My French Grocery\",\"description\":\"Your Online French Grocery  !\",\"publisher\":{\"@id\":\"https:\\\/\\\/my-french-grocery.com\\\/es\\\/#organization\"},\"potentialAction\":[{\"@type\":\"SearchAction\",\"target\":{\"@type\":\"EntryPoint\",\"urlTemplate\":\"https:\\\/\\\/my-french-grocery.com\\\/es\\\/?s={search_term_string}\"},\"query-input\":{\"@type\":\"PropertyValueSpecification\",\"valueRequired\":true,\"valueName\":\"search_term_string\"}}],\"inLanguage\":\"es-ES\"},{\"@type\":\"Organization\",\"@id\":\"https:\\\/\\\/my-french-grocery.com\\\/es\\\/#organization\",\"name\":\"MY FRENCH GROCERY\",\"url\":\"https:\\\/\\\/my-french-grocery.com\\\/es\\\/\",\"logo\":{\"@type\":\"ImageObject\",\"inLanguage\":\"es-ES\",\"@id\":\"https:\\\/\\\/my-french-grocery.com\\\/es\\\/#\\\/schema\\\/logo\\\/image\\\/\",\"url\":\"https:\\\/\\\/my-french-grocery.com\\\/wp-content\\\/uploads\\\/2021\\\/11\\\/My-French-Grocery-Online-French-Grocery.png\",\"contentUrl\":\"https:\\\/\\\/my-french-grocery.com\\\/wp-content\\\/uploads\\\/2021\\\/11\\\/My-French-Grocery-Online-French-Grocery.png\",\"width\":100,\"height\":100,\"caption\":\"MY FRENCH GROCERY\"},\"image\":{\"@id\":\"https:\\\/\\\/my-french-grocery.com\\\/es\\\/#\\\/schema\\\/logo\\\/image\\\/\"},\"sameAs\":[\"https:\\\/\\\/www.facebook.com\\\/myfrenchgrocery\\\/\"]}]}<\/script>\n<!-- \/ Yoast SEO plugin. -->","yoast_head_json":{"title":"Confit De Pato Con Patatas Reflets De France | Comprar En Linea | My French Grocery","description":"Confit De Pato Con Patatas Reflets De France - Bandeja de 300 g Nacida en 1996, Reflets de France es la marca de \u00abterru\u00f1o\u00bb n\u00famero 1 en Francia con m\u00e1s de 90 millones de productos vendidos cada a\u00f1o. Durante m\u00e1s de 20 a\u00f1os, hemos trabajado de la mano con productores locales apasionados para construir una gama \u00fanica en torno a las especialidades regionales. Estamos orgullosos de nuestra herencia culinaria y deseamos compartirla con los amantes de la comida de todo el mundo para que viva.","robots":{"index":"index","follow":"follow","max-snippet":"max-snippet:-1","max-image-preview":"max-image-preview:large","max-video-preview":"max-video-preview:-1"},"canonical":"https:\/\/my-french-grocery.com\/es\/producto\/confit-de-pato-con-patatas-reflets-de-france\/","og_locale":"es_ES","og_type":"article","og_title":"Confit De Pato Con Patatas Reflets De France | Comprar En Linea | My French Grocery","og_description":"Confit De Pato Con Patatas Reflets De France - Bandeja de 300 g Nacida en 1996, Reflets de France es la marca de \u00abterru\u00f1o\u00bb n\u00famero 1 en Francia con m\u00e1s de 90 millones de productos vendidos cada a\u00f1o. Durante m\u00e1s de 20 a\u00f1os, hemos trabajado de la mano con productores locales apasionados para construir una gama \u00fanica en torno a las especialidades regionales. Estamos orgullosos de nuestra herencia culinaria y deseamos compartirla con los amantes de la comida de todo el mundo para que viva.","og_url":"https:\/\/my-french-grocery.com\/es\/producto\/confit-de-pato-con-patatas-reflets-de-france\/","og_site_name":"My French Grocery","article_publisher":"https:\/\/www.facebook.com\/myfrenchgrocery\/","og_image":[{"width":540,"height":540,"url":"https:\/\/my-french-grocery.com\/wp-content\/uploads\/2019\/07\/confit-canard-pdt.jpg","type":"image\/jpeg"}],"twitter_card":"summary_large_image","schema":{"@context":"https:\/\/schema.org","@graph":[{"@type":"WebPage","@id":"https:\/\/my-french-grocery.com\/es\/producto\/confit-de-pato-con-patatas-reflets-de-france\/","url":"https:\/\/my-french-grocery.com\/es\/producto\/confit-de-pato-con-patatas-reflets-de-france\/","name":"Confit De Pato Con Patatas Reflets De France | Comprar En Linea | My French Grocery","isPartOf":{"@id":"https:\/\/my-french-grocery.com\/es\/#website"},"primaryImageOfPage":{"@id":"https:\/\/my-french-grocery.com\/es\/producto\/confit-de-pato-con-patatas-reflets-de-france\/#primaryimage"},"image":{"@id":"https:\/\/my-french-grocery.com\/es\/producto\/confit-de-pato-con-patatas-reflets-de-france\/#primaryimage"},"thumbnailUrl":"https:\/\/my-french-grocery.com\/wp-content\/uploads\/2019\/07\/confit-canard-pdt.jpg","datePublished":"2018-07-06T14:16:37+00:00","description":"Confit De Pato Con Patatas Reflets De France - Bandeja de 300 g Nacida en 1996, Reflets de France es la marca de \u00abterru\u00f1o\u00bb n\u00famero 1 en Francia con m\u00e1s de 90 millones de productos vendidos cada a\u00f1o. Durante m\u00e1s de 20 a\u00f1os, hemos trabajado de la mano con productores locales apasionados para construir una gama \u00fanica en torno a las especialidades regionales. Estamos orgullosos de nuestra herencia culinaria y deseamos compartirla con los amantes de la comida de todo el mundo para que viva.","breadcrumb":{"@id":"https:\/\/my-french-grocery.com\/es\/producto\/confit-de-pato-con-patatas-reflets-de-france\/#breadcrumb"},"inLanguage":"es-ES","potentialAction":[{"@type":"ReadAction","target":["https:\/\/my-french-grocery.com\/es\/producto\/confit-de-pato-con-patatas-reflets-de-france\/"]}]},{"@type":"ImageObject","inLanguage":"es-ES","@id":"https:\/\/my-french-grocery.com\/es\/producto\/confit-de-pato-con-patatas-reflets-de-france\/#primaryimage","url":"https:\/\/my-french-grocery.com\/wp-content\/uploads\/2019\/07\/confit-canard-pdt.jpg","contentUrl":"https:\/\/my-french-grocery.com\/wp-content\/uploads\/2019\/07\/confit-canard-pdt.jpg","width":540,"height":540,"caption":"Confit De Pato Con Patatas Reflets De France"},{"@type":"BreadcrumbList","@id":"https:\/\/my-french-grocery.com\/es\/producto\/confit-de-pato-con-patatas-reflets-de-france\/#breadcrumb","itemListElement":[{"@type":"ListItem","position":1,"name":"Home","item":"https:\/\/my-french-grocery.com\/es\/tienda-2\/"},{"@type":"ListItem","position":2,"name":"Shop","item":"https:\/\/my-french-grocery.com\/shop\/"},{"@type":"ListItem","position":3,"name":"Comida","item":"https:\/\/my-french-grocery.com\/es\/categoria-producto\/comida\/"},{"@type":"ListItem","position":4,"name":"Conservas &amp; Comidas Preparadas","item":"https:\/\/my-french-grocery.com\/es\/categoria-producto\/comida\/conservas-comidas-preparadas\/"},{"@type":"ListItem","position":5,"name":"Comidas Preparadas","item":"https:\/\/my-french-grocery.com\/es\/categoria-producto\/comida\/conservas-comidas-preparadas\/comidas-preparadas\/"},{"@type":"ListItem","position":6,"name":"Confit De Pato Con Patatas Reflets De France"}]},{"@type":"WebSite","@id":"https:\/\/my-french-grocery.com\/es\/#website","url":"https:\/\/my-french-grocery.com\/es\/","name":"My French Grocery","description":"Your Online French Grocery  !","publisher":{"@id":"https:\/\/my-french-grocery.com\/es\/#organization"},"potentialAction":[{"@type":"SearchAction","target":{"@type":"EntryPoint","urlTemplate":"https:\/\/my-french-grocery.com\/es\/?s={search_term_string}"},"query-input":{"@type":"PropertyValueSpecification","valueRequired":true,"valueName":"search_term_string"}}],"inLanguage":"es-ES"},{"@type":"Organization","@id":"https:\/\/my-french-grocery.com\/es\/#organization","name":"MY FRENCH GROCERY","url":"https:\/\/my-french-grocery.com\/es\/","logo":{"@type":"ImageObject","inLanguage":"es-ES","@id":"https:\/\/my-french-grocery.com\/es\/#\/schema\/logo\/image\/","url":"https:\/\/my-french-grocery.com\/wp-content\/uploads\/2021\/11\/My-French-Grocery-Online-French-Grocery.png","contentUrl":"https:\/\/my-french-grocery.com\/wp-content\/uploads\/2021\/11\/My-French-Grocery-Online-French-Grocery.png","width":100,"height":100,"caption":"MY FRENCH GROCERY"},"image":{"@id":"https:\/\/my-french-grocery.com\/es\/#\/schema\/logo\/image\/"},"sameAs":["https:\/\/www.facebook.com\/myfrenchgrocery\/"]}]}},"brands":[{"id":906,"name":"Reflets De France","slug":"reflets-de-france-es"}],"_links":{"self":[{"href":"https:\/\/my-french-grocery.com\/es\/wp-json\/wp\/v2\/product\/12854","targetHints":{"allow":["GET"]}}],"collection":[{"href":"https:\/\/my-french-grocery.com\/es\/wp-json\/wp\/v2\/product"}],"about":[{"href":"https:\/\/my-french-grocery.com\/es\/wp-json\/wp\/v2\/types\/product"}],"replies":[{"embeddable":true,"href":"https:\/\/my-french-grocery.com\/es\/wp-json\/wp\/v2\/comments?post=12854"}],"wp:featuredmedia":[{"embeddable":true,"href":"https:\/\/my-french-grocery.com\/es\/wp-json\/wp\/v2\/media\/12855"}],"wp:attachment":[{"href":"https:\/\/my-french-grocery.com\/es\/wp-json\/wp\/v2\/media?parent=12854"}],"wp:term":[{"taxonomy":"pwb-brand","embeddable":true,"href":"https:\/\/my-french-grocery.com\/es\/wp-json\/wp\/v2\/pwb-brand?post=12854"},{"taxonomy":"product_brand","embeddable":true,"href":"https:\/\/my-french-grocery.com\/es\/wp-json\/wp\/v2\/product_brand?post=12854"},{"taxonomy":"product_cat","embeddable":true,"href":"https:\/\/my-french-grocery.com\/es\/wp-json\/wp\/v2\/product_cat?post=12854"},{"taxonomy":"product_tag","embeddable":true,"href":"https:\/\/my-french-grocery.com\/es\/wp-json\/wp\/v2\/product_tag?post=12854"}],"curies":[{"name":"wp","href":"https:\/\/api.w.org\/{rel}","templated":true}]}}