{"id":12968,"date":"2018-07-06T16:57:01","date_gmt":"2018-07-06T14:57:01","guid":{"rendered":"https:\/\/my-french-grocery.com\/product\/salmon-con-arroz-al-limon-william-saurin\/"},"modified":"2018-07-06T16:57:01","modified_gmt":"2018-07-06T14:57:01","slug":"salmon-con-arroz-al-limon-william-saurin","status":"publish","type":"product","link":"https:\/\/my-french-grocery.com\/es\/producto\/salmon-con-arroz-al-limon-william-saurin\/","title":{"rendered":"Salm\u00f3n Con Arroz Al Lim\u00f3n William Saurin"},"content":{"rendered":"<p>Salm\u00f3n Con Arroz Al Lim\u00f3n William Saurin<\/p>\n<p>Bandeja de 370 g<\/p>\n<p>En 1898, Emmanuel Adolphe William Seurin (1872-1937) dijo que &#8220;William Saurin&#8221; abri\u00f3 una tienda de comestibles en Saint-Mand\u00e9. La empresa se est\u00e1 desarrollando r\u00e1pidamente utilizando la appertisation (que lleva el nombre del inventor de las conservas, Nicolas Appert) para la fabricaci\u00f3n de conservas de guisos y mermeladas. Sigue siendo familia hasta 1979, cuando Vincent Saurin revende a Lesieur.<\/p>\n","protected":false},"excerpt":{"rendered":"<p>Salm\u00f3n Con Arroz Al Lim\u00f3n William Saurin<\/p>\n<p>Bandeja de 370 g<\/p>\n","protected":false},"featured_media":12969,"comment_status":"open","ping_status":"closed","template":"","meta":[],"pwb-brand":[991],"product_brand":[],"product_cat":[1724],"product_tag":[1796,1759,1795],"class_list":{"0":"post-12968","1":"product","2":"type-product","3":"status-publish","4":"has-post-thumbnail","6":"pwb-brand-william-saurin-es","7":"product_cat-comidas-preparadas","8":"product_tag-arroz","9":"product_tag-frances","10":"product_tag-salmon-es","11":"product_shipping_class-expedicion-mundial","13":"first","14":"outofstock","15":"taxable","16":"shipping-taxable","17":"purchasable","18":"product-type-simple"},"yoast_head":"<!-- This site is optimized with the Yoast SEO plugin v27.3 - https:\/\/yoast.com\/product\/yoast-seo-wordpress\/ -->\n<title>Salm\u00f3n Con Arroz Al Lim\u00f3n William Saurin | Comprar En Linea | My French Grocery<\/title>\n<meta name=\"description\" content=\"Salm\u00f3n Con Arroz Al Lim\u00f3n William Saurin - Bandeja de 370 g - En 1898, Emmanuel Adolphe William Seurin (1872-1937) dijo que &quot;William Saurin&quot; abri\u00f3 una tienda de comestibles en Saint-Mand\u00e9. La empresa se est\u00e1 desarrollando r\u00e1pidamente utilizando la appertisation (que lleva el nombre del inventor de las conservas, Nicolas Appert) para la fabricaci\u00f3n de conservas de guisos y mermeladas. Sigue siendo familia hasta 1979, cuando Vincent Saurin revende a Lesieur.\" \/>\n<meta name=\"robots\" content=\"index, follow, max-snippet:-1, max-image-preview:large, max-video-preview:-1\" \/>\n<link rel=\"canonical\" href=\"https:\/\/my-french-grocery.com\/es\/producto\/salmon-con-arroz-al-limon-william-saurin\/\" \/>\n<meta property=\"og:locale\" content=\"es_ES\" \/>\n<meta property=\"og:type\" content=\"article\" \/>\n<meta property=\"og:title\" content=\"Salm\u00f3n Con Arroz Al Lim\u00f3n William Saurin | Comprar En Linea | My French Grocery\" \/>\n<meta property=\"og:description\" content=\"Salm\u00f3n Con Arroz Al Lim\u00f3n William Saurin - Bandeja de 370 g - En 1898, Emmanuel Adolphe William Seurin (1872-1937) dijo que &quot;William Saurin&quot; abri\u00f3 una tienda de comestibles en Saint-Mand\u00e9. La empresa se est\u00e1 desarrollando r\u00e1pidamente utilizando la appertisation (que lleva el nombre del inventor de las conservas, Nicolas Appert) para la fabricaci\u00f3n de conservas de guisos y mermeladas. Sigue siendo familia hasta 1979, cuando Vincent Saurin revende a Lesieur.\" \/>\n<meta property=\"og:url\" content=\"https:\/\/my-french-grocery.com\/es\/producto\/salmon-con-arroz-al-limon-william-saurin\/\" \/>\n<meta property=\"og:site_name\" content=\"My French Grocery\" \/>\n<meta property=\"article:publisher\" content=\"https:\/\/www.facebook.com\/myfrenchgrocery\/\" \/>\n<meta property=\"og:image\" content=\"https:\/\/my-french-grocery.com\/wp-content\/uploads\/2018\/07\/SAUMON-RIZ.jpg\" \/>\n\t<meta property=\"og:image:width\" content=\"1500\" \/>\n\t<meta property=\"og:image:height\" content=\"1500\" \/>\n\t<meta property=\"og:image:type\" content=\"image\/jpeg\" \/>\n<meta name=\"twitter:card\" content=\"summary_large_image\" \/>\n<script type=\"application\/ld+json\" class=\"yoast-schema-graph\">{\"@context\":\"https:\\\/\\\/schema.org\",\"@graph\":[{\"@type\":\"WebPage\",\"@id\":\"https:\\\/\\\/my-french-grocery.com\\\/es\\\/producto\\\/salmon-con-arroz-al-limon-william-saurin\\\/\",\"url\":\"https:\\\/\\\/my-french-grocery.com\\\/es\\\/producto\\\/salmon-con-arroz-al-limon-william-saurin\\\/\",\"name\":\"Salm\u00f3n Con Arroz Al Lim\u00f3n William Saurin | Comprar En Linea | My French Grocery\",\"isPartOf\":{\"@id\":\"https:\\\/\\\/my-french-grocery.com\\\/es\\\/#website\"},\"primaryImageOfPage\":{\"@id\":\"https:\\\/\\\/my-french-grocery.com\\\/es\\\/producto\\\/salmon-con-arroz-al-limon-william-saurin\\\/#primaryimage\"},\"image\":{\"@id\":\"https:\\\/\\\/my-french-grocery.com\\\/es\\\/producto\\\/salmon-con-arroz-al-limon-william-saurin\\\/#primaryimage\"},\"thumbnailUrl\":\"https:\\\/\\\/my-french-grocery.com\\\/wp-content\\\/uploads\\\/2018\\\/07\\\/SAUMON-RIZ.jpg\",\"datePublished\":\"2018-07-06T14:57:01+00:00\",\"description\":\"Salm\u00f3n Con Arroz Al Lim\u00f3n William Saurin - Bandeja de 370 g - En 1898, Emmanuel Adolphe William Seurin (1872-1937) dijo que \\\"William Saurin\\\" abri\u00f3 una tienda de comestibles en Saint-Mand\u00e9. La empresa se est\u00e1 desarrollando r\u00e1pidamente utilizando la appertisation (que lleva el nombre del inventor de las conservas, Nicolas Appert) para la fabricaci\u00f3n de conservas de guisos y mermeladas. Sigue siendo familia hasta 1979, cuando Vincent Saurin revende a Lesieur.\",\"breadcrumb\":{\"@id\":\"https:\\\/\\\/my-french-grocery.com\\\/es\\\/producto\\\/salmon-con-arroz-al-limon-william-saurin\\\/#breadcrumb\"},\"inLanguage\":\"es-ES\",\"potentialAction\":[{\"@type\":\"ReadAction\",\"target\":[\"https:\\\/\\\/my-french-grocery.com\\\/es\\\/producto\\\/salmon-con-arroz-al-limon-william-saurin\\\/\"]}]},{\"@type\":\"ImageObject\",\"inLanguage\":\"es-ES\",\"@id\":\"https:\\\/\\\/my-french-grocery.com\\\/es\\\/producto\\\/salmon-con-arroz-al-limon-william-saurin\\\/#primaryimage\",\"url\":\"https:\\\/\\\/my-french-grocery.com\\\/wp-content\\\/uploads\\\/2018\\\/07\\\/SAUMON-RIZ.jpg\",\"contentUrl\":\"https:\\\/\\\/my-french-grocery.com\\\/wp-content\\\/uploads\\\/2018\\\/07\\\/SAUMON-RIZ.jpg\",\"width\":1500,\"height\":1500,\"caption\":\"Salm\u00f3n Con Arroz Al Lim\u00f3n William Saurin - My French Grocery\"},{\"@type\":\"BreadcrumbList\",\"@id\":\"https:\\\/\\\/my-french-grocery.com\\\/es\\\/producto\\\/salmon-con-arroz-al-limon-william-saurin\\\/#breadcrumb\",\"itemListElement\":[{\"@type\":\"ListItem\",\"position\":1,\"name\":\"Home\",\"item\":\"https:\\\/\\\/my-french-grocery.com\\\/es\\\/tienda-2\\\/\"},{\"@type\":\"ListItem\",\"position\":2,\"name\":\"Shop\",\"item\":\"https:\\\/\\\/my-french-grocery.com\\\/shop\\\/\"},{\"@type\":\"ListItem\",\"position\":3,\"name\":\"Comida\",\"item\":\"https:\\\/\\\/my-french-grocery.com\\\/es\\\/categoria-producto\\\/comida\\\/\"},{\"@type\":\"ListItem\",\"position\":4,\"name\":\"Conservas &amp; Comidas Preparadas\",\"item\":\"https:\\\/\\\/my-french-grocery.com\\\/es\\\/categoria-producto\\\/comida\\\/conservas-comidas-preparadas\\\/\"},{\"@type\":\"ListItem\",\"position\":5,\"name\":\"Comidas Preparadas\",\"item\":\"https:\\\/\\\/my-french-grocery.com\\\/es\\\/categoria-producto\\\/comida\\\/conservas-comidas-preparadas\\\/comidas-preparadas\\\/\"},{\"@type\":\"ListItem\",\"position\":6,\"name\":\"Salm\u00f3n Con Arroz Al Lim\u00f3n William Saurin\"}]},{\"@type\":\"WebSite\",\"@id\":\"https:\\\/\\\/my-french-grocery.com\\\/es\\\/#website\",\"url\":\"https:\\\/\\\/my-french-grocery.com\\\/es\\\/\",\"name\":\"My French Grocery\",\"description\":\"Your Online French Grocery  !\",\"publisher\":{\"@id\":\"https:\\\/\\\/my-french-grocery.com\\\/es\\\/#organization\"},\"potentialAction\":[{\"@type\":\"SearchAction\",\"target\":{\"@type\":\"EntryPoint\",\"urlTemplate\":\"https:\\\/\\\/my-french-grocery.com\\\/es\\\/?s={search_term_string}\"},\"query-input\":{\"@type\":\"PropertyValueSpecification\",\"valueRequired\":true,\"valueName\":\"search_term_string\"}}],\"inLanguage\":\"es-ES\"},{\"@type\":\"Organization\",\"@id\":\"https:\\\/\\\/my-french-grocery.com\\\/es\\\/#organization\",\"name\":\"MY FRENCH GROCERY\",\"url\":\"https:\\\/\\\/my-french-grocery.com\\\/es\\\/\",\"logo\":{\"@type\":\"ImageObject\",\"inLanguage\":\"es-ES\",\"@id\":\"https:\\\/\\\/my-french-grocery.com\\\/es\\\/#\\\/schema\\\/logo\\\/image\\\/\",\"url\":\"https:\\\/\\\/my-french-grocery.com\\\/wp-content\\\/uploads\\\/2021\\\/11\\\/My-French-Grocery-Online-French-Grocery.png\",\"contentUrl\":\"https:\\\/\\\/my-french-grocery.com\\\/wp-content\\\/uploads\\\/2021\\\/11\\\/My-French-Grocery-Online-French-Grocery.png\",\"width\":100,\"height\":100,\"caption\":\"MY FRENCH GROCERY\"},\"image\":{\"@id\":\"https:\\\/\\\/my-french-grocery.com\\\/es\\\/#\\\/schema\\\/logo\\\/image\\\/\"},\"sameAs\":[\"https:\\\/\\\/www.facebook.com\\\/myfrenchgrocery\\\/\"]}]}<\/script>\n<!-- \/ Yoast SEO plugin. -->","yoast_head_json":{"title":"Salm\u00f3n Con Arroz Al Lim\u00f3n William Saurin | Comprar En Linea | My French Grocery","description":"Salm\u00f3n Con Arroz Al Lim\u00f3n William Saurin - Bandeja de 370 g - En 1898, Emmanuel Adolphe William Seurin (1872-1937) dijo que \"William Saurin\" abri\u00f3 una tienda de comestibles en Saint-Mand\u00e9. La empresa se est\u00e1 desarrollando r\u00e1pidamente utilizando la appertisation (que lleva el nombre del inventor de las conservas, Nicolas Appert) para la fabricaci\u00f3n de conservas de guisos y mermeladas. Sigue siendo familia hasta 1979, cuando Vincent Saurin revende a Lesieur.","robots":{"index":"index","follow":"follow","max-snippet":"max-snippet:-1","max-image-preview":"max-image-preview:large","max-video-preview":"max-video-preview:-1"},"canonical":"https:\/\/my-french-grocery.com\/es\/producto\/salmon-con-arroz-al-limon-william-saurin\/","og_locale":"es_ES","og_type":"article","og_title":"Salm\u00f3n Con Arroz Al Lim\u00f3n William Saurin | Comprar En Linea | My French Grocery","og_description":"Salm\u00f3n Con Arroz Al Lim\u00f3n William Saurin - Bandeja de 370 g - En 1898, Emmanuel Adolphe William Seurin (1872-1937) dijo que \"William Saurin\" abri\u00f3 una tienda de comestibles en Saint-Mand\u00e9. La empresa se est\u00e1 desarrollando r\u00e1pidamente utilizando la appertisation (que lleva el nombre del inventor de las conservas, Nicolas Appert) para la fabricaci\u00f3n de conservas de guisos y mermeladas. Sigue siendo familia hasta 1979, cuando Vincent Saurin revende a Lesieur.","og_url":"https:\/\/my-french-grocery.com\/es\/producto\/salmon-con-arroz-al-limon-william-saurin\/","og_site_name":"My French Grocery","article_publisher":"https:\/\/www.facebook.com\/myfrenchgrocery\/","og_image":[{"width":1500,"height":1500,"url":"https:\/\/my-french-grocery.com\/wp-content\/uploads\/2018\/07\/SAUMON-RIZ.jpg","type":"image\/jpeg"}],"twitter_card":"summary_large_image","schema":{"@context":"https:\/\/schema.org","@graph":[{"@type":"WebPage","@id":"https:\/\/my-french-grocery.com\/es\/producto\/salmon-con-arroz-al-limon-william-saurin\/","url":"https:\/\/my-french-grocery.com\/es\/producto\/salmon-con-arroz-al-limon-william-saurin\/","name":"Salm\u00f3n Con Arroz Al Lim\u00f3n William Saurin | Comprar En Linea | My French Grocery","isPartOf":{"@id":"https:\/\/my-french-grocery.com\/es\/#website"},"primaryImageOfPage":{"@id":"https:\/\/my-french-grocery.com\/es\/producto\/salmon-con-arroz-al-limon-william-saurin\/#primaryimage"},"image":{"@id":"https:\/\/my-french-grocery.com\/es\/producto\/salmon-con-arroz-al-limon-william-saurin\/#primaryimage"},"thumbnailUrl":"https:\/\/my-french-grocery.com\/wp-content\/uploads\/2018\/07\/SAUMON-RIZ.jpg","datePublished":"2018-07-06T14:57:01+00:00","description":"Salm\u00f3n Con Arroz Al Lim\u00f3n William Saurin - Bandeja de 370 g - En 1898, Emmanuel Adolphe William Seurin (1872-1937) dijo que \"William Saurin\" abri\u00f3 una tienda de comestibles en Saint-Mand\u00e9. La empresa se est\u00e1 desarrollando r\u00e1pidamente utilizando la appertisation (que lleva el nombre del inventor de las conservas, Nicolas Appert) para la fabricaci\u00f3n de conservas de guisos y mermeladas. Sigue siendo familia hasta 1979, cuando Vincent Saurin revende a Lesieur.","breadcrumb":{"@id":"https:\/\/my-french-grocery.com\/es\/producto\/salmon-con-arroz-al-limon-william-saurin\/#breadcrumb"},"inLanguage":"es-ES","potentialAction":[{"@type":"ReadAction","target":["https:\/\/my-french-grocery.com\/es\/producto\/salmon-con-arroz-al-limon-william-saurin\/"]}]},{"@type":"ImageObject","inLanguage":"es-ES","@id":"https:\/\/my-french-grocery.com\/es\/producto\/salmon-con-arroz-al-limon-william-saurin\/#primaryimage","url":"https:\/\/my-french-grocery.com\/wp-content\/uploads\/2018\/07\/SAUMON-RIZ.jpg","contentUrl":"https:\/\/my-french-grocery.com\/wp-content\/uploads\/2018\/07\/SAUMON-RIZ.jpg","width":1500,"height":1500,"caption":"Salm\u00f3n Con Arroz Al Lim\u00f3n William Saurin - My French Grocery"},{"@type":"BreadcrumbList","@id":"https:\/\/my-french-grocery.com\/es\/producto\/salmon-con-arroz-al-limon-william-saurin\/#breadcrumb","itemListElement":[{"@type":"ListItem","position":1,"name":"Home","item":"https:\/\/my-french-grocery.com\/es\/tienda-2\/"},{"@type":"ListItem","position":2,"name":"Shop","item":"https:\/\/my-french-grocery.com\/shop\/"},{"@type":"ListItem","position":3,"name":"Comida","item":"https:\/\/my-french-grocery.com\/es\/categoria-producto\/comida\/"},{"@type":"ListItem","position":4,"name":"Conservas &amp; Comidas Preparadas","item":"https:\/\/my-french-grocery.com\/es\/categoria-producto\/comida\/conservas-comidas-preparadas\/"},{"@type":"ListItem","position":5,"name":"Comidas Preparadas","item":"https:\/\/my-french-grocery.com\/es\/categoria-producto\/comida\/conservas-comidas-preparadas\/comidas-preparadas\/"},{"@type":"ListItem","position":6,"name":"Salm\u00f3n Con Arroz Al Lim\u00f3n William Saurin"}]},{"@type":"WebSite","@id":"https:\/\/my-french-grocery.com\/es\/#website","url":"https:\/\/my-french-grocery.com\/es\/","name":"My French Grocery","description":"Your Online French Grocery  !","publisher":{"@id":"https:\/\/my-french-grocery.com\/es\/#organization"},"potentialAction":[{"@type":"SearchAction","target":{"@type":"EntryPoint","urlTemplate":"https:\/\/my-french-grocery.com\/es\/?s={search_term_string}"},"query-input":{"@type":"PropertyValueSpecification","valueRequired":true,"valueName":"search_term_string"}}],"inLanguage":"es-ES"},{"@type":"Organization","@id":"https:\/\/my-french-grocery.com\/es\/#organization","name":"MY FRENCH GROCERY","url":"https:\/\/my-french-grocery.com\/es\/","logo":{"@type":"ImageObject","inLanguage":"es-ES","@id":"https:\/\/my-french-grocery.com\/es\/#\/schema\/logo\/image\/","url":"https:\/\/my-french-grocery.com\/wp-content\/uploads\/2021\/11\/My-French-Grocery-Online-French-Grocery.png","contentUrl":"https:\/\/my-french-grocery.com\/wp-content\/uploads\/2021\/11\/My-French-Grocery-Online-French-Grocery.png","width":100,"height":100,"caption":"MY FRENCH GROCERY"},"image":{"@id":"https:\/\/my-french-grocery.com\/es\/#\/schema\/logo\/image\/"},"sameAs":["https:\/\/www.facebook.com\/myfrenchgrocery\/"]}]}},"brands":[{"id":991,"name":"William Saurin","slug":"william-saurin-es"}],"_links":{"self":[{"href":"https:\/\/my-french-grocery.com\/es\/wp-json\/wp\/v2\/product\/12968","targetHints":{"allow":["GET"]}}],"collection":[{"href":"https:\/\/my-french-grocery.com\/es\/wp-json\/wp\/v2\/product"}],"about":[{"href":"https:\/\/my-french-grocery.com\/es\/wp-json\/wp\/v2\/types\/product"}],"replies":[{"embeddable":true,"href":"https:\/\/my-french-grocery.com\/es\/wp-json\/wp\/v2\/comments?post=12968"}],"wp:featuredmedia":[{"embeddable":true,"href":"https:\/\/my-french-grocery.com\/es\/wp-json\/wp\/v2\/media\/12969"}],"wp:attachment":[{"href":"https:\/\/my-french-grocery.com\/es\/wp-json\/wp\/v2\/media?parent=12968"}],"wp:term":[{"taxonomy":"pwb-brand","embeddable":true,"href":"https:\/\/my-french-grocery.com\/es\/wp-json\/wp\/v2\/pwb-brand?post=12968"},{"taxonomy":"product_brand","embeddable":true,"href":"https:\/\/my-french-grocery.com\/es\/wp-json\/wp\/v2\/product_brand?post=12968"},{"taxonomy":"product_cat","embeddable":true,"href":"https:\/\/my-french-grocery.com\/es\/wp-json\/wp\/v2\/product_cat?post=12968"},{"taxonomy":"product_tag","embeddable":true,"href":"https:\/\/my-french-grocery.com\/es\/wp-json\/wp\/v2\/product_tag?post=12968"}],"curies":[{"name":"wp","href":"https:\/\/api.w.org\/{rel}","templated":true}]}}