{"id":12970,"date":"2018-07-06T17:09:00","date_gmt":"2018-07-06T15:09:00","guid":{"rendered":"https:\/\/my-french-grocery.com\/product\/ternera-a-la-parmentier-william-saurin\/"},"modified":"2018-07-06T17:09:00","modified_gmt":"2018-07-06T15:09:00","slug":"ternera-a-la-parmentier-william-saurin","status":"publish","type":"product","link":"https:\/\/my-french-grocery.com\/es\/producto\/ternera-a-la-parmentier-william-saurin\/","title":{"rendered":"Ternera A La Parmentier William Saurin"},"content":{"rendered":"<p>Ternera A La Parmentier William Saurin<\/p>\n<p>Plato de 300 g<\/p>\n<p>En 1898, Emmanuel Adolphe William Seurin (1872-1937) dijo que \u201cWilliam Saurin\u201d abri\u00f3 una tienda de comestibles en Saint-Mand\u00e9. La empresa se est\u00e1 desarrollando r\u00e1pidamente utilizando la appertisation (que lleva el nombre del inventor de las conservas, Nicolas Appert) para la fabricaci\u00f3n de conservas de guisos y mermeladas. Sigue siendo familia hasta 1979, cuando Vincent Saurin revende a Lesieur.<\/p>\n","protected":false},"excerpt":{"rendered":"<p>Ternera A La Parmentier William Saurin<\/p>\n<p>Plato de 300 g<\/p>\n","protected":false},"featured_media":12971,"comment_status":"open","ping_status":"closed","template":"","meta":[],"pwb-brand":[991],"product_brand":[],"product_cat":[1724],"product_tag":[1792,1759,1797],"class_list":{"0":"post-12970","1":"product","2":"type-product","3":"status-publish","4":"has-post-thumbnail","6":"pwb-brand-william-saurin-es","7":"product_cat-comidas-preparadas","8":"product_tag-carne-de-res","9":"product_tag-frances","10":"product_tag-parmentier","11":"product_shipping_class-expedicion-mundial","13":"first","14":"instock","15":"taxable","16":"shipping-taxable","17":"purchasable","18":"product-type-simple"},"brands":[{"id":991,"name":"William Saurin","slug":"william-saurin-es"}],"_links":{"self":[{"href":"https:\/\/my-french-grocery.com\/es\/wp-json\/wp\/v2\/product\/12970","targetHints":{"allow":["GET"]}}],"collection":[{"href":"https:\/\/my-french-grocery.com\/es\/wp-json\/wp\/v2\/product"}],"about":[{"href":"https:\/\/my-french-grocery.com\/es\/wp-json\/wp\/v2\/types\/product"}],"replies":[{"embeddable":true,"href":"https:\/\/my-french-grocery.com\/es\/wp-json\/wp\/v2\/comments?post=12970"}],"wp:featuredmedia":[{"embeddable":true,"href":"https:\/\/my-french-grocery.com\/es\/wp-json\/wp\/v2\/media\/12971"}],"wp:attachment":[{"href":"https:\/\/my-french-grocery.com\/es\/wp-json\/wp\/v2\/media?parent=12970"}],"wp:term":[{"taxonomy":"pwb-brand","embeddable":true,"href":"https:\/\/my-french-grocery.com\/es\/wp-json\/wp\/v2\/pwb-brand?post=12970"},{"taxonomy":"product_brand","embeddable":true,"href":"https:\/\/my-french-grocery.com\/es\/wp-json\/wp\/v2\/product_brand?post=12970"},{"taxonomy":"product_cat","embeddable":true,"href":"https:\/\/my-french-grocery.com\/es\/wp-json\/wp\/v2\/product_cat?post=12970"},{"taxonomy":"product_tag","embeddable":true,"href":"https:\/\/my-french-grocery.com\/es\/wp-json\/wp\/v2\/product_tag?post=12970"}],"curies":[{"name":"wp","href":"https:\/\/api.w.org\/{rel}","templated":true}]}}