{"id":13030,"date":"2018-07-07T16:33:30","date_gmt":"2018-07-07T14:33:30","guid":{"rendered":"https:\/\/my-french-grocery.com\/product\/jabon-de-marsella-oliva-maitre-savon\/"},"modified":"2025-10-10T10:32:51","modified_gmt":"2025-10-10T08:32:51","slug":"jabon-de-marsella-oliva-maitre-savon","status":"publish","type":"product","link":"https:\/\/my-french-grocery.com\/es\/producto\/jabon-de-marsella-oliva-maitre-savon\/","title":{"rendered":"Jab\u00f3n de Marsella Oliva Ma\u00eetre Savon"},"content":{"rendered":"<p>Jab\u00f3n de Marsella Oliva Ma\u00eetre Savon<\/p>\n<div class=\"pdp-card__header--text\"><span class=\"ds-body-text ds-body-text--weight-bold ds-body-text--size-m ds-body-text--color-standard-2\">200 g de jab\u00f3n<\/span><\/div>\n<div><\/div>\n<div class=\"main-details__shoppinglist\">\n<p>Marsella, centro del comercio, se convirti\u00f3 en el siglo XVII en el principal centro de producci\u00f3n de jab\u00f3n en Francia, seguida de Salon-de-Provence y luego de Toulon.<\/p>\n<p>En 1688, Luis XIV estableci\u00f3, mediante un Edicto de Colbert, las reglas que institucionalizaron el jab\u00f3n de Marsella: adem\u00e1s del calentamiento en grandes calderos, era obligatorio utilizar como aceites vegetales solo aceite de oliva puro. Se prohibi\u00f3 toda grasa animal. Aquellos que no obedecieron se arriesgaron a ser desterrados de Provenza. Este edicto permiti\u00f3 que el jab\u00f3n de Marsella ganara la fama que nunca perder\u00e1 \u2026<\/p>\n<\/div>\n","protected":false},"excerpt":{"rendered":"<p>Jab\u00f3n de Marsella Oliva Ma\u00eetre Savon<\/p>\n<div class=\"pdp-card__header--text\"><span class=\"ds-body-text ds-body-text--weight-bold ds-body-text--size-m ds-body-text--color-standard-2\">200 g de jab\u00f3n<\/span><\/div>\n","protected":false},"featured_media":13031,"comment_status":"open","ping_status":"closed","template":"","meta":[],"pwb-brand":[],"product_brand":[],"product_cat":[1673],"product_tag":[1759,1803,1618],"class_list":{"0":"post-13030","1":"product","2":"type-product","3":"status-publish","4":"has-post-thumbnail","6":"product_cat-jabon","7":"product_tag-frances","8":"product_tag-jabon","9":"product_tag-savon-de-marseille-es","10":"product_shipping_class-expedicion-mundial","12":"first","13":"instock","14":"taxable","15":"shipping-taxable","16":"purchasable","17":"product-type-simple"},"brands":[],"_links":{"self":[{"href":"https:\/\/my-french-grocery.com\/es\/wp-json\/wp\/v2\/product\/13030","targetHints":{"allow":["GET"]}}],"collection":[{"href":"https:\/\/my-french-grocery.com\/es\/wp-json\/wp\/v2\/product"}],"about":[{"href":"https:\/\/my-french-grocery.com\/es\/wp-json\/wp\/v2\/types\/product"}],"replies":[{"embeddable":true,"href":"https:\/\/my-french-grocery.com\/es\/wp-json\/wp\/v2\/comments?post=13030"}],"wp:featuredmedia":[{"embeddable":true,"href":"https:\/\/my-french-grocery.com\/es\/wp-json\/wp\/v2\/media\/13031"}],"wp:attachment":[{"href":"https:\/\/my-french-grocery.com\/es\/wp-json\/wp\/v2\/media?parent=13030"}],"wp:term":[{"taxonomy":"pwb-brand","embeddable":true,"href":"https:\/\/my-french-grocery.com\/es\/wp-json\/wp\/v2\/pwb-brand?post=13030"},{"taxonomy":"product_brand","embeddable":true,"href":"https:\/\/my-french-grocery.com\/es\/wp-json\/wp\/v2\/product_brand?post=13030"},{"taxonomy":"product_cat","embeddable":true,"href":"https:\/\/my-french-grocery.com\/es\/wp-json\/wp\/v2\/product_cat?post=13030"},{"taxonomy":"product_tag","embeddable":true,"href":"https:\/\/my-french-grocery.com\/es\/wp-json\/wp\/v2\/product_tag?post=13030"}],"curies":[{"name":"wp","href":"https:\/\/api.w.org\/{rel}","templated":true}]}}